{"id":18006,"date":"2025-04-04T14:32:21","date_gmt":"2025-04-04T12:32:21","guid":{"rendered":"https:\/\/arcada.fr\/Davezieux\/?page_id=18006"},"modified":"2025-10-02T11:55:14","modified_gmt":"2025-10-02T09:55:14","slug":"peinture","status":"publish","type":"page","link":"https:\/\/arcada.fr\/Davezieux\/maison\/peinture\/","title":{"rendered":"Peinture"},"content":{"rendered":"<div class=\"wpb-content-wrapper\">[vc_row visibility=\u00a0\u00bbhidden\u00a0\u00bb][vc_column]<figure class=\"vcex-image vcex-module wpex-clr textcenter\"><div class=\"vcex-image-inner wpex-relative wpex-inline-block\"><img decoding=\"async\" width=\"2560\" height=\"960\" src=\"https:\/\/arcada.fr\/Davezieux\/wp-content\/uploads\/2025\/03\/Maison-scaled.jpg\" class=\"wpex-align-middle\" alt=\"Bandeau du haut de la page Maison ou l&#039;on vois un homme et une femme qui peignent un mur et sur la droite on voit quelqu&#039;un qui visse avec un visseuse Einhell\" loading=\"lazy\" srcset=\"https:\/\/arcada.fr\/Davezieux\/wp-content\/uploads\/2025\/03\/Maison-scaled.jpg 2560w, https:\/\/arcada.fr\/Davezieux\/wp-content\/uploads\/2025\/03\/Maison-300x113.jpg 300w, https:\/\/arcada.fr\/Davezieux\/wp-content\/uploads\/2025\/03\/Maison-1024x384.jpg 1024w, https:\/\/arcada.fr\/Davezieux\/wp-content\/uploads\/2025\/03\/Maison-768x288.jpg 768w, https:\/\/arcada.fr\/Davezieux\/wp-content\/uploads\/2025\/03\/Maison-1536x576.jpg 1536w, https:\/\/arcada.fr\/Davezieux\/wp-content\/uploads\/2025\/03\/Maison-2048x768.jpg 2048w, https:\/\/arcada.fr\/Davezieux\/wp-content\/uploads\/2025\/03\/Maison-1320x495.jpg 1320w, https:\/\/arcada.fr\/Davezieux\/wp-content\/uploads\/2025\/03\/Maison-600x225.jpg 600w\" sizes=\"auto, (max-width: 2560px) 100vw, 2560px\" \/><\/div><\/figure>[\/vc_column][\/vc_row][vc_row visibility=\u00a0\u00bbhidden\u00a0\u00bb][vc_column]<h1 class=\"vcex-heading vcex-module wpex-text-2xl wpex-font-normal wpex-m-auto wpex-max-w-100 vcex-heading-plain wpex-h1 wpex-block wpex-text-center\" style=\"font-family:Roboto Condensed;font-weight:600;\"><span class=\"vcex-heading-inner wpex-inline-block wpex-clr\">Tous nos produits Maison<\/span><\/h1>[\/vc_column][\/vc_row][vc_row visibility=\u00a0\u00bbhidden\u00a0\u00bb][vc_column width=\u00a0\u00bb1\/5&Prime;]<figure class=\"vcex-image vcex-module wpex-clr textcenter animSurvol_sousfamille\"><div class=\"vcex-image-inner wpex-relative wpex-inline-block\"><a href=\"https:\/\/arcada.fr\/Davezieux\/maison\/cuisine\/\" title=\"Cuisine\"><img decoding=\"async\" loading=\"lazy\" class=\"wpex-align-middle\" src=\"https:\/\/arcada.fr\/Davezieux\/wp-content\/uploads\/2025\/10\/Cuisine-300x300.webp\" alt=\"7212 - HACHOIR A VIANDE ELECTRIQUE PREMIUM N\u00b010 900 W - LE PRATIQUE\" srcset=\"https:\/\/arcada.fr\/Davezieux\/wp-content\/uploads\/2025\/10\/Cuisine-300x300.webp 300w, https:\/\/arcada.fr\/Davezieux\/wp-content\/uploads\/2025\/10\/Cuisine-1024x1024.webp 1024w, https:\/\/arcada.fr\/Davezieux\/wp-content\/uploads\/2025\/10\/Cuisine-150x150.webp 150w, https:\/\/arcada.fr\/Davezieux\/wp-content\/uploads\/2025\/10\/Cuisine-768x768.webp 768w, https:\/\/arcada.fr\/Davezieux\/wp-content\/uploads\/2025\/10\/Cuisine-600x600.webp 600w, https:\/\/arcada.fr\/Davezieux\/wp-content\/uploads\/2025\/10\/Cuisine-100x100.webp 100w, https:\/\/arcada.fr\/Davezieux\/wp-content\/uploads\/2025\/10\/Cuisine.webp 1080w\" width=\"300\" height=\"300\"><\/a><\/div><\/figure>[vc_column_text text_align=\u00a0\u00bbcenter\u00a0\u00bb css=\u00a0\u00bb.vc_custom_1740646574059{background-color: #ffffff !important;border-radius: 3px !important;}\u00a0\u00bb]\n<h1>CUISINE<\/h1>\n[\/vc_column_text][\/vc_column][vc_column width=\u00a0\u00bb1\/5&Prime;]<figure class=\"vcex-image vcex-module wpex-clr textcenter animSurvol_sousfamille\"><div class=\"vcex-image-inner wpex-relative wpex-inline-block\"><a href=\"https:\/\/arcada.fr\/Davezieux\/maison\/aspirateurs\/\" title=\"Aspirateurs\"><img decoding=\"async\" loading=\"lazy\" class=\"wpex-align-middle\" src=\"https:\/\/arcada.fr\/Davezieux\/wp-content\/uploads\/2025\/03\/aspiii-300x300.png\" alt=\"Aspirateur De La Marque Einhell En Fonctionnement\" srcset=\"https:\/\/arcada.fr\/Davezieux\/wp-content\/uploads\/2025\/03\/aspiii-300x300.png 300w, https:\/\/arcada.fr\/Davezieux\/wp-content\/uploads\/2025\/03\/aspiii-150x150.png 150w, https:\/\/arcada.fr\/Davezieux\/wp-content\/uploads\/2025\/03\/aspiii-100x100.png 100w, https:\/\/arcada.fr\/Davezieux\/wp-content\/uploads\/2025\/03\/aspiii-400x400.png 400w, https:\/\/arcada.fr\/Davezieux\/wp-content\/uploads\/2025\/03\/aspiii-350x350.png 350w\" width=\"300\" height=\"300\"><\/a><\/div><\/figure>[vc_column_text text_align=\u00a0\u00bbcenter\u00a0\u00bb]\n<h1>ASPIRATEURS<\/h1>\n[\/vc_column_text][\/vc_column][vc_column width=\u00a0\u00bb1\/5&Prime;]<figure class=\"vcex-image vcex-module wpex-clr textcenter animSurvol_sousfamille\"><div class=\"vcex-image-inner wpex-relative wpex-inline-block\"><a href=\"https:\/\/arcada.fr\/Davezieux\/maison\/droguerie\/\" title=\"Droguerie\"><img decoding=\"async\" loading=\"lazy\" class=\"wpex-align-middle\" src=\"https:\/\/arcada.fr\/Davezieux\/wp-content\/uploads\/2025\/03\/wd40-300x300.png\" alt=\"Bombe Spray Wd40\" srcset=\"https:\/\/arcada.fr\/Davezieux\/wp-content\/uploads\/2025\/03\/wd40-300x300.png 300w, https:\/\/arcada.fr\/Davezieux\/wp-content\/uploads\/2025\/03\/wd40-150x150.png 150w, https:\/\/arcada.fr\/Davezieux\/wp-content\/uploads\/2025\/03\/wd40-100x100.png 100w, https:\/\/arcada.fr\/Davezieux\/wp-content\/uploads\/2025\/03\/wd40-400x400.png 400w, https:\/\/arcada.fr\/Davezieux\/wp-content\/uploads\/2025\/03\/wd40-350x350.png 350w\" width=\"300\" height=\"300\"><\/a><\/div><\/figure>[vc_column_text text_align=\u00a0\u00bbcenter\u00a0\u00bb]\n<h1>DROGUERIE<\/h1>\n[\/vc_column_text][\/vc_column][vc_column width=\u00a0\u00bb1\/5&Prime;]<figure class=\"vcex-image vcex-module wpex-clr textcenter animSurvol_sousfamille\"><div class=\"vcex-image-inner wpex-relative wpex-inline-block\"><a href=\"https:\/\/arcada.fr\/Davezieux\/maison\/peinture\/\" title=\"Peinture\"><img decoding=\"async\" loading=\"lazy\" class=\"wpex-align-middle\" src=\"https:\/\/arcada.fr\/Davezieux\/wp-content\/uploads\/2025\/02\/peinture-ambiance-300x300.jpg\" alt=\"\" srcset=\"https:\/\/arcada.fr\/Davezieux\/wp-content\/uploads\/2025\/02\/peinture-ambiance-300x300.jpg 300w, https:\/\/arcada.fr\/Davezieux\/wp-content\/uploads\/2025\/02\/peinture-ambiance-150x150.jpg 150w, https:\/\/arcada.fr\/Davezieux\/wp-content\/uploads\/2025\/02\/peinture-ambiance-100x100.jpg 100w, https:\/\/arcada.fr\/Davezieux\/wp-content\/uploads\/2025\/02\/peinture-ambiance-541x541.jpg 541w, https:\/\/arcada.fr\/Davezieux\/wp-content\/uploads\/2025\/02\/peinture-ambiance-400x400.jpg 400w, https:\/\/arcada.fr\/Davezieux\/wp-content\/uploads\/2025\/02\/peinture-ambiance-350x350.jpg 350w\" width=\"300\" height=\"300\"><\/a><\/div><\/figure>[vc_column_text text_align=\u00a0\u00bbcenter\u00a0\u00bb]\n<h1>PEINTURE<\/h1>\n[\/vc_column_text][\/vc_column][vc_column width=\u00a0\u00bb1\/5&Prime;]<figure class=\"vcex-image vcex-module wpex-clr textcenter animSurvol_sousfamille\"><div class=\"vcex-image-inner wpex-relative wpex-inline-block\"><a href=\"https:\/\/arcada.fr\/Davezieux\/maison\/chauffages\/\" title=\"Chauffage\"><img decoding=\"async\" loading=\"lazy\" class=\"wpex-align-middle\" src=\"https:\/\/arcada.fr\/Davezieux\/wp-content\/uploads\/2025\/02\/fire-3014135-scaled-300x300.jpg\" alt=\"\" srcset=\"https:\/\/arcada.fr\/Davezieux\/wp-content\/uploads\/2025\/02\/fire-3014135-scaled-300x300.jpg 300w, https:\/\/arcada.fr\/Davezieux\/wp-content\/uploads\/2025\/02\/fire-3014135-150x150.jpg 150w, https:\/\/arcada.fr\/Davezieux\/wp-content\/uploads\/2025\/02\/fire-3014135-100x100.jpg 100w, https:\/\/arcada.fr\/Davezieux\/wp-content\/uploads\/2025\/02\/fire-3014135-scaled-541x541.jpg 541w, https:\/\/arcada.fr\/Davezieux\/wp-content\/uploads\/2025\/02\/fire-3014135-scaled-400x400.jpg 400w, https:\/\/arcada.fr\/Davezieux\/wp-content\/uploads\/2025\/02\/fire-3014135-scaled-350x350.jpg 350w\" width=\"300\" height=\"300\"><\/a><\/div><\/figure>[vc_column_text text_align=\u00a0\u00bbcenter\u00a0\u00bb]\n<h1>CHAUFFAGE<\/h1>\n[\/vc_column_text][\/vc_column][\/vc_row][vc_row][vc_column][vc_column_text text_align=\u00a0\u00bbcenter\u00a0\u00bb font_family=\u00a0\u00bbRoboto\u00a0\u00bb font_size=\u00a0\u00bb28&Prime; color=\u00a0\u00bb#000000&Prime;]\n<p style=\"text-align: center;\">Cat\u00e9gorie : Peinture<\/p>\n[\/vc_column_text][\/vc_column][\/vc_row][vc_row][vc_column width=\u00a0\u00bb1\/5&Prime;][\/vc_column][vc_column width=\u00a0\u00bb1\/5&Prime;]<a href=\"https:\/\/arcada.fr\/Davezieux\/maison\/\" title=\"Accueil Maison\" class=\"vcex-button theme-button inline\" style=\"font-size:20px;\"><span class=\"theme-button-inner\">Retour Maison<\/span><\/a> [\/vc_column][vc_column width=\u00a0\u00bb1\/5&Prime;][\/vc_column][vc_column width=\u00a0\u00bb1\/5&Prime;][\/vc_column][vc_column width=\u00a0\u00bb1\/5&Prime;][\/vc_column][\/vc_row][vc_row][vc_column]<div class=\"woocommerce columns-4 \">\n\t<ul class=\"products wpex-grid wpex-grid-cols-4 wpex-tp-grid-cols-2 wpex-pp-grid-cols-1 wpex-gap-none wpex-clear\">\n\n<li class=\"entry has-media product type-product post-27354 status-publish first instock product_cat-maison has-post-thumbnail taxable shipping-taxable purchasable product-type-simple\">\n\t<div class=\"product-inner wpex-flex wpex-flex-col wpex-flex-grow wpex-relative textcenter\"><div class=\"wpex-loop-product-images wpex-overflow-hidden wpex-relative\"><a href=\"https:\/\/arcada.fr\/Davezieux\/produit\/kit-de-ramonage-5-cannes-1m40-1-herisson-200mm\/\" class=\"woocommerce-LoopProduct-link woocommerce-loop-product__link\"><img decoding=\"async\" loading=\"lazy\" class=\"woo-entry-image-main wp-post-image\" alt=\"KIT DE RAMONAGE 5 CANNES 1M40+ 1 HERISSON 200MM\" src=\"https:\/\/arcada.fr\/Davezieux\/wp-content\/uploads\/2024\/01\/R034504-150x150.jpg\" srcset=\"https:\/\/arcada.fr\/Davezieux\/wp-content\/uploads\/2024\/01\/R034504-150x150.jpg 150w, https:\/\/arcada.fr\/Davezieux\/wp-content\/uploads\/2024\/01\/R034504-300x300.jpg 300w, https:\/\/arcada.fr\/Davezieux\/wp-content\/uploads\/2024\/01\/R034504-768x768.jpg 768w, https:\/\/arcada.fr\/Davezieux\/wp-content\/uploads\/2024\/01\/R034504-600x600.jpg 600w, https:\/\/arcada.fr\/Davezieux\/wp-content\/uploads\/2024\/01\/R034504-100x100.jpg 100w, https:\/\/arcada.fr\/Davezieux\/wp-content\/uploads\/2024\/01\/R034504.jpg 800w\" width=\"150\" height=\"150\"><\/a>\t\t<div class=\"wpex-loop-product-add-to-cart wpex-absolute wpex-bottom-0 wpex-left-0 wpex-right-0 wpex-text-center wpex-transition-all wpex-duration-250 wpex-z-2 wpex-translate-y-100\"><a href=\"\/Davezieux\/wp-json\/wp\/v2\/pages\/18006?add-to-cart=27354\" aria-describedby=\"woocommerce_loop_add_to_cart_link_describedby_27354\" data-quantity=\"1\" class=\"button product_type_simple add_to_cart_button ajax_add_to_cart\" data-product_id=\"27354\" data-product_sku=\"R034504\" aria-label=\"Ajouter au panier\u00a0: &ldquo;KIT DE RAMONAGE 5 CANNES 1M40+ 1 HERISSON 200MM&rdquo;\" rel=\"nofollow\" data-success_message=\"\u00ab\u00a0KIT DE RAMONAGE 5 CANNES 1M40+ 1 HERISSON 200MM\u00a0\u00bb a \u00e9t\u00e9 ajout\u00e9 \u00e0 votre panier\" role=\"button\">Ajouter au panier<span class=\"wpex-woocommerce-add-to-cart-button-loader wpex-inline-block wpex-w-0 wpex-invisible wpex-opacity-0\"><span class=\"ticon-spin ticon ticon-spinner\" aria-hidden=\"true\"><\/span><\/span><\/a>\t<span id=\"woocommerce_loop_add_to_cart_link_describedby_27354\" class=\"screen-reader-text\">\n\t\t\t<\/span>\n<\/div>\n\t<\/div><div class=\"product-details wpex-pt-15\"><a href=\"https:\/\/arcada.fr\/Davezieux\/produit\/kit-de-ramonage-5-cannes-1m40-1-herisson-200mm\/\"><h2 class=\"woocommerce-loop-product__title\">KIT DE RAMONAGE 5 CANNES 1M40+ 1 HERISSON 200MM<\/h2><\/a>\n\t<span class=\"price\"><span class=\"woocommerce-Price-amount amount\"><bdi>24,90&nbsp;<span class=\"woocommerce-Price-currencySymbol\">&euro;<\/span><\/bdi><\/span><\/span>\n<\/div><\/div><\/li>\n<\/ul>\n<\/div>[\/vc_column][\/vc_row]\n<\/div>","protected":false},"excerpt":{"rendered":"<p>[vc_row visibility=\u00a0\u00bbhidden\u00a0\u00bb][vc_column][\/vc_column][\/vc_row][vc_row visibility=\u00a0\u00bbhidden\u00a0\u00bb][vc_column][\/vc_column][\/vc_row][vc_row visibility=\u00a0\u00bbhidden\u00a0\u00bb][vc_column width=\u00a0\u00bb1\/5&Prime;][vc_column_text text_align=\u00a0\u00bbcenter\u00a0\u00bb css=\u00a0\u00bb.vc_custom_1740646574059{background-color: #ffffff !important;border-radius: 3px !important;}\u00a0\u00bb] CUISINE [\/vc_column_text][\/vc_column][vc_column width=\u00a0\u00bb1\/5&Prime;][vc_column_text text_align=\u00a0\u00bbcenter\u00a0\u00bb] ASPIRATEURS [\/vc_column_text][\/vc_column][vc_column width=\u00a0\u00bb1\/5&Prime;][vc_column_text text_align=\u00a0\u00bbcenter\u00a0\u00bb] DROGUERIE [\/vc_column_text][\/vc_column][vc_column width=\u00a0\u00bb1\/5&Prime;][vc_column_text text_align=\u00a0\u00bbcenter\u00a0\u00bb] PEINTURE [\/vc_column_text][\/vc_column][vc_column width=\u00a0\u00bb1\/5&Prime;][vc_column_text text_align=\u00a0\u00bbcenter\u00a0\u00bb] CHAUFFAGE [\/vc_column_text][\/vc_column][\/vc_row][vc_row][vc_column][vc_column_text text_align=\u00a0\u00bbcenter\u00a0\u00bb font_family=\u00a0\u00bbRoboto\u00a0\u00bb font_size=\u00a0\u00bb28&Prime; color=\u00a0\u00bb#000000&Prime;] Cat\u00e9gorie : Peinture [\/vc_column_text][\/vc_column][\/vc_row][vc_row][vc_column width=\u00a0\u00bb1\/5&Prime;][\/vc_column][vc_column width=\u00a0\u00bb1\/5&Prime;][\/vc_column][vc_column width=\u00a0\u00bb1\/5&Prime;][\/vc_column][vc_column width=\u00a0\u00bb1\/5&Prime;][\/vc_column][vc_column width=\u00a0\u00bb1\/5&Prime;][\/vc_column][\/vc_row][vc_row][vc_column][\/vc_column][\/vc_row]<\/p>\n","protected":false},"author":4,"featured_media":0,"parent":17110,"menu_order":0,"comment_status":"closed","ping_status":"closed","template":"","meta":{"footnotes":""},"class_list":["post-18006","page","type-page","status-publish","hentry","entry","no-media"],"yoast_head":"<!-- This site is optimized with the Yoast SEO plugin v27.4 - https:\/\/yoast.com\/product\/yoast-seo-wordpress\/ -->\n<title>Peinture - Arcada Davezieux<\/title>\n<meta name=\"robots\" content=\"index, follow, max-snippet:-1, max-image-preview:large, max-video-preview:-1\" \/>\n<link rel=\"canonical\" href=\"https:\/\/arcada.fr\/Davezieux\/maison\/peinture\/\" \/>\n<meta property=\"og:locale\" content=\"fr_FR\" \/>\n<meta property=\"og:type\" content=\"article\" \/>\n<meta property=\"og:title\" content=\"Peinture - Arcada Davezieux\" \/>\n<meta property=\"og:description\" content=\"[vc_row visibility=\u00a0\u00bbhidden\u00a0\u00bb][vc_column][\/vc_column][\/vc_row][vc_row visibility=\u00a0\u00bbhidden\u00a0\u00bb][vc_column][\/vc_column][\/vc_row][vc_row visibility=\u00a0\u00bbhidden\u00a0\u00bb][vc_column width=\u00a0\u00bb1\/5&Prime;][vc_column_text text_align=\u00a0\u00bbcenter\u00a0\u00bb css=\u00a0\u00bb.vc_custom_1740646574059{background-color: #ffffff !important;border-radius: 3px !important;}\u00a0\u00bb] CUISINE [\/vc_column_text][\/vc_column][vc_column width=\u00a0\u00bb1\/5&Prime;][vc_column_text text_align=\u00a0\u00bbcenter\u00a0\u00bb] ASPIRATEURS [\/vc_column_text][\/vc_column][vc_column width=\u00a0\u00bb1\/5&Prime;][vc_column_text text_align=\u00a0\u00bbcenter\u00a0\u00bb] DROGUERIE [\/vc_column_text][\/vc_column][vc_column width=\u00a0\u00bb1\/5&Prime;][vc_column_text text_align=\u00a0\u00bbcenter\u00a0\u00bb] PEINTURE [\/vc_column_text][\/vc_column][vc_column width=\u00a0\u00bb1\/5&Prime;][vc_column_text text_align=\u00a0\u00bbcenter\u00a0\u00bb] CHAUFFAGE [\/vc_column_text][\/vc_column][\/vc_row][vc_row][vc_column][vc_column_text text_align=\u00a0\u00bbcenter\u00a0\u00bb font_family=\u00a0\u00bbRoboto\u00a0\u00bb font_size=\u00a0\u00bb28&Prime; color=\u00a0\u00bb#000000&Prime;] Cat\u00e9gorie : Peinture [\/vc_column_text][\/vc_column][\/vc_row][vc_row][vc_column width=\u00a0\u00bb1\/5&Prime;][\/vc_column][vc_column width=\u00a0\u00bb1\/5&Prime;][\/vc_column][vc_column width=\u00a0\u00bb1\/5&Prime;][\/vc_column][vc_column width=\u00a0\u00bb1\/5&Prime;][\/vc_column][vc_column width=\u00a0\u00bb1\/5&Prime;][\/vc_column][\/vc_row][vc_row][vc_column][\/vc_column][\/vc_row]\" \/>\n<meta property=\"og:url\" content=\"https:\/\/arcada.fr\/Davezieux\/maison\/peinture\/\" \/>\n<meta property=\"og:site_name\" content=\"Arcada Davezieux\" \/>\n<meta property=\"article:publisher\" content=\"https:\/\/www.facebook.com\/Outimag42\/\" \/>\n<meta property=\"article:modified_time\" content=\"2025-10-02T09:55:14+00:00\" \/>\n<meta name=\"twitter:card\" content=\"summary_large_image\" \/>\n<meta name=\"twitter:label1\" content=\"Dur\u00e9e de lecture estim\u00e9e\" \/>\n\t<meta name=\"twitter:data1\" content=\"1 minute\" \/>\n<script type=\"application\/ld+json\" class=\"yoast-schema-graph\">{\"@context\":\"https:\\\/\\\/schema.org\",\"@graph\":[{\"@type\":\"WebPage\",\"@id\":\"https:\\\/\\\/arcada.fr\\\/Davezieux\\\/maison\\\/peinture\\\/\",\"url\":\"https:\\\/\\\/arcada.fr\\\/Davezieux\\\/maison\\\/peinture\\\/\",\"name\":\"Peinture - Arcada Davezieux\",\"isPartOf\":{\"@id\":\"https:\\\/\\\/arcada.fr\\\/Davezieux\\\/#website\"},\"datePublished\":\"2025-04-04T12:32:21+00:00\",\"dateModified\":\"2025-10-02T09:55:14+00:00\",\"breadcrumb\":{\"@id\":\"https:\\\/\\\/arcada.fr\\\/Davezieux\\\/maison\\\/peinture\\\/#breadcrumb\"},\"inLanguage\":\"fr-FR\",\"potentialAction\":[{\"@type\":\"ReadAction\",\"target\":[\"https:\\\/\\\/arcada.fr\\\/Davezieux\\\/maison\\\/peinture\\\/\"]}]},{\"@type\":\"BreadcrumbList\",\"@id\":\"https:\\\/\\\/arcada.fr\\\/Davezieux\\\/maison\\\/peinture\\\/#breadcrumb\",\"itemListElement\":[{\"@type\":\"ListItem\",\"position\":1,\"name\":\"Accueil\",\"item\":\"https:\\\/\\\/arcada.fr\\\/Davezieux\\\/\"},{\"@type\":\"ListItem\",\"position\":2,\"name\":\"Maison\",\"item\":\"https:\\\/\\\/arcada.fr\\\/Davezieux\\\/maison\\\/\"},{\"@type\":\"ListItem\",\"position\":3,\"name\":\"Peinture\"}]},{\"@type\":\"WebSite\",\"@id\":\"https:\\\/\\\/arcada.fr\\\/Davezieux\\\/#website\",\"url\":\"https:\\\/\\\/arcada.fr\\\/Davezieux\\\/\",\"name\":\"Outimag Perreux\",\"description\":\"La passion de l&#039;outillage !\",\"publisher\":{\"@id\":\"https:\\\/\\\/arcada.fr\\\/Davezieux\\\/#organization\"},\"alternateName\":\"La passion de l'outillage\",\"potentialAction\":[{\"@type\":\"SearchAction\",\"target\":{\"@type\":\"EntryPoint\",\"urlTemplate\":\"https:\\\/\\\/arcada.fr\\\/Davezieux\\\/?s={search_term_string}\"},\"query-input\":{\"@type\":\"PropertyValueSpecification\",\"valueRequired\":true,\"valueName\":\"search_term_string\"}}],\"inLanguage\":\"fr-FR\"},{\"@type\":\"Organization\",\"@id\":\"https:\\\/\\\/arcada.fr\\\/Davezieux\\\/#organization\",\"name\":\"Outimag Perreux\",\"alternateName\":\"Outimag\",\"url\":\"https:\\\/\\\/arcada.fr\\\/Davezieux\\\/\",\"logo\":{\"@type\":\"ImageObject\",\"inLanguage\":\"fr-FR\",\"@id\":\"https:\\\/\\\/arcada.fr\\\/Davezieux\\\/#\\\/schema\\\/logo\\\/image\\\/\",\"url\":\"https:\\\/\\\/arcada.fr\\\/Davezieux\\\/wp-content\\\/uploads\\\/2025\\\/06\\\/logo-outimag-perreux.png\",\"contentUrl\":\"https:\\\/\\\/arcada.fr\\\/Davezieux\\\/wp-content\\\/uploads\\\/2025\\\/06\\\/logo-outimag-perreux.png\",\"width\":800,\"height\":203,\"caption\":\"Outimag Perreux\"},\"image\":{\"@id\":\"https:\\\/\\\/arcada.fr\\\/Davezieux\\\/#\\\/schema\\\/logo\\\/image\\\/\"},\"sameAs\":[\"https:\\\/\\\/www.facebook.com\\\/Outimag42\\\/\",\"https:\\\/\\\/www.instagram.com\\\/outimag_perreux\\\/\"]}]}<\/script>\n<!-- \/ Yoast SEO plugin. -->","yoast_head_json":{"title":"Peinture - Arcada Davezieux","robots":{"index":"index","follow":"follow","max-snippet":"max-snippet:-1","max-image-preview":"max-image-preview:large","max-video-preview":"max-video-preview:-1"},"canonical":"https:\/\/arcada.fr\/Davezieux\/maison\/peinture\/","og_locale":"fr_FR","og_type":"article","og_title":"Peinture - Arcada Davezieux","og_description":"[vc_row visibility=\u00a0\u00bbhidden\u00a0\u00bb][vc_column][\/vc_column][\/vc_row][vc_row visibility=\u00a0\u00bbhidden\u00a0\u00bb][vc_column][\/vc_column][\/vc_row][vc_row visibility=\u00a0\u00bbhidden\u00a0\u00bb][vc_column width=\u00a0\u00bb1\/5&Prime;][vc_column_text text_align=\u00a0\u00bbcenter\u00a0\u00bb css=\u00a0\u00bb.vc_custom_1740646574059{background-color: #ffffff !important;border-radius: 3px !important;}\u00a0\u00bb] CUISINE [\/vc_column_text][\/vc_column][vc_column width=\u00a0\u00bb1\/5&Prime;][vc_column_text text_align=\u00a0\u00bbcenter\u00a0\u00bb] ASPIRATEURS [\/vc_column_text][\/vc_column][vc_column width=\u00a0\u00bb1\/5&Prime;][vc_column_text text_align=\u00a0\u00bbcenter\u00a0\u00bb] DROGUERIE [\/vc_column_text][\/vc_column][vc_column width=\u00a0\u00bb1\/5&Prime;][vc_column_text text_align=\u00a0\u00bbcenter\u00a0\u00bb] PEINTURE [\/vc_column_text][\/vc_column][vc_column width=\u00a0\u00bb1\/5&Prime;][vc_column_text text_align=\u00a0\u00bbcenter\u00a0\u00bb] CHAUFFAGE [\/vc_column_text][\/vc_column][\/vc_row][vc_row][vc_column][vc_column_text text_align=\u00a0\u00bbcenter\u00a0\u00bb font_family=\u00a0\u00bbRoboto\u00a0\u00bb font_size=\u00a0\u00bb28&Prime; color=\u00a0\u00bb#000000&Prime;] Cat\u00e9gorie : Peinture [\/vc_column_text][\/vc_column][\/vc_row][vc_row][vc_column width=\u00a0\u00bb1\/5&Prime;][\/vc_column][vc_column width=\u00a0\u00bb1\/5&Prime;][\/vc_column][vc_column width=\u00a0\u00bb1\/5&Prime;][\/vc_column][vc_column width=\u00a0\u00bb1\/5&Prime;][\/vc_column][vc_column width=\u00a0\u00bb1\/5&Prime;][\/vc_column][\/vc_row][vc_row][vc_column][\/vc_column][\/vc_row]","og_url":"https:\/\/arcada.fr\/Davezieux\/maison\/peinture\/","og_site_name":"Arcada Davezieux","article_publisher":"https:\/\/www.facebook.com\/Outimag42\/","article_modified_time":"2025-10-02T09:55:14+00:00","twitter_card":"summary_large_image","twitter_misc":{"Dur\u00e9e de lecture estim\u00e9e":"1 minute"},"schema":{"@context":"https:\/\/schema.org","@graph":[{"@type":"WebPage","@id":"https:\/\/arcada.fr\/Davezieux\/maison\/peinture\/","url":"https:\/\/arcada.fr\/Davezieux\/maison\/peinture\/","name":"Peinture - Arcada Davezieux","isPartOf":{"@id":"https:\/\/arcada.fr\/Davezieux\/#website"},"datePublished":"2025-04-04T12:32:21+00:00","dateModified":"2025-10-02T09:55:14+00:00","breadcrumb":{"@id":"https:\/\/arcada.fr\/Davezieux\/maison\/peinture\/#breadcrumb"},"inLanguage":"fr-FR","potentialAction":[{"@type":"ReadAction","target":["https:\/\/arcada.fr\/Davezieux\/maison\/peinture\/"]}]},{"@type":"BreadcrumbList","@id":"https:\/\/arcada.fr\/Davezieux\/maison\/peinture\/#breadcrumb","itemListElement":[{"@type":"ListItem","position":1,"name":"Accueil","item":"https:\/\/arcada.fr\/Davezieux\/"},{"@type":"ListItem","position":2,"name":"Maison","item":"https:\/\/arcada.fr\/Davezieux\/maison\/"},{"@type":"ListItem","position":3,"name":"Peinture"}]},{"@type":"WebSite","@id":"https:\/\/arcada.fr\/Davezieux\/#website","url":"https:\/\/arcada.fr\/Davezieux\/","name":"Outimag Perreux","description":"La passion de l&#039;outillage !","publisher":{"@id":"https:\/\/arcada.fr\/Davezieux\/#organization"},"alternateName":"La passion de l'outillage","potentialAction":[{"@type":"SearchAction","target":{"@type":"EntryPoint","urlTemplate":"https:\/\/arcada.fr\/Davezieux\/?s={search_term_string}"},"query-input":{"@type":"PropertyValueSpecification","valueRequired":true,"valueName":"search_term_string"}}],"inLanguage":"fr-FR"},{"@type":"Organization","@id":"https:\/\/arcada.fr\/Davezieux\/#organization","name":"Outimag Perreux","alternateName":"Outimag","url":"https:\/\/arcada.fr\/Davezieux\/","logo":{"@type":"ImageObject","inLanguage":"fr-FR","@id":"https:\/\/arcada.fr\/Davezieux\/#\/schema\/logo\/image\/","url":"https:\/\/arcada.fr\/Davezieux\/wp-content\/uploads\/2025\/06\/logo-outimag-perreux.png","contentUrl":"https:\/\/arcada.fr\/Davezieux\/wp-content\/uploads\/2025\/06\/logo-outimag-perreux.png","width":800,"height":203,"caption":"Outimag Perreux"},"image":{"@id":"https:\/\/arcada.fr\/Davezieux\/#\/schema\/logo\/image\/"},"sameAs":["https:\/\/www.facebook.com\/Outimag42\/","https:\/\/www.instagram.com\/outimag_perreux\/"]}]}},"_links":{"self":[{"href":"https:\/\/arcada.fr\/Davezieux\/wp-json\/wp\/v2\/pages\/18006","targetHints":{"allow":["GET"]}}],"collection":[{"href":"https:\/\/arcada.fr\/Davezieux\/wp-json\/wp\/v2\/pages"}],"about":[{"href":"https:\/\/arcada.fr\/Davezieux\/wp-json\/wp\/v2\/types\/page"}],"author":[{"embeddable":true,"href":"https:\/\/arcada.fr\/Davezieux\/wp-json\/wp\/v2\/users\/4"}],"replies":[{"embeddable":true,"href":"https:\/\/arcada.fr\/Davezieux\/wp-json\/wp\/v2\/comments?post=18006"}],"version-history":[{"count":0,"href":"https:\/\/arcada.fr\/Davezieux\/wp-json\/wp\/v2\/pages\/18006\/revisions"}],"up":[{"embeddable":true,"href":"https:\/\/arcada.fr\/Davezieux\/wp-json\/wp\/v2\/pages\/17110"}],"wp:attachment":[{"href":"https:\/\/arcada.fr\/Davezieux\/wp-json\/wp\/v2\/media?parent=18006"}],"curies":[{"name":"wp","href":"https:\/\/api.w.org\/{rel}","templated":true}]}}