{"id":27573,"date":"2026-03-31T15:59:33","date_gmt":"2026-03-31T13:59:33","guid":{"rendered":"https:\/\/arcada.fr\/Davezieux\/produit\/300-ml-soudacryl-ff-blanc\/"},"modified":"2026-03-31T16:39:58","modified_gmt":"2026-03-31T14:39:58","slug":"300-ml-soudacryl-ff-blanc","status":"publish","type":"product","link":"https:\/\/arcada.fr\/Davezieux\/produit\/300-ml-soudacryl-ff-blanc\/","title":{"rendered":"300 ML SOUDACRYL FF BLANC"},"content":{"rendered":"","protected":false},"excerpt":{"rendered":"<p>Mastic acrylique Soudacryl FF 300 ML blanc.<\/p>\n<p>Mastic monocomposant plasto-\u00e9lastique de grande qualit\u00e9, \u00e0 base de dispersions acryliques.<br \/><button type=submit\"><a href=\"\/wp-content\/uploads\/fich-tech\/R090918.pdf\" target=\"_blank\">Fiche Technique<\/a><\/button><\/p>\n","protected":false},"featured_media":12475,"template":"","meta":[],"product_brand":[],"product_cat":[33],"product_tag":[],"class_list":{"0":"post-27573","1":"product","2":"type-product","3":"status-publish","4":"has-post-thumbnail","6":"product_cat-quincaillerie","7":"entry","8":"has-media","10":"first","11":"instock","12":"taxable","13":"shipping-taxable","14":"purchasable","15":"product-type-simple"},"yoast_head":"<!-- This site is optimized with the Yoast SEO plugin v27.3 - https:\/\/yoast.com\/product\/yoast-seo-wordpress\/ -->\n<title>300 ML SOUDACRYL FF BLANC - Arcada Davezieux<\/title>\n<meta name=\"robots\" content=\"index, follow, max-snippet:-1, max-image-preview:large, max-video-preview:-1\" \/>\n<link rel=\"canonical\" href=\"https:\/\/arcada.fr\/Davezieux\/produit\/300-ml-soudacryl-ff-blanc\/\" \/>\n<meta property=\"og:locale\" content=\"fr_FR\" \/>\n<meta property=\"og:type\" content=\"article\" \/>\n<meta property=\"og:title\" content=\"300 ML SOUDACRYL FF BLANC - Arcada Davezieux\" \/>\n<meta property=\"og:description\" content=\"Mastic acrylique Soudacryl FF 300 ML blanc.Mastic monocomposant plasto-\u00e9lastique de grande qualit\u00e9, \u00e0 base de dispersions acryliques.\" \/>\n<meta property=\"og:url\" content=\"https:\/\/arcada.fr\/Davezieux\/produit\/300-ml-soudacryl-ff-blanc\/\" \/>\n<meta property=\"og:site_name\" content=\"Arcada Davezieux\" \/>\n<meta property=\"article:publisher\" content=\"https:\/\/www.facebook.com\/Outimag42\/\" \/>\n<meta property=\"article:modified_time\" content=\"2026-03-31T14:39:58+00:00\" \/>\n<meta name=\"twitter:card\" content=\"summary_large_image\" \/>\n<script type=\"application\/ld+json\" class=\"yoast-schema-graph\">{\"@context\":\"https:\\\/\\\/schema.org\",\"@graph\":[{\"@type\":\"WebPage\",\"@id\":\"https:\\\/\\\/arcada.fr\\\/Davezieux\\\/produit\\\/300-ml-soudacryl-ff-blanc\\\/\",\"url\":\"https:\\\/\\\/arcada.fr\\\/Davezieux\\\/produit\\\/300-ml-soudacryl-ff-blanc\\\/\",\"name\":\"300 ML SOUDACRYL FF BLANC - Arcada Davezieux\",\"isPartOf\":{\"@id\":\"https:\\\/\\\/arcada.fr\\\/Davezieux\\\/#website\"},\"primaryImageOfPage\":{\"@id\":\"https:\\\/\\\/arcada.fr\\\/Davezieux\\\/produit\\\/300-ml-soudacryl-ff-blanc\\\/#primaryimage\"},\"image\":{\"@id\":\"https:\\\/\\\/arcada.fr\\\/Davezieux\\\/produit\\\/300-ml-soudacryl-ff-blanc\\\/#primaryimage\"},\"thumbnailUrl\":\"https:\\\/\\\/arcada.fr\\\/Davezieux\\\/wp-content\\\/uploads\\\/2024\\\/01\\\/R090918.jpg\",\"datePublished\":\"2026-03-31T13:59:33+00:00\",\"dateModified\":\"2026-03-31T14:39:58+00:00\",\"breadcrumb\":{\"@id\":\"https:\\\/\\\/arcada.fr\\\/Davezieux\\\/produit\\\/300-ml-soudacryl-ff-blanc\\\/#breadcrumb\"},\"inLanguage\":\"fr-FR\",\"potentialAction\":[{\"@type\":\"ReadAction\",\"target\":[\"https:\\\/\\\/arcada.fr\\\/Davezieux\\\/produit\\\/300-ml-soudacryl-ff-blanc\\\/\"]}]},{\"@type\":\"ImageObject\",\"inLanguage\":\"fr-FR\",\"@id\":\"https:\\\/\\\/arcada.fr\\\/Davezieux\\\/produit\\\/300-ml-soudacryl-ff-blanc\\\/#primaryimage\",\"url\":\"https:\\\/\\\/arcada.fr\\\/Davezieux\\\/wp-content\\\/uploads\\\/2024\\\/01\\\/R090918.jpg\",\"contentUrl\":\"https:\\\/\\\/arcada.fr\\\/Davezieux\\\/wp-content\\\/uploads\\\/2024\\\/01\\\/R090918.jpg\",\"width\":800,\"height\":800},{\"@type\":\"BreadcrumbList\",\"@id\":\"https:\\\/\\\/arcada.fr\\\/Davezieux\\\/produit\\\/300-ml-soudacryl-ff-blanc\\\/#breadcrumb\",\"itemListElement\":[{\"@type\":\"ListItem\",\"position\":1,\"name\":\"Accueil\",\"item\":\"https:\\\/\\\/arcada.fr\\\/Davezieux\\\/\"},{\"@type\":\"ListItem\",\"position\":2,\"name\":\"Produits\",\"item\":\"https:\\\/\\\/arcada.fr\\\/Davezieux\\\/shop\\\/\"},{\"@type\":\"ListItem\",\"position\":3,\"name\":\"300 ML SOUDACRYL FF BLANC\"}]},{\"@type\":\"WebSite\",\"@id\":\"https:\\\/\\\/arcada.fr\\\/Davezieux\\\/#website\",\"url\":\"https:\\\/\\\/arcada.fr\\\/Davezieux\\\/\",\"name\":\"Outimag Perreux\",\"description\":\"La passion de l&#039;outillage !\",\"publisher\":{\"@id\":\"https:\\\/\\\/arcada.fr\\\/Davezieux\\\/#organization\"},\"alternateName\":\"La passion de l'outillage\",\"potentialAction\":[{\"@type\":\"SearchAction\",\"target\":{\"@type\":\"EntryPoint\",\"urlTemplate\":\"https:\\\/\\\/arcada.fr\\\/Davezieux\\\/?s={search_term_string}\"},\"query-input\":{\"@type\":\"PropertyValueSpecification\",\"valueRequired\":true,\"valueName\":\"search_term_string\"}}],\"inLanguage\":\"fr-FR\"},{\"@type\":\"Organization\",\"@id\":\"https:\\\/\\\/arcada.fr\\\/Davezieux\\\/#organization\",\"name\":\"Outimag Perreux\",\"alternateName\":\"Outimag\",\"url\":\"https:\\\/\\\/arcada.fr\\\/Davezieux\\\/\",\"logo\":{\"@type\":\"ImageObject\",\"inLanguage\":\"fr-FR\",\"@id\":\"https:\\\/\\\/arcada.fr\\\/Davezieux\\\/#\\\/schema\\\/logo\\\/image\\\/\",\"url\":\"https:\\\/\\\/arcada.fr\\\/Davezieux\\\/wp-content\\\/uploads\\\/2025\\\/06\\\/logo-outimag-perreux.png\",\"contentUrl\":\"https:\\\/\\\/arcada.fr\\\/Davezieux\\\/wp-content\\\/uploads\\\/2025\\\/06\\\/logo-outimag-perreux.png\",\"width\":800,\"height\":203,\"caption\":\"Outimag Perreux\"},\"image\":{\"@id\":\"https:\\\/\\\/arcada.fr\\\/Davezieux\\\/#\\\/schema\\\/logo\\\/image\\\/\"},\"sameAs\":[\"https:\\\/\\\/www.facebook.com\\\/Outimag42\\\/\",\"https:\\\/\\\/www.instagram.com\\\/outimag_perreux\\\/\"]}]}<\/script>\n<!-- \/ Yoast SEO plugin. -->","yoast_head_json":{"title":"300 ML SOUDACRYL FF BLANC - Arcada Davezieux","robots":{"index":"index","follow":"follow","max-snippet":"max-snippet:-1","max-image-preview":"max-image-preview:large","max-video-preview":"max-video-preview:-1"},"canonical":"https:\/\/arcada.fr\/Davezieux\/produit\/300-ml-soudacryl-ff-blanc\/","og_locale":"fr_FR","og_type":"article","og_title":"300 ML SOUDACRYL FF BLANC - Arcada Davezieux","og_description":"Mastic acrylique Soudacryl FF 300 ML blanc.Mastic monocomposant plasto-\u00e9lastique de grande qualit\u00e9, \u00e0 base de dispersions acryliques.","og_url":"https:\/\/arcada.fr\/Davezieux\/produit\/300-ml-soudacryl-ff-blanc\/","og_site_name":"Arcada Davezieux","article_publisher":"https:\/\/www.facebook.com\/Outimag42\/","article_modified_time":"2026-03-31T14:39:58+00:00","twitter_card":"summary_large_image","schema":{"@context":"https:\/\/schema.org","@graph":[{"@type":"WebPage","@id":"https:\/\/arcada.fr\/Davezieux\/produit\/300-ml-soudacryl-ff-blanc\/","url":"https:\/\/arcada.fr\/Davezieux\/produit\/300-ml-soudacryl-ff-blanc\/","name":"300 ML SOUDACRYL FF BLANC - Arcada Davezieux","isPartOf":{"@id":"https:\/\/arcada.fr\/Davezieux\/#website"},"primaryImageOfPage":{"@id":"https:\/\/arcada.fr\/Davezieux\/produit\/300-ml-soudacryl-ff-blanc\/#primaryimage"},"image":{"@id":"https:\/\/arcada.fr\/Davezieux\/produit\/300-ml-soudacryl-ff-blanc\/#primaryimage"},"thumbnailUrl":"https:\/\/arcada.fr\/Davezieux\/wp-content\/uploads\/2024\/01\/R090918.jpg","datePublished":"2026-03-31T13:59:33+00:00","dateModified":"2026-03-31T14:39:58+00:00","breadcrumb":{"@id":"https:\/\/arcada.fr\/Davezieux\/produit\/300-ml-soudacryl-ff-blanc\/#breadcrumb"},"inLanguage":"fr-FR","potentialAction":[{"@type":"ReadAction","target":["https:\/\/arcada.fr\/Davezieux\/produit\/300-ml-soudacryl-ff-blanc\/"]}]},{"@type":"ImageObject","inLanguage":"fr-FR","@id":"https:\/\/arcada.fr\/Davezieux\/produit\/300-ml-soudacryl-ff-blanc\/#primaryimage","url":"https:\/\/arcada.fr\/Davezieux\/wp-content\/uploads\/2024\/01\/R090918.jpg","contentUrl":"https:\/\/arcada.fr\/Davezieux\/wp-content\/uploads\/2024\/01\/R090918.jpg","width":800,"height":800},{"@type":"BreadcrumbList","@id":"https:\/\/arcada.fr\/Davezieux\/produit\/300-ml-soudacryl-ff-blanc\/#breadcrumb","itemListElement":[{"@type":"ListItem","position":1,"name":"Accueil","item":"https:\/\/arcada.fr\/Davezieux\/"},{"@type":"ListItem","position":2,"name":"Produits","item":"https:\/\/arcada.fr\/Davezieux\/shop\/"},{"@type":"ListItem","position":3,"name":"300 ML SOUDACRYL FF BLANC"}]},{"@type":"WebSite","@id":"https:\/\/arcada.fr\/Davezieux\/#website","url":"https:\/\/arcada.fr\/Davezieux\/","name":"Outimag Perreux","description":"La passion de l&#039;outillage !","publisher":{"@id":"https:\/\/arcada.fr\/Davezieux\/#organization"},"alternateName":"La passion de l'outillage","potentialAction":[{"@type":"SearchAction","target":{"@type":"EntryPoint","urlTemplate":"https:\/\/arcada.fr\/Davezieux\/?s={search_term_string}"},"query-input":{"@type":"PropertyValueSpecification","valueRequired":true,"valueName":"search_term_string"}}],"inLanguage":"fr-FR"},{"@type":"Organization","@id":"https:\/\/arcada.fr\/Davezieux\/#organization","name":"Outimag Perreux","alternateName":"Outimag","url":"https:\/\/arcada.fr\/Davezieux\/","logo":{"@type":"ImageObject","inLanguage":"fr-FR","@id":"https:\/\/arcada.fr\/Davezieux\/#\/schema\/logo\/image\/","url":"https:\/\/arcada.fr\/Davezieux\/wp-content\/uploads\/2025\/06\/logo-outimag-perreux.png","contentUrl":"https:\/\/arcada.fr\/Davezieux\/wp-content\/uploads\/2025\/06\/logo-outimag-perreux.png","width":800,"height":203,"caption":"Outimag Perreux"},"image":{"@id":"https:\/\/arcada.fr\/Davezieux\/#\/schema\/logo\/image\/"},"sameAs":["https:\/\/www.facebook.com\/Outimag42\/","https:\/\/www.instagram.com\/outimag_perreux\/"]}]}},"_links":{"self":[{"href":"https:\/\/arcada.fr\/Davezieux\/wp-json\/wp\/v2\/product\/27573","targetHints":{"allow":["GET"]}}],"collection":[{"href":"https:\/\/arcada.fr\/Davezieux\/wp-json\/wp\/v2\/product"}],"about":[{"href":"https:\/\/arcada.fr\/Davezieux\/wp-json\/wp\/v2\/types\/product"}],"wp:featuredmedia":[{"embeddable":true,"href":"https:\/\/arcada.fr\/Davezieux\/wp-json\/wp\/v2\/media\/12475"}],"wp:attachment":[{"href":"https:\/\/arcada.fr\/Davezieux\/wp-json\/wp\/v2\/media?parent=27573"}],"wp:term":[{"taxonomy":"product_brand","embeddable":true,"href":"https:\/\/arcada.fr\/Davezieux\/wp-json\/wp\/v2\/product_brand?post=27573"},{"taxonomy":"product_cat","embeddable":true,"href":"https:\/\/arcada.fr\/Davezieux\/wp-json\/wp\/v2\/product_cat?post=27573"},{"taxonomy":"product_tag","embeddable":true,"href":"https:\/\/arcada.fr\/Davezieux\/wp-json\/wp\/v2\/product_tag?post=27573"}],"curies":[{"name":"wp","href":"https:\/\/api.w.org\/{rel}","templated":true}]}}