{"id":28046,"date":"2026-03-31T16:03:28","date_gmt":"2026-03-31T14:03:28","guid":{"rendered":"https:\/\/arcada.fr\/Davezieux\/produit\/palan-electrique-tc-eh-600-1050w\/"},"modified":"2026-03-31T16:43:02","modified_gmt":"2026-03-31T14:43:02","slug":"palan-electrique-tc-eh-600-1050w","status":"publish","type":"product","link":"https:\/\/arcada.fr\/Davezieux\/produit\/palan-electrique-tc-eh-600-1050w\/","title":{"rendered":"PALAN \u00c9LECTRIQUE TC-EH 600 &#8211; 1050W"},"content":{"rendered":"","protected":false},"excerpt":{"rendered":"<p>    C\u00e2ble en acier extra long de plus de 18 m, sans torsion (\u00d8 6 mm)<br \/>    La poulie de mouflage avec crochet double le poids de charge max.<br \/>    Interrupteur d&rsquo;arr\u00eat d&rsquo;urgence pour encore plus de s\u00e9curit\u00e9<br \/>    Le moteur avec disjoncteur thermique garantit une longue de vie<br \/>    Le linguet de s\u00e9curit\u00e9 assure un levage de charge s\u00fbr<br \/>    Un frein automatique prot\u00e8ge la charge en toute situation<br \/>    L&rsquo;outil dispose d&rsquo;une interruption automatique de fin de course<br \/>    Fixation facile de l&rsquo;outil avec 2 pattes doubles livr\u00e9es en s\u00e9rie<br \/><button type=submit\"><a href=\"\/wp-content\/uploads\/fich-tech\/R169945.pdf\" target=\"_blank\">Fiche Technique<\/a><\/button><\/p>\n","protected":false},"featured_media":13450,"template":"","meta":[],"product_brand":[],"product_cat":[24],"product_tag":[],"class_list":{"0":"post-28046","1":"product","2":"type-product","3":"status-publish","4":"has-post-thumbnail","6":"product_cat-electricite","7":"entry","8":"has-media","10":"first","11":"instock","12":"taxable","13":"shipping-taxable","14":"purchasable","15":"product-type-simple"},"yoast_head":"<!-- This site is optimized with the Yoast SEO plugin v27.3 - https:\/\/yoast.com\/product\/yoast-seo-wordpress\/ -->\n<title>PALAN \u00c9LECTRIQUE TC-EH 600 - 1050W - Arcada Davezieux<\/title>\n<meta name=\"robots\" content=\"index, follow, max-snippet:-1, max-image-preview:large, max-video-preview:-1\" \/>\n<link rel=\"canonical\" href=\"https:\/\/arcada.fr\/Davezieux\/produit\/palan-electrique-tc-eh-600-1050w\/\" \/>\n<meta property=\"og:locale\" content=\"fr_FR\" \/>\n<meta property=\"og:type\" content=\"article\" \/>\n<meta property=\"og:title\" content=\"PALAN \u00c9LECTRIQUE TC-EH 600 - 1050W - Arcada Davezieux\" \/>\n<meta property=\"og:description\" content=\"C\u00e2ble en acier extra long de plus de 18 m, sans torsion (\u00d8 6 mm)  La poulie de mouflage avec crochet double le poids de charge max.  Interrupteur d&#039;arr\u00eat d&#039;urgence pour encore plus de s\u00e9curit\u00e9  Le moteur avec disjoncteur thermique garantit une longue de vie  Le linguet de s\u00e9curit\u00e9 assure un levage de charge s\u00fbr  Un frein automatique prot\u00e8ge la charge en toute situation  L&#039;outil dispose d&#039;une interruption automatique de fin de course  Fixation facile de l&#039;outil avec 2 pattes doubles livr\u00e9es en s\u00e9rie\" \/>\n<meta property=\"og:url\" content=\"https:\/\/arcada.fr\/Davezieux\/produit\/palan-electrique-tc-eh-600-1050w\/\" \/>\n<meta property=\"og:site_name\" content=\"Arcada Davezieux\" \/>\n<meta property=\"article:publisher\" content=\"https:\/\/www.facebook.com\/Outimag42\/\" \/>\n<meta property=\"article:modified_time\" content=\"2026-03-31T14:43:02+00:00\" \/>\n<meta name=\"twitter:card\" content=\"summary_large_image\" \/>\n<script type=\"application\/ld+json\" class=\"yoast-schema-graph\">{\"@context\":\"https:\\\/\\\/schema.org\",\"@graph\":[{\"@type\":\"WebPage\",\"@id\":\"https:\\\/\\\/arcada.fr\\\/Davezieux\\\/produit\\\/palan-electrique-tc-eh-600-1050w\\\/\",\"url\":\"https:\\\/\\\/arcada.fr\\\/Davezieux\\\/produit\\\/palan-electrique-tc-eh-600-1050w\\\/\",\"name\":\"PALAN \u00c9LECTRIQUE TC-EH 600 - 1050W - Arcada Davezieux\",\"isPartOf\":{\"@id\":\"https:\\\/\\\/arcada.fr\\\/Davezieux\\\/#website\"},\"primaryImageOfPage\":{\"@id\":\"https:\\\/\\\/arcada.fr\\\/Davezieux\\\/produit\\\/palan-electrique-tc-eh-600-1050w\\\/#primaryimage\"},\"image\":{\"@id\":\"https:\\\/\\\/arcada.fr\\\/Davezieux\\\/produit\\\/palan-electrique-tc-eh-600-1050w\\\/#primaryimage\"},\"thumbnailUrl\":\"https:\\\/\\\/arcada.fr\\\/Davezieux\\\/wp-content\\\/uploads\\\/2024\\\/01\\\/R169945.jpg\",\"datePublished\":\"2026-03-31T14:03:28+00:00\",\"dateModified\":\"2026-03-31T14:43:02+00:00\",\"breadcrumb\":{\"@id\":\"https:\\\/\\\/arcada.fr\\\/Davezieux\\\/produit\\\/palan-electrique-tc-eh-600-1050w\\\/#breadcrumb\"},\"inLanguage\":\"fr-FR\",\"potentialAction\":[{\"@type\":\"ReadAction\",\"target\":[\"https:\\\/\\\/arcada.fr\\\/Davezieux\\\/produit\\\/palan-electrique-tc-eh-600-1050w\\\/\"]}]},{\"@type\":\"ImageObject\",\"inLanguage\":\"fr-FR\",\"@id\":\"https:\\\/\\\/arcada.fr\\\/Davezieux\\\/produit\\\/palan-electrique-tc-eh-600-1050w\\\/#primaryimage\",\"url\":\"https:\\\/\\\/arcada.fr\\\/Davezieux\\\/wp-content\\\/uploads\\\/2024\\\/01\\\/R169945.jpg\",\"contentUrl\":\"https:\\\/\\\/arcada.fr\\\/Davezieux\\\/wp-content\\\/uploads\\\/2024\\\/01\\\/R169945.jpg\",\"width\":800,\"height\":800},{\"@type\":\"BreadcrumbList\",\"@id\":\"https:\\\/\\\/arcada.fr\\\/Davezieux\\\/produit\\\/palan-electrique-tc-eh-600-1050w\\\/#breadcrumb\",\"itemListElement\":[{\"@type\":\"ListItem\",\"position\":1,\"name\":\"Accueil\",\"item\":\"https:\\\/\\\/arcada.fr\\\/Davezieux\\\/\"},{\"@type\":\"ListItem\",\"position\":2,\"name\":\"Produits\",\"item\":\"https:\\\/\\\/arcada.fr\\\/Davezieux\\\/shop\\\/\"},{\"@type\":\"ListItem\",\"position\":3,\"name\":\"PALAN \u00c9LECTRIQUE TC-EH 600 &#8211; 1050W\"}]},{\"@type\":\"WebSite\",\"@id\":\"https:\\\/\\\/arcada.fr\\\/Davezieux\\\/#website\",\"url\":\"https:\\\/\\\/arcada.fr\\\/Davezieux\\\/\",\"name\":\"Outimag Perreux\",\"description\":\"La passion de l&#039;outillage !\",\"publisher\":{\"@id\":\"https:\\\/\\\/arcada.fr\\\/Davezieux\\\/#organization\"},\"alternateName\":\"La passion de l'outillage\",\"potentialAction\":[{\"@type\":\"SearchAction\",\"target\":{\"@type\":\"EntryPoint\",\"urlTemplate\":\"https:\\\/\\\/arcada.fr\\\/Davezieux\\\/?s={search_term_string}\"},\"query-input\":{\"@type\":\"PropertyValueSpecification\",\"valueRequired\":true,\"valueName\":\"search_term_string\"}}],\"inLanguage\":\"fr-FR\"},{\"@type\":\"Organization\",\"@id\":\"https:\\\/\\\/arcada.fr\\\/Davezieux\\\/#organization\",\"name\":\"Outimag Perreux\",\"alternateName\":\"Outimag\",\"url\":\"https:\\\/\\\/arcada.fr\\\/Davezieux\\\/\",\"logo\":{\"@type\":\"ImageObject\",\"inLanguage\":\"fr-FR\",\"@id\":\"https:\\\/\\\/arcada.fr\\\/Davezieux\\\/#\\\/schema\\\/logo\\\/image\\\/\",\"url\":\"https:\\\/\\\/arcada.fr\\\/Davezieux\\\/wp-content\\\/uploads\\\/2025\\\/06\\\/logo-outimag-perreux.png\",\"contentUrl\":\"https:\\\/\\\/arcada.fr\\\/Davezieux\\\/wp-content\\\/uploads\\\/2025\\\/06\\\/logo-outimag-perreux.png\",\"width\":800,\"height\":203,\"caption\":\"Outimag Perreux\"},\"image\":{\"@id\":\"https:\\\/\\\/arcada.fr\\\/Davezieux\\\/#\\\/schema\\\/logo\\\/image\\\/\"},\"sameAs\":[\"https:\\\/\\\/www.facebook.com\\\/Outimag42\\\/\",\"https:\\\/\\\/www.instagram.com\\\/outimag_perreux\\\/\"]}]}<\/script>\n<!-- \/ Yoast SEO plugin. -->","yoast_head_json":{"title":"PALAN \u00c9LECTRIQUE TC-EH 600 - 1050W - Arcada Davezieux","robots":{"index":"index","follow":"follow","max-snippet":"max-snippet:-1","max-image-preview":"max-image-preview:large","max-video-preview":"max-video-preview:-1"},"canonical":"https:\/\/arcada.fr\/Davezieux\/produit\/palan-electrique-tc-eh-600-1050w\/","og_locale":"fr_FR","og_type":"article","og_title":"PALAN \u00c9LECTRIQUE TC-EH 600 - 1050W - Arcada Davezieux","og_description":"C\u00e2ble en acier extra long de plus de 18 m, sans torsion (\u00d8 6 mm)  La poulie de mouflage avec crochet double le poids de charge max.  Interrupteur d'arr\u00eat d'urgence pour encore plus de s\u00e9curit\u00e9  Le moteur avec disjoncteur thermique garantit une longue de vie  Le linguet de s\u00e9curit\u00e9 assure un levage de charge s\u00fbr  Un frein automatique prot\u00e8ge la charge en toute situation  L'outil dispose d'une interruption automatique de fin de course  Fixation facile de l'outil avec 2 pattes doubles livr\u00e9es en s\u00e9rie","og_url":"https:\/\/arcada.fr\/Davezieux\/produit\/palan-electrique-tc-eh-600-1050w\/","og_site_name":"Arcada Davezieux","article_publisher":"https:\/\/www.facebook.com\/Outimag42\/","article_modified_time":"2026-03-31T14:43:02+00:00","twitter_card":"summary_large_image","schema":{"@context":"https:\/\/schema.org","@graph":[{"@type":"WebPage","@id":"https:\/\/arcada.fr\/Davezieux\/produit\/palan-electrique-tc-eh-600-1050w\/","url":"https:\/\/arcada.fr\/Davezieux\/produit\/palan-electrique-tc-eh-600-1050w\/","name":"PALAN \u00c9LECTRIQUE TC-EH 600 - 1050W - Arcada Davezieux","isPartOf":{"@id":"https:\/\/arcada.fr\/Davezieux\/#website"},"primaryImageOfPage":{"@id":"https:\/\/arcada.fr\/Davezieux\/produit\/palan-electrique-tc-eh-600-1050w\/#primaryimage"},"image":{"@id":"https:\/\/arcada.fr\/Davezieux\/produit\/palan-electrique-tc-eh-600-1050w\/#primaryimage"},"thumbnailUrl":"https:\/\/arcada.fr\/Davezieux\/wp-content\/uploads\/2024\/01\/R169945.jpg","datePublished":"2026-03-31T14:03:28+00:00","dateModified":"2026-03-31T14:43:02+00:00","breadcrumb":{"@id":"https:\/\/arcada.fr\/Davezieux\/produit\/palan-electrique-tc-eh-600-1050w\/#breadcrumb"},"inLanguage":"fr-FR","potentialAction":[{"@type":"ReadAction","target":["https:\/\/arcada.fr\/Davezieux\/produit\/palan-electrique-tc-eh-600-1050w\/"]}]},{"@type":"ImageObject","inLanguage":"fr-FR","@id":"https:\/\/arcada.fr\/Davezieux\/produit\/palan-electrique-tc-eh-600-1050w\/#primaryimage","url":"https:\/\/arcada.fr\/Davezieux\/wp-content\/uploads\/2024\/01\/R169945.jpg","contentUrl":"https:\/\/arcada.fr\/Davezieux\/wp-content\/uploads\/2024\/01\/R169945.jpg","width":800,"height":800},{"@type":"BreadcrumbList","@id":"https:\/\/arcada.fr\/Davezieux\/produit\/palan-electrique-tc-eh-600-1050w\/#breadcrumb","itemListElement":[{"@type":"ListItem","position":1,"name":"Accueil","item":"https:\/\/arcada.fr\/Davezieux\/"},{"@type":"ListItem","position":2,"name":"Produits","item":"https:\/\/arcada.fr\/Davezieux\/shop\/"},{"@type":"ListItem","position":3,"name":"PALAN \u00c9LECTRIQUE TC-EH 600 &#8211; 1050W"}]},{"@type":"WebSite","@id":"https:\/\/arcada.fr\/Davezieux\/#website","url":"https:\/\/arcada.fr\/Davezieux\/","name":"Outimag Perreux","description":"La passion de l&#039;outillage !","publisher":{"@id":"https:\/\/arcada.fr\/Davezieux\/#organization"},"alternateName":"La passion de l'outillage","potentialAction":[{"@type":"SearchAction","target":{"@type":"EntryPoint","urlTemplate":"https:\/\/arcada.fr\/Davezieux\/?s={search_term_string}"},"query-input":{"@type":"PropertyValueSpecification","valueRequired":true,"valueName":"search_term_string"}}],"inLanguage":"fr-FR"},{"@type":"Organization","@id":"https:\/\/arcada.fr\/Davezieux\/#organization","name":"Outimag Perreux","alternateName":"Outimag","url":"https:\/\/arcada.fr\/Davezieux\/","logo":{"@type":"ImageObject","inLanguage":"fr-FR","@id":"https:\/\/arcada.fr\/Davezieux\/#\/schema\/logo\/image\/","url":"https:\/\/arcada.fr\/Davezieux\/wp-content\/uploads\/2025\/06\/logo-outimag-perreux.png","contentUrl":"https:\/\/arcada.fr\/Davezieux\/wp-content\/uploads\/2025\/06\/logo-outimag-perreux.png","width":800,"height":203,"caption":"Outimag Perreux"},"image":{"@id":"https:\/\/arcada.fr\/Davezieux\/#\/schema\/logo\/image\/"},"sameAs":["https:\/\/www.facebook.com\/Outimag42\/","https:\/\/www.instagram.com\/outimag_perreux\/"]}]}},"_links":{"self":[{"href":"https:\/\/arcada.fr\/Davezieux\/wp-json\/wp\/v2\/product\/28046","targetHints":{"allow":["GET"]}}],"collection":[{"href":"https:\/\/arcada.fr\/Davezieux\/wp-json\/wp\/v2\/product"}],"about":[{"href":"https:\/\/arcada.fr\/Davezieux\/wp-json\/wp\/v2\/types\/product"}],"wp:featuredmedia":[{"embeddable":true,"href":"https:\/\/arcada.fr\/Davezieux\/wp-json\/wp\/v2\/media\/13450"}],"wp:attachment":[{"href":"https:\/\/arcada.fr\/Davezieux\/wp-json\/wp\/v2\/media?parent=28046"}],"wp:term":[{"taxonomy":"product_brand","embeddable":true,"href":"https:\/\/arcada.fr\/Davezieux\/wp-json\/wp\/v2\/product_brand?post=28046"},{"taxonomy":"product_cat","embeddable":true,"href":"https:\/\/arcada.fr\/Davezieux\/wp-json\/wp\/v2\/product_cat?post=28046"},{"taxonomy":"product_tag","embeddable":true,"href":"https:\/\/arcada.fr\/Davezieux\/wp-json\/wp\/v2\/product_tag?post=28046"}],"curies":[{"name":"wp","href":"https:\/\/api.w.org\/{rel}","templated":true}]}}