{"id":28138,"date":"2026-03-31T16:04:08","date_gmt":"2026-03-31T14:04:08","guid":{"rendered":"https:\/\/arcada.fr\/Davezieux\/produit\/vipmulti-160-poste-a-souder-multiprocedes-4-en-1-160a\/"},"modified":"2026-03-31T16:04:08","modified_gmt":"2026-03-31T14:04:08","slug":"vipmulti-160-poste-a-souder-multiprocedes-4-en-1-160a","status":"publish","type":"product","link":"https:\/\/arcada.fr\/Davezieux\/produit\/vipmulti-160-poste-a-souder-multiprocedes-4-en-1-160a\/","title":{"rendered":"VIPMULTI 160 &#8211; poste \u00e0 souder multiproc\u00e9d\u00e9s 4 en 1 160A"},"content":{"rendered":"","protected":false},"excerpt":{"rendered":"<p>Muti-proc\u00e9d\u00e9s: MMA (\u00e9lectrodes), MIG GAZ (fil plein), MIG NO GAZ(fil fourr\u00e9). Livvr\u00e9 avec pince porte \u00e9l\u00e9ctrode, pince de masse, torche, masque, brosse et marteau. Fonction TIG LIFT possible, torche TIG non incluse.<br \/><button type=submit\"><a href=\"\/wp-content\/uploads\/fich-tech\/R229359.pdf\" target=\"_blank\">Fiche Technique<\/a><\/button><\/p>\n","protected":false},"featured_media":13849,"template":"","meta":[],"product_brand":[],"product_cat":[21],"product_tag":[],"class_list":{"0":"post-28138","1":"product","2":"type-product","3":"status-publish","4":"has-post-thumbnail","6":"product_cat-atelier","7":"entry","8":"has-media","10":"first","11":"instock","12":"taxable","13":"shipping-taxable","14":"purchasable","15":"product-type-simple"},"yoast_head":"<!-- This site is optimized with the Yoast SEO plugin v27.4 - https:\/\/yoast.com\/product\/yoast-seo-wordpress\/ -->\n<title>VIPMULTI 160 - poste \u00e0 souder multiproc\u00e9d\u00e9s 4 en 1 160A - Arcada Davezieux<\/title>\n<meta name=\"robots\" content=\"index, follow, max-snippet:-1, max-image-preview:large, max-video-preview:-1\" \/>\n<link rel=\"canonical\" href=\"https:\/\/arcada.fr\/Davezieux\/produit\/vipmulti-160-poste-a-souder-multiprocedes-4-en-1-160a\/\" \/>\n<meta property=\"og:locale\" content=\"fr_FR\" \/>\n<meta property=\"og:type\" content=\"article\" \/>\n<meta property=\"og:title\" content=\"VIPMULTI 160 - poste \u00e0 souder multiproc\u00e9d\u00e9s 4 en 1 160A - Arcada Davezieux\" \/>\n<meta property=\"og:description\" content=\"Muti-proc\u00e9d\u00e9s: MMA (\u00e9lectrodes), MIG GAZ (fil plein), MIG NO GAZ(fil fourr\u00e9). Livvr\u00e9 avec pince porte \u00e9l\u00e9ctrode, pince de masse, torche, masque, brosse et marteau. Fonction TIG LIFT possible, torche TIG non incluse.\" \/>\n<meta property=\"og:url\" content=\"https:\/\/arcada.fr\/Davezieux\/produit\/vipmulti-160-poste-a-souder-multiprocedes-4-en-1-160a\/\" \/>\n<meta property=\"og:site_name\" content=\"Arcada Davezieux\" \/>\n<meta property=\"article:publisher\" content=\"https:\/\/www.facebook.com\/Outimag42\/\" \/>\n<meta name=\"twitter:card\" content=\"summary_large_image\" \/>\n<script type=\"application\/ld+json\" class=\"yoast-schema-graph\">{\"@context\":\"https:\\\/\\\/schema.org\",\"@graph\":[{\"@type\":\"WebPage\",\"@id\":\"https:\\\/\\\/arcada.fr\\\/Davezieux\\\/produit\\\/vipmulti-160-poste-a-souder-multiprocedes-4-en-1-160a\\\/\",\"url\":\"https:\\\/\\\/arcada.fr\\\/Davezieux\\\/produit\\\/vipmulti-160-poste-a-souder-multiprocedes-4-en-1-160a\\\/\",\"name\":\"VIPMULTI 160 - poste \u00e0 souder multiproc\u00e9d\u00e9s 4 en 1 160A - Arcada Davezieux\",\"isPartOf\":{\"@id\":\"https:\\\/\\\/arcada.fr\\\/Davezieux\\\/#website\"},\"primaryImageOfPage\":{\"@id\":\"https:\\\/\\\/arcada.fr\\\/Davezieux\\\/produit\\\/vipmulti-160-poste-a-souder-multiprocedes-4-en-1-160a\\\/#primaryimage\"},\"image\":{\"@id\":\"https:\\\/\\\/arcada.fr\\\/Davezieux\\\/produit\\\/vipmulti-160-poste-a-souder-multiprocedes-4-en-1-160a\\\/#primaryimage\"},\"thumbnailUrl\":\"https:\\\/\\\/arcada.fr\\\/Davezieux\\\/wp-content\\\/uploads\\\/2024\\\/01\\\/R229359.jpg\",\"datePublished\":\"2026-03-31T14:04:08+00:00\",\"breadcrumb\":{\"@id\":\"https:\\\/\\\/arcada.fr\\\/Davezieux\\\/produit\\\/vipmulti-160-poste-a-souder-multiprocedes-4-en-1-160a\\\/#breadcrumb\"},\"inLanguage\":\"fr-FR\",\"potentialAction\":[{\"@type\":\"ReadAction\",\"target\":[\"https:\\\/\\\/arcada.fr\\\/Davezieux\\\/produit\\\/vipmulti-160-poste-a-souder-multiprocedes-4-en-1-160a\\\/\"]}]},{\"@type\":\"ImageObject\",\"inLanguage\":\"fr-FR\",\"@id\":\"https:\\\/\\\/arcada.fr\\\/Davezieux\\\/produit\\\/vipmulti-160-poste-a-souder-multiprocedes-4-en-1-160a\\\/#primaryimage\",\"url\":\"https:\\\/\\\/arcada.fr\\\/Davezieux\\\/wp-content\\\/uploads\\\/2024\\\/01\\\/R229359.jpg\",\"contentUrl\":\"https:\\\/\\\/arcada.fr\\\/Davezieux\\\/wp-content\\\/uploads\\\/2024\\\/01\\\/R229359.jpg\",\"width\":800,\"height\":800},{\"@type\":\"BreadcrumbList\",\"@id\":\"https:\\\/\\\/arcada.fr\\\/Davezieux\\\/produit\\\/vipmulti-160-poste-a-souder-multiprocedes-4-en-1-160a\\\/#breadcrumb\",\"itemListElement\":[{\"@type\":\"ListItem\",\"position\":1,\"name\":\"Accueil\",\"item\":\"https:\\\/\\\/arcada.fr\\\/Davezieux\\\/\"},{\"@type\":\"ListItem\",\"position\":2,\"name\":\"Produits\",\"item\":\"https:\\\/\\\/arcada.fr\\\/Davezieux\\\/shop\\\/\"},{\"@type\":\"ListItem\",\"position\":3,\"name\":\"VIPMULTI 160 &#8211; poste \u00e0 souder multiproc\u00e9d\u00e9s 4 en 1 160A\"}]},{\"@type\":\"WebSite\",\"@id\":\"https:\\\/\\\/arcada.fr\\\/Davezieux\\\/#website\",\"url\":\"https:\\\/\\\/arcada.fr\\\/Davezieux\\\/\",\"name\":\"Outimag Perreux\",\"description\":\"La passion de l&#039;outillage !\",\"publisher\":{\"@id\":\"https:\\\/\\\/arcada.fr\\\/Davezieux\\\/#organization\"},\"alternateName\":\"La passion de l'outillage\",\"potentialAction\":[{\"@type\":\"SearchAction\",\"target\":{\"@type\":\"EntryPoint\",\"urlTemplate\":\"https:\\\/\\\/arcada.fr\\\/Davezieux\\\/?s={search_term_string}\"},\"query-input\":{\"@type\":\"PropertyValueSpecification\",\"valueRequired\":true,\"valueName\":\"search_term_string\"}}],\"inLanguage\":\"fr-FR\"},{\"@type\":\"Organization\",\"@id\":\"https:\\\/\\\/arcada.fr\\\/Davezieux\\\/#organization\",\"name\":\"Outimag Perreux\",\"alternateName\":\"Outimag\",\"url\":\"https:\\\/\\\/arcada.fr\\\/Davezieux\\\/\",\"logo\":{\"@type\":\"ImageObject\",\"inLanguage\":\"fr-FR\",\"@id\":\"https:\\\/\\\/arcada.fr\\\/Davezieux\\\/#\\\/schema\\\/logo\\\/image\\\/\",\"url\":\"https:\\\/\\\/arcada.fr\\\/Davezieux\\\/wp-content\\\/uploads\\\/2025\\\/06\\\/logo-outimag-perreux.png\",\"contentUrl\":\"https:\\\/\\\/arcada.fr\\\/Davezieux\\\/wp-content\\\/uploads\\\/2025\\\/06\\\/logo-outimag-perreux.png\",\"width\":800,\"height\":203,\"caption\":\"Outimag Perreux\"},\"image\":{\"@id\":\"https:\\\/\\\/arcada.fr\\\/Davezieux\\\/#\\\/schema\\\/logo\\\/image\\\/\"},\"sameAs\":[\"https:\\\/\\\/www.facebook.com\\\/Outimag42\\\/\",\"https:\\\/\\\/www.instagram.com\\\/outimag_perreux\\\/\"]}]}<\/script>\n<!-- \/ Yoast SEO plugin. -->","yoast_head_json":{"title":"VIPMULTI 160 - poste \u00e0 souder multiproc\u00e9d\u00e9s 4 en 1 160A - Arcada Davezieux","robots":{"index":"index","follow":"follow","max-snippet":"max-snippet:-1","max-image-preview":"max-image-preview:large","max-video-preview":"max-video-preview:-1"},"canonical":"https:\/\/arcada.fr\/Davezieux\/produit\/vipmulti-160-poste-a-souder-multiprocedes-4-en-1-160a\/","og_locale":"fr_FR","og_type":"article","og_title":"VIPMULTI 160 - poste \u00e0 souder multiproc\u00e9d\u00e9s 4 en 1 160A - Arcada Davezieux","og_description":"Muti-proc\u00e9d\u00e9s: MMA (\u00e9lectrodes), MIG GAZ (fil plein), MIG NO GAZ(fil fourr\u00e9). Livvr\u00e9 avec pince porte \u00e9l\u00e9ctrode, pince de masse, torche, masque, brosse et marteau. Fonction TIG LIFT possible, torche TIG non incluse.","og_url":"https:\/\/arcada.fr\/Davezieux\/produit\/vipmulti-160-poste-a-souder-multiprocedes-4-en-1-160a\/","og_site_name":"Arcada Davezieux","article_publisher":"https:\/\/www.facebook.com\/Outimag42\/","twitter_card":"summary_large_image","schema":{"@context":"https:\/\/schema.org","@graph":[{"@type":"WebPage","@id":"https:\/\/arcada.fr\/Davezieux\/produit\/vipmulti-160-poste-a-souder-multiprocedes-4-en-1-160a\/","url":"https:\/\/arcada.fr\/Davezieux\/produit\/vipmulti-160-poste-a-souder-multiprocedes-4-en-1-160a\/","name":"VIPMULTI 160 - poste \u00e0 souder multiproc\u00e9d\u00e9s 4 en 1 160A - Arcada Davezieux","isPartOf":{"@id":"https:\/\/arcada.fr\/Davezieux\/#website"},"primaryImageOfPage":{"@id":"https:\/\/arcada.fr\/Davezieux\/produit\/vipmulti-160-poste-a-souder-multiprocedes-4-en-1-160a\/#primaryimage"},"image":{"@id":"https:\/\/arcada.fr\/Davezieux\/produit\/vipmulti-160-poste-a-souder-multiprocedes-4-en-1-160a\/#primaryimage"},"thumbnailUrl":"https:\/\/arcada.fr\/Davezieux\/wp-content\/uploads\/2024\/01\/R229359.jpg","datePublished":"2026-03-31T14:04:08+00:00","breadcrumb":{"@id":"https:\/\/arcada.fr\/Davezieux\/produit\/vipmulti-160-poste-a-souder-multiprocedes-4-en-1-160a\/#breadcrumb"},"inLanguage":"fr-FR","potentialAction":[{"@type":"ReadAction","target":["https:\/\/arcada.fr\/Davezieux\/produit\/vipmulti-160-poste-a-souder-multiprocedes-4-en-1-160a\/"]}]},{"@type":"ImageObject","inLanguage":"fr-FR","@id":"https:\/\/arcada.fr\/Davezieux\/produit\/vipmulti-160-poste-a-souder-multiprocedes-4-en-1-160a\/#primaryimage","url":"https:\/\/arcada.fr\/Davezieux\/wp-content\/uploads\/2024\/01\/R229359.jpg","contentUrl":"https:\/\/arcada.fr\/Davezieux\/wp-content\/uploads\/2024\/01\/R229359.jpg","width":800,"height":800},{"@type":"BreadcrumbList","@id":"https:\/\/arcada.fr\/Davezieux\/produit\/vipmulti-160-poste-a-souder-multiprocedes-4-en-1-160a\/#breadcrumb","itemListElement":[{"@type":"ListItem","position":1,"name":"Accueil","item":"https:\/\/arcada.fr\/Davezieux\/"},{"@type":"ListItem","position":2,"name":"Produits","item":"https:\/\/arcada.fr\/Davezieux\/shop\/"},{"@type":"ListItem","position":3,"name":"VIPMULTI 160 &#8211; poste \u00e0 souder multiproc\u00e9d\u00e9s 4 en 1 160A"}]},{"@type":"WebSite","@id":"https:\/\/arcada.fr\/Davezieux\/#website","url":"https:\/\/arcada.fr\/Davezieux\/","name":"Outimag Perreux","description":"La passion de l&#039;outillage !","publisher":{"@id":"https:\/\/arcada.fr\/Davezieux\/#organization"},"alternateName":"La passion de l'outillage","potentialAction":[{"@type":"SearchAction","target":{"@type":"EntryPoint","urlTemplate":"https:\/\/arcada.fr\/Davezieux\/?s={search_term_string}"},"query-input":{"@type":"PropertyValueSpecification","valueRequired":true,"valueName":"search_term_string"}}],"inLanguage":"fr-FR"},{"@type":"Organization","@id":"https:\/\/arcada.fr\/Davezieux\/#organization","name":"Outimag Perreux","alternateName":"Outimag","url":"https:\/\/arcada.fr\/Davezieux\/","logo":{"@type":"ImageObject","inLanguage":"fr-FR","@id":"https:\/\/arcada.fr\/Davezieux\/#\/schema\/logo\/image\/","url":"https:\/\/arcada.fr\/Davezieux\/wp-content\/uploads\/2025\/06\/logo-outimag-perreux.png","contentUrl":"https:\/\/arcada.fr\/Davezieux\/wp-content\/uploads\/2025\/06\/logo-outimag-perreux.png","width":800,"height":203,"caption":"Outimag Perreux"},"image":{"@id":"https:\/\/arcada.fr\/Davezieux\/#\/schema\/logo\/image\/"},"sameAs":["https:\/\/www.facebook.com\/Outimag42\/","https:\/\/www.instagram.com\/outimag_perreux\/"]}]}},"_links":{"self":[{"href":"https:\/\/arcada.fr\/Davezieux\/wp-json\/wp\/v2\/product\/28138","targetHints":{"allow":["GET"]}}],"collection":[{"href":"https:\/\/arcada.fr\/Davezieux\/wp-json\/wp\/v2\/product"}],"about":[{"href":"https:\/\/arcada.fr\/Davezieux\/wp-json\/wp\/v2\/types\/product"}],"wp:featuredmedia":[{"embeddable":true,"href":"https:\/\/arcada.fr\/Davezieux\/wp-json\/wp\/v2\/media\/13849"}],"wp:attachment":[{"href":"https:\/\/arcada.fr\/Davezieux\/wp-json\/wp\/v2\/media?parent=28138"}],"wp:term":[{"taxonomy":"product_brand","embeddable":true,"href":"https:\/\/arcada.fr\/Davezieux\/wp-json\/wp\/v2\/product_brand?post=28138"},{"taxonomy":"product_cat","embeddable":true,"href":"https:\/\/arcada.fr\/Davezieux\/wp-json\/wp\/v2\/product_cat?post=28138"},{"taxonomy":"product_tag","embeddable":true,"href":"https:\/\/arcada.fr\/Davezieux\/wp-json\/wp\/v2\/product_tag?post=28138"}],"curies":[{"name":"wp","href":"https:\/\/api.w.org\/{rel}","templated":true}]}}