{"id":28300,"date":"2026-03-31T16:05:18","date_gmt":"2026-03-31T14:05:18","guid":{"rendered":"https:\/\/arcada.fr\/Davezieux\/produit\/aspirateur-extracteur-injecteur-20-l\/"},"modified":"2026-03-31T16:43:59","modified_gmt":"2026-03-31T14:43:59","slug":"aspirateur-extracteur-injecteur-20-l","status":"publish","type":"product","link":"https:\/\/arcada.fr\/Davezieux\/produit\/aspirateur-extracteur-injecteur-20-l\/","title":{"rendered":"ASPIRATEUR EXTRACTEUR INJECTEUR 20 L"},"content":{"rendered":"","protected":false},"excerpt":{"rendered":"<p>Aspirateur INJECTEUR<br \/>EXTRACTEUR 20L<br \/>Eau et poussi\u00e8res. 1200 W. <br \/>Aspiration 160 mbar. <br \/>Flexible aspiration 2m. <br \/>C\u00e2ble alimentation 7,5m. <br \/>R\u00e9servoir d\u00e9tergent 3L. <br \/>Embouts pour aspiration <br \/>tapis, moquettes, canap\u00e9s, housses et tapis de si\u00e8ges. <br \/>Avec accessoires.<br \/><button type=submit\"><a href=\"\/wp-content\/uploads\/fich-tech\/R250000.pdf\" target=\"_blank\">Fiche Technique<\/a><\/button><\/p>\n","protected":false},"featured_media":14178,"template":"","meta":[],"product_brand":[],"product_cat":[22],"product_tag":[],"class_list":{"0":"post-28300","1":"product","2":"type-product","3":"status-publish","4":"has-post-thumbnail","6":"product_cat-automobile","7":"entry","8":"has-media","10":"first","11":"instock","12":"taxable","13":"shipping-taxable","14":"purchasable","15":"product-type-simple"},"yoast_head":"<!-- This site is optimized with the Yoast SEO plugin v27.3 - https:\/\/yoast.com\/product\/yoast-seo-wordpress\/ -->\n<title>ASPIRATEUR EXTRACTEUR INJECTEUR 20 L - Arcada Davezieux<\/title>\n<meta name=\"robots\" content=\"index, follow, max-snippet:-1, max-image-preview:large, max-video-preview:-1\" \/>\n<link rel=\"canonical\" href=\"https:\/\/arcada.fr\/Davezieux\/produit\/aspirateur-extracteur-injecteur-20-l\/\" \/>\n<meta property=\"og:locale\" content=\"fr_FR\" \/>\n<meta property=\"og:type\" content=\"article\" \/>\n<meta property=\"og:title\" content=\"ASPIRATEUR EXTRACTEUR INJECTEUR 20 L - Arcada Davezieux\" \/>\n<meta property=\"og:description\" content=\"Aspirateur INJECTEUREXTRACTEUR 20LEau et poussi\u00e8res. 1200 W. Aspiration 160 mbar. Flexible aspiration 2m. C\u00e2ble alimentation 7,5m. R\u00e9servoir d\u00e9tergent 3L. Embouts pour aspiration tapis, moquettes, canap\u00e9s, housses et tapis de si\u00e8ges. Avec accessoires.\" \/>\n<meta property=\"og:url\" content=\"https:\/\/arcada.fr\/Davezieux\/produit\/aspirateur-extracteur-injecteur-20-l\/\" \/>\n<meta property=\"og:site_name\" content=\"Arcada Davezieux\" \/>\n<meta property=\"article:publisher\" content=\"https:\/\/www.facebook.com\/Outimag42\/\" \/>\n<meta property=\"article:modified_time\" content=\"2026-03-31T14:43:59+00:00\" \/>\n<meta name=\"twitter:card\" content=\"summary_large_image\" \/>\n<script type=\"application\/ld+json\" class=\"yoast-schema-graph\">{\"@context\":\"https:\\\/\\\/schema.org\",\"@graph\":[{\"@type\":\"WebPage\",\"@id\":\"https:\\\/\\\/arcada.fr\\\/Davezieux\\\/produit\\\/aspirateur-extracteur-injecteur-20-l\\\/\",\"url\":\"https:\\\/\\\/arcada.fr\\\/Davezieux\\\/produit\\\/aspirateur-extracteur-injecteur-20-l\\\/\",\"name\":\"ASPIRATEUR EXTRACTEUR INJECTEUR 20 L - Arcada Davezieux\",\"isPartOf\":{\"@id\":\"https:\\\/\\\/arcada.fr\\\/Davezieux\\\/#website\"},\"primaryImageOfPage\":{\"@id\":\"https:\\\/\\\/arcada.fr\\\/Davezieux\\\/produit\\\/aspirateur-extracteur-injecteur-20-l\\\/#primaryimage\"},\"image\":{\"@id\":\"https:\\\/\\\/arcada.fr\\\/Davezieux\\\/produit\\\/aspirateur-extracteur-injecteur-20-l\\\/#primaryimage\"},\"thumbnailUrl\":\"https:\\\/\\\/arcada.fr\\\/Davezieux\\\/wp-content\\\/uploads\\\/2024\\\/01\\\/R250000.jpg\",\"datePublished\":\"2026-03-31T14:05:18+00:00\",\"dateModified\":\"2026-03-31T14:43:59+00:00\",\"breadcrumb\":{\"@id\":\"https:\\\/\\\/arcada.fr\\\/Davezieux\\\/produit\\\/aspirateur-extracteur-injecteur-20-l\\\/#breadcrumb\"},\"inLanguage\":\"fr-FR\",\"potentialAction\":[{\"@type\":\"ReadAction\",\"target\":[\"https:\\\/\\\/arcada.fr\\\/Davezieux\\\/produit\\\/aspirateur-extracteur-injecteur-20-l\\\/\"]}]},{\"@type\":\"ImageObject\",\"inLanguage\":\"fr-FR\",\"@id\":\"https:\\\/\\\/arcada.fr\\\/Davezieux\\\/produit\\\/aspirateur-extracteur-injecteur-20-l\\\/#primaryimage\",\"url\":\"https:\\\/\\\/arcada.fr\\\/Davezieux\\\/wp-content\\\/uploads\\\/2024\\\/01\\\/R250000.jpg\",\"contentUrl\":\"https:\\\/\\\/arcada.fr\\\/Davezieux\\\/wp-content\\\/uploads\\\/2024\\\/01\\\/R250000.jpg\",\"width\":800,\"height\":800},{\"@type\":\"BreadcrumbList\",\"@id\":\"https:\\\/\\\/arcada.fr\\\/Davezieux\\\/produit\\\/aspirateur-extracteur-injecteur-20-l\\\/#breadcrumb\",\"itemListElement\":[{\"@type\":\"ListItem\",\"position\":1,\"name\":\"Accueil\",\"item\":\"https:\\\/\\\/arcada.fr\\\/Davezieux\\\/\"},{\"@type\":\"ListItem\",\"position\":2,\"name\":\"Produits\",\"item\":\"https:\\\/\\\/arcada.fr\\\/Davezieux\\\/shop\\\/\"},{\"@type\":\"ListItem\",\"position\":3,\"name\":\"ASPIRATEUR EXTRACTEUR INJECTEUR 20 L\"}]},{\"@type\":\"WebSite\",\"@id\":\"https:\\\/\\\/arcada.fr\\\/Davezieux\\\/#website\",\"url\":\"https:\\\/\\\/arcada.fr\\\/Davezieux\\\/\",\"name\":\"Outimag Perreux\",\"description\":\"La passion de l&#039;outillage !\",\"publisher\":{\"@id\":\"https:\\\/\\\/arcada.fr\\\/Davezieux\\\/#organization\"},\"alternateName\":\"La passion de l'outillage\",\"potentialAction\":[{\"@type\":\"SearchAction\",\"target\":{\"@type\":\"EntryPoint\",\"urlTemplate\":\"https:\\\/\\\/arcada.fr\\\/Davezieux\\\/?s={search_term_string}\"},\"query-input\":{\"@type\":\"PropertyValueSpecification\",\"valueRequired\":true,\"valueName\":\"search_term_string\"}}],\"inLanguage\":\"fr-FR\"},{\"@type\":\"Organization\",\"@id\":\"https:\\\/\\\/arcada.fr\\\/Davezieux\\\/#organization\",\"name\":\"Outimag Perreux\",\"alternateName\":\"Outimag\",\"url\":\"https:\\\/\\\/arcada.fr\\\/Davezieux\\\/\",\"logo\":{\"@type\":\"ImageObject\",\"inLanguage\":\"fr-FR\",\"@id\":\"https:\\\/\\\/arcada.fr\\\/Davezieux\\\/#\\\/schema\\\/logo\\\/image\\\/\",\"url\":\"https:\\\/\\\/arcada.fr\\\/Davezieux\\\/wp-content\\\/uploads\\\/2025\\\/06\\\/logo-outimag-perreux.png\",\"contentUrl\":\"https:\\\/\\\/arcada.fr\\\/Davezieux\\\/wp-content\\\/uploads\\\/2025\\\/06\\\/logo-outimag-perreux.png\",\"width\":800,\"height\":203,\"caption\":\"Outimag Perreux\"},\"image\":{\"@id\":\"https:\\\/\\\/arcada.fr\\\/Davezieux\\\/#\\\/schema\\\/logo\\\/image\\\/\"},\"sameAs\":[\"https:\\\/\\\/www.facebook.com\\\/Outimag42\\\/\",\"https:\\\/\\\/www.instagram.com\\\/outimag_perreux\\\/\"]}]}<\/script>\n<!-- \/ Yoast SEO plugin. -->","yoast_head_json":{"title":"ASPIRATEUR EXTRACTEUR INJECTEUR 20 L - Arcada Davezieux","robots":{"index":"index","follow":"follow","max-snippet":"max-snippet:-1","max-image-preview":"max-image-preview:large","max-video-preview":"max-video-preview:-1"},"canonical":"https:\/\/arcada.fr\/Davezieux\/produit\/aspirateur-extracteur-injecteur-20-l\/","og_locale":"fr_FR","og_type":"article","og_title":"ASPIRATEUR EXTRACTEUR INJECTEUR 20 L - Arcada Davezieux","og_description":"Aspirateur INJECTEUREXTRACTEUR 20LEau et poussi\u00e8res. 1200 W. Aspiration 160 mbar. Flexible aspiration 2m. C\u00e2ble alimentation 7,5m. R\u00e9servoir d\u00e9tergent 3L. Embouts pour aspiration tapis, moquettes, canap\u00e9s, housses et tapis de si\u00e8ges. Avec accessoires.","og_url":"https:\/\/arcada.fr\/Davezieux\/produit\/aspirateur-extracteur-injecteur-20-l\/","og_site_name":"Arcada Davezieux","article_publisher":"https:\/\/www.facebook.com\/Outimag42\/","article_modified_time":"2026-03-31T14:43:59+00:00","twitter_card":"summary_large_image","schema":{"@context":"https:\/\/schema.org","@graph":[{"@type":"WebPage","@id":"https:\/\/arcada.fr\/Davezieux\/produit\/aspirateur-extracteur-injecteur-20-l\/","url":"https:\/\/arcada.fr\/Davezieux\/produit\/aspirateur-extracteur-injecteur-20-l\/","name":"ASPIRATEUR EXTRACTEUR INJECTEUR 20 L - Arcada Davezieux","isPartOf":{"@id":"https:\/\/arcada.fr\/Davezieux\/#website"},"primaryImageOfPage":{"@id":"https:\/\/arcada.fr\/Davezieux\/produit\/aspirateur-extracteur-injecteur-20-l\/#primaryimage"},"image":{"@id":"https:\/\/arcada.fr\/Davezieux\/produit\/aspirateur-extracteur-injecteur-20-l\/#primaryimage"},"thumbnailUrl":"https:\/\/arcada.fr\/Davezieux\/wp-content\/uploads\/2024\/01\/R250000.jpg","datePublished":"2026-03-31T14:05:18+00:00","dateModified":"2026-03-31T14:43:59+00:00","breadcrumb":{"@id":"https:\/\/arcada.fr\/Davezieux\/produit\/aspirateur-extracteur-injecteur-20-l\/#breadcrumb"},"inLanguage":"fr-FR","potentialAction":[{"@type":"ReadAction","target":["https:\/\/arcada.fr\/Davezieux\/produit\/aspirateur-extracteur-injecteur-20-l\/"]}]},{"@type":"ImageObject","inLanguage":"fr-FR","@id":"https:\/\/arcada.fr\/Davezieux\/produit\/aspirateur-extracteur-injecteur-20-l\/#primaryimage","url":"https:\/\/arcada.fr\/Davezieux\/wp-content\/uploads\/2024\/01\/R250000.jpg","contentUrl":"https:\/\/arcada.fr\/Davezieux\/wp-content\/uploads\/2024\/01\/R250000.jpg","width":800,"height":800},{"@type":"BreadcrumbList","@id":"https:\/\/arcada.fr\/Davezieux\/produit\/aspirateur-extracteur-injecteur-20-l\/#breadcrumb","itemListElement":[{"@type":"ListItem","position":1,"name":"Accueil","item":"https:\/\/arcada.fr\/Davezieux\/"},{"@type":"ListItem","position":2,"name":"Produits","item":"https:\/\/arcada.fr\/Davezieux\/shop\/"},{"@type":"ListItem","position":3,"name":"ASPIRATEUR EXTRACTEUR INJECTEUR 20 L"}]},{"@type":"WebSite","@id":"https:\/\/arcada.fr\/Davezieux\/#website","url":"https:\/\/arcada.fr\/Davezieux\/","name":"Outimag Perreux","description":"La passion de l&#039;outillage !","publisher":{"@id":"https:\/\/arcada.fr\/Davezieux\/#organization"},"alternateName":"La passion de l'outillage","potentialAction":[{"@type":"SearchAction","target":{"@type":"EntryPoint","urlTemplate":"https:\/\/arcada.fr\/Davezieux\/?s={search_term_string}"},"query-input":{"@type":"PropertyValueSpecification","valueRequired":true,"valueName":"search_term_string"}}],"inLanguage":"fr-FR"},{"@type":"Organization","@id":"https:\/\/arcada.fr\/Davezieux\/#organization","name":"Outimag Perreux","alternateName":"Outimag","url":"https:\/\/arcada.fr\/Davezieux\/","logo":{"@type":"ImageObject","inLanguage":"fr-FR","@id":"https:\/\/arcada.fr\/Davezieux\/#\/schema\/logo\/image\/","url":"https:\/\/arcada.fr\/Davezieux\/wp-content\/uploads\/2025\/06\/logo-outimag-perreux.png","contentUrl":"https:\/\/arcada.fr\/Davezieux\/wp-content\/uploads\/2025\/06\/logo-outimag-perreux.png","width":800,"height":203,"caption":"Outimag Perreux"},"image":{"@id":"https:\/\/arcada.fr\/Davezieux\/#\/schema\/logo\/image\/"},"sameAs":["https:\/\/www.facebook.com\/Outimag42\/","https:\/\/www.instagram.com\/outimag_perreux\/"]}]}},"_links":{"self":[{"href":"https:\/\/arcada.fr\/Davezieux\/wp-json\/wp\/v2\/product\/28300","targetHints":{"allow":["GET"]}}],"collection":[{"href":"https:\/\/arcada.fr\/Davezieux\/wp-json\/wp\/v2\/product"}],"about":[{"href":"https:\/\/arcada.fr\/Davezieux\/wp-json\/wp\/v2\/types\/product"}],"wp:featuredmedia":[{"embeddable":true,"href":"https:\/\/arcada.fr\/Davezieux\/wp-json\/wp\/v2\/media\/14178"}],"wp:attachment":[{"href":"https:\/\/arcada.fr\/Davezieux\/wp-json\/wp\/v2\/media?parent=28300"}],"wp:term":[{"taxonomy":"product_brand","embeddable":true,"href":"https:\/\/arcada.fr\/Davezieux\/wp-json\/wp\/v2\/product_brand?post=28300"},{"taxonomy":"product_cat","embeddable":true,"href":"https:\/\/arcada.fr\/Davezieux\/wp-json\/wp\/v2\/product_cat?post=28300"},{"taxonomy":"product_tag","embeddable":true,"href":"https:\/\/arcada.fr\/Davezieux\/wp-json\/wp\/v2\/product_tag?post=28300"}],"curies":[{"name":"wp","href":"https:\/\/api.w.org\/{rel}","templated":true}]}}