{"id":28508,"date":"2026-03-31T16:06:49","date_gmt":"2026-03-31T14:06:49","guid":{"rendered":"https:\/\/arcada.fr\/Davezieux\/produit\/tronconneuse-elec-2000w-coupe-375cm\/"},"modified":"2026-03-31T16:45:04","modified_gmt":"2026-03-31T14:45:04","slug":"tronconneuse-elec-2000w-coupe-375cm","status":"publish","type":"product","link":"https:\/\/arcada.fr\/Davezieux\/produit\/tronconneuse-elec-2000w-coupe-375cm\/","title":{"rendered":"TRONCONNEUSE ELEC 2000W COUPE 37,5CM"},"content":{"rendered":"","protected":false},"excerpt":{"rendered":"<p>Caract\u00e9ristiques et b\u00e9n\u00e9fices<br \/>&#8211; Guide-cha\u00eene et cha\u00eene de qualit\u00e9 OREGON<br \/>&#8211; Tension et changement de cha\u00eene sans outil<br \/>&#8211; Engrenage m\u00e9tallique pour une longue dur\u00e9e de vie<br \/>&#8211; Poign\u00e9e ergonomique<br \/>&#8211; But\u00e9e dent\u00e9e en m\u00e9tal<br \/>&#8211; R\u00e9servoir d&rsquo;huile pour une lubrification automatique de la cha\u00eene<br \/>&#8211; Protection contre les chocs retour et frein d&rsquo;arr\u00eat imm\u00e9diat<br \/>&#8211; Grande ouverture du r\u00e9servoir d&rsquo;huile \u00e0 verrouillage rapide<br \/>&#8211; Lubrification automatique de la cha\u00eene<br \/>&#8211; Attrape-cha\u00eene<br \/>Donn\u00e9es techniques<br \/>&#8211; Alimention secteur 230-240 V | 50 Hz<br \/>&#8211; Puissance 1800 W<br \/>&#8211; Vitesse de ralenti 7800 min^-1<br \/>&#8211; Longueur de la lame 356 mm<br \/>&#8211; Longeur de coupe 32.5 cm<br \/>&#8211; Vitesse de coupe 13.5 m\/s<br \/>&#8211; Capacit\u00e9 du r\u00e9servoir d&rsquo;huile 160 Ml<br \/><button type=submit\"><a href=\"\/wp-content\/uploads\/fich-tech\/R269913.pdf\" target=\"_blank\">Fiche Technique<\/a><\/button><\/p>\n","protected":false},"featured_media":21352,"template":"","meta":[],"product_brand":[],"product_cat":[29],"product_tag":[],"class_list":{"0":"post-28508","1":"product","2":"type-product","3":"status-publish","4":"has-post-thumbnail","6":"product_cat-jardin","7":"entry","8":"has-media","10":"first","11":"instock","12":"taxable","13":"shipping-taxable","14":"purchasable","15":"product-type-simple"},"yoast_head":"<!-- This site is optimized with the Yoast SEO plugin v27.3 - https:\/\/yoast.com\/product\/yoast-seo-wordpress\/ -->\n<title>TRONCONNEUSE ELEC 2000W COUPE 37,5CM - Arcada Davezieux<\/title>\n<meta name=\"robots\" content=\"index, follow, max-snippet:-1, max-image-preview:large, max-video-preview:-1\" \/>\n<link rel=\"canonical\" href=\"https:\/\/arcada.fr\/Davezieux\/produit\/tronconneuse-elec-2000w-coupe-375cm\/\" \/>\n<meta property=\"og:locale\" content=\"fr_FR\" \/>\n<meta property=\"og:type\" content=\"article\" \/>\n<meta property=\"og:title\" content=\"TRONCONNEUSE ELEC 2000W COUPE 37,5CM - Arcada Davezieux\" \/>\n<meta property=\"og:description\" content=\"Caract\u00e9ristiques et b\u00e9n\u00e9fices- Guide-cha\u00eene et cha\u00eene de qualit\u00e9 OREGON- Tension et changement de cha\u00eene sans outil- Engrenage m\u00e9tallique pour une longue dur\u00e9e de vie- Poign\u00e9e ergonomique- But\u00e9e dent\u00e9e en m\u00e9tal- R\u00e9servoir d&#039;huile pour une lubrification automatique de la cha\u00eene- Protection contre les chocs retour et frein d&#039;arr\u00eat imm\u00e9diat- Grande ouverture du r\u00e9servoir d&#039;huile \u00e0 verrouillage rapide- Lubrification automatique de la cha\u00eene- Attrape-cha\u00eeneDonn\u00e9es techniques- Alimention secteur 230-240 V | 50 Hz- Puissance 1800 W- Vitesse de ralenti 7800 min^-1- Longueur de la lame 356 mm- Longeur de coupe 32.5 cm- Vitesse de coupe 13.5 m\/s- Capacit\u00e9 du r\u00e9servoir d&#039;huile 160 Ml\" \/>\n<meta property=\"og:url\" content=\"https:\/\/arcada.fr\/Davezieux\/produit\/tronconneuse-elec-2000w-coupe-375cm\/\" \/>\n<meta property=\"og:site_name\" content=\"Arcada Davezieux\" \/>\n<meta property=\"article:publisher\" content=\"https:\/\/www.facebook.com\/Outimag42\/\" \/>\n<meta property=\"article:modified_time\" content=\"2026-03-31T14:45:04+00:00\" \/>\n<meta name=\"twitter:card\" content=\"summary_large_image\" \/>\n<script type=\"application\/ld+json\" class=\"yoast-schema-graph\">{\"@context\":\"https:\\\/\\\/schema.org\",\"@graph\":[{\"@type\":\"WebPage\",\"@id\":\"https:\\\/\\\/arcada.fr\\\/Davezieux\\\/produit\\\/tronconneuse-elec-2000w-coupe-375cm\\\/\",\"url\":\"https:\\\/\\\/arcada.fr\\\/Davezieux\\\/produit\\\/tronconneuse-elec-2000w-coupe-375cm\\\/\",\"name\":\"TRONCONNEUSE ELEC 2000W COUPE 37,5CM - Arcada Davezieux\",\"isPartOf\":{\"@id\":\"https:\\\/\\\/arcada.fr\\\/Davezieux\\\/#website\"},\"primaryImageOfPage\":{\"@id\":\"https:\\\/\\\/arcada.fr\\\/Davezieux\\\/produit\\\/tronconneuse-elec-2000w-coupe-375cm\\\/#primaryimage\"},\"image\":{\"@id\":\"https:\\\/\\\/arcada.fr\\\/Davezieux\\\/produit\\\/tronconneuse-elec-2000w-coupe-375cm\\\/#primaryimage\"},\"thumbnailUrl\":\"https:\\\/\\\/arcada.fr\\\/Davezieux\\\/wp-content\\\/uploads\\\/2025\\\/06\\\/R269913.jpg\",\"datePublished\":\"2026-03-31T14:06:49+00:00\",\"dateModified\":\"2026-03-31T14:45:04+00:00\",\"breadcrumb\":{\"@id\":\"https:\\\/\\\/arcada.fr\\\/Davezieux\\\/produit\\\/tronconneuse-elec-2000w-coupe-375cm\\\/#breadcrumb\"},\"inLanguage\":\"fr-FR\",\"potentialAction\":[{\"@type\":\"ReadAction\",\"target\":[\"https:\\\/\\\/arcada.fr\\\/Davezieux\\\/produit\\\/tronconneuse-elec-2000w-coupe-375cm\\\/\"]}]},{\"@type\":\"ImageObject\",\"inLanguage\":\"fr-FR\",\"@id\":\"https:\\\/\\\/arcada.fr\\\/Davezieux\\\/produit\\\/tronconneuse-elec-2000w-coupe-375cm\\\/#primaryimage\",\"url\":\"https:\\\/\\\/arcada.fr\\\/Davezieux\\\/wp-content\\\/uploads\\\/2025\\\/06\\\/R269913.jpg\",\"contentUrl\":\"https:\\\/\\\/arcada.fr\\\/Davezieux\\\/wp-content\\\/uploads\\\/2025\\\/06\\\/R269913.jpg\",\"width\":218,\"height\":218},{\"@type\":\"BreadcrumbList\",\"@id\":\"https:\\\/\\\/arcada.fr\\\/Davezieux\\\/produit\\\/tronconneuse-elec-2000w-coupe-375cm\\\/#breadcrumb\",\"itemListElement\":[{\"@type\":\"ListItem\",\"position\":1,\"name\":\"Accueil\",\"item\":\"https:\\\/\\\/arcada.fr\\\/Davezieux\\\/\"},{\"@type\":\"ListItem\",\"position\":2,\"name\":\"Produits\",\"item\":\"https:\\\/\\\/arcada.fr\\\/Davezieux\\\/shop\\\/\"},{\"@type\":\"ListItem\",\"position\":3,\"name\":\"TRONCONNEUSE ELEC 2000W COUPE 37,5CM\"}]},{\"@type\":\"WebSite\",\"@id\":\"https:\\\/\\\/arcada.fr\\\/Davezieux\\\/#website\",\"url\":\"https:\\\/\\\/arcada.fr\\\/Davezieux\\\/\",\"name\":\"Outimag Perreux\",\"description\":\"La passion de l&#039;outillage !\",\"publisher\":{\"@id\":\"https:\\\/\\\/arcada.fr\\\/Davezieux\\\/#organization\"},\"alternateName\":\"La passion de l'outillage\",\"potentialAction\":[{\"@type\":\"SearchAction\",\"target\":{\"@type\":\"EntryPoint\",\"urlTemplate\":\"https:\\\/\\\/arcada.fr\\\/Davezieux\\\/?s={search_term_string}\"},\"query-input\":{\"@type\":\"PropertyValueSpecification\",\"valueRequired\":true,\"valueName\":\"search_term_string\"}}],\"inLanguage\":\"fr-FR\"},{\"@type\":\"Organization\",\"@id\":\"https:\\\/\\\/arcada.fr\\\/Davezieux\\\/#organization\",\"name\":\"Outimag Perreux\",\"alternateName\":\"Outimag\",\"url\":\"https:\\\/\\\/arcada.fr\\\/Davezieux\\\/\",\"logo\":{\"@type\":\"ImageObject\",\"inLanguage\":\"fr-FR\",\"@id\":\"https:\\\/\\\/arcada.fr\\\/Davezieux\\\/#\\\/schema\\\/logo\\\/image\\\/\",\"url\":\"https:\\\/\\\/arcada.fr\\\/Davezieux\\\/wp-content\\\/uploads\\\/2025\\\/06\\\/logo-outimag-perreux.png\",\"contentUrl\":\"https:\\\/\\\/arcada.fr\\\/Davezieux\\\/wp-content\\\/uploads\\\/2025\\\/06\\\/logo-outimag-perreux.png\",\"width\":800,\"height\":203,\"caption\":\"Outimag Perreux\"},\"image\":{\"@id\":\"https:\\\/\\\/arcada.fr\\\/Davezieux\\\/#\\\/schema\\\/logo\\\/image\\\/\"},\"sameAs\":[\"https:\\\/\\\/www.facebook.com\\\/Outimag42\\\/\",\"https:\\\/\\\/www.instagram.com\\\/outimag_perreux\\\/\"]}]}<\/script>\n<!-- \/ Yoast SEO plugin. -->","yoast_head_json":{"title":"TRONCONNEUSE ELEC 2000W COUPE 37,5CM - Arcada Davezieux","robots":{"index":"index","follow":"follow","max-snippet":"max-snippet:-1","max-image-preview":"max-image-preview:large","max-video-preview":"max-video-preview:-1"},"canonical":"https:\/\/arcada.fr\/Davezieux\/produit\/tronconneuse-elec-2000w-coupe-375cm\/","og_locale":"fr_FR","og_type":"article","og_title":"TRONCONNEUSE ELEC 2000W COUPE 37,5CM - Arcada Davezieux","og_description":"Caract\u00e9ristiques et b\u00e9n\u00e9fices- Guide-cha\u00eene et cha\u00eene de qualit\u00e9 OREGON- Tension et changement de cha\u00eene sans outil- Engrenage m\u00e9tallique pour une longue dur\u00e9e de vie- Poign\u00e9e ergonomique- But\u00e9e dent\u00e9e en m\u00e9tal- R\u00e9servoir d'huile pour une lubrification automatique de la cha\u00eene- Protection contre les chocs retour et frein d'arr\u00eat imm\u00e9diat- Grande ouverture du r\u00e9servoir d'huile \u00e0 verrouillage rapide- Lubrification automatique de la cha\u00eene- Attrape-cha\u00eeneDonn\u00e9es techniques- Alimention secteur 230-240 V | 50 Hz- Puissance 1800 W- Vitesse de ralenti 7800 min^-1- Longueur de la lame 356 mm- Longeur de coupe 32.5 cm- Vitesse de coupe 13.5 m\/s- Capacit\u00e9 du r\u00e9servoir d'huile 160 Ml","og_url":"https:\/\/arcada.fr\/Davezieux\/produit\/tronconneuse-elec-2000w-coupe-375cm\/","og_site_name":"Arcada Davezieux","article_publisher":"https:\/\/www.facebook.com\/Outimag42\/","article_modified_time":"2026-03-31T14:45:04+00:00","twitter_card":"summary_large_image","schema":{"@context":"https:\/\/schema.org","@graph":[{"@type":"WebPage","@id":"https:\/\/arcada.fr\/Davezieux\/produit\/tronconneuse-elec-2000w-coupe-375cm\/","url":"https:\/\/arcada.fr\/Davezieux\/produit\/tronconneuse-elec-2000w-coupe-375cm\/","name":"TRONCONNEUSE ELEC 2000W COUPE 37,5CM - Arcada Davezieux","isPartOf":{"@id":"https:\/\/arcada.fr\/Davezieux\/#website"},"primaryImageOfPage":{"@id":"https:\/\/arcada.fr\/Davezieux\/produit\/tronconneuse-elec-2000w-coupe-375cm\/#primaryimage"},"image":{"@id":"https:\/\/arcada.fr\/Davezieux\/produit\/tronconneuse-elec-2000w-coupe-375cm\/#primaryimage"},"thumbnailUrl":"https:\/\/arcada.fr\/Davezieux\/wp-content\/uploads\/2025\/06\/R269913.jpg","datePublished":"2026-03-31T14:06:49+00:00","dateModified":"2026-03-31T14:45:04+00:00","breadcrumb":{"@id":"https:\/\/arcada.fr\/Davezieux\/produit\/tronconneuse-elec-2000w-coupe-375cm\/#breadcrumb"},"inLanguage":"fr-FR","potentialAction":[{"@type":"ReadAction","target":["https:\/\/arcada.fr\/Davezieux\/produit\/tronconneuse-elec-2000w-coupe-375cm\/"]}]},{"@type":"ImageObject","inLanguage":"fr-FR","@id":"https:\/\/arcada.fr\/Davezieux\/produit\/tronconneuse-elec-2000w-coupe-375cm\/#primaryimage","url":"https:\/\/arcada.fr\/Davezieux\/wp-content\/uploads\/2025\/06\/R269913.jpg","contentUrl":"https:\/\/arcada.fr\/Davezieux\/wp-content\/uploads\/2025\/06\/R269913.jpg","width":218,"height":218},{"@type":"BreadcrumbList","@id":"https:\/\/arcada.fr\/Davezieux\/produit\/tronconneuse-elec-2000w-coupe-375cm\/#breadcrumb","itemListElement":[{"@type":"ListItem","position":1,"name":"Accueil","item":"https:\/\/arcada.fr\/Davezieux\/"},{"@type":"ListItem","position":2,"name":"Produits","item":"https:\/\/arcada.fr\/Davezieux\/shop\/"},{"@type":"ListItem","position":3,"name":"TRONCONNEUSE ELEC 2000W COUPE 37,5CM"}]},{"@type":"WebSite","@id":"https:\/\/arcada.fr\/Davezieux\/#website","url":"https:\/\/arcada.fr\/Davezieux\/","name":"Outimag Perreux","description":"La passion de l&#039;outillage !","publisher":{"@id":"https:\/\/arcada.fr\/Davezieux\/#organization"},"alternateName":"La passion de l'outillage","potentialAction":[{"@type":"SearchAction","target":{"@type":"EntryPoint","urlTemplate":"https:\/\/arcada.fr\/Davezieux\/?s={search_term_string}"},"query-input":{"@type":"PropertyValueSpecification","valueRequired":true,"valueName":"search_term_string"}}],"inLanguage":"fr-FR"},{"@type":"Organization","@id":"https:\/\/arcada.fr\/Davezieux\/#organization","name":"Outimag Perreux","alternateName":"Outimag","url":"https:\/\/arcada.fr\/Davezieux\/","logo":{"@type":"ImageObject","inLanguage":"fr-FR","@id":"https:\/\/arcada.fr\/Davezieux\/#\/schema\/logo\/image\/","url":"https:\/\/arcada.fr\/Davezieux\/wp-content\/uploads\/2025\/06\/logo-outimag-perreux.png","contentUrl":"https:\/\/arcada.fr\/Davezieux\/wp-content\/uploads\/2025\/06\/logo-outimag-perreux.png","width":800,"height":203,"caption":"Outimag Perreux"},"image":{"@id":"https:\/\/arcada.fr\/Davezieux\/#\/schema\/logo\/image\/"},"sameAs":["https:\/\/www.facebook.com\/Outimag42\/","https:\/\/www.instagram.com\/outimag_perreux\/"]}]}},"_links":{"self":[{"href":"https:\/\/arcada.fr\/Davezieux\/wp-json\/wp\/v2\/product\/28508","targetHints":{"allow":["GET"]}}],"collection":[{"href":"https:\/\/arcada.fr\/Davezieux\/wp-json\/wp\/v2\/product"}],"about":[{"href":"https:\/\/arcada.fr\/Davezieux\/wp-json\/wp\/v2\/types\/product"}],"wp:featuredmedia":[{"embeddable":true,"href":"https:\/\/arcada.fr\/Davezieux\/wp-json\/wp\/v2\/media\/21352"}],"wp:attachment":[{"href":"https:\/\/arcada.fr\/Davezieux\/wp-json\/wp\/v2\/media?parent=28508"}],"wp:term":[{"taxonomy":"product_brand","embeddable":true,"href":"https:\/\/arcada.fr\/Davezieux\/wp-json\/wp\/v2\/product_brand?post=28508"},{"taxonomy":"product_cat","embeddable":true,"href":"https:\/\/arcada.fr\/Davezieux\/wp-json\/wp\/v2\/product_cat?post=28508"},{"taxonomy":"product_tag","embeddable":true,"href":"https:\/\/arcada.fr\/Davezieux\/wp-json\/wp\/v2\/product_tag?post=28508"}],"curies":[{"name":"wp","href":"https:\/\/api.w.org\/{rel}","templated":true}]}}