{"id":28700,"date":"2026-03-31T16:08:11","date_gmt":"2026-03-31T14:08:11","guid":{"rendered":"https:\/\/arcada.fr\/Davezieux\/produit\/visseuse-cle-a-chocs-a-percussion-18v\/"},"modified":"2026-03-31T16:46:33","modified_gmt":"2026-03-31T14:46:33","slug":"visseuse-cle-a-chocs-a-percussion-18v","status":"publish","type":"product","link":"https:\/\/arcada.fr\/Davezieux\/produit\/visseuse-cle-a-chocs-a-percussion-18v\/","title":{"rendered":"VISSEUSE CL\u00c9 \u00c0 CHOCS \u00c0 PERCUSSION 18V"},"content":{"rendered":"","protected":false},"excerpt":{"rendered":"<p>VISSEUSE CL\u00c9 \u00c0 CHOCS \u00c0 PERCUSSION SANS FIL TP-CI 18\/250-CLI BL -SOLO-SYST\u00c8ME POWER X-CHANGE &#8211; 18V &#8211; MOTEUR BRUSHLESS &#8211; R\u00c9GIME : 0-2.800 TRS\/MIN &#8211; COUPLE : 250 NM &#8211; PORTE-EMBOUT 6 PANS : 6,35MM\/\u00bc-CONC<br \/><button type=\"submit\"><a href=\"\/wp-content\/uploads\/fich-tech\/R299257.pdf\" target=\"_blank\">Fiche Technique<\/a><\/button><\/p>\n","protected":false},"featured_media":24486,"template":"","meta":[],"product_brand":[],"product_cat":[21],"product_tag":[],"class_list":{"0":"post-28700","1":"product","2":"type-product","3":"status-publish","4":"has-post-thumbnail","6":"product_cat-atelier","7":"entry","8":"has-media","10":"first","11":"instock","12":"taxable","13":"shipping-taxable","14":"purchasable","15":"product-type-simple"},"yoast_head":"<!-- This site is optimized with the Yoast SEO plugin v27.3 - https:\/\/yoast.com\/product\/yoast-seo-wordpress\/ -->\n<title>VISSEUSE CL\u00c9 \u00c0 CHOCS \u00c0 PERCUSSION 18V - Arcada Davezieux<\/title>\n<meta name=\"robots\" content=\"index, follow, max-snippet:-1, max-image-preview:large, max-video-preview:-1\" \/>\n<link rel=\"canonical\" href=\"https:\/\/arcada.fr\/Davezieux\/produit\/visseuse-cle-a-chocs-a-percussion-18v\/\" \/>\n<meta property=\"og:locale\" content=\"fr_FR\" \/>\n<meta property=\"og:type\" content=\"article\" \/>\n<meta property=\"og:title\" content=\"VISSEUSE CL\u00c9 \u00c0 CHOCS \u00c0 PERCUSSION 18V - Arcada Davezieux\" \/>\n<meta property=\"og:description\" content=\"VISSEUSE CL\u00c9 \u00c0 CHOCS \u00c0 PERCUSSION SANS FIL TP-CI 18\/250-CLI BL -SOLO-SYST\u00c8ME POWER X-CHANGE - 18V - MOTEUR BRUSHLESS - R\u00c9GIME : 0-2.800 TRS\/MIN - COUPLE : 250 NM - PORTE-EMBOUT 6 PANS : 6,35MM\/\u00bc-CONCFiche Technique\" \/>\n<meta property=\"og:url\" content=\"https:\/\/arcada.fr\/Davezieux\/produit\/visseuse-cle-a-chocs-a-percussion-18v\/\" \/>\n<meta property=\"og:site_name\" content=\"Arcada Davezieux\" \/>\n<meta property=\"article:publisher\" content=\"https:\/\/www.facebook.com\/Outimag42\/\" \/>\n<meta property=\"article:modified_time\" content=\"2026-03-31T14:46:33+00:00\" \/>\n<meta property=\"og:image\" content=\"https:\/\/arcada.fr\/Davezieux\/wp-content\/uploads\/2025\/10\/R299257.webp\" \/>\n\t<meta property=\"og:image:width\" content=\"800\" \/>\n\t<meta property=\"og:image:height\" content=\"800\" \/>\n\t<meta property=\"og:image:type\" content=\"image\/jpeg\" \/>\n<meta name=\"twitter:card\" content=\"summary_large_image\" \/>\n<script type=\"application\/ld+json\" class=\"yoast-schema-graph\">{\"@context\":\"https:\\\/\\\/schema.org\",\"@graph\":[{\"@type\":\"WebPage\",\"@id\":\"https:\\\/\\\/arcada.fr\\\/Davezieux\\\/produit\\\/visseuse-cle-a-chocs-a-percussion-18v\\\/\",\"url\":\"https:\\\/\\\/arcada.fr\\\/Davezieux\\\/produit\\\/visseuse-cle-a-chocs-a-percussion-18v\\\/\",\"name\":\"VISSEUSE CL\u00c9 \u00c0 CHOCS \u00c0 PERCUSSION 18V - Arcada Davezieux\",\"isPartOf\":{\"@id\":\"https:\\\/\\\/arcada.fr\\\/Davezieux\\\/#website\"},\"primaryImageOfPage\":{\"@id\":\"https:\\\/\\\/arcada.fr\\\/Davezieux\\\/produit\\\/visseuse-cle-a-chocs-a-percussion-18v\\\/#primaryimage\"},\"image\":{\"@id\":\"https:\\\/\\\/arcada.fr\\\/Davezieux\\\/produit\\\/visseuse-cle-a-chocs-a-percussion-18v\\\/#primaryimage\"},\"thumbnailUrl\":\"https:\\\/\\\/arcada.fr\\\/Davezieux\\\/wp-content\\\/uploads\\\/2025\\\/10\\\/R299257.webp\",\"datePublished\":\"2026-03-31T14:08:11+00:00\",\"dateModified\":\"2026-03-31T14:46:33+00:00\",\"breadcrumb\":{\"@id\":\"https:\\\/\\\/arcada.fr\\\/Davezieux\\\/produit\\\/visseuse-cle-a-chocs-a-percussion-18v\\\/#breadcrumb\"},\"inLanguage\":\"fr-FR\",\"potentialAction\":[{\"@type\":\"ReadAction\",\"target\":[\"https:\\\/\\\/arcada.fr\\\/Davezieux\\\/produit\\\/visseuse-cle-a-chocs-a-percussion-18v\\\/\"]}]},{\"@type\":\"ImageObject\",\"inLanguage\":\"fr-FR\",\"@id\":\"https:\\\/\\\/arcada.fr\\\/Davezieux\\\/produit\\\/visseuse-cle-a-chocs-a-percussion-18v\\\/#primaryimage\",\"url\":\"https:\\\/\\\/arcada.fr\\\/Davezieux\\\/wp-content\\\/uploads\\\/2025\\\/10\\\/R299257.webp\",\"contentUrl\":\"https:\\\/\\\/arcada.fr\\\/Davezieux\\\/wp-content\\\/uploads\\\/2025\\\/10\\\/R299257.webp\",\"width\":800,\"height\":800},{\"@type\":\"BreadcrumbList\",\"@id\":\"https:\\\/\\\/arcada.fr\\\/Davezieux\\\/produit\\\/visseuse-cle-a-chocs-a-percussion-18v\\\/#breadcrumb\",\"itemListElement\":[{\"@type\":\"ListItem\",\"position\":1,\"name\":\"Accueil\",\"item\":\"https:\\\/\\\/arcada.fr\\\/Davezieux\\\/\"},{\"@type\":\"ListItem\",\"position\":2,\"name\":\"Produits\",\"item\":\"https:\\\/\\\/arcada.fr\\\/Davezieux\\\/shop\\\/\"},{\"@type\":\"ListItem\",\"position\":3,\"name\":\"VISSEUSE CL\u00c9 \u00c0 CHOCS \u00c0 PERCUSSION 18V\"}]},{\"@type\":\"WebSite\",\"@id\":\"https:\\\/\\\/arcada.fr\\\/Davezieux\\\/#website\",\"url\":\"https:\\\/\\\/arcada.fr\\\/Davezieux\\\/\",\"name\":\"Outimag Perreux\",\"description\":\"La passion de l&#039;outillage !\",\"publisher\":{\"@id\":\"https:\\\/\\\/arcada.fr\\\/Davezieux\\\/#organization\"},\"alternateName\":\"La passion de l'outillage\",\"potentialAction\":[{\"@type\":\"SearchAction\",\"target\":{\"@type\":\"EntryPoint\",\"urlTemplate\":\"https:\\\/\\\/arcada.fr\\\/Davezieux\\\/?s={search_term_string}\"},\"query-input\":{\"@type\":\"PropertyValueSpecification\",\"valueRequired\":true,\"valueName\":\"search_term_string\"}}],\"inLanguage\":\"fr-FR\"},{\"@type\":\"Organization\",\"@id\":\"https:\\\/\\\/arcada.fr\\\/Davezieux\\\/#organization\",\"name\":\"Outimag Perreux\",\"alternateName\":\"Outimag\",\"url\":\"https:\\\/\\\/arcada.fr\\\/Davezieux\\\/\",\"logo\":{\"@type\":\"ImageObject\",\"inLanguage\":\"fr-FR\",\"@id\":\"https:\\\/\\\/arcada.fr\\\/Davezieux\\\/#\\\/schema\\\/logo\\\/image\\\/\",\"url\":\"https:\\\/\\\/arcada.fr\\\/Davezieux\\\/wp-content\\\/uploads\\\/2025\\\/06\\\/logo-outimag-perreux.png\",\"contentUrl\":\"https:\\\/\\\/arcada.fr\\\/Davezieux\\\/wp-content\\\/uploads\\\/2025\\\/06\\\/logo-outimag-perreux.png\",\"width\":800,\"height\":203,\"caption\":\"Outimag Perreux\"},\"image\":{\"@id\":\"https:\\\/\\\/arcada.fr\\\/Davezieux\\\/#\\\/schema\\\/logo\\\/image\\\/\"},\"sameAs\":[\"https:\\\/\\\/www.facebook.com\\\/Outimag42\\\/\",\"https:\\\/\\\/www.instagram.com\\\/outimag_perreux\\\/\"]}]}<\/script>\n<!-- \/ Yoast SEO plugin. -->","yoast_head_json":{"title":"VISSEUSE CL\u00c9 \u00c0 CHOCS \u00c0 PERCUSSION 18V - Arcada Davezieux","robots":{"index":"index","follow":"follow","max-snippet":"max-snippet:-1","max-image-preview":"max-image-preview:large","max-video-preview":"max-video-preview:-1"},"canonical":"https:\/\/arcada.fr\/Davezieux\/produit\/visseuse-cle-a-chocs-a-percussion-18v\/","og_locale":"fr_FR","og_type":"article","og_title":"VISSEUSE CL\u00c9 \u00c0 CHOCS \u00c0 PERCUSSION 18V - Arcada Davezieux","og_description":"VISSEUSE CL\u00c9 \u00c0 CHOCS \u00c0 PERCUSSION SANS FIL TP-CI 18\/250-CLI BL -SOLO-SYST\u00c8ME POWER X-CHANGE - 18V - MOTEUR BRUSHLESS - R\u00c9GIME : 0-2.800 TRS\/MIN - COUPLE : 250 NM - PORTE-EMBOUT 6 PANS : 6,35MM\/\u00bc-CONCFiche Technique","og_url":"https:\/\/arcada.fr\/Davezieux\/produit\/visseuse-cle-a-chocs-a-percussion-18v\/","og_site_name":"Arcada Davezieux","article_publisher":"https:\/\/www.facebook.com\/Outimag42\/","article_modified_time":"2026-03-31T14:46:33+00:00","og_image":[{"width":800,"height":800,"url":"https:\/\/arcada.fr\/Davezieux\/wp-content\/uploads\/2025\/10\/R299257.webp","type":"image\/jpeg"}],"twitter_card":"summary_large_image","schema":{"@context":"https:\/\/schema.org","@graph":[{"@type":"WebPage","@id":"https:\/\/arcada.fr\/Davezieux\/produit\/visseuse-cle-a-chocs-a-percussion-18v\/","url":"https:\/\/arcada.fr\/Davezieux\/produit\/visseuse-cle-a-chocs-a-percussion-18v\/","name":"VISSEUSE CL\u00c9 \u00c0 CHOCS \u00c0 PERCUSSION 18V - Arcada Davezieux","isPartOf":{"@id":"https:\/\/arcada.fr\/Davezieux\/#website"},"primaryImageOfPage":{"@id":"https:\/\/arcada.fr\/Davezieux\/produit\/visseuse-cle-a-chocs-a-percussion-18v\/#primaryimage"},"image":{"@id":"https:\/\/arcada.fr\/Davezieux\/produit\/visseuse-cle-a-chocs-a-percussion-18v\/#primaryimage"},"thumbnailUrl":"https:\/\/arcada.fr\/Davezieux\/wp-content\/uploads\/2025\/10\/R299257.webp","datePublished":"2026-03-31T14:08:11+00:00","dateModified":"2026-03-31T14:46:33+00:00","breadcrumb":{"@id":"https:\/\/arcada.fr\/Davezieux\/produit\/visseuse-cle-a-chocs-a-percussion-18v\/#breadcrumb"},"inLanguage":"fr-FR","potentialAction":[{"@type":"ReadAction","target":["https:\/\/arcada.fr\/Davezieux\/produit\/visseuse-cle-a-chocs-a-percussion-18v\/"]}]},{"@type":"ImageObject","inLanguage":"fr-FR","@id":"https:\/\/arcada.fr\/Davezieux\/produit\/visseuse-cle-a-chocs-a-percussion-18v\/#primaryimage","url":"https:\/\/arcada.fr\/Davezieux\/wp-content\/uploads\/2025\/10\/R299257.webp","contentUrl":"https:\/\/arcada.fr\/Davezieux\/wp-content\/uploads\/2025\/10\/R299257.webp","width":800,"height":800},{"@type":"BreadcrumbList","@id":"https:\/\/arcada.fr\/Davezieux\/produit\/visseuse-cle-a-chocs-a-percussion-18v\/#breadcrumb","itemListElement":[{"@type":"ListItem","position":1,"name":"Accueil","item":"https:\/\/arcada.fr\/Davezieux\/"},{"@type":"ListItem","position":2,"name":"Produits","item":"https:\/\/arcada.fr\/Davezieux\/shop\/"},{"@type":"ListItem","position":3,"name":"VISSEUSE CL\u00c9 \u00c0 CHOCS \u00c0 PERCUSSION 18V"}]},{"@type":"WebSite","@id":"https:\/\/arcada.fr\/Davezieux\/#website","url":"https:\/\/arcada.fr\/Davezieux\/","name":"Outimag Perreux","description":"La passion de l&#039;outillage !","publisher":{"@id":"https:\/\/arcada.fr\/Davezieux\/#organization"},"alternateName":"La passion de l'outillage","potentialAction":[{"@type":"SearchAction","target":{"@type":"EntryPoint","urlTemplate":"https:\/\/arcada.fr\/Davezieux\/?s={search_term_string}"},"query-input":{"@type":"PropertyValueSpecification","valueRequired":true,"valueName":"search_term_string"}}],"inLanguage":"fr-FR"},{"@type":"Organization","@id":"https:\/\/arcada.fr\/Davezieux\/#organization","name":"Outimag Perreux","alternateName":"Outimag","url":"https:\/\/arcada.fr\/Davezieux\/","logo":{"@type":"ImageObject","inLanguage":"fr-FR","@id":"https:\/\/arcada.fr\/Davezieux\/#\/schema\/logo\/image\/","url":"https:\/\/arcada.fr\/Davezieux\/wp-content\/uploads\/2025\/06\/logo-outimag-perreux.png","contentUrl":"https:\/\/arcada.fr\/Davezieux\/wp-content\/uploads\/2025\/06\/logo-outimag-perreux.png","width":800,"height":203,"caption":"Outimag Perreux"},"image":{"@id":"https:\/\/arcada.fr\/Davezieux\/#\/schema\/logo\/image\/"},"sameAs":["https:\/\/www.facebook.com\/Outimag42\/","https:\/\/www.instagram.com\/outimag_perreux\/"]}]}},"_links":{"self":[{"href":"https:\/\/arcada.fr\/Davezieux\/wp-json\/wp\/v2\/product\/28700","targetHints":{"allow":["GET"]}}],"collection":[{"href":"https:\/\/arcada.fr\/Davezieux\/wp-json\/wp\/v2\/product"}],"about":[{"href":"https:\/\/arcada.fr\/Davezieux\/wp-json\/wp\/v2\/types\/product"}],"wp:featuredmedia":[{"embeddable":true,"href":"https:\/\/arcada.fr\/Davezieux\/wp-json\/wp\/v2\/media\/24486"}],"wp:attachment":[{"href":"https:\/\/arcada.fr\/Davezieux\/wp-json\/wp\/v2\/media?parent=28700"}],"wp:term":[{"taxonomy":"product_brand","embeddable":true,"href":"https:\/\/arcada.fr\/Davezieux\/wp-json\/wp\/v2\/product_brand?post=28700"},{"taxonomy":"product_cat","embeddable":true,"href":"https:\/\/arcada.fr\/Davezieux\/wp-json\/wp\/v2\/product_cat?post=28700"},{"taxonomy":"product_tag","embeddable":true,"href":"https:\/\/arcada.fr\/Davezieux\/wp-json\/wp\/v2\/product_tag?post=28700"}],"curies":[{"name":"wp","href":"https:\/\/api.w.org\/{rel}","templated":true}]}}