{"id":28918,"date":"2026-03-31T16:27:10","date_gmt":"2026-03-31T14:27:10","guid":{"rendered":"https:\/\/arcada.fr\/Davezieux\/produit\/plancha-gaz-cuisson-27x34cm-alu-cartouc\/"},"modified":"2026-03-31T16:41:01","modified_gmt":"2026-03-31T14:41:01","slug":"plancha-gaz-cuisson-27x34cm-alu-cartouc","status":"publish","type":"product","link":"https:\/\/arcada.fr\/Davezieux\/produit\/plancha-gaz-cuisson-27x34cm-alu-cartouc\/","title":{"rendered":"PLANCHA GAZ CUISSON 27X34CM ALU  CARTOUC"},"content":{"rendered":"","protected":false},"excerpt":{"rendered":"<p>PLANCHA A GAZ NOMADE 43x29x12cm Puissance 2.8kw. Consommation : 203g\/h. Plancha (25x34cm) avec rev\u00eatement antiadh\u00e9sif et 2 br\u00fbleurs en acier inox longitudinaux. elle est pourvu d&rsquo;un allumage PIEZO int\u00e9gr\u00e9. d&rsquo;une puissance r\u00e9glable ainsi qu&rsquo;une valisette pour la transporter. Tiroir de r\u00e9cup\u00e9ration des graisses. Pince pour r\u00e9cup\u00e9rer le plan de cuisson. Compartiment s\u00e9curis\u00e9 d\u00e9di\u00e9 \u00e0 la cartouche de gaz. qui \u00e9vite tout danger de surchauffe. Valve de s\u00e9curit\u00e9 en cas de surpression du gaz. Installation simple de la cartouche n\u00b014103 (non incluse). S\u00e9curit\u00e9 additionnelle : a l&rsquo;arr\u00eat de l&rsquo;appareil syst\u00e8me de protection automatique de d\u00e9senclenchement de la cartouche. 3.4kg &#8211; 4.5kg (avec mallette)<br \/><button type=submit\"><a href=\"\/wp-content\/uploads\/fich-tech\/R122594.pdf\" target=\"_blank\">Fiche Technique<\/a><\/button><\/p>\n","protected":false},"featured_media":18097,"template":"","meta":[],"product_brand":[],"product_cat":[30],"product_tag":[],"class_list":{"0":"post-28918","1":"product","2":"type-product","3":"status-publish","4":"has-post-thumbnail","6":"product_cat-maison","7":"entry","8":"has-media","10":"first","11":"instock","12":"taxable","13":"shipping-taxable","14":"purchasable","15":"product-type-simple"},"yoast_head":"<!-- This site is optimized with the Yoast SEO plugin v27.4 - https:\/\/yoast.com\/product\/yoast-seo-wordpress\/ -->\n<title>PLANCHA GAZ CUISSON 27X34CM ALU CARTOUC - Arcada Davezieux<\/title>\n<meta name=\"robots\" content=\"index, follow, max-snippet:-1, max-image-preview:large, max-video-preview:-1\" \/>\n<link rel=\"canonical\" href=\"https:\/\/arcada.fr\/Davezieux\/produit\/plancha-gaz-cuisson-27x34cm-alu-cartouc\/\" \/>\n<meta property=\"og:locale\" content=\"fr_FR\" \/>\n<meta property=\"og:type\" content=\"article\" \/>\n<meta property=\"og:title\" content=\"PLANCHA GAZ CUISSON 27X34CM ALU CARTOUC - Arcada Davezieux\" \/>\n<meta property=\"og:description\" content=\"PLANCHA A GAZ NOMADE 43x29x12cm Puissance 2.8kw. Consommation : 203g\/h. Plancha (25x34cm) avec rev\u00eatement antiadh\u00e9sif et 2 br\u00fbleurs en acier inox longitudinaux. elle est pourvu d&#039;un allumage PIEZO int\u00e9gr\u00e9. d&#039;une puissance r\u00e9glable ainsi qu&#039;une valisette pour la transporter. Tiroir de r\u00e9cup\u00e9ration des graisses. Pince pour r\u00e9cup\u00e9rer le plan de cuisson. Compartiment s\u00e9curis\u00e9 d\u00e9di\u00e9 \u00e0 la cartouche de gaz. qui \u00e9vite tout danger de surchauffe. Valve de s\u00e9curit\u00e9 en cas de surpression du gaz. Installation simple de la cartouche n\u00b014103 (non incluse). S\u00e9curit\u00e9 additionnelle : a l&#039;arr\u00eat de l&#039;appareil syst\u00e8me de protection automatique de d\u00e9senclenchement de la cartouche. 3.4kg - 4.5kg (avec mallette)\" \/>\n<meta property=\"og:url\" content=\"https:\/\/arcada.fr\/Davezieux\/produit\/plancha-gaz-cuisson-27x34cm-alu-cartouc\/\" \/>\n<meta property=\"og:site_name\" content=\"Arcada Davezieux\" \/>\n<meta property=\"article:publisher\" content=\"https:\/\/www.facebook.com\/Outimag42\/\" \/>\n<meta property=\"article:modified_time\" content=\"2026-03-31T14:41:01+00:00\" \/>\n<meta name=\"twitter:card\" content=\"summary_large_image\" \/>\n<script type=\"application\/ld+json\" class=\"yoast-schema-graph\">{\"@context\":\"https:\\\/\\\/schema.org\",\"@graph\":[{\"@type\":\"WebPage\",\"@id\":\"https:\\\/\\\/arcada.fr\\\/Davezieux\\\/produit\\\/plancha-gaz-cuisson-27x34cm-alu-cartouc\\\/\",\"url\":\"https:\\\/\\\/arcada.fr\\\/Davezieux\\\/produit\\\/plancha-gaz-cuisson-27x34cm-alu-cartouc\\\/\",\"name\":\"PLANCHA GAZ CUISSON 27X34CM ALU CARTOUC - Arcada Davezieux\",\"isPartOf\":{\"@id\":\"https:\\\/\\\/arcada.fr\\\/Davezieux\\\/#website\"},\"primaryImageOfPage\":{\"@id\":\"https:\\\/\\\/arcada.fr\\\/Davezieux\\\/produit\\\/plancha-gaz-cuisson-27x34cm-alu-cartouc\\\/#primaryimage\"},\"image\":{\"@id\":\"https:\\\/\\\/arcada.fr\\\/Davezieux\\\/produit\\\/plancha-gaz-cuisson-27x34cm-alu-cartouc\\\/#primaryimage\"},\"thumbnailUrl\":\"https:\\\/\\\/arcada.fr\\\/Davezieux\\\/wp-content\\\/uploads\\\/2025\\\/04\\\/R122594.jpg\",\"datePublished\":\"2026-03-31T14:27:10+00:00\",\"dateModified\":\"2026-03-31T14:41:01+00:00\",\"breadcrumb\":{\"@id\":\"https:\\\/\\\/arcada.fr\\\/Davezieux\\\/produit\\\/plancha-gaz-cuisson-27x34cm-alu-cartouc\\\/#breadcrumb\"},\"inLanguage\":\"fr-FR\",\"potentialAction\":[{\"@type\":\"ReadAction\",\"target\":[\"https:\\\/\\\/arcada.fr\\\/Davezieux\\\/produit\\\/plancha-gaz-cuisson-27x34cm-alu-cartouc\\\/\"]}]},{\"@type\":\"ImageObject\",\"inLanguage\":\"fr-FR\",\"@id\":\"https:\\\/\\\/arcada.fr\\\/Davezieux\\\/produit\\\/plancha-gaz-cuisson-27x34cm-alu-cartouc\\\/#primaryimage\",\"url\":\"https:\\\/\\\/arcada.fr\\\/Davezieux\\\/wp-content\\\/uploads\\\/2025\\\/04\\\/R122594.jpg\",\"contentUrl\":\"https:\\\/\\\/arcada.fr\\\/Davezieux\\\/wp-content\\\/uploads\\\/2025\\\/04\\\/R122594.jpg\",\"width\":800,\"height\":800},{\"@type\":\"BreadcrumbList\",\"@id\":\"https:\\\/\\\/arcada.fr\\\/Davezieux\\\/produit\\\/plancha-gaz-cuisson-27x34cm-alu-cartouc\\\/#breadcrumb\",\"itemListElement\":[{\"@type\":\"ListItem\",\"position\":1,\"name\":\"Accueil\",\"item\":\"https:\\\/\\\/arcada.fr\\\/Davezieux\\\/\"},{\"@type\":\"ListItem\",\"position\":2,\"name\":\"Produits\",\"item\":\"https:\\\/\\\/arcada.fr\\\/Davezieux\\\/shop\\\/\"},{\"@type\":\"ListItem\",\"position\":3,\"name\":\"PLANCHA GAZ CUISSON 27X34CM ALU CARTOUC\"}]},{\"@type\":\"WebSite\",\"@id\":\"https:\\\/\\\/arcada.fr\\\/Davezieux\\\/#website\",\"url\":\"https:\\\/\\\/arcada.fr\\\/Davezieux\\\/\",\"name\":\"Outimag Perreux\",\"description\":\"La passion de l&#039;outillage !\",\"publisher\":{\"@id\":\"https:\\\/\\\/arcada.fr\\\/Davezieux\\\/#organization\"},\"alternateName\":\"La passion de l'outillage\",\"potentialAction\":[{\"@type\":\"SearchAction\",\"target\":{\"@type\":\"EntryPoint\",\"urlTemplate\":\"https:\\\/\\\/arcada.fr\\\/Davezieux\\\/?s={search_term_string}\"},\"query-input\":{\"@type\":\"PropertyValueSpecification\",\"valueRequired\":true,\"valueName\":\"search_term_string\"}}],\"inLanguage\":\"fr-FR\"},{\"@type\":\"Organization\",\"@id\":\"https:\\\/\\\/arcada.fr\\\/Davezieux\\\/#organization\",\"name\":\"Outimag Perreux\",\"alternateName\":\"Outimag\",\"url\":\"https:\\\/\\\/arcada.fr\\\/Davezieux\\\/\",\"logo\":{\"@type\":\"ImageObject\",\"inLanguage\":\"fr-FR\",\"@id\":\"https:\\\/\\\/arcada.fr\\\/Davezieux\\\/#\\\/schema\\\/logo\\\/image\\\/\",\"url\":\"https:\\\/\\\/arcada.fr\\\/Davezieux\\\/wp-content\\\/uploads\\\/2025\\\/06\\\/logo-outimag-perreux.png\",\"contentUrl\":\"https:\\\/\\\/arcada.fr\\\/Davezieux\\\/wp-content\\\/uploads\\\/2025\\\/06\\\/logo-outimag-perreux.png\",\"width\":800,\"height\":203,\"caption\":\"Outimag Perreux\"},\"image\":{\"@id\":\"https:\\\/\\\/arcada.fr\\\/Davezieux\\\/#\\\/schema\\\/logo\\\/image\\\/\"},\"sameAs\":[\"https:\\\/\\\/www.facebook.com\\\/Outimag42\\\/\",\"https:\\\/\\\/www.instagram.com\\\/outimag_perreux\\\/\"]}]}<\/script>\n<!-- \/ Yoast SEO plugin. -->","yoast_head_json":{"title":"PLANCHA GAZ CUISSON 27X34CM ALU CARTOUC - Arcada Davezieux","robots":{"index":"index","follow":"follow","max-snippet":"max-snippet:-1","max-image-preview":"max-image-preview:large","max-video-preview":"max-video-preview:-1"},"canonical":"https:\/\/arcada.fr\/Davezieux\/produit\/plancha-gaz-cuisson-27x34cm-alu-cartouc\/","og_locale":"fr_FR","og_type":"article","og_title":"PLANCHA GAZ CUISSON 27X34CM ALU CARTOUC - Arcada Davezieux","og_description":"PLANCHA A GAZ NOMADE 43x29x12cm Puissance 2.8kw. Consommation : 203g\/h. Plancha (25x34cm) avec rev\u00eatement antiadh\u00e9sif et 2 br\u00fbleurs en acier inox longitudinaux. elle est pourvu d'un allumage PIEZO int\u00e9gr\u00e9. d'une puissance r\u00e9glable ainsi qu'une valisette pour la transporter. Tiroir de r\u00e9cup\u00e9ration des graisses. Pince pour r\u00e9cup\u00e9rer le plan de cuisson. Compartiment s\u00e9curis\u00e9 d\u00e9di\u00e9 \u00e0 la cartouche de gaz. qui \u00e9vite tout danger de surchauffe. Valve de s\u00e9curit\u00e9 en cas de surpression du gaz. Installation simple de la cartouche n\u00b014103 (non incluse). S\u00e9curit\u00e9 additionnelle : a l'arr\u00eat de l'appareil syst\u00e8me de protection automatique de d\u00e9senclenchement de la cartouche. 3.4kg - 4.5kg (avec mallette)","og_url":"https:\/\/arcada.fr\/Davezieux\/produit\/plancha-gaz-cuisson-27x34cm-alu-cartouc\/","og_site_name":"Arcada Davezieux","article_publisher":"https:\/\/www.facebook.com\/Outimag42\/","article_modified_time":"2026-03-31T14:41:01+00:00","twitter_card":"summary_large_image","schema":{"@context":"https:\/\/schema.org","@graph":[{"@type":"WebPage","@id":"https:\/\/arcada.fr\/Davezieux\/produit\/plancha-gaz-cuisson-27x34cm-alu-cartouc\/","url":"https:\/\/arcada.fr\/Davezieux\/produit\/plancha-gaz-cuisson-27x34cm-alu-cartouc\/","name":"PLANCHA GAZ CUISSON 27X34CM ALU CARTOUC - Arcada Davezieux","isPartOf":{"@id":"https:\/\/arcada.fr\/Davezieux\/#website"},"primaryImageOfPage":{"@id":"https:\/\/arcada.fr\/Davezieux\/produit\/plancha-gaz-cuisson-27x34cm-alu-cartouc\/#primaryimage"},"image":{"@id":"https:\/\/arcada.fr\/Davezieux\/produit\/plancha-gaz-cuisson-27x34cm-alu-cartouc\/#primaryimage"},"thumbnailUrl":"https:\/\/arcada.fr\/Davezieux\/wp-content\/uploads\/2025\/04\/R122594.jpg","datePublished":"2026-03-31T14:27:10+00:00","dateModified":"2026-03-31T14:41:01+00:00","breadcrumb":{"@id":"https:\/\/arcada.fr\/Davezieux\/produit\/plancha-gaz-cuisson-27x34cm-alu-cartouc\/#breadcrumb"},"inLanguage":"fr-FR","potentialAction":[{"@type":"ReadAction","target":["https:\/\/arcada.fr\/Davezieux\/produit\/plancha-gaz-cuisson-27x34cm-alu-cartouc\/"]}]},{"@type":"ImageObject","inLanguage":"fr-FR","@id":"https:\/\/arcada.fr\/Davezieux\/produit\/plancha-gaz-cuisson-27x34cm-alu-cartouc\/#primaryimage","url":"https:\/\/arcada.fr\/Davezieux\/wp-content\/uploads\/2025\/04\/R122594.jpg","contentUrl":"https:\/\/arcada.fr\/Davezieux\/wp-content\/uploads\/2025\/04\/R122594.jpg","width":800,"height":800},{"@type":"BreadcrumbList","@id":"https:\/\/arcada.fr\/Davezieux\/produit\/plancha-gaz-cuisson-27x34cm-alu-cartouc\/#breadcrumb","itemListElement":[{"@type":"ListItem","position":1,"name":"Accueil","item":"https:\/\/arcada.fr\/Davezieux\/"},{"@type":"ListItem","position":2,"name":"Produits","item":"https:\/\/arcada.fr\/Davezieux\/shop\/"},{"@type":"ListItem","position":3,"name":"PLANCHA GAZ CUISSON 27X34CM ALU CARTOUC"}]},{"@type":"WebSite","@id":"https:\/\/arcada.fr\/Davezieux\/#website","url":"https:\/\/arcada.fr\/Davezieux\/","name":"Outimag Perreux","description":"La passion de l&#039;outillage !","publisher":{"@id":"https:\/\/arcada.fr\/Davezieux\/#organization"},"alternateName":"La passion de l'outillage","potentialAction":[{"@type":"SearchAction","target":{"@type":"EntryPoint","urlTemplate":"https:\/\/arcada.fr\/Davezieux\/?s={search_term_string}"},"query-input":{"@type":"PropertyValueSpecification","valueRequired":true,"valueName":"search_term_string"}}],"inLanguage":"fr-FR"},{"@type":"Organization","@id":"https:\/\/arcada.fr\/Davezieux\/#organization","name":"Outimag Perreux","alternateName":"Outimag","url":"https:\/\/arcada.fr\/Davezieux\/","logo":{"@type":"ImageObject","inLanguage":"fr-FR","@id":"https:\/\/arcada.fr\/Davezieux\/#\/schema\/logo\/image\/","url":"https:\/\/arcada.fr\/Davezieux\/wp-content\/uploads\/2025\/06\/logo-outimag-perreux.png","contentUrl":"https:\/\/arcada.fr\/Davezieux\/wp-content\/uploads\/2025\/06\/logo-outimag-perreux.png","width":800,"height":203,"caption":"Outimag Perreux"},"image":{"@id":"https:\/\/arcada.fr\/Davezieux\/#\/schema\/logo\/image\/"},"sameAs":["https:\/\/www.facebook.com\/Outimag42\/","https:\/\/www.instagram.com\/outimag_perreux\/"]}]}},"_links":{"self":[{"href":"https:\/\/arcada.fr\/Davezieux\/wp-json\/wp\/v2\/product\/28918","targetHints":{"allow":["GET"]}}],"collection":[{"href":"https:\/\/arcada.fr\/Davezieux\/wp-json\/wp\/v2\/product"}],"about":[{"href":"https:\/\/arcada.fr\/Davezieux\/wp-json\/wp\/v2\/types\/product"}],"wp:featuredmedia":[{"embeddable":true,"href":"https:\/\/arcada.fr\/Davezieux\/wp-json\/wp\/v2\/media\/18097"}],"wp:attachment":[{"href":"https:\/\/arcada.fr\/Davezieux\/wp-json\/wp\/v2\/media?parent=28918"}],"wp:term":[{"taxonomy":"product_brand","embeddable":true,"href":"https:\/\/arcada.fr\/Davezieux\/wp-json\/wp\/v2\/product_brand?post=28918"},{"taxonomy":"product_cat","embeddable":true,"href":"https:\/\/arcada.fr\/Davezieux\/wp-json\/wp\/v2\/product_cat?post=28918"},{"taxonomy":"product_tag","embeddable":true,"href":"https:\/\/arcada.fr\/Davezieux\/wp-json\/wp\/v2\/product_tag?post=28918"}],"curies":[{"name":"wp","href":"https:\/\/api.w.org\/{rel}","templated":true}]}}