{"id":29319,"date":"2026-03-31T16:33:48","date_gmt":"2026-03-31T14:33:48","guid":{"rendered":"https:\/\/arcada.fr\/Davezieux\/produit\/touret-a-meuler-meule-meule-200mm-400w\/"},"modified":"2026-03-31T16:47:12","modified_gmt":"2026-03-31T14:47:12","slug":"touret-a-meuler-meule-meule-200mm-400w","status":"publish","type":"product","link":"https:\/\/arcada.fr\/Davezieux\/produit\/touret-a-meuler-meule-meule-200mm-400w\/","title":{"rendered":"Touret \u00e0 meuler meule\/meule 200mm 400w"},"content":{"rendered":"","protected":false},"excerpt":{"rendered":"<p>Pour meuler, \u00e9bavurer et aiguiser tous types d&rsquo;outils m\u00e9talliques. Moteur puissant ALU, \u00e9clairage et support d&rsquo;outils en font une machine performante. Pour l&rsquo;affutage d&rsquo;outils de jardin et aussi \u00e9bavurer, Bac de refroidissement \u00e0 forets.<\/p>\n<p>    Pour meuler, \u00e9bavurer et aiguiser tous types d&rsquo;outils m\u00e9talliques.<br \/>    Son moteur puiisant en aluminium, lampe d&rsquo;\u00e9clairage et support d&rsquo;outils en font une machine pratique, efficace et performant.<br \/>    Id\u00e9al pour l&rsquo;affutage d&rsquo;outils de jardin et aussi \u00e9bavurer, il poss\u00e8de un bac de refroidissement \u00e0 forets.<br \/>    Livr\u00e9 avec Meule A60 et A36; ecran polucarbonate et int\u00e9rrupteur magn\u00e9tique fonctionnel pour travailler en toute s\u00e9curit\u00e9.<br \/><button type=submit\"><a href=\"\/wp-content\/uploads\/fich-tech\/R329361.pdf\" target=\"_blank\">Fiche Technique<\/a><\/button><\/p>\n","protected":false},"featured_media":29318,"template":"","meta":[],"product_brand":[],"product_cat":[21],"product_tag":[],"class_list":{"0":"post-29319","1":"product","2":"type-product","3":"status-publish","4":"has-post-thumbnail","6":"product_cat-atelier","7":"entry","8":"has-media","10":"first","11":"instock","12":"taxable","13":"shipping-taxable","14":"purchasable","15":"product-type-simple"},"yoast_head":"<!-- This site is optimized with the Yoast SEO plugin v27.3 - https:\/\/yoast.com\/product\/yoast-seo-wordpress\/ -->\n<title>Touret \u00e0 meuler meule\/meule 200mm 400w - Arcada Davezieux<\/title>\n<meta name=\"robots\" content=\"index, follow, max-snippet:-1, max-image-preview:large, max-video-preview:-1\" \/>\n<link rel=\"canonical\" href=\"https:\/\/arcada.fr\/Davezieux\/produit\/touret-a-meuler-meule-meule-200mm-400w\/\" \/>\n<meta property=\"og:locale\" content=\"fr_FR\" \/>\n<meta property=\"og:type\" content=\"article\" \/>\n<meta property=\"og:title\" content=\"Touret \u00e0 meuler meule\/meule 200mm 400w - Arcada Davezieux\" \/>\n<meta property=\"og:description\" content=\"Pour meuler, \u00e9bavurer et aiguiser tous types d&#039;outils m\u00e9talliques. Moteur puissant ALU, \u00e9clairage et support d&#039;outils en font une machine performante. Pour l&#039;affutage d&#039;outils de jardin et aussi \u00e9bavurer, Bac de refroidissement \u00e0 forets.  Pour meuler, \u00e9bavurer et aiguiser tous types d&#039;outils m\u00e9talliques.  Son moteur puiisant en aluminium, lampe d&#039;\u00e9clairage et support d&#039;outils en font une machine pratique, efficace et performant.  Id\u00e9al pour l&#039;affutage d&#039;outils de jardin et aussi \u00e9bavurer, il poss\u00e8de un bac de refroidissement \u00e0 forets.  Livr\u00e9 avec Meule A60 et A36; ecran polucarbonate et int\u00e9rrupteur magn\u00e9tique fonctionnel pour travailler en toute s\u00e9curit\u00e9.\" \/>\n<meta property=\"og:url\" content=\"https:\/\/arcada.fr\/Davezieux\/produit\/touret-a-meuler-meule-meule-200mm-400w\/\" \/>\n<meta property=\"og:site_name\" content=\"Arcada Davezieux\" \/>\n<meta property=\"article:publisher\" content=\"https:\/\/www.facebook.com\/Outimag42\/\" \/>\n<meta property=\"article:modified_time\" content=\"2026-03-31T14:47:12+00:00\" \/>\n<meta name=\"twitter:card\" content=\"summary_large_image\" \/>\n<script type=\"application\/ld+json\" class=\"yoast-schema-graph\">{\"@context\":\"https:\\\/\\\/schema.org\",\"@graph\":[{\"@type\":\"WebPage\",\"@id\":\"https:\\\/\\\/arcada.fr\\\/Davezieux\\\/produit\\\/touret-a-meuler-meule-meule-200mm-400w\\\/\",\"url\":\"https:\\\/\\\/arcada.fr\\\/Davezieux\\\/produit\\\/touret-a-meuler-meule-meule-200mm-400w\\\/\",\"name\":\"Touret \u00e0 meuler meule\\\/meule 200mm 400w - Arcada Davezieux\",\"isPartOf\":{\"@id\":\"https:\\\/\\\/arcada.fr\\\/Davezieux\\\/#website\"},\"primaryImageOfPage\":{\"@id\":\"https:\\\/\\\/arcada.fr\\\/Davezieux\\\/produit\\\/touret-a-meuler-meule-meule-200mm-400w\\\/#primaryimage\"},\"image\":{\"@id\":\"https:\\\/\\\/arcada.fr\\\/Davezieux\\\/produit\\\/touret-a-meuler-meule-meule-200mm-400w\\\/#primaryimage\"},\"thumbnailUrl\":\"https:\\\/\\\/arcada.fr\\\/Davezieux\\\/wp-content\\\/uploads\\\/2026\\\/03\\\/R329361.webp\",\"datePublished\":\"2026-03-31T14:33:48+00:00\",\"dateModified\":\"2026-03-31T14:47:12+00:00\",\"breadcrumb\":{\"@id\":\"https:\\\/\\\/arcada.fr\\\/Davezieux\\\/produit\\\/touret-a-meuler-meule-meule-200mm-400w\\\/#breadcrumb\"},\"inLanguage\":\"fr-FR\",\"potentialAction\":[{\"@type\":\"ReadAction\",\"target\":[\"https:\\\/\\\/arcada.fr\\\/Davezieux\\\/produit\\\/touret-a-meuler-meule-meule-200mm-400w\\\/\"]}]},{\"@type\":\"ImageObject\",\"inLanguage\":\"fr-FR\",\"@id\":\"https:\\\/\\\/arcada.fr\\\/Davezieux\\\/produit\\\/touret-a-meuler-meule-meule-200mm-400w\\\/#primaryimage\",\"url\":\"https:\\\/\\\/arcada.fr\\\/Davezieux\\\/wp-content\\\/uploads\\\/2026\\\/03\\\/R329361.webp\",\"contentUrl\":\"https:\\\/\\\/arcada.fr\\\/Davezieux\\\/wp-content\\\/uploads\\\/2026\\\/03\\\/R329361.webp\",\"width\":800,\"height\":800},{\"@type\":\"BreadcrumbList\",\"@id\":\"https:\\\/\\\/arcada.fr\\\/Davezieux\\\/produit\\\/touret-a-meuler-meule-meule-200mm-400w\\\/#breadcrumb\",\"itemListElement\":[{\"@type\":\"ListItem\",\"position\":1,\"name\":\"Accueil\",\"item\":\"https:\\\/\\\/arcada.fr\\\/Davezieux\\\/\"},{\"@type\":\"ListItem\",\"position\":2,\"name\":\"Produits\",\"item\":\"https:\\\/\\\/arcada.fr\\\/Davezieux\\\/shop\\\/\"},{\"@type\":\"ListItem\",\"position\":3,\"name\":\"Touret \u00e0 meuler meule\\\/meule 200mm 400w\"}]},{\"@type\":\"WebSite\",\"@id\":\"https:\\\/\\\/arcada.fr\\\/Davezieux\\\/#website\",\"url\":\"https:\\\/\\\/arcada.fr\\\/Davezieux\\\/\",\"name\":\"Outimag Perreux\",\"description\":\"La passion de l&#039;outillage !\",\"publisher\":{\"@id\":\"https:\\\/\\\/arcada.fr\\\/Davezieux\\\/#organization\"},\"alternateName\":\"La passion de l'outillage\",\"potentialAction\":[{\"@type\":\"SearchAction\",\"target\":{\"@type\":\"EntryPoint\",\"urlTemplate\":\"https:\\\/\\\/arcada.fr\\\/Davezieux\\\/?s={search_term_string}\"},\"query-input\":{\"@type\":\"PropertyValueSpecification\",\"valueRequired\":true,\"valueName\":\"search_term_string\"}}],\"inLanguage\":\"fr-FR\"},{\"@type\":\"Organization\",\"@id\":\"https:\\\/\\\/arcada.fr\\\/Davezieux\\\/#organization\",\"name\":\"Outimag Perreux\",\"alternateName\":\"Outimag\",\"url\":\"https:\\\/\\\/arcada.fr\\\/Davezieux\\\/\",\"logo\":{\"@type\":\"ImageObject\",\"inLanguage\":\"fr-FR\",\"@id\":\"https:\\\/\\\/arcada.fr\\\/Davezieux\\\/#\\\/schema\\\/logo\\\/image\\\/\",\"url\":\"https:\\\/\\\/arcada.fr\\\/Davezieux\\\/wp-content\\\/uploads\\\/2025\\\/06\\\/logo-outimag-perreux.png\",\"contentUrl\":\"https:\\\/\\\/arcada.fr\\\/Davezieux\\\/wp-content\\\/uploads\\\/2025\\\/06\\\/logo-outimag-perreux.png\",\"width\":800,\"height\":203,\"caption\":\"Outimag Perreux\"},\"image\":{\"@id\":\"https:\\\/\\\/arcada.fr\\\/Davezieux\\\/#\\\/schema\\\/logo\\\/image\\\/\"},\"sameAs\":[\"https:\\\/\\\/www.facebook.com\\\/Outimag42\\\/\",\"https:\\\/\\\/www.instagram.com\\\/outimag_perreux\\\/\"]}]}<\/script>\n<!-- \/ Yoast SEO plugin. -->","yoast_head_json":{"title":"Touret \u00e0 meuler meule\/meule 200mm 400w - Arcada Davezieux","robots":{"index":"index","follow":"follow","max-snippet":"max-snippet:-1","max-image-preview":"max-image-preview:large","max-video-preview":"max-video-preview:-1"},"canonical":"https:\/\/arcada.fr\/Davezieux\/produit\/touret-a-meuler-meule-meule-200mm-400w\/","og_locale":"fr_FR","og_type":"article","og_title":"Touret \u00e0 meuler meule\/meule 200mm 400w - Arcada Davezieux","og_description":"Pour meuler, \u00e9bavurer et aiguiser tous types d'outils m\u00e9talliques. Moteur puissant ALU, \u00e9clairage et support d'outils en font une machine performante. Pour l'affutage d'outils de jardin et aussi \u00e9bavurer, Bac de refroidissement \u00e0 forets.  Pour meuler, \u00e9bavurer et aiguiser tous types d'outils m\u00e9talliques.  Son moteur puiisant en aluminium, lampe d'\u00e9clairage et support d'outils en font une machine pratique, efficace et performant.  Id\u00e9al pour l'affutage d'outils de jardin et aussi \u00e9bavurer, il poss\u00e8de un bac de refroidissement \u00e0 forets.  Livr\u00e9 avec Meule A60 et A36; ecran polucarbonate et int\u00e9rrupteur magn\u00e9tique fonctionnel pour travailler en toute s\u00e9curit\u00e9.","og_url":"https:\/\/arcada.fr\/Davezieux\/produit\/touret-a-meuler-meule-meule-200mm-400w\/","og_site_name":"Arcada Davezieux","article_publisher":"https:\/\/www.facebook.com\/Outimag42\/","article_modified_time":"2026-03-31T14:47:12+00:00","twitter_card":"summary_large_image","schema":{"@context":"https:\/\/schema.org","@graph":[{"@type":"WebPage","@id":"https:\/\/arcada.fr\/Davezieux\/produit\/touret-a-meuler-meule-meule-200mm-400w\/","url":"https:\/\/arcada.fr\/Davezieux\/produit\/touret-a-meuler-meule-meule-200mm-400w\/","name":"Touret \u00e0 meuler meule\/meule 200mm 400w - Arcada Davezieux","isPartOf":{"@id":"https:\/\/arcada.fr\/Davezieux\/#website"},"primaryImageOfPage":{"@id":"https:\/\/arcada.fr\/Davezieux\/produit\/touret-a-meuler-meule-meule-200mm-400w\/#primaryimage"},"image":{"@id":"https:\/\/arcada.fr\/Davezieux\/produit\/touret-a-meuler-meule-meule-200mm-400w\/#primaryimage"},"thumbnailUrl":"https:\/\/arcada.fr\/Davezieux\/wp-content\/uploads\/2026\/03\/R329361.webp","datePublished":"2026-03-31T14:33:48+00:00","dateModified":"2026-03-31T14:47:12+00:00","breadcrumb":{"@id":"https:\/\/arcada.fr\/Davezieux\/produit\/touret-a-meuler-meule-meule-200mm-400w\/#breadcrumb"},"inLanguage":"fr-FR","potentialAction":[{"@type":"ReadAction","target":["https:\/\/arcada.fr\/Davezieux\/produit\/touret-a-meuler-meule-meule-200mm-400w\/"]}]},{"@type":"ImageObject","inLanguage":"fr-FR","@id":"https:\/\/arcada.fr\/Davezieux\/produit\/touret-a-meuler-meule-meule-200mm-400w\/#primaryimage","url":"https:\/\/arcada.fr\/Davezieux\/wp-content\/uploads\/2026\/03\/R329361.webp","contentUrl":"https:\/\/arcada.fr\/Davezieux\/wp-content\/uploads\/2026\/03\/R329361.webp","width":800,"height":800},{"@type":"BreadcrumbList","@id":"https:\/\/arcada.fr\/Davezieux\/produit\/touret-a-meuler-meule-meule-200mm-400w\/#breadcrumb","itemListElement":[{"@type":"ListItem","position":1,"name":"Accueil","item":"https:\/\/arcada.fr\/Davezieux\/"},{"@type":"ListItem","position":2,"name":"Produits","item":"https:\/\/arcada.fr\/Davezieux\/shop\/"},{"@type":"ListItem","position":3,"name":"Touret \u00e0 meuler meule\/meule 200mm 400w"}]},{"@type":"WebSite","@id":"https:\/\/arcada.fr\/Davezieux\/#website","url":"https:\/\/arcada.fr\/Davezieux\/","name":"Outimag Perreux","description":"La passion de l&#039;outillage !","publisher":{"@id":"https:\/\/arcada.fr\/Davezieux\/#organization"},"alternateName":"La passion de l'outillage","potentialAction":[{"@type":"SearchAction","target":{"@type":"EntryPoint","urlTemplate":"https:\/\/arcada.fr\/Davezieux\/?s={search_term_string}"},"query-input":{"@type":"PropertyValueSpecification","valueRequired":true,"valueName":"search_term_string"}}],"inLanguage":"fr-FR"},{"@type":"Organization","@id":"https:\/\/arcada.fr\/Davezieux\/#organization","name":"Outimag Perreux","alternateName":"Outimag","url":"https:\/\/arcada.fr\/Davezieux\/","logo":{"@type":"ImageObject","inLanguage":"fr-FR","@id":"https:\/\/arcada.fr\/Davezieux\/#\/schema\/logo\/image\/","url":"https:\/\/arcada.fr\/Davezieux\/wp-content\/uploads\/2025\/06\/logo-outimag-perreux.png","contentUrl":"https:\/\/arcada.fr\/Davezieux\/wp-content\/uploads\/2025\/06\/logo-outimag-perreux.png","width":800,"height":203,"caption":"Outimag Perreux"},"image":{"@id":"https:\/\/arcada.fr\/Davezieux\/#\/schema\/logo\/image\/"},"sameAs":["https:\/\/www.facebook.com\/Outimag42\/","https:\/\/www.instagram.com\/outimag_perreux\/"]}]}},"_links":{"self":[{"href":"https:\/\/arcada.fr\/Davezieux\/wp-json\/wp\/v2\/product\/29319","targetHints":{"allow":["GET"]}}],"collection":[{"href":"https:\/\/arcada.fr\/Davezieux\/wp-json\/wp\/v2\/product"}],"about":[{"href":"https:\/\/arcada.fr\/Davezieux\/wp-json\/wp\/v2\/types\/product"}],"wp:featuredmedia":[{"embeddable":true,"href":"https:\/\/arcada.fr\/Davezieux\/wp-json\/wp\/v2\/media\/29318"}],"wp:attachment":[{"href":"https:\/\/arcada.fr\/Davezieux\/wp-json\/wp\/v2\/media?parent=29319"}],"wp:term":[{"taxonomy":"product_brand","embeddable":true,"href":"https:\/\/arcada.fr\/Davezieux\/wp-json\/wp\/v2\/product_brand?post=29319"},{"taxonomy":"product_cat","embeddable":true,"href":"https:\/\/arcada.fr\/Davezieux\/wp-json\/wp\/v2\/product_cat?post=29319"},{"taxonomy":"product_tag","embeddable":true,"href":"https:\/\/arcada.fr\/Davezieux\/wp-json\/wp\/v2\/product_tag?post=29319"}],"curies":[{"name":"wp","href":"https:\/\/api.w.org\/{rel}","templated":true}]}}