{"id":3161,"date":"2020-03-13T16:42:34","date_gmt":"2020-03-13T16:42:34","guid":{"rendered":"https:\/\/arcada.evenove-dev1.fr\/?page_id=3161"},"modified":"2020-06-24T18:44:50","modified_gmt":"2020-06-24T18:44:50","slug":"equipements-de-protection","status":"publish","type":"page","link":"https:\/\/arcada.fr\/Salaise\/equipements-de-protection\/","title":{"rendered":"Equipement de protection"},"content":{"rendered":"<div class=\"wpb-content-wrapper\"><p>[vc_row][vc_column][vc_column_text css_animation=\u00a0\u00bbbottom-to-top\u00a0\u00bb]<\/p>\n<h1><span style=\"color: #fabd42;\"><strong>EQUIPEMENT DE PROTECTION INDIVIDUELLE (EPI) POUR LA S\u00c9CURIT\u00c9 SUR VOS CHANTIERS<\/strong><\/span><\/h1>\n<p>Pour votre s\u00e9curit\u00e9 sur un chantier ou pour des travaux, \u00e9quipez-vous d\u2019un <strong>\u00e9quipement de protection individuelle (EPI)<\/strong> aux normes en fonction des risques, des t\u00e2ches \u00e0 r\u00e9aliser et des conditions de travail. Nos Equipements de Protection Individuelle (EPI) se distinguent parmi deux grandes familles, l\u2019habillement et la s\u00e9curit\u00e9, choisissez la famille qui vous int\u00e9resse pour consulter les produits disponibles dans votre magasin de bricolage.<\/p>\n<h2><strong>Gamme d&rsquo;\u00e9quipement de protection individuelle (EPI)<\/strong><\/h2>\n<p>D\u00e9couvrez ci-dessous notre gamme d&rsquo;<strong>habillement de s\u00e9curit\u00e9<\/strong> tel que chaussure de s\u00e9curit\u00e9, chaussettes, pantalon de protection, ceinture, parka, t-shirt, bonnet, gants, combinaisons\u2026<\/p>\n<p>Optez aussi pour notre large choix d&rsquo;<strong>\u00e9quipement de s\u00e9curit\u00e9<\/strong> tel que harnais, gants, masques, lunettes de protection, genouill\u00e8res\u2026 etc[\/vc_column_text][\/vc_column][\/vc_row][vc_section full_width=\u00a0\u00bbstretch_row\u00a0\u00bb css=\u00a0\u00bb.vc_custom_1585307354186{margin-bottom: -55px !important;padding-top: 0px !important;padding-bottom: 60px !important;background-color: #f7f7f7 !important;}\u00a0\u00bb][vc_row equal_height=\u00a0\u00bbyes\u00a0\u00bb css=\u00a0\u00bb.vc_custom_1585509284351{padding-top: 50px !important;}\u00a0\u00bb el_class=\u00a0\u00bbbloc-fblanc\u00a0\u00bb][vc_column css_animation=\u00a0\u00bbslideInUp\u00a0\u00bb width=\u00a0\u00bb1\/2&Prime; css=\u00a0\u00bb.vc_custom_1585307651962{margin-right: 30px !important;}\u00a0\u00bb el_class=\u00a0\u00bbbloc-cat\u00a0\u00bb]<div class=\"mgt-header-block clearfix text-left text-black wpb_content_element  mgt-header-block-style-1 mgt-header-texttransform-header  vc_custom_1585261709853\"><h2 class=\"mgt-header-block-title\">Habillement<\/h2><div class=\"mgt-header-line\"><\/div><\/div>[vc_column_text css=\u00a0\u00bb.vc_custom_1585261598950{padding-right: 25px !important;padding-left: 25px !important;}\u00a0\u00bb]Voici quelques exemples d\u2019habillement de s\u00e9curit\u00e9 que nous proposons dans nos magasins de bricolage chez Arcada.[\/vc_column_text][vc_single_image image=\u00a0\u00bb3929&Prime; img_size=\u00a0\u00bbfull\u00a0\u00bb alignment=\u00a0\u00bbcenter\u00a0\u00bb css=\u00a0\u00bb.vc_custom_1587399558447{padding-right: 25px !important;padding-left: 25px !important;}\u00a0\u00bb el_class=\u00a0\u00bbtaille-reg\u00a0\u00bb][vc_single_image image=\u00a0\u00bb3297&Prime; img_size=\u00a0\u00bb200&#215;50&Prime; alignment=\u00a0\u00bbcenter\u00a0\u00bb onclick=\u00a0\u00bbcustom_link\u00a0\u00bb css=\u00a0\u00bb.vc_custom_1587399610226{padding-top: 20px !important;padding-right: 25px !important;padding-left: 25px !important;}\u00a0\u00bb link=\u00a0\u00bb\/equipements-de-protection\/habillement\/\u00a0\u00bb][\/vc_column][vc_column css_animation=\u00a0\u00bbslideInUp\u00a0\u00bb width=\u00a0\u00bb1\/2&Prime; el_class=\u00a0\u00bbbloc-cat\u00a0\u00bb]<div class=\"mgt-header-block clearfix text-left text-black wpb_content_element  mgt-header-block-style-1 mgt-header-texttransform-header  vc_custom_1585261718322\"><h2 class=\"mgt-header-block-title\">S\u00e9curit\u00e9<\/h2><div class=\"mgt-header-line\"><\/div><\/div>[vc_column_text css=\u00a0\u00bb.vc_custom_1584117657834{padding-right: 25px !important;padding-left: 25px !important;}\u00a0\u00bb]Voici quelques exemples d\u2019\u00e9quipements de s\u00e9curit\u00e9 que nous proposons dans nos magasins de bricolage chez Arcada.[\/vc_column_text][vc_single_image image=\u00a0\u00bb3928&Prime; img_size=\u00a0\u00bbfull\u00a0\u00bb alignment=\u00a0\u00bbcenter\u00a0\u00bb css=\u00a0\u00bb.vc_custom_1587399572880{padding-right: 25px !important;padding-left: 25px !important;}\u00a0\u00bb el_class=\u00a0\u00bbtaille-reg\u00a0\u00bb][vc_single_image image=\u00a0\u00bb3297&Prime; img_size=\u00a0\u00bb200&#215;50&Prime; alignment=\u00a0\u00bbcenter\u00a0\u00bb onclick=\u00a0\u00bbcustom_link\u00a0\u00bb css=\u00a0\u00bb.vc_custom_1587399640998{padding-top: 20px !important;padding-right: 25px !important;padding-left: 25px !important;}\u00a0\u00bb link=\u00a0\u00bb\/equipements-de-protection\/securite-2\/\u00a0\u00bb][\/vc_column][\/vc_row][\/vc_section]<\/p>\n<\/div>","protected":false},"excerpt":{"rendered":"<p>[vc_row][vc_column][vc_column_text css_animation=\u00a0\u00bbbottom-to-top\u00a0\u00bb] EQUIPEMENT DE PROTECTION INDIVIDUELLE (EPI) POUR LA S\u00c9CURIT\u00c9 SUR VOS CHANTIERS Pour votre s\u00e9curit\u00e9 sur un chantier ou pour des travaux, \u00e9quipez-vous d\u2019un \u00e9quipement de protection individuelle (EPI)&#8230;<\/p>\n","protected":false},"author":2,"featured_media":0,"parent":0,"menu_order":0,"comment_status":"closed","ping_status":"closed","template":"","meta":{"footnotes":""},"class_list":["post-3161","page","type-page","status-publish","hentry"],"yoast_head":"<!-- This site is optimized with the Yoast SEO plugin v27.2 - https:\/\/yoast.com\/product\/yoast-seo-wordpress\/ -->\n<title>Equipement de protection individuel EPI : habillement, \u00e9quipement s\u00e9curit\u00e9<\/title>\n<meta name=\"description\" content=\"Large choix d&#039;\u00e9quipement de protection individuel EPI pour votre s\u00e9curit\u00e9 sur un chantier ou pendant des travaux dans l\u2019habillement et l&#039;\u00e9quipement de s\u00e9curit\u00e9 dans nos magasins de bricolage Salaise sur Sanne et Davezieux.\" \/>\n<meta name=\"robots\" content=\"index, follow, max-snippet:-1, max-image-preview:large, max-video-preview:-1\" \/>\n<link rel=\"canonical\" href=\"https:\/\/arcada.fr\/Salaise\/equipements-de-protection\/\" \/>\n<meta property=\"og:locale\" content=\"fr_FR\" \/>\n<meta property=\"og:type\" content=\"article\" \/>\n<meta property=\"og:title\" content=\"Equipement de protection individuel EPI : habillement, \u00e9quipement s\u00e9curit\u00e9\" \/>\n<meta property=\"og:description\" content=\"Large choix d&#039;\u00e9quipement de protection individuel EPI pour votre s\u00e9curit\u00e9 sur un chantier ou pendant des travaux dans l\u2019habillement et l&#039;\u00e9quipement de s\u00e9curit\u00e9 dans nos magasins de bricolage Salaise sur Sanne et Davezieux.\" \/>\n<meta property=\"og:url\" content=\"https:\/\/arcada.fr\/Salaise\/equipements-de-protection\/\" \/>\n<meta property=\"og:site_name\" content=\"Magasin de bricolage\" \/>\n<meta property=\"article:modified_time\" content=\"2020-06-24T18:44:50+00:00\" \/>\n<meta name=\"twitter:card\" content=\"summary_large_image\" \/>\n<meta name=\"twitter:label1\" content=\"Dur\u00e9e de lecture estim\u00e9e\" \/>\n\t<meta name=\"twitter:data1\" content=\"2 minutes\" \/>\n<script type=\"application\/ld+json\" class=\"yoast-schema-graph\">{\"@context\":\"https:\/\/schema.org\",\"@graph\":[{\"@type\":\"WebPage\",\"@id\":\"https:\/\/arcada.fr\/Salaise\/equipements-de-protection\/\",\"url\":\"https:\/\/arcada.fr\/Salaise\/equipements-de-protection\/\",\"name\":\"Equipement de protection individuel EPI : habillement, \u00e9quipement s\u00e9curit\u00e9\",\"isPartOf\":{\"@id\":\"https:\/\/arcada.fr\/Salaise\/#website\"},\"datePublished\":\"2020-03-13T16:42:34+00:00\",\"dateModified\":\"2020-06-24T18:44:50+00:00\",\"description\":\"Large choix d'\u00e9quipement de protection individuel EPI pour votre s\u00e9curit\u00e9 sur un chantier ou pendant des travaux dans l\u2019habillement et l'\u00e9quipement de s\u00e9curit\u00e9 dans nos magasins de bricolage Salaise sur Sanne et Davezieux.\",\"breadcrumb\":{\"@id\":\"https:\/\/arcada.fr\/Salaise\/equipements-de-protection\/#breadcrumb\"},\"inLanguage\":\"fr-FR\",\"potentialAction\":[{\"@type\":\"ReadAction\",\"target\":[\"https:\/\/arcada.fr\/Salaise\/equipements-de-protection\/\"]}]},{\"@type\":\"BreadcrumbList\",\"@id\":\"https:\/\/arcada.fr\/Salaise\/equipements-de-protection\/#breadcrumb\",\"itemListElement\":[{\"@type\":\"ListItem\",\"position\":1,\"name\":\"Accueil\",\"item\":\"https:\/\/arcada.fr\/Salaise\/\"},{\"@type\":\"ListItem\",\"position\":2,\"name\":\"Equipement de protection\"}]},{\"@type\":\"WebSite\",\"@id\":\"https:\/\/arcada.fr\/Salaise\/#website\",\"url\":\"https:\/\/arcada.fr\/Salaise\/\",\"name\":\"Magasin de bricolage\",\"description\":\"L&#039;outillage, notre passion !\",\"potentialAction\":[{\"@type\":\"SearchAction\",\"target\":{\"@type\":\"EntryPoint\",\"urlTemplate\":\"https:\/\/arcada.fr\/Salaise\/?s={search_term_string}\"},\"query-input\":{\"@type\":\"PropertyValueSpecification\",\"valueRequired\":true,\"valueName\":\"search_term_string\"}}],\"inLanguage\":\"fr-FR\"}]}<\/script>\n<!-- \/ Yoast SEO plugin. -->","yoast_head_json":{"title":"Equipement de protection individuel EPI : habillement, \u00e9quipement s\u00e9curit\u00e9","description":"Large choix d'\u00e9quipement de protection individuel EPI pour votre s\u00e9curit\u00e9 sur un chantier ou pendant des travaux dans l\u2019habillement et l'\u00e9quipement de s\u00e9curit\u00e9 dans nos magasins de bricolage Salaise sur Sanne et Davezieux.","robots":{"index":"index","follow":"follow","max-snippet":"max-snippet:-1","max-image-preview":"max-image-preview:large","max-video-preview":"max-video-preview:-1"},"canonical":"https:\/\/arcada.fr\/Salaise\/equipements-de-protection\/","og_locale":"fr_FR","og_type":"article","og_title":"Equipement de protection individuel EPI : habillement, \u00e9quipement s\u00e9curit\u00e9","og_description":"Large choix d'\u00e9quipement de protection individuel EPI pour votre s\u00e9curit\u00e9 sur un chantier ou pendant des travaux dans l\u2019habillement et l'\u00e9quipement de s\u00e9curit\u00e9 dans nos magasins de bricolage Salaise sur Sanne et Davezieux.","og_url":"https:\/\/arcada.fr\/Salaise\/equipements-de-protection\/","og_site_name":"Magasin de bricolage","article_modified_time":"2020-06-24T18:44:50+00:00","twitter_card":"summary_large_image","twitter_misc":{"Dur\u00e9e de lecture estim\u00e9e":"2 minutes"},"schema":{"@context":"https:\/\/schema.org","@graph":[{"@type":"WebPage","@id":"https:\/\/arcada.fr\/Salaise\/equipements-de-protection\/","url":"https:\/\/arcada.fr\/Salaise\/equipements-de-protection\/","name":"Equipement de protection individuel EPI : habillement, \u00e9quipement s\u00e9curit\u00e9","isPartOf":{"@id":"https:\/\/arcada.fr\/Salaise\/#website"},"datePublished":"2020-03-13T16:42:34+00:00","dateModified":"2020-06-24T18:44:50+00:00","description":"Large choix d'\u00e9quipement de protection individuel EPI pour votre s\u00e9curit\u00e9 sur un chantier ou pendant des travaux dans l\u2019habillement et l'\u00e9quipement de s\u00e9curit\u00e9 dans nos magasins de bricolage Salaise sur Sanne et Davezieux.","breadcrumb":{"@id":"https:\/\/arcada.fr\/Salaise\/equipements-de-protection\/#breadcrumb"},"inLanguage":"fr-FR","potentialAction":[{"@type":"ReadAction","target":["https:\/\/arcada.fr\/Salaise\/equipements-de-protection\/"]}]},{"@type":"BreadcrumbList","@id":"https:\/\/arcada.fr\/Salaise\/equipements-de-protection\/#breadcrumb","itemListElement":[{"@type":"ListItem","position":1,"name":"Accueil","item":"https:\/\/arcada.fr\/Salaise\/"},{"@type":"ListItem","position":2,"name":"Equipement de protection"}]},{"@type":"WebSite","@id":"https:\/\/arcada.fr\/Salaise\/#website","url":"https:\/\/arcada.fr\/Salaise\/","name":"Magasin de bricolage","description":"L&#039;outillage, notre passion !","potentialAction":[{"@type":"SearchAction","target":{"@type":"EntryPoint","urlTemplate":"https:\/\/arcada.fr\/Salaise\/?s={search_term_string}"},"query-input":{"@type":"PropertyValueSpecification","valueRequired":true,"valueName":"search_term_string"}}],"inLanguage":"fr-FR"}]}},"_links":{"self":[{"href":"https:\/\/arcada.fr\/Salaise\/wp-json\/wp\/v2\/pages\/3161","targetHints":{"allow":["GET"]}}],"collection":[{"href":"https:\/\/arcada.fr\/Salaise\/wp-json\/wp\/v2\/pages"}],"about":[{"href":"https:\/\/arcada.fr\/Salaise\/wp-json\/wp\/v2\/types\/page"}],"author":[{"embeddable":true,"href":"https:\/\/arcada.fr\/Salaise\/wp-json\/wp\/v2\/users\/2"}],"replies":[{"embeddable":true,"href":"https:\/\/arcada.fr\/Salaise\/wp-json\/wp\/v2\/comments?post=3161"}],"version-history":[{"count":0,"href":"https:\/\/arcada.fr\/Salaise\/wp-json\/wp\/v2\/pages\/3161\/revisions"}],"wp:attachment":[{"href":"https:\/\/arcada.fr\/Salaise\/wp-json\/wp\/v2\/media?parent=3161"}],"curies":[{"name":"wp","href":"https:\/\/api.w.org\/{rel}","templated":true}]}}