{"id":3623,"date":"2020-04-16T13:54:13","date_gmt":"2020-04-16T13:54:13","guid":{"rendered":"https:\/\/arcada.evenove-dev1.fr\/?page_id=3623"},"modified":"2021-03-17T17:57:33","modified_gmt":"2021-03-17T17:57:33","slug":"outillage-pour-le-jardin","status":"publish","type":"page","link":"https:\/\/arcada.fr\/Salaise\/jardin\/outillage-pour-le-jardin\/","title":{"rendered":"Outillage pour le jardin"},"content":{"rendered":"<div class=\"wpb-content-wrapper\"><p>[vc_row full_width=\u00a0\u00bbstretch_row\u00a0\u00bb equal_height=\u00a0\u00bbyes\u00a0\u00bb content_placement=\u00a0\u00bbtop\u00a0\u00bb][vc_column width=\u00a0\u00bb1\/2&Prime; css=\u00a0\u00bb.vc_custom_1585263453354{margin-left: 15px !important;background-color: #fabd42 !important;}\u00a0\u00bb el_class=\u00a0\u00bbbloc-top-bg\u00a0\u00bb][vc_column_text css=\u00a0\u00bb.vc_custom_1587045701958{padding-top: 0px !important;padding-right: 15px !important;padding-bottom: 15px !important;padding-left: 15px !important;}\u00a0\u00bb]<\/p>\n<div class=\"sscat-bloc-top\">\n<p><img loading=\"lazy\" decoding=\"async\" class=\"alignnone wp-image-3110 \" src=\"https:\/\/arcada.fr\/Salaise\/wp-content\/uploads\/2020\/03\/Picto-jardin-blanc.svg\" alt=\"\" width=\"61\" height=\"57\" \/><\/p>\n<p><strong>Outillage pour le jardin<br \/>\n<\/strong><\/p>\n<p><em><i>Pelle, pioche, fourche, r\u00e2teau, ballai \u00e0 feuilles, s\u00e9cateur, cisaille, hache, \u00e9chenilloir&#8230; <\/i><\/em><\/p>\n<p><em>\u00a0<\/em><\/p>\n<p><em>\u00a0<\/em><\/div>\n<p>[\/vc_column_text][\/vc_column][vc_column width=\u00a0\u00bb1\/2&Prime;][vc_single_image image=\u00a0\u00bb4096&Prime; img_size=\u00a0\u00bbfull\u00a0\u00bb css_animation=\u00a0\u00bbzoomIn\u00a0\u00bb][\/vc_column][\/vc_row][vc_row][vc_column][vc_single_image image=\u00a0\u00bb4260&Prime; img_size=\u00a0\u00bbfull\u00a0\u00bb alignment=\u00a0\u00bbcenter\u00a0\u00bb onclick=\u00a0\u00bblink_image\u00a0\u00bb][vc_single_image image=\u00a0\u00bb4340&Prime; img_size=\u00a0\u00bbfull\u00a0\u00bb alignment=\u00a0\u00bbcenter\u00a0\u00bb onclick=\u00a0\u00bblink_image\u00a0\u00bb][\/vc_column][\/vc_row][vc_row css=\u00a0\u00bb.vc_custom_1587045628644{padding-top: 40px !important;}\u00a0\u00bb][vc_column][vc_column_text css_animation=\u00a0\u00bbbottom-to-top\u00a0\u00bb]<\/p>\n<h1><span style=\"color: #fabd42;\">Outillage \u00e0 main et \u00e9lectro-portatifs pour l\u2019entretien de vos jardins<\/span><\/h1>\n<p>Chez Arcada, on aime bien la nature et \u00e7a se voit dans notre gamme de produits du jardin. Pour vous aider dans vos entretien des plantes et du jardin, vous trouverez les produits incontournables pour travailler la terre : pioches, fourche, pelle, b\u00eaches. Mais aussi tous les produits pour tailler les arbres et haies qui repoussent au printemps : s\u00e9cateur, coupe branches, cisailles&#8230;[\/vc_column_text][\/vc_column][\/vc_row][vc_row][vc_column]<div class=\"mgt-header-block clearfix text-left text-black wpb_content_element  mgt-header-block-style-1 mgt-header-texttransform-header \"><h2 class=\"mgt-header-block-title\">Outils \u00e0 main pour travailler la terre et le sol<\/h2><div class=\"mgt-header-line\"><\/div><\/div>[vc_carousel_father theme=\u00a0\u00bbcontent-over-slider\u00a0\u00bb padding=\u00a0\u00bb25px\u00a0\u00bb autoplay=\u00a0\u00bbfalse\u00a0\u00bb speed=\u00a0\u00bb3000&Prime; spaces=\u00a0\u00bb30&Prime; slide_visible=\u00a0\u00bb4&Prime; tabs=\u00a0\u00bb3&Prime; slide_scroll=\u00a0\u00bb4&Prime; dotclr=\u00a0\u00bb#fabd42&Prime;][vc_carousel_son popup=\u00a0\u00bbimages\u00a0\u00bb image_id=\u00a0\u00bb3631&Prime; caption_url=\u00a0\u00bburl:%2Fwp-content%2Fuploads%2F2020%2F04%2Fpelle-et-beche-terre.jpg|||\u00a0\u00bb][\/vc_carousel_son][vc_carousel_son popup=\u00a0\u00bbimages\u00a0\u00bb image_id=\u00a0\u00bb3630&Prime; caption_url=\u00a0\u00bburl:%2Fwp-content%2Fuploads%2F2020%2F04%2Foutils-travailler-terre.jpg|||\u00a0\u00bb][\/vc_carousel_son][vc_carousel_son popup=\u00a0\u00bbimages\u00a0\u00bb image_id=\u00a0\u00bb3629&Prime; caption_url=\u00a0\u00bburl:%2Fwp-content%2Fuploads%2F2020%2F04%2Foutil-travailler-terre-2.jpg|||\u00a0\u00bb][\/vc_carousel_son][vc_carousel_son popup=\u00a0\u00bbimages\u00a0\u00bb image_id=\u00a0\u00bb3633&Prime; caption_url=\u00a0\u00bburl:%2Fwp-content%2Fuploads%2F2020%2F04%2Frateau-entretien-jardin.jpg|||\u00a0\u00bb][\/vc_carousel_son][vc_carousel_son popup=\u00a0\u00bbimages\u00a0\u00bb image_id=\u00a0\u00bb3628&Prime; caption_url=\u00a0\u00bburl:%2Fwp-content%2Fuploads%2F2020%2F04%2Fbeche-faux-travail-terre.jpg|||\u00a0\u00bb][\/vc_carousel_son][vc_carousel_son popup=\u00a0\u00bbimages\u00a0\u00bb image_id=\u00a0\u00bb3632&Prime; caption_url=\u00a0\u00bburl:%2Fwp-content%2Fuploads%2F2020%2F04%2Fpioche-et-ballai.jpg|||\u00a0\u00bb][\/vc_carousel_son][\/vc_carousel_father][\/vc_column][\/vc_row][vc_row][vc_column]<div class=\"mgt-header-block clearfix text-left text-black wpb_content_element  mgt-header-block-style-1 mgt-header-texttransform-header \"><h2 class=\"mgt-header-block-title\">Outils \u00e0 main pour couper et tailler<\/h2><div class=\"mgt-header-line\"><\/div><\/div>[vc_carousel_father theme=\u00a0\u00bbcontent-over-slider\u00a0\u00bb padding=\u00a0\u00bb25px\u00a0\u00bb autoplay=\u00a0\u00bbfalse\u00a0\u00bb speed=\u00a0\u00bb3000&Prime; spaces=\u00a0\u00bb30&Prime; slide_visible=\u00a0\u00bb4&Prime; tabs=\u00a0\u00bb3&Prime; slide_scroll=\u00a0\u00bb4&Prime; dotclr=\u00a0\u00bb#fabd42&Prime;][vc_carousel_son popup=\u00a0\u00bbimages\u00a0\u00bb image_id=\u00a0\u00bb3638&Prime; caption_url=\u00a0\u00bburl:%2Fwp-content%2Fuploads%2F2020%2F04%2Fsecateur.jpg|||\u00a0\u00bb][\/vc_carousel_son][vc_carousel_son popup=\u00a0\u00bbimages\u00a0\u00bb image_id=\u00a0\u00bb3634&Prime; caption_url=\u00a0\u00bburl:%2Fwp-content%2Fuploads%2F2020%2F04%2Fdivers-cisailles-coupe-branche.jpg|||\u00a0\u00bb][\/vc_carousel_son][vc_carousel_son popup=\u00a0\u00bbimages\u00a0\u00bb image_id=\u00a0\u00bb3635&Prime; caption_url=\u00a0\u00bburl:%2Fwp-content%2Fuploads%2F2020%2F04%2Fechenilloir.jpg|||\u00a0\u00bb][\/vc_carousel_son][vc_carousel_son popup=\u00a0\u00bbimages\u00a0\u00bb image_id=\u00a0\u00bb3636&Prime; caption_url=\u00a0\u00bburl:%2Fwp-content%2Fuploads%2F2020%2F04%2Fhachette-hache-merlin.jpg|||\u00a0\u00bb][\/vc_carousel_son][vc_carousel_son popup=\u00a0\u00bbimages\u00a0\u00bb image_id=\u00a0\u00bb3637&Prime; caption_url=\u00a0\u00bburl:%2Fwp-content%2Fuploads%2F2020%2F04%2Fscie-couper-bois.jpg|||\u00a0\u00bb][\/vc_carousel_son][\/vc_carousel_father][\/vc_column][\/vc_row][vc_row][vc_column]<div class=\"mgt-header-block clearfix text-left text-black wpb_content_element  mgt-header-block-style-1 mgt-header-texttransform-header \"><h2 class=\"mgt-header-block-title\">Electro-portatifs pour le jardin et son entretien<\/h2><div class=\"mgt-header-line\"><\/div><\/div>[vc_carousel_father theme=\u00a0\u00bbcontent-over-slider\u00a0\u00bb padding=\u00a0\u00bb25px\u00a0\u00bb autoplay=\u00a0\u00bbfalse\u00a0\u00bb speed=\u00a0\u00bb3000&Prime; spaces=\u00a0\u00bb30&Prime; slide_visible=\u00a0\u00bb4&Prime; tabs=\u00a0\u00bb3&Prime; slide_scroll=\u00a0\u00bb4&Prime; dotclr=\u00a0\u00bb#fabd42&Prime;][vc_carousel_son popup=\u00a0\u00bbimages\u00a0\u00bb image_id=\u00a0\u00bb3640&Prime; caption_url=\u00a0\u00bburl:%2Fwp-content%2Fuploads%2F2020%2F04%2Fbordureuse.jpg|||\u00a0\u00bb][\/vc_carousel_son][vc_carousel_son popup=\u00a0\u00bbimages\u00a0\u00bb image_id=\u00a0\u00bb3644&Prime; caption_url=\u00a0\u00bburl:%2Fwp-content%2Fuploads%2F2020%2F04%2Ftaille-haies.jpg|||\u00a0\u00bb][\/vc_carousel_son][vc_carousel_son popup=\u00a0\u00bbimages\u00a0\u00bb image_id=\u00a0\u00bb3645&Prime; caption_url=\u00a0\u00bburl:%2Fwp-content%2Fuploads%2F2020%2F04%2Ftron%C3%A7onneuse.jpg|||\u00a0\u00bb][\/vc_carousel_son][vc_carousel_son popup=\u00a0\u00bbimages\u00a0\u00bb image_id=\u00a0\u00bb3641&Prime; caption_url=\u00a0\u00bburl:%2Fwp-content%2Fuploads%2F2020%2F04%2Fbruleur-electrique.jpg|||\u00a0\u00bb][\/vc_carousel_son][vc_carousel_son popup=\u00a0\u00bbimages\u00a0\u00bb image_id=\u00a0\u00bb3643&Prime; caption_url=\u00a0\u00bburl:%2Fwp-content%2Fuploads%2F2020%2F04%2Ftaille-haie-articule.jpg|||\u00a0\u00bb][\/vc_carousel_son][\/vc_carousel_father][\/vc_column][\/vc_row][vc_row][vc_column]<div class=\"mgt-header-block clearfix text-left text-black wpb_content_element  mgt-header-block-style-1 mgt-header-texttransform-header \"><h2 class=\"mgt-header-block-title\">Accessoires li\u00e9s \u00e0 l'arrosage<\/h2><div class=\"mgt-header-line\"><\/div><\/div>[vc_carousel_father theme=\u00a0\u00bbcontent-over-slider\u00a0\u00bb padding=\u00a0\u00bb25px\u00a0\u00bb autoplay=\u00a0\u00bbfalse\u00a0\u00bb speed=\u00a0\u00bb3000&Prime; spaces=\u00a0\u00bb30&Prime; slide_visible=\u00a0\u00bb4&Prime; tabs=\u00a0\u00bb3&Prime; slide_scroll=\u00a0\u00bb4&Prime; dotclr=\u00a0\u00bb#fabd42&Prime;][vc_carousel_son popup=\u00a0\u00bbimages\u00a0\u00bb image_id=\u00a0\u00bb3652&Prime; caption_url=\u00a0\u00bburl:%2Fwp-content%2Fuploads%2F2020%2F04%2Fpulverisateur.jpg|||\u00a0\u00bb][\/vc_carousel_son][vc_carousel_son popup=\u00a0\u00bbimages\u00a0\u00bb image_id=\u00a0\u00bb3649&Prime; caption_url=\u00a0\u00bburl:%2Fwp-content%2Fuploads%2F2020%2F04%2Farrosoir-pvc.jpg|||\u00a0\u00bb][\/vc_carousel_son][vc_carousel_son popup=\u00a0\u00bbimages\u00a0\u00bb image_id=\u00a0\u00bb3651&Prime; caption_url=\u00a0\u00bburl:%2Fwp-content%2Fuploads%2F2020%2F04%2Fenrouleur-r%C3%A9glable.jpg|||\u00a0\u00bb][\/vc_carousel_son][vc_carousel_son popup=\u00a0\u00bbimages\u00a0\u00bb image_id=\u00a0\u00bb3648&Prime; caption_url=\u00a0\u00bburl:%2Fwp-content%2Fuploads%2F2020%2F04%2Farrosage-automatique.jpg|||\u00a0\u00bb][\/vc_carousel_son][vc_carousel_son popup=\u00a0\u00bbimages\u00a0\u00bb image_id=\u00a0\u00bb3650&Prime; caption_url=\u00a0\u00bburl:%2Fwp-content%2Fuploads%2F2020%2F04%2Fenrouleur-avec-tuyau.jpg|||\u00a0\u00bb][\/vc_carousel_son][vc_carousel_son popup=\u00a0\u00bbimages\u00a0\u00bb image_id=\u00a0\u00bb3647&Prime; caption_url=\u00a0\u00bburl:%2Fwp-content%2Fuploads%2F2020%2F04%2Faccessoires-arrosage.jpg|||\u00a0\u00bb][\/vc_carousel_son][\/vc_carousel_father][\/vc_column][\/vc_row][vc_row][vc_column]<div class=\"mgt-header-block clearfix text-left text-black wpb_content_element  mgt-header-block-style-1 mgt-header-texttransform-header \"><h3 class=\"mgt-header-block-title\">Nos marques d'outillage pour la jardin disponibles en magasin<\/h3><div class=\"mgt-header-line\"><\/div><\/div>[vc_carousel_father theme=\u00a0\u00bbcontent-over-slider\u00a0\u00bb padding=\u00a0\u00bb25px\u00a0\u00bb autoplay=\u00a0\u00bbfalse\u00a0\u00bb speed=\u00a0\u00bb3000&Prime; spaces=\u00a0\u00bb30&Prime; slide_visible=\u00a0\u00bb4&Prime; tabs=\u00a0\u00bb3&Prime; slide_scroll=\u00a0\u00bb4&Prime; dotclr=\u00a0\u00bb#fabd42&Prime;][vc_carousel_son popup=\u00a0\u00bbimages\u00a0\u00bb image_id=\u00a0\u00bb3621&Prime; caption_url=\u00a0\u00bb|||\u00a0\u00bb][\/vc_carousel_son][vc_carousel_son popup=\u00a0\u00bbimages\u00a0\u00bb image_id=\u00a0\u00bb3654&Prime; caption_url=\u00a0\u00bb|||\u00a0\u00bb][\/vc_carousel_son][vc_carousel_son popup=\u00a0\u00bbimages\u00a0\u00bb image_id=\u00a0\u00bb3655&Prime; caption_url=\u00a0\u00bb|||\u00a0\u00bb][\/vc_carousel_son][vc_carousel_son popup=\u00a0\u00bbimages\u00a0\u00bb image_id=\u00a0\u00bb3656&Prime; caption_url=\u00a0\u00bb|||\u00a0\u00bb][\/vc_carousel_son][\/vc_carousel_father][\/vc_column][\/vc_row][vc_row content_placement=\u00a0\u00bbmiddle\u00a0\u00bb css=\u00a0\u00bb.vc_custom_1585236430605{padding-top: 50px !important;padding-right: 25px !important;padding-bottom: 25px !important;padding-left: 25px !important;background-color: #f5f5f5 !important;}\u00a0\u00bb][vc_column width=\u00a0\u00bb2\/3&Prime;][vc_column_text css=\u00a0\u00bb.vc_custom_1585228594739{padding-top: 5px !important;}\u00a0\u00bb]<\/p>\n<h2><span style=\"color: #2a2f35;\">VENEZ ESSAYER DANS NOS MAGASINS !<\/span><br \/>\n<a href=\"\/contact\"><span style=\"color: #fabd42;\">\u2029Davezieux &#8211; salaise-sur-sanne<\/span><\/a><\/h2>\n<p>[\/vc_column_text][\/vc_column][vc_column width=\u00a0\u00bb1\/3&Prime;][vc_single_image image=\u00a0\u00bb3298&Prime; img_size=\u00a0\u00bb\u00a0\u00bb alignment=\u00a0\u00bbcenter\u00a0\u00bb][\/vc_column][\/vc_row]<\/p>\n<\/div>","protected":false},"excerpt":{"rendered":"<p>[vc_row full_width=\u00a0\u00bbstretch_row\u00a0\u00bb equal_height=\u00a0\u00bbyes\u00a0\u00bb content_placement=\u00a0\u00bbtop\u00a0\u00bb][vc_column width=\u00a0\u00bb1\/2&Prime; css=\u00a0\u00bb.vc_custom_1585263453354{margin-left: 15px !important;background-color: #fabd42 !important;}\u00a0\u00bb el_class=\u00a0\u00bbbloc-top-bg\u00a0\u00bb][vc_column_text css=\u00a0\u00bb.vc_custom_1587045701958{padding-top: 0px !important;padding-right: 15px !important;padding-bottom: 15px !important;padding-left: 15px !important;}\u00a0\u00bb] Outillage pour le jardin Pelle, pioche, fourche, r\u00e2teau, ballai \u00e0&#8230;<\/p>\n","protected":false},"author":2,"featured_media":0,"parent":3657,"menu_order":0,"comment_status":"closed","ping_status":"closed","template":"","meta":{"footnotes":""},"class_list":["post-3623","page","type-page","status-publish","hentry"],"yoast_head":"<!-- This site is optimized with the Yoast SEO plugin v27.2 - https:\/\/yoast.com\/product\/yoast-seo-wordpress\/ -->\n<title>Outillage pour le jardin | Magasin de bricolage<\/title>\n<meta name=\"robots\" content=\"index, follow, max-snippet:-1, max-image-preview:large, max-video-preview:-1\" \/>\n<link rel=\"canonical\" href=\"https:\/\/arcada.fr\/Salaise\/jardin\/outillage-pour-le-jardin\/\" \/>\n<meta property=\"og:locale\" content=\"fr_FR\" \/>\n<meta property=\"og:type\" content=\"article\" \/>\n<meta property=\"og:title\" content=\"Outillage pour le jardin | Magasin de bricolage\" \/>\n<meta property=\"og:description\" content=\"[vc_row full_width=\u00a0\u00bbstretch_row\u00a0\u00bb equal_height=\u00a0\u00bbyes\u00a0\u00bb content_placement=\u00a0\u00bbtop\u00a0\u00bb][vc_column width=\u00a0\u00bb1\/2&Prime; css=\u00a0\u00bb.vc_custom_1585263453354{margin-left: 15px !important;background-color: #fabd42 !important;}\u00a0\u00bb el_class=\u00a0\u00bbbloc-top-bg\u00a0\u00bb][vc_column_text css=\u00a0\u00bb.vc_custom_1587045701958{padding-top: 0px !important;padding-right: 15px !important;padding-bottom: 15px !important;padding-left: 15px !important;}\u00a0\u00bb] Outillage pour le jardin Pelle, pioche, fourche, r\u00e2teau, ballai \u00e0...\" \/>\n<meta property=\"og:url\" content=\"https:\/\/arcada.fr\/Salaise\/jardin\/outillage-pour-le-jardin\/\" \/>\n<meta property=\"og:site_name\" content=\"Magasin de bricolage\" \/>\n<meta property=\"article:modified_time\" content=\"2021-03-17T17:57:33+00:00\" \/>\n<meta property=\"og:image\" content=\"https:\/\/arcada.fr\/Salaise\/wp-content\/uploads\/2020\/03\/Picto-jardin-blanc.svg\" \/>\n<meta name=\"twitter:card\" content=\"summary_large_image\" \/>\n<meta name=\"twitter:label1\" content=\"Dur\u00e9e de lecture estim\u00e9e\" \/>\n\t<meta name=\"twitter:data1\" content=\"5 minutes\" \/>\n<script type=\"application\/ld+json\" class=\"yoast-schema-graph\">{\"@context\":\"https:\/\/schema.org\",\"@graph\":[{\"@type\":\"WebPage\",\"@id\":\"https:\/\/arcada.fr\/Salaise\/jardin\/outillage-pour-le-jardin\/\",\"url\":\"https:\/\/arcada.fr\/Salaise\/jardin\/outillage-pour-le-jardin\/\",\"name\":\"Outillage pour le jardin | Magasin de bricolage\",\"isPartOf\":{\"@id\":\"https:\/\/arcada.fr\/Salaise\/#website\"},\"primaryImageOfPage\":{\"@id\":\"https:\/\/arcada.fr\/Salaise\/jardin\/outillage-pour-le-jardin\/#primaryimage\"},\"image\":{\"@id\":\"https:\/\/arcada.fr\/Salaise\/jardin\/outillage-pour-le-jardin\/#primaryimage\"},\"thumbnailUrl\":\"https:\/\/arcada.fr\/Salaise\/wp-content\/uploads\/2020\/03\/Picto-jardin-blanc.svg\",\"datePublished\":\"2020-04-16T13:54:13+00:00\",\"dateModified\":\"2021-03-17T17:57:33+00:00\",\"breadcrumb\":{\"@id\":\"https:\/\/arcada.fr\/Salaise\/jardin\/outillage-pour-le-jardin\/#breadcrumb\"},\"inLanguage\":\"fr-FR\",\"potentialAction\":[{\"@type\":\"ReadAction\",\"target\":[\"https:\/\/arcada.fr\/Salaise\/jardin\/outillage-pour-le-jardin\/\"]}]},{\"@type\":\"ImageObject\",\"inLanguage\":\"fr-FR\",\"@id\":\"https:\/\/arcada.fr\/Salaise\/jardin\/outillage-pour-le-jardin\/#primaryimage\",\"url\":\"https:\/\/arcada.fr\/Salaise\/wp-content\/uploads\/2020\/03\/Picto-jardin-blanc.svg\",\"contentUrl\":\"https:\/\/arcada.fr\/Salaise\/wp-content\/uploads\/2020\/03\/Picto-jardin-blanc.svg\",\"width\":38,\"height\":36},{\"@type\":\"BreadcrumbList\",\"@id\":\"https:\/\/arcada.fr\/Salaise\/jardin\/outillage-pour-le-jardin\/#breadcrumb\",\"itemListElement\":[{\"@type\":\"ListItem\",\"position\":1,\"name\":\"Accueil\",\"item\":\"https:\/\/arcada.fr\/Salaise\/\"},{\"@type\":\"ListItem\",\"position\":2,\"name\":\"Jardin\",\"item\":\"https:\/\/arcada.fr\/Salaise\/jardin\/\"},{\"@type\":\"ListItem\",\"position\":3,\"name\":\"Outillage pour le jardin\"}]},{\"@type\":\"WebSite\",\"@id\":\"https:\/\/arcada.fr\/Salaise\/#website\",\"url\":\"https:\/\/arcada.fr\/Salaise\/\",\"name\":\"Magasin de bricolage\",\"description\":\"L&#039;outillage, notre passion !\",\"potentialAction\":[{\"@type\":\"SearchAction\",\"target\":{\"@type\":\"EntryPoint\",\"urlTemplate\":\"https:\/\/arcada.fr\/Salaise\/?s={search_term_string}\"},\"query-input\":{\"@type\":\"PropertyValueSpecification\",\"valueRequired\":true,\"valueName\":\"search_term_string\"}}],\"inLanguage\":\"fr-FR\"}]}<\/script>\n<!-- \/ Yoast SEO plugin. -->","yoast_head_json":{"title":"Outillage pour le jardin | Magasin de bricolage","robots":{"index":"index","follow":"follow","max-snippet":"max-snippet:-1","max-image-preview":"max-image-preview:large","max-video-preview":"max-video-preview:-1"},"canonical":"https:\/\/arcada.fr\/Salaise\/jardin\/outillage-pour-le-jardin\/","og_locale":"fr_FR","og_type":"article","og_title":"Outillage pour le jardin | Magasin de bricolage","og_description":"[vc_row full_width=\u00a0\u00bbstretch_row\u00a0\u00bb equal_height=\u00a0\u00bbyes\u00a0\u00bb content_placement=\u00a0\u00bbtop\u00a0\u00bb][vc_column width=\u00a0\u00bb1\/2&Prime; css=\u00a0\u00bb.vc_custom_1585263453354{margin-left: 15px !important;background-color: #fabd42 !important;}\u00a0\u00bb el_class=\u00a0\u00bbbloc-top-bg\u00a0\u00bb][vc_column_text css=\u00a0\u00bb.vc_custom_1587045701958{padding-top: 0px !important;padding-right: 15px !important;padding-bottom: 15px !important;padding-left: 15px !important;}\u00a0\u00bb] Outillage pour le jardin Pelle, pioche, fourche, r\u00e2teau, ballai \u00e0...","og_url":"https:\/\/arcada.fr\/Salaise\/jardin\/outillage-pour-le-jardin\/","og_site_name":"Magasin de bricolage","article_modified_time":"2021-03-17T17:57:33+00:00","og_image":[{"url":"https:\/\/arcada.fr\/Salaise\/wp-content\/uploads\/2020\/03\/Picto-jardin-blanc.svg","type":"","width":"","height":""}],"twitter_card":"summary_large_image","twitter_misc":{"Dur\u00e9e de lecture estim\u00e9e":"5 minutes"},"schema":{"@context":"https:\/\/schema.org","@graph":[{"@type":"WebPage","@id":"https:\/\/arcada.fr\/Salaise\/jardin\/outillage-pour-le-jardin\/","url":"https:\/\/arcada.fr\/Salaise\/jardin\/outillage-pour-le-jardin\/","name":"Outillage pour le jardin | Magasin de bricolage","isPartOf":{"@id":"https:\/\/arcada.fr\/Salaise\/#website"},"primaryImageOfPage":{"@id":"https:\/\/arcada.fr\/Salaise\/jardin\/outillage-pour-le-jardin\/#primaryimage"},"image":{"@id":"https:\/\/arcada.fr\/Salaise\/jardin\/outillage-pour-le-jardin\/#primaryimage"},"thumbnailUrl":"https:\/\/arcada.fr\/Salaise\/wp-content\/uploads\/2020\/03\/Picto-jardin-blanc.svg","datePublished":"2020-04-16T13:54:13+00:00","dateModified":"2021-03-17T17:57:33+00:00","breadcrumb":{"@id":"https:\/\/arcada.fr\/Salaise\/jardin\/outillage-pour-le-jardin\/#breadcrumb"},"inLanguage":"fr-FR","potentialAction":[{"@type":"ReadAction","target":["https:\/\/arcada.fr\/Salaise\/jardin\/outillage-pour-le-jardin\/"]}]},{"@type":"ImageObject","inLanguage":"fr-FR","@id":"https:\/\/arcada.fr\/Salaise\/jardin\/outillage-pour-le-jardin\/#primaryimage","url":"https:\/\/arcada.fr\/Salaise\/wp-content\/uploads\/2020\/03\/Picto-jardin-blanc.svg","contentUrl":"https:\/\/arcada.fr\/Salaise\/wp-content\/uploads\/2020\/03\/Picto-jardin-blanc.svg","width":38,"height":36},{"@type":"BreadcrumbList","@id":"https:\/\/arcada.fr\/Salaise\/jardin\/outillage-pour-le-jardin\/#breadcrumb","itemListElement":[{"@type":"ListItem","position":1,"name":"Accueil","item":"https:\/\/arcada.fr\/Salaise\/"},{"@type":"ListItem","position":2,"name":"Jardin","item":"https:\/\/arcada.fr\/Salaise\/jardin\/"},{"@type":"ListItem","position":3,"name":"Outillage pour le jardin"}]},{"@type":"WebSite","@id":"https:\/\/arcada.fr\/Salaise\/#website","url":"https:\/\/arcada.fr\/Salaise\/","name":"Magasin de bricolage","description":"L&#039;outillage, notre passion !","potentialAction":[{"@type":"SearchAction","target":{"@type":"EntryPoint","urlTemplate":"https:\/\/arcada.fr\/Salaise\/?s={search_term_string}"},"query-input":{"@type":"PropertyValueSpecification","valueRequired":true,"valueName":"search_term_string"}}],"inLanguage":"fr-FR"}]}},"_links":{"self":[{"href":"https:\/\/arcada.fr\/Salaise\/wp-json\/wp\/v2\/pages\/3623","targetHints":{"allow":["GET"]}}],"collection":[{"href":"https:\/\/arcada.fr\/Salaise\/wp-json\/wp\/v2\/pages"}],"about":[{"href":"https:\/\/arcada.fr\/Salaise\/wp-json\/wp\/v2\/types\/page"}],"author":[{"embeddable":true,"href":"https:\/\/arcada.fr\/Salaise\/wp-json\/wp\/v2\/users\/2"}],"replies":[{"embeddable":true,"href":"https:\/\/arcada.fr\/Salaise\/wp-json\/wp\/v2\/comments?post=3623"}],"version-history":[{"count":0,"href":"https:\/\/arcada.fr\/Salaise\/wp-json\/wp\/v2\/pages\/3623\/revisions"}],"up":[{"embeddable":true,"href":"https:\/\/arcada.fr\/Salaise\/wp-json\/wp\/v2\/pages\/3657"}],"wp:attachment":[{"href":"https:\/\/arcada.fr\/Salaise\/wp-json\/wp\/v2\/media?parent=3623"}],"curies":[{"name":"wp","href":"https:\/\/api.w.org\/{rel}","templated":true}]}}