{"id":3657,"date":"2020-04-16T16:03:03","date_gmt":"2020-04-16T16:03:03","guid":{"rendered":"https:\/\/arcada.evenove-dev1.fr\/?page_id=3657"},"modified":"2023-03-02T13:06:11","modified_gmt":"2023-03-02T13:06:11","slug":"jardin","status":"publish","type":"page","link":"https:\/\/arcada.fr\/Salaise\/jardin\/","title":{"rendered":"Jardin"},"content":{"rendered":"<div class=\"wpb-content-wrapper\"><p>[vc_row][vc_column][vc_column_text css_animation=\u00a0\u00bbbottom-to-top\u00a0\u00bb]<\/p>\n<h1><span style=\"color: #fabd42;\"><span style=\"color: #000000;\">Outils de jardinage<\/span><\/span><\/h1>\n<h2>Tout l&rsquo;\u00e9quipement pour l&rsquo;entretien de votre jardin et travail en hauteur<\/h2>\n<p>En <strong>outil de jardinage<\/strong>, notre \u00e9quipement pour l\u2019entretien et l\u2019am\u00e9nagement du jardin se distingue parmi plusieurs familles \u00e0 savoir : les outils de jardin, am\u00e9nagement et entretien des jardins, les b\u00e2ches de protection. Nous avons aussi s\u00e9lectionn\u00e9 pour vous une gamme d&rsquo;\u00e9chelles et autres \u00e9chafaudages pour les travaux en hauteur.<\/p>\n<h2><strong>Large choix d&rsquo;outils de jardinage<\/strong><\/h2>\n<p>Nous proposons en outils de jardin des marques professionnelles telles que Ryobi, Revex, Ribimex, Forges de Magne, APF, SODEPM, Artub, Centaure, Tubesca pour tous usages.<\/p>\n<p>Choisissez la famille qui vous int\u00e9resse pour consulter les produits disponibles en magasin.<\/p>\n<p>Choisissez votre <strong>outil de jardinage au meilleur prix<\/strong> tel que pelle, pioche, fourche, r\u00e2teau, ballai \u00e0 feuilles, s\u00e9cateur, cisaille, hache, \u00e9chenilloir, ou bien des b\u00e2ches et housse de protection (l\u00e9g\u00e8res, \u00e9paisses, industrielles, multifonctions, anti-uv, b\u00e2ches techniques). Pour le travail en hauteur d\u00e9couvrez notre s\u00e9lection de marche pied, escabeaux, \u00e9chelles, \u00e9chelle transformable, \u00e9chelle multi-fonction, \u00e9chelle t\u00e9lescopique, \u00e9chafaudage, palan\u2026&#8230;etc dans notre magasin de bricolage[\/vc_column_text][\/vc_column][\/vc_row][vc_section full_width=\u00a0\u00bbstretch_row\u00a0\u00bb disable_element=\u00a0\u00bbyes\u00a0\u00bb css=\u00a0\u00bb.vc_custom_1587145514452{margin-bottom: -55px !important;padding-top: 0px !important;padding-bottom: 60px !important;background-color: #f7f7f7 !important;}\u00a0\u00bb][vc_row equal_height=\u00a0\u00bbyes\u00a0\u00bb css=\u00a0\u00bb.vc_custom_1585509284351{padding-top: 50px !important;}\u00a0\u00bb el_class=\u00a0\u00bbbloc-fblanc\u00a0\u00bb][vc_column css_animation=\u00a0\u00bbslideInUp\u00a0\u00bb width=\u00a0\u00bb1\/2&Prime; css=\u00a0\u00bb.vc_custom_1585307651962{margin-right: 30px !important;}\u00a0\u00bb el_class=\u00a0\u00bbbloc-cat\u00a0\u00bb]<div class=\"mgt-header-block clearfix text-left text-black wpb_content_element  mgt-header-block-style-1 mgt-header-texttransform-header  vc_custom_1587145172921\"><h2 class=\"mgt-header-block-title\">Outillage pour le jardin<\/h2><div class=\"mgt-header-line\"><\/div><\/div>[vc_column_text css=\u00a0\u00bb.vc_custom_1587145217124{padding-right: 25px !important;padding-left: 25px !important;}\u00a0\u00bb]Retrouver nos outillages pour le jardin que nous proposons dans nos magasins de bricolage chez Arcada.[\/vc_column_text][vc_single_image image=\u00a0\u00bb3769&Prime; img_size=\u00a0\u00bbfull\u00a0\u00bb alignment=\u00a0\u00bbcenter\u00a0\u00bb css=\u00a0\u00bb.vc_custom_1587145113953{padding-right: 25px !important;padding-left: 25px !important;}\u00a0\u00bb el_class=\u00a0\u00bbtaille-reg\u00a0\u00bb][vc_single_image image=\u00a0\u00bb3297&Prime; img_size=\u00a0\u00bb200&#215;50&Prime; alignment=\u00a0\u00bbcenter\u00a0\u00bb onclick=\u00a0\u00bbcustom_link\u00a0\u00bb css=\u00a0\u00bb.vc_custom_1587145162930{padding-top: 20px !important;padding-right: 25px !important;padding-left: 25px !important;}\u00a0\u00bb link=\u00a0\u00bb\/jardin\/outillage-pour-le-jardin\/\u00a0\u00bb][\/vc_column][vc_column css_animation=\u00a0\u00bbslideInUp\u00a0\u00bb width=\u00a0\u00bb1\/2&Prime; el_class=\u00a0\u00bbbloc-cat\u00a0\u00bb]<div class=\"mgt-header-block clearfix text-left text-black wpb_content_element  mgt-header-block-style-1 mgt-header-texttransform-header  vc_custom_1587145238394\"><h2 class=\"mgt-header-block-title\">B\u00e2ches et housses<\/h2><div class=\"mgt-header-line\"><\/div><\/div>[vc_column_text css=\u00a0\u00bb.vc_custom_1587145262190{padding-right: 25px !important;padding-left: 25px !important;}\u00a0\u00bb]Retrouver nos b\u00e2ches, et housses de protections que nous proposons dans nos magasins de bricolage chez Arcada.[\/vc_column_text][vc_single_image image=\u00a0\u00bb3768&Prime; img_size=\u00a0\u00bbfull\u00a0\u00bb alignment=\u00a0\u00bbcenter\u00a0\u00bb css=\u00a0\u00bb.vc_custom_1587145282876{padding-right: 25px !important;padding-left: 25px !important;}\u00a0\u00bb el_class=\u00a0\u00bbtaille-reg\u00a0\u00bb][vc_single_image image=\u00a0\u00bb3297&Prime; img_size=\u00a0\u00bb200&#215;50&Prime; alignment=\u00a0\u00bbcenter\u00a0\u00bb onclick=\u00a0\u00bbcustom_link\u00a0\u00bb css=\u00a0\u00bb.vc_custom_1587145309586{padding-top: 20px !important;padding-right: 25px !important;padding-left: 25px !important;}\u00a0\u00bb link=\u00a0\u00bb\/jardin\/baches\/\u00a0\u00bb][\/vc_column][\/vc_row][\/vc_section][vc_section full_width=\u00a0\u00bbstretch_row\u00a0\u00bb css=\u00a0\u00bb.vc_custom_1585307354186{margin-bottom: -55px !important;padding-top: 0px !important;padding-bottom: 60px !important;background-color: #f7f7f7 !important;}\u00a0\u00bb][vc_row equal_height=\u00a0\u00bbyes\u00a0\u00bb css=\u00a0\u00bb.vc_custom_1585509284351{padding-top: 50px !important;}\u00a0\u00bb el_class=\u00a0\u00bbbloc-fblanc\u00a0\u00bb][vc_column css_animation=\u00a0\u00bbslideInUp\u00a0\u00bb width=\u00a0\u00bb1\/3&Prime; css=\u00a0\u00bb.vc_custom_1585307651962{margin-right: 30px !important;}\u00a0\u00bb el_class=\u00a0\u00bbbloc-cat\u00a0\u00bb]<div class=\"mgt-header-block clearfix text-left text-black wpb_content_element  mgt-header-block-style-1 mgt-header-texttransform-header  vc_custom_1587145172921\"><h2 class=\"mgt-header-block-title\">Outillage pour le jardin<\/h2><div class=\"mgt-header-line\"><\/div><\/div>[vc_column_text css=\u00a0\u00bb.vc_custom_1587145217124{padding-right: 25px !important;padding-left: 25px !important;}\u00a0\u00bb]Retrouver nos outillages pour le jardin que nous proposons dans nos magasins de bricolage chez Arcada.[\/vc_column_text][vc_single_image image=\u00a0\u00bb3769&Prime; img_size=\u00a0\u00bbfull\u00a0\u00bb alignment=\u00a0\u00bbcenter\u00a0\u00bb css=\u00a0\u00bb.vc_custom_1587145113953{padding-right: 25px !important;padding-left: 25px !important;}\u00a0\u00bb el_class=\u00a0\u00bbtaille-reg\u00a0\u00bb][vc_single_image image=\u00a0\u00bb3297&Prime; img_size=\u00a0\u00bb200&#215;50&Prime; alignment=\u00a0\u00bbcenter\u00a0\u00bb onclick=\u00a0\u00bbcustom_link\u00a0\u00bb css=\u00a0\u00bb.vc_custom_1587145162930{padding-top: 20px !important;padding-right: 25px !important;padding-left: 25px !important;}\u00a0\u00bb link=\u00a0\u00bb\/jardin\/outillage-pour-le-jardin\/\u00a0\u00bb][\/vc_column][vc_column css_animation=\u00a0\u00bbslideInUp\u00a0\u00bb width=\u00a0\u00bb1\/3&Prime; el_class=\u00a0\u00bbbloc-cat\u00a0\u00bb]<div class=\"mgt-header-block clearfix text-left text-black wpb_content_element  mgt-header-block-style-1 mgt-header-texttransform-header  vc_custom_1587145238394\"><h2 class=\"mgt-header-block-title\">B\u00e2ches et housses<\/h2><div class=\"mgt-header-line\"><\/div><\/div>[vc_column_text css=\u00a0\u00bb.vc_custom_1587145574669{padding-right: 25px !important;padding-left: 25px !important;}\u00a0\u00bb]Retrouver nos b\u00e2ches, et housses de protections que nous proposons dans nos magasins de bricolage chez Arcada.<\/p>\n<p>[\/vc_column_text][vc_single_image image=\u00a0\u00bb3768&Prime; img_size=\u00a0\u00bbfull\u00a0\u00bb alignment=\u00a0\u00bbcenter\u00a0\u00bb css=\u00a0\u00bb.vc_custom_1587145282876{padding-right: 25px !important;padding-left: 25px !important;}\u00a0\u00bb el_class=\u00a0\u00bbtaille-reg\u00a0\u00bb][vc_single_image image=\u00a0\u00bb3297&Prime; img_size=\u00a0\u00bb200&#215;50&Prime; alignment=\u00a0\u00bbcenter\u00a0\u00bb onclick=\u00a0\u00bbcustom_link\u00a0\u00bb css=\u00a0\u00bb.vc_custom_1587145309586{padding-top: 20px !important;padding-right: 25px !important;padding-left: 25px !important;}\u00a0\u00bb link=\u00a0\u00bb\/jardin\/baches\/\u00a0\u00bb][\/vc_column][vc_column css_animation=\u00a0\u00bbslideInUp\u00a0\u00bb width=\u00a0\u00bb1\/3&Prime; el_class=\u00a0\u00bbbloc-cat\u00a0\u00bb]<div class=\"mgt-header-block clearfix text-left text-black wpb_content_element  mgt-header-block-style-1 mgt-header-texttransform-header  vc_custom_1587145370771\"><h2 class=\"mgt-header-block-title\">Escabeaux, \u00e9chelles et travaux en hauteur<\/h2><div class=\"mgt-header-line\"><\/div><\/div>[vc_column_text css=\u00a0\u00bb.vc_custom_1587145408263{padding-right: 25px !important;padding-left: 25px !important;}\u00a0\u00bb]Retrouver nos marches pieds, escabeaux, \u00e9chelles disponibles en magasin chez Arcada.[\/vc_column_text][vc_single_image image=\u00a0\u00bb3767&Prime; img_size=\u00a0\u00bbfull\u00a0\u00bb alignment=\u00a0\u00bbcenter\u00a0\u00bb css=\u00a0\u00bb.vc_custom_1587145421661{padding-right: 25px !important;padding-left: 25px !important;}\u00a0\u00bb el_class=\u00a0\u00bbtaille-reg\u00a0\u00bb][vc_single_image image=\u00a0\u00bb3297&Prime; img_size=\u00a0\u00bb200&#215;50&Prime; alignment=\u00a0\u00bbcenter\u00a0\u00bb onclick=\u00a0\u00bbcustom_link\u00a0\u00bb css=\u00a0\u00bb.vc_custom_1587145446636{padding-top: 20px !important;padding-right: 25px !important;padding-left: 25px !important;}\u00a0\u00bb link=\u00a0\u00bb\/jardin\/echelle-echaffaudage\/\u00a0\u00bb][\/vc_column][\/vc_row][\/vc_section]<\/p>\n<\/div>","protected":false},"excerpt":{"rendered":"<p>[vc_row][vc_column][vc_column_text css_animation=\u00a0\u00bbbottom-to-top\u00a0\u00bb] Outils de jardinage Tout l&rsquo;\u00e9quipement pour l&rsquo;entretien de votre jardin et travail en hauteur En outil de jardinage, notre \u00e9quipement pour l\u2019entretien et l\u2019am\u00e9nagement du jardin se distingue&#8230;<\/p>\n","protected":false},"author":2,"featured_media":0,"parent":0,"menu_order":0,"comment_status":"closed","ping_status":"closed","template":"","meta":{"footnotes":""},"class_list":["post-3657","page","type-page","status-publish","hentry"],"yoast_head":"<!-- This site is optimized with the Yoast SEO plugin v27.2 - https:\/\/yoast.com\/product\/yoast-seo-wordpress\/ -->\n<title>Outil de jardinage : r\u00e2teau, s\u00e9cateur, pelle, pioche, marche pieds<\/title>\n<meta name=\"description\" content=\"Large choix d&#039;outil de jardinage au meilleur prix tel que r\u00e2teau, s\u00e9cateur, pelle, pioche, marche pieds, b\u00e2ches et housse de protection...etc dans nos magasins de bricolage Salaise sur Sanne et Davezieux.\" \/>\n<meta name=\"robots\" content=\"index, follow, max-snippet:-1, max-image-preview:large, max-video-preview:-1\" \/>\n<link rel=\"canonical\" href=\"https:\/\/arcada.fr\/Salaise\/jardin\/\" \/>\n<meta property=\"og:locale\" content=\"fr_FR\" \/>\n<meta property=\"og:type\" content=\"article\" \/>\n<meta property=\"og:title\" content=\"Outil de jardinage : r\u00e2teau, s\u00e9cateur, pelle, pioche, marche pieds\" \/>\n<meta property=\"og:description\" content=\"Large choix d&#039;outil de jardinage au meilleur prix tel que r\u00e2teau, s\u00e9cateur, pelle, pioche, marche pieds, b\u00e2ches et housse de protection...etc dans nos magasins de bricolage Salaise sur Sanne et Davezieux.\" \/>\n<meta property=\"og:url\" content=\"https:\/\/arcada.fr\/Salaise\/jardin\/\" \/>\n<meta property=\"og:site_name\" content=\"Magasin de bricolage\" \/>\n<meta property=\"article:modified_time\" content=\"2023-03-02T13:06:11+00:00\" \/>\n<meta name=\"twitter:card\" content=\"summary_large_image\" \/>\n<meta name=\"twitter:label1\" content=\"Dur\u00e9e de lecture estim\u00e9e\" \/>\n\t<meta name=\"twitter:data1\" content=\"3 minutes\" \/>\n<script type=\"application\/ld+json\" class=\"yoast-schema-graph\">{\"@context\":\"https:\/\/schema.org\",\"@graph\":[{\"@type\":\"WebPage\",\"@id\":\"https:\/\/arcada.fr\/Salaise\/jardin\/\",\"url\":\"https:\/\/arcada.fr\/Salaise\/jardin\/\",\"name\":\"Outil de jardinage : r\u00e2teau, s\u00e9cateur, pelle, pioche, marche pieds\",\"isPartOf\":{\"@id\":\"https:\/\/arcada.fr\/Salaise\/#website\"},\"datePublished\":\"2020-04-16T16:03:03+00:00\",\"dateModified\":\"2023-03-02T13:06:11+00:00\",\"description\":\"Large choix d'outil de jardinage au meilleur prix tel que r\u00e2teau, s\u00e9cateur, pelle, pioche, marche pieds, b\u00e2ches et housse de protection...etc dans nos magasins de bricolage Salaise sur Sanne et Davezieux.\",\"breadcrumb\":{\"@id\":\"https:\/\/arcada.fr\/Salaise\/jardin\/#breadcrumb\"},\"inLanguage\":\"fr-FR\",\"potentialAction\":[{\"@type\":\"ReadAction\",\"target\":[\"https:\/\/arcada.fr\/Salaise\/jardin\/\"]}]},{\"@type\":\"BreadcrumbList\",\"@id\":\"https:\/\/arcada.fr\/Salaise\/jardin\/#breadcrumb\",\"itemListElement\":[{\"@type\":\"ListItem\",\"position\":1,\"name\":\"Accueil\",\"item\":\"https:\/\/arcada.fr\/Salaise\/\"},{\"@type\":\"ListItem\",\"position\":2,\"name\":\"Jardin\"}]},{\"@type\":\"WebSite\",\"@id\":\"https:\/\/arcada.fr\/Salaise\/#website\",\"url\":\"https:\/\/arcada.fr\/Salaise\/\",\"name\":\"Magasin de bricolage\",\"description\":\"L&#039;outillage, notre passion !\",\"potentialAction\":[{\"@type\":\"SearchAction\",\"target\":{\"@type\":\"EntryPoint\",\"urlTemplate\":\"https:\/\/arcada.fr\/Salaise\/?s={search_term_string}\"},\"query-input\":{\"@type\":\"PropertyValueSpecification\",\"valueRequired\":true,\"valueName\":\"search_term_string\"}}],\"inLanguage\":\"fr-FR\"}]}<\/script>\n<!-- \/ Yoast SEO plugin. -->","yoast_head_json":{"title":"Outil de jardinage : r\u00e2teau, s\u00e9cateur, pelle, pioche, marche pieds","description":"Large choix d'outil de jardinage au meilleur prix tel que r\u00e2teau, s\u00e9cateur, pelle, pioche, marche pieds, b\u00e2ches et housse de protection...etc dans nos magasins de bricolage Salaise sur Sanne et Davezieux.","robots":{"index":"index","follow":"follow","max-snippet":"max-snippet:-1","max-image-preview":"max-image-preview:large","max-video-preview":"max-video-preview:-1"},"canonical":"https:\/\/arcada.fr\/Salaise\/jardin\/","og_locale":"fr_FR","og_type":"article","og_title":"Outil de jardinage : r\u00e2teau, s\u00e9cateur, pelle, pioche, marche pieds","og_description":"Large choix d'outil de jardinage au meilleur prix tel que r\u00e2teau, s\u00e9cateur, pelle, pioche, marche pieds, b\u00e2ches et housse de protection...etc dans nos magasins de bricolage Salaise sur Sanne et Davezieux.","og_url":"https:\/\/arcada.fr\/Salaise\/jardin\/","og_site_name":"Magasin de bricolage","article_modified_time":"2023-03-02T13:06:11+00:00","twitter_card":"summary_large_image","twitter_misc":{"Dur\u00e9e de lecture estim\u00e9e":"3 minutes"},"schema":{"@context":"https:\/\/schema.org","@graph":[{"@type":"WebPage","@id":"https:\/\/arcada.fr\/Salaise\/jardin\/","url":"https:\/\/arcada.fr\/Salaise\/jardin\/","name":"Outil de jardinage : r\u00e2teau, s\u00e9cateur, pelle, pioche, marche pieds","isPartOf":{"@id":"https:\/\/arcada.fr\/Salaise\/#website"},"datePublished":"2020-04-16T16:03:03+00:00","dateModified":"2023-03-02T13:06:11+00:00","description":"Large choix d'outil de jardinage au meilleur prix tel que r\u00e2teau, s\u00e9cateur, pelle, pioche, marche pieds, b\u00e2ches et housse de protection...etc dans nos magasins de bricolage Salaise sur Sanne et Davezieux.","breadcrumb":{"@id":"https:\/\/arcada.fr\/Salaise\/jardin\/#breadcrumb"},"inLanguage":"fr-FR","potentialAction":[{"@type":"ReadAction","target":["https:\/\/arcada.fr\/Salaise\/jardin\/"]}]},{"@type":"BreadcrumbList","@id":"https:\/\/arcada.fr\/Salaise\/jardin\/#breadcrumb","itemListElement":[{"@type":"ListItem","position":1,"name":"Accueil","item":"https:\/\/arcada.fr\/Salaise\/"},{"@type":"ListItem","position":2,"name":"Jardin"}]},{"@type":"WebSite","@id":"https:\/\/arcada.fr\/Salaise\/#website","url":"https:\/\/arcada.fr\/Salaise\/","name":"Magasin de bricolage","description":"L&#039;outillage, notre passion !","potentialAction":[{"@type":"SearchAction","target":{"@type":"EntryPoint","urlTemplate":"https:\/\/arcada.fr\/Salaise\/?s={search_term_string}"},"query-input":{"@type":"PropertyValueSpecification","valueRequired":true,"valueName":"search_term_string"}}],"inLanguage":"fr-FR"}]}},"_links":{"self":[{"href":"https:\/\/arcada.fr\/Salaise\/wp-json\/wp\/v2\/pages\/3657","targetHints":{"allow":["GET"]}}],"collection":[{"href":"https:\/\/arcada.fr\/Salaise\/wp-json\/wp\/v2\/pages"}],"about":[{"href":"https:\/\/arcada.fr\/Salaise\/wp-json\/wp\/v2\/types\/page"}],"author":[{"embeddable":true,"href":"https:\/\/arcada.fr\/Salaise\/wp-json\/wp\/v2\/users\/2"}],"replies":[{"embeddable":true,"href":"https:\/\/arcada.fr\/Salaise\/wp-json\/wp\/v2\/comments?post=3657"}],"version-history":[{"count":0,"href":"https:\/\/arcada.fr\/Salaise\/wp-json\/wp\/v2\/pages\/3657\/revisions"}],"wp:attachment":[{"href":"https:\/\/arcada.fr\/Salaise\/wp-json\/wp\/v2\/media?parent=3657"}],"curies":[{"name":"wp","href":"https:\/\/api.w.org\/{rel}","templated":true}]}}