{"id":3696,"date":"2020-04-17T14:21:23","date_gmt":"2020-04-17T14:21:23","guid":{"rendered":"https:\/\/arcada.evenove-dev1.fr\/?page_id=3696"},"modified":"2024-11-25T08:50:09","modified_gmt":"2024-11-25T08:50:09","slug":"echelle-echaffaudage","status":"publish","type":"page","link":"https:\/\/arcada.fr\/Salaise\/jardin\/echelle-echaffaudage\/","title":{"rendered":"Echelles, Echaffaudages, travail en hauteur"},"content":{"rendered":"<div class=\"wpb-content-wrapper\"><p>[vc_row full_width=\u00a0\u00bbstretch_row\u00a0\u00bb equal_height=\u00a0\u00bbyes\u00a0\u00bb content_placement=\u00a0\u00bbtop\u00a0\u00bb][vc_column width=\u00a0\u00bb1\/2&Prime; css=\u00a0\u00bb.vc_custom_1585263453354{margin-left: 15px !important;background-color: #fabd42 !important;}\u00a0\u00bb el_class=\u00a0\u00bbbloc-top-bg\u00a0\u00bb][vc_column_text css=\u00a0\u00bb.vc_custom_1587462260138{padding-top: 0px !important;padding-right: 15px !important;padding-bottom: 15px !important;padding-left: 15px !important;}\u00a0\u00bb]<\/p>\n<div class=\"sscat-bloc-top\">\n<p><img loading=\"lazy\" decoding=\"async\" class=\"alignnone wp-image-3954 \" src=\"https:\/\/arcada.fr\/Salaise\/wp-content\/uploads\/2020\/04\/echelle.svg\" alt=\"\" width=\"56\" height=\"57\" \/><\/p>\n<p><strong>Travail en Hauteur<br \/>\n<\/strong><\/p>\n<p><em><i>Marche pied, Escabeaux, \u00e9chelles, \u00e9chelle transformable, \u00e9chelle multi-fonction, \u00e9chelle t\u00e9lescopique, \u00e9chafaudage, palan&#8230;etc<\/i><\/em><\/p>\n<p><em>\u00a0<\/em><\/p>\n<p><em>\u00a0<\/em><\/p>\n<p><em>\u00a0<\/em><\/div>\n<p>[\/vc_column_text][\/vc_column][vc_column width=\u00a0\u00bb1\/2&Prime;][vc_single_image image=\u00a0\u00bb3946&Prime; img_size=\u00a0\u00bbfull\u00a0\u00bb css_animation=\u00a0\u00bbzoomIn\u00a0\u00bb][\/vc_column][\/vc_row][vc_row css=\u00a0\u00bb.vc_custom_1587045628644{padding-top: 40px !important;}\u00a0\u00bb][vc_column][vc_column_text css_animation=\u00a0\u00bbbottom-to-top\u00a0\u00bb]<\/p>\n<h1><span style=\"color: #fabd42;\">Nos \u00e9chelles, \u00e9chafaudage pour travailler en hauteur :<\/span><\/h1>\n<p>A l\u2019int\u00e9rieur tout comme \u00e0 l\u2019ext\u00e9rieur, il est fr\u00e9quent de devoir prendre de la hauteur pour bricoler. Vous trouverez chez Arcada des escabots pliables de toute taille, adapt\u00e9s \u00e0 tous les travaux et bricolages en int\u00e9rieur.<\/p>\n<p>Pour les travaux plus \u00e9lev\u00e9s en ext\u00e9rieur par exemple nous proposons des \u00e9chelles simples et des \u00e9chelles transformables s\u2019\u00e9levant jusqu\u2019\u00e0 5,75 m\u00e8tres de hauteur.<\/p>\n<p>Pour un confort optimal et les travaux en hauteur d\u2019une dur\u00e9e plus longue, Arcada vous propose ses \u00e9chafaudages avec plateforme stable pour tenir debout et avec une hauteur de travail jusqu\u2019\u00e0 4 m\u00e8tres.[\/vc_column_text][\/vc_column][\/vc_row][vc_row][vc_column]<div class=\"mgt-header-block clearfix text-left text-black wpb_content_element  mgt-header-block-style-1 mgt-header-texttransform-header \"><h2 class=\"mgt-header-block-title\">Marches pieds et Escabeaux<\/h2><div class=\"mgt-header-line\"><\/div><\/div>[vc_carousel_father theme=\u00a0\u00bbcontent-over-slider\u00a0\u00bb autoplay=\u00a0\u00bbfalse\u00a0\u00bb speed=\u00a0\u00bb3000&Prime; spaces=\u00a0\u00bb30&Prime; slide_visible=\u00a0\u00bb4&Prime; tabs=\u00a0\u00bb3&Prime; slide_scroll=\u00a0\u00bb4&Prime; dotclr=\u00a0\u00bb#fabd42&Prime; padding=\u00a0\u00bb25px\u00a0\u00bb][vc_carousel_son popup=\u00a0\u00bbimages\u00a0\u00bb image_id=\u00a0\u00bb3698&Prime; caption_url=\u00a0\u00bburl:%2Fwp-content%2Fuploads%2F2020%2F04%2Fmarche-pied-2-marches.jpg|||\u00a0\u00bb][\/vc_carousel_son][vc_carousel_son popup=\u00a0\u00bbimages\u00a0\u00bb image_id=\u00a0\u00bb3699&Prime; caption_url=\u00a0\u00bburl:%2Fwp-content%2Fuploads%2F2020%2F04%2Fmarche-pieds-marches.jpg|||\u00a0\u00bb][\/vc_carousel_son][vc_carousel_son popup=\u00a0\u00bbimages\u00a0\u00bb image_id=\u00a0\u00bb3700&Prime; caption_url=\u00a0\u00bburl:%2Fwp-content%2Fuploads%2F2020%2F04%2Fmarche-pieds-3-marches.jpg|||\u00a0\u00bb][\/vc_carousel_son][vc_carousel_son popup=\u00a0\u00bbimages\u00a0\u00bb image_id=\u00a0\u00bb3697&Prime; caption_url=\u00a0\u00bburl:%2Fwp-content%2Fuploads%2F2020%2F04%2Fescabeaux.jpg|||\u00a0\u00bb][\/vc_carousel_son][vc_carousel_son popup=\u00a0\u00bbimages\u00a0\u00bb image_id=\u00a0\u00bb3701&Prime; caption_url=\u00a0\u00bburl:%2Fwp-content%2Fuploads%2F2020%2F04%2Fescabeau-centaure-avec-panier.jpg|||\u00a0\u00bb][\/vc_carousel_son][vc_carousel_son popup=\u00a0\u00bbimages\u00a0\u00bb image_id=\u00a0\u00bb3702&Prime; caption_url=\u00a0\u00bburl:%2Fwp-content%2Fuploads%2F2020%2F04%2Fescabeau-centaure.jpg|||\u00a0\u00bb][\/vc_carousel_son][\/vc_carousel_father][\/vc_column][\/vc_row][vc_row][vc_column]<div class=\"mgt-header-block clearfix text-left text-black wpb_content_element  mgt-header-block-style-1 mgt-header-texttransform-header \"><h2 class=\"mgt-header-block-title\">Echelles Aluminium<\/h2><p class=\"mgt-header-block-subtitle\">T\u00e9lescopique, simple. Transformable deux et trois plans<\/p><div class=\"mgt-header-line\"><\/div><\/div>[vc_carousel_father theme=\u00a0\u00bbcontent-over-slider\u00a0\u00bb autoplay=\u00a0\u00bbfalse\u00a0\u00bb speed=\u00a0\u00bb3000&Prime; spaces=\u00a0\u00bb30&Prime; slide_visible=\u00a0\u00bb4&Prime; tabs=\u00a0\u00bb3&Prime; slide_scroll=\u00a0\u00bb4&Prime; dotclr=\u00a0\u00bb#fabd42&Prime; padding=\u00a0\u00bb25px\u00a0\u00bb][vc_carousel_son popup=\u00a0\u00bbimages\u00a0\u00bb image_id=\u00a0\u00bb3705&Prime; caption_url=\u00a0\u00bburl:%2Fwp-content%2Fuploads%2F2020%2F04%2Fechelle-telescopique.jpg|||\u00a0\u00bb][\/vc_carousel_son][vc_carousel_son popup=\u00a0\u00bbimages\u00a0\u00bb image_id=\u00a0\u00bb3704&Prime; caption_url=\u00a0\u00bburl:%2Fwp-content%2Fuploads%2F2020%2F04%2Fechelle-simple.jpg|||\u00a0\u00bb][\/vc_carousel_son][vc_carousel_son popup=\u00a0\u00bbimages\u00a0\u00bb image_id=\u00a0\u00bb3706&Prime; caption_url=\u00a0\u00bburl:%2Fwp-content%2Fuploads%2F2020%2F04%2Fechelle-transformable-2-plans.jpg|||\u00a0\u00bb][\/vc_carousel_son][vc_carousel_son popup=\u00a0\u00bbimages\u00a0\u00bb image_id=\u00a0\u00bb3707&Prime; caption_url=\u00a0\u00bburl:%2Fwp-content%2Fuploads%2F2020%2F04%2Fechelle-transformable-3-plans.jpg|||\u00a0\u00bb][\/vc_carousel_son][\/vc_carousel_father][\/vc_column][\/vc_row][vc_row][vc_column]<div class=\"mgt-header-block clearfix text-left text-black wpb_content_element  mgt-header-block-style-1 mgt-header-texttransform-header \"><h2 class=\"mgt-header-block-title\">Echaffaudages<\/h2><div class=\"mgt-header-line\"><\/div><\/div>[vc_carousel_father theme=\u00a0\u00bbcontent-over-slider\u00a0\u00bb autoplay=\u00a0\u00bbfalse\u00a0\u00bb speed=\u00a0\u00bb3000&Prime; spaces=\u00a0\u00bb30&Prime; slide_visible=\u00a0\u00bb4&Prime; tabs=\u00a0\u00bb3&Prime; slide_scroll=\u00a0\u00bb4&Prime; dotclr=\u00a0\u00bb#fabd42&Prime; padding=\u00a0\u00bb25px\u00a0\u00bb][vc_carousel_son popup=\u00a0\u00bbimages\u00a0\u00bb image_id=\u00a0\u00bb3710&Prime; caption_url=\u00a0\u00bburl:%2Fwp-content%2Fuploads%2F2020%2F04%2Fplateforme-multu-positions.jpg|||\u00a0\u00bb][\/vc_carousel_son][vc_carousel_son popup=\u00a0\u00bbimages\u00a0\u00bb image_id=\u00a0\u00bb3712&Prime; caption_url=\u00a0\u00bburl:%2Fwp-content%2Fuploads%2F2020%2F04%2Fechafaudage-metallique-pliant.jpg|||\u00a0\u00bb][\/vc_carousel_son][vc_carousel_son popup=\u00a0\u00bbimages\u00a0\u00bb image_id=\u00a0\u00bb3711&Prime; caption_url=\u00a0\u00bburl:%2Fwp-content%2Fuploads%2F2020%2F04%2Fechafaudage-centaure-alu.jpg|||\u00a0\u00bb][\/vc_carousel_son][vc_carousel_son popup=\u00a0\u00bbimages\u00a0\u00bb image_id=\u00a0\u00bb3709&Prime; caption_url=\u00a0\u00bburl:%2Fwp-content%2Fuploads%2F2020%2F04%2Fechaffaudage-alu-hauteur.jpg|||\u00a0\u00bb][\/vc_carousel_son][\/vc_carousel_father][\/vc_column][\/vc_row][vc_row][vc_column]<div class=\"mgt-header-block clearfix text-left text-black wpb_content_element  mgt-header-block-style-1 mgt-header-texttransform-header \"><h3 class=\"mgt-header-block-title\">Nos marques d'escabeaux, \u00e9chelles et \u00e9chaffaudages<\/h3><div class=\"mgt-header-line\"><\/div><\/div>[vc_carousel_father theme=\u00a0\u00bbcontent-over-slider\u00a0\u00bb autoplay=\u00a0\u00bbfalse\u00a0\u00bb speed=\u00a0\u00bb3000&Prime; spaces=\u00a0\u00bb30&Prime; slide_visible=\u00a0\u00bb3&Prime; tabs=\u00a0\u00bb3&Prime; slide_scroll=\u00a0\u00bb4&Prime; dotclr=\u00a0\u00bb#fabd42&Prime; padding=\u00a0\u00bb25px\u00a0\u00bb][vc_carousel_son popup=\u00a0\u00bbimages\u00a0\u00bb image_id=\u00a0\u00bb3713&Prime; caption_url=\u00a0\u00bb|||\u00a0\u00bb][\/vc_carousel_son][vc_carousel_son popup=\u00a0\u00bbimages\u00a0\u00bb image_id=\u00a0\u00bb3714&Prime; caption_url=\u00a0\u00bb|||\u00a0\u00bb][\/vc_carousel_son][vc_carousel_son popup=\u00a0\u00bbimages\u00a0\u00bb image_id=\u00a0\u00bb3715&Prime; caption_url=\u00a0\u00bb|||\u00a0\u00bb][\/vc_carousel_son][\/vc_carousel_father][\/vc_column][\/vc_row][vc_row content_placement=\u00a0\u00bbmiddle\u00a0\u00bb css=\u00a0\u00bb.vc_custom_1585236430605{padding-top: 50px !important;padding-right: 25px !important;padding-bottom: 25px !important;padding-left: 25px !important;background-color: #f5f5f5 !important;}\u00a0\u00bb][vc_column width=\u00a0\u00bb2\/3&Prime;][vc_column_text css=\u00a0\u00bb.vc_custom_1585228594739{padding-top: 5px !important;}\u00a0\u00bb]<\/p>\n<h2><span style=\"color: #2a2f35;\">VENEZ ESSAYER DANS NOS MAGASINS !<\/span><br \/>\n<a href=\"\/contact\"><span style=\"color: #fabd42;\">\u2029Davezieux &#8211; salaise-sur-sanne<\/span><\/a><\/h2>\n<p>[\/vc_column_text][\/vc_column][vc_column width=\u00a0\u00bb1\/3&Prime;][vc_single_image image=\u00a0\u00bb3298&Prime; img_size=\u00a0\u00bb\u00a0\u00bb alignment=\u00a0\u00bbcenter\u00a0\u00bb][\/vc_column][\/vc_row]<\/p>\n<\/div>","protected":false},"excerpt":{"rendered":"<p>[vc_row full_width=\u00a0\u00bbstretch_row\u00a0\u00bb equal_height=\u00a0\u00bbyes\u00a0\u00bb content_placement=\u00a0\u00bbtop\u00a0\u00bb][vc_column width=\u00a0\u00bb1\/2&Prime; css=\u00a0\u00bb.vc_custom_1585263453354{margin-left: 15px !important;background-color: #fabd42 !important;}\u00a0\u00bb el_class=\u00a0\u00bbbloc-top-bg\u00a0\u00bb][vc_column_text css=\u00a0\u00bb.vc_custom_1587462260138{padding-top: 0px !important;padding-right: 15px !important;padding-bottom: 15px !important;padding-left: 15px !important;}\u00a0\u00bb] Travail en Hauteur Marche pied, Escabeaux, \u00e9chelles, \u00e9chelle transformable, \u00e9chelle&#8230;<\/p>\n","protected":false},"author":2,"featured_media":0,"parent":3657,"menu_order":0,"comment_status":"closed","ping_status":"closed","template":"","meta":{"footnotes":""},"class_list":["post-3696","page","type-page","status-publish","hentry"],"yoast_head":"<!-- This site is optimized with the Yoast SEO plugin v27.2 - https:\/\/yoast.com\/product\/yoast-seo-wordpress\/ -->\n<title>Echelles, Echaffaudages, travail en hauteur | Magasin de bricolage<\/title>\n<meta name=\"robots\" content=\"index, follow, max-snippet:-1, max-image-preview:large, max-video-preview:-1\" \/>\n<link rel=\"canonical\" href=\"https:\/\/arcada.fr\/Salaise\/jardin\/echelle-echaffaudage\/\" \/>\n<meta property=\"og:locale\" content=\"fr_FR\" \/>\n<meta property=\"og:type\" content=\"article\" \/>\n<meta property=\"og:title\" content=\"Echelles, Echaffaudages, travail en hauteur | Magasin de bricolage\" \/>\n<meta property=\"og:description\" content=\"[vc_row full_width=\u00a0\u00bbstretch_row\u00a0\u00bb equal_height=\u00a0\u00bbyes\u00a0\u00bb content_placement=\u00a0\u00bbtop\u00a0\u00bb][vc_column width=\u00a0\u00bb1\/2&Prime; css=\u00a0\u00bb.vc_custom_1585263453354{margin-left: 15px !important;background-color: #fabd42 !important;}\u00a0\u00bb el_class=\u00a0\u00bbbloc-top-bg\u00a0\u00bb][vc_column_text css=\u00a0\u00bb.vc_custom_1587462260138{padding-top: 0px !important;padding-right: 15px !important;padding-bottom: 15px !important;padding-left: 15px !important;}\u00a0\u00bb] Travail en Hauteur Marche pied, Escabeaux, \u00e9chelles, \u00e9chelle transformable, \u00e9chelle...\" \/>\n<meta property=\"og:url\" content=\"https:\/\/arcada.fr\/Salaise\/jardin\/echelle-echaffaudage\/\" \/>\n<meta property=\"og:site_name\" content=\"Magasin de bricolage\" \/>\n<meta property=\"article:modified_time\" content=\"2024-11-25T08:50:09+00:00\" \/>\n<meta property=\"og:image\" content=\"https:\/\/arcada.fr\/Salaise\/wp-content\/uploads\/2020\/04\/echelle.svg\" \/>\n<meta name=\"twitter:card\" content=\"summary_large_image\" \/>\n<meta name=\"twitter:label1\" content=\"Dur\u00e9e de lecture estim\u00e9e\" \/>\n\t<meta name=\"twitter:data1\" content=\"4 minutes\" \/>\n<script type=\"application\/ld+json\" class=\"yoast-schema-graph\">{\"@context\":\"https:\/\/schema.org\",\"@graph\":[{\"@type\":\"WebPage\",\"@id\":\"https:\/\/arcada.fr\/Salaise\/jardin\/echelle-echaffaudage\/\",\"url\":\"https:\/\/arcada.fr\/Salaise\/jardin\/echelle-echaffaudage\/\",\"name\":\"Echelles, Echaffaudages, travail en hauteur | Magasin de bricolage\",\"isPartOf\":{\"@id\":\"https:\/\/arcada.fr\/Salaise\/#website\"},\"primaryImageOfPage\":{\"@id\":\"https:\/\/arcada.fr\/Salaise\/jardin\/echelle-echaffaudage\/#primaryimage\"},\"image\":{\"@id\":\"https:\/\/arcada.fr\/Salaise\/jardin\/echelle-echaffaudage\/#primaryimage\"},\"thumbnailUrl\":\"https:\/\/arcada.fr\/Salaise\/wp-content\/uploads\/2020\/04\/echelle.svg\",\"datePublished\":\"2020-04-17T14:21:23+00:00\",\"dateModified\":\"2024-11-25T08:50:09+00:00\",\"breadcrumb\":{\"@id\":\"https:\/\/arcada.fr\/Salaise\/jardin\/echelle-echaffaudage\/#breadcrumb\"},\"inLanguage\":\"fr-FR\",\"potentialAction\":[{\"@type\":\"ReadAction\",\"target\":[\"https:\/\/arcada.fr\/Salaise\/jardin\/echelle-echaffaudage\/\"]}]},{\"@type\":\"ImageObject\",\"inLanguage\":\"fr-FR\",\"@id\":\"https:\/\/arcada.fr\/Salaise\/jardin\/echelle-echaffaudage\/#primaryimage\",\"url\":\"https:\/\/arcada.fr\/Salaise\/wp-content\/uploads\/2020\/04\/echelle.svg\",\"contentUrl\":\"https:\/\/arcada.fr\/Salaise\/wp-content\/uploads\/2020\/04\/echelle.svg\",\"width\":92,\"height\":93},{\"@type\":\"BreadcrumbList\",\"@id\":\"https:\/\/arcada.fr\/Salaise\/jardin\/echelle-echaffaudage\/#breadcrumb\",\"itemListElement\":[{\"@type\":\"ListItem\",\"position\":1,\"name\":\"Accueil\",\"item\":\"https:\/\/arcada.fr\/Salaise\/\"},{\"@type\":\"ListItem\",\"position\":2,\"name\":\"Jardin\",\"item\":\"https:\/\/arcada.fr\/Salaise\/jardin\/\"},{\"@type\":\"ListItem\",\"position\":3,\"name\":\"Echelles, Echaffaudages, travail en hauteur\"}]},{\"@type\":\"WebSite\",\"@id\":\"https:\/\/arcada.fr\/Salaise\/#website\",\"url\":\"https:\/\/arcada.fr\/Salaise\/\",\"name\":\"Magasin de bricolage\",\"description\":\"L&#039;outillage, notre passion !\",\"potentialAction\":[{\"@type\":\"SearchAction\",\"target\":{\"@type\":\"EntryPoint\",\"urlTemplate\":\"https:\/\/arcada.fr\/Salaise\/?s={search_term_string}\"},\"query-input\":{\"@type\":\"PropertyValueSpecification\",\"valueRequired\":true,\"valueName\":\"search_term_string\"}}],\"inLanguage\":\"fr-FR\"}]}<\/script>\n<!-- \/ Yoast SEO plugin. -->","yoast_head_json":{"title":"Echelles, Echaffaudages, travail en hauteur | Magasin de bricolage","robots":{"index":"index","follow":"follow","max-snippet":"max-snippet:-1","max-image-preview":"max-image-preview:large","max-video-preview":"max-video-preview:-1"},"canonical":"https:\/\/arcada.fr\/Salaise\/jardin\/echelle-echaffaudage\/","og_locale":"fr_FR","og_type":"article","og_title":"Echelles, Echaffaudages, travail en hauteur | Magasin de bricolage","og_description":"[vc_row full_width=\u00a0\u00bbstretch_row\u00a0\u00bb equal_height=\u00a0\u00bbyes\u00a0\u00bb content_placement=\u00a0\u00bbtop\u00a0\u00bb][vc_column width=\u00a0\u00bb1\/2&Prime; css=\u00a0\u00bb.vc_custom_1585263453354{margin-left: 15px !important;background-color: #fabd42 !important;}\u00a0\u00bb el_class=\u00a0\u00bbbloc-top-bg\u00a0\u00bb][vc_column_text css=\u00a0\u00bb.vc_custom_1587462260138{padding-top: 0px !important;padding-right: 15px !important;padding-bottom: 15px !important;padding-left: 15px !important;}\u00a0\u00bb] Travail en Hauteur Marche pied, Escabeaux, \u00e9chelles, \u00e9chelle transformable, \u00e9chelle...","og_url":"https:\/\/arcada.fr\/Salaise\/jardin\/echelle-echaffaudage\/","og_site_name":"Magasin de bricolage","article_modified_time":"2024-11-25T08:50:09+00:00","og_image":[{"url":"https:\/\/arcada.fr\/Salaise\/wp-content\/uploads\/2020\/04\/echelle.svg","type":"","width":"","height":""}],"twitter_card":"summary_large_image","twitter_misc":{"Dur\u00e9e de lecture estim\u00e9e":"4 minutes"},"schema":{"@context":"https:\/\/schema.org","@graph":[{"@type":"WebPage","@id":"https:\/\/arcada.fr\/Salaise\/jardin\/echelle-echaffaudage\/","url":"https:\/\/arcada.fr\/Salaise\/jardin\/echelle-echaffaudage\/","name":"Echelles, Echaffaudages, travail en hauteur | Magasin de bricolage","isPartOf":{"@id":"https:\/\/arcada.fr\/Salaise\/#website"},"primaryImageOfPage":{"@id":"https:\/\/arcada.fr\/Salaise\/jardin\/echelle-echaffaudage\/#primaryimage"},"image":{"@id":"https:\/\/arcada.fr\/Salaise\/jardin\/echelle-echaffaudage\/#primaryimage"},"thumbnailUrl":"https:\/\/arcada.fr\/Salaise\/wp-content\/uploads\/2020\/04\/echelle.svg","datePublished":"2020-04-17T14:21:23+00:00","dateModified":"2024-11-25T08:50:09+00:00","breadcrumb":{"@id":"https:\/\/arcada.fr\/Salaise\/jardin\/echelle-echaffaudage\/#breadcrumb"},"inLanguage":"fr-FR","potentialAction":[{"@type":"ReadAction","target":["https:\/\/arcada.fr\/Salaise\/jardin\/echelle-echaffaudage\/"]}]},{"@type":"ImageObject","inLanguage":"fr-FR","@id":"https:\/\/arcada.fr\/Salaise\/jardin\/echelle-echaffaudage\/#primaryimage","url":"https:\/\/arcada.fr\/Salaise\/wp-content\/uploads\/2020\/04\/echelle.svg","contentUrl":"https:\/\/arcada.fr\/Salaise\/wp-content\/uploads\/2020\/04\/echelle.svg","width":92,"height":93},{"@type":"BreadcrumbList","@id":"https:\/\/arcada.fr\/Salaise\/jardin\/echelle-echaffaudage\/#breadcrumb","itemListElement":[{"@type":"ListItem","position":1,"name":"Accueil","item":"https:\/\/arcada.fr\/Salaise\/"},{"@type":"ListItem","position":2,"name":"Jardin","item":"https:\/\/arcada.fr\/Salaise\/jardin\/"},{"@type":"ListItem","position":3,"name":"Echelles, Echaffaudages, travail en hauteur"}]},{"@type":"WebSite","@id":"https:\/\/arcada.fr\/Salaise\/#website","url":"https:\/\/arcada.fr\/Salaise\/","name":"Magasin de bricolage","description":"L&#039;outillage, notre passion !","potentialAction":[{"@type":"SearchAction","target":{"@type":"EntryPoint","urlTemplate":"https:\/\/arcada.fr\/Salaise\/?s={search_term_string}"},"query-input":{"@type":"PropertyValueSpecification","valueRequired":true,"valueName":"search_term_string"}}],"inLanguage":"fr-FR"}]}},"_links":{"self":[{"href":"https:\/\/arcada.fr\/Salaise\/wp-json\/wp\/v2\/pages\/3696","targetHints":{"allow":["GET"]}}],"collection":[{"href":"https:\/\/arcada.fr\/Salaise\/wp-json\/wp\/v2\/pages"}],"about":[{"href":"https:\/\/arcada.fr\/Salaise\/wp-json\/wp\/v2\/types\/page"}],"author":[{"embeddable":true,"href":"https:\/\/arcada.fr\/Salaise\/wp-json\/wp\/v2\/users\/2"}],"replies":[{"embeddable":true,"href":"https:\/\/arcada.fr\/Salaise\/wp-json\/wp\/v2\/comments?post=3696"}],"version-history":[{"count":0,"href":"https:\/\/arcada.fr\/Salaise\/wp-json\/wp\/v2\/pages\/3696\/revisions"}],"up":[{"embeddable":true,"href":"https:\/\/arcada.fr\/Salaise\/wp-json\/wp\/v2\/pages\/3657"}],"wp:attachment":[{"href":"https:\/\/arcada.fr\/Salaise\/wp-json\/wp\/v2\/media?parent=3696"}],"curies":[{"name":"wp","href":"https:\/\/api.w.org\/{rel}","templated":true}]}}