{"id":3778,"date":"2020-04-20T13:20:22","date_gmt":"2020-04-20T13:20:22","guid":{"rendered":"https:\/\/arcada.evenove-dev1.fr\/?page_id=3778"},"modified":"2020-06-24T22:01:24","modified_gmt":"2020-06-24T22:01:24","slug":"gros-appareillages","status":"publish","type":"page","link":"https:\/\/arcada.fr\/Salaise\/gros-appareillages\/","title":{"rendered":"Gros appareillages"},"content":{"rendered":"<div class=\"wpb-content-wrapper\"><p>[vc_row full_width=\u00a0\u00bbstretch_row\u00a0\u00bb equal_height=\u00a0\u00bbyes\u00a0\u00bb content_placement=\u00a0\u00bbtop\u00a0\u00bb][vc_column width=\u00a0\u00bb1\/2&Prime; css=\u00a0\u00bb.vc_custom_1585263453354{margin-left: 15px !important;background-color: #fabd42 !important;}\u00a0\u00bb el_class=\u00a0\u00bbbloc-top-bg\u00a0\u00bb][vc_column_text css=\u00a0\u00bb.vc_custom_1587460433268{padding-top: 0px !important;padding-right: 15px !important;padding-bottom: 15px !important;padding-left: 15px !important;}\u00a0\u00bb]<\/p>\n<div class=\"sscat-bloc-top\">\n<p><a href=\"https:\/\/arcada.fr\/Salaise\/wp-content\/uploads\/2020\/04\/picto-gros-appareil-blanc.svg\"><img loading=\"lazy\" decoding=\"async\" class=\"alignnone wp-image-3933 \" src=\"https:\/\/arcada.fr\/Salaise\/wp-content\/uploads\/2020\/04\/picto-gros-appareil-blanc.svg\" alt=\"\" width=\"62\" height=\"62\" \/><\/a><\/p>\n<p><strong>Appareillages \u00e9lectriques<br \/>\n<\/strong><\/p>\n<p><em><i>pompes de surface, pompe fonte, surpresseur, compresseur, palan \u00e9lectrique, poste \u00e0 souder&#8230;<\/i><\/em><\/p>\n<p><em>\u00a0<\/em><\/p>\n<p><em>\u00a0<\/em><\/p>\n<p><em>\u00a0<\/em><\/p>\n<\/div>\n<p>[\/vc_column_text][\/vc_column][vc_column width=\u00a0\u00bb1\/2&Prime;][vc_single_image image=\u00a0\u00bb3938&Prime; img_size=\u00a0\u00bbfull\u00a0\u00bb css_animation=\u00a0\u00bbzoomIn\u00a0\u00bb][\/vc_column][\/vc_row][vc_row css=\u00a0\u00bb.vc_custom_1587045628644{padding-top: 40px !important;}\u00a0\u00bb][vc_column][vc_column_text css_animation=\u00a0\u00bbbottom-to-top\u00a0\u00bb]<\/p>\n<h1><span style=\"color: #fabd42;\">Appareillage \u00e9lectrique<\/span><\/h1>\n<p>Chez Arcada, on trouve vraiment tout ce dont on a besoin pour ses travaux et bricolage de la maison mais aussi pour vos chantiers professionnels.<\/p>\n<h2>S\u00e9lection de gros appareillage \u00e9lectrique<\/h2>\n<p>Trouvez ici des <strong>gros appareillage \u00e9lectrique<\/strong> tel que des compresseurs \u00e0 air comprim\u00e9 thermiques et \u00e9lectriques, palan, perceuse colonne, treuil, meule d&rsquo;angle, plaque de cuisson, trancheuse.<\/p>\n<p>Notre gamme de <strong>postes \u00e0 souder \u00e0 l\u2019arc et postes \u00e0 \u00e9lectrodes<\/strong> vous permettra de faire des assemblages de m\u00e9taux complexes. Trouvez tous les consommables associ\u00e9s au domaine de la soudure chez Arcada.<\/p>\n<p>Enfin, trouvez nos <strong>pompes \u00e0 eau \u00e9lectriques<\/strong> telle que pompe en fonte, pompe de surface ainsi que divers surpresseurs 60 litres et 19 litres<\/p>\n<p>Nous proposons en mat\u00e9riel \u00e9lectrique des marques professionnelles telles que Mecafer, Pedrollo, Prodif, Telwin.[\/vc_column_text][\/vc_column][\/vc_row][vc_row][vc_column]<div class=\"mgt-header-block clearfix text-left text-black wpb_content_element  mgt-header-block-style-1 mgt-header-texttransform-header \"><h2 class=\"mgt-header-block-title\">Pompage et surpresseurs<\/h2><div class=\"mgt-header-line\"><\/div><\/div>[vc_carousel_father theme=\u00a0\u00bbcontent-over-slider\u00a0\u00bb padding=\u00a0\u00bb25px\u00a0\u00bb autoplay=\u00a0\u00bbfalse\u00a0\u00bb speed=\u00a0\u00bb3000&Prime; spaces=\u00a0\u00bb30&Prime; slide_visible=\u00a0\u00bb4&Prime; tabs=\u00a0\u00bb3&Prime; slide_scroll=\u00a0\u00bb4&Prime; dotclr=\u00a0\u00bb#fabd42&Prime;][vc_carousel_son popup=\u00a0\u00bbimages\u00a0\u00bb image_id=\u00a0\u00bb3781&Prime; caption_url=\u00a0\u00bburl:%2Fwp-content%2Fuploads%2F2020%2F04%2Fpompe-fonte.jpg|||\u00a0\u00bb][\/vc_carousel_son][vc_carousel_son popup=\u00a0\u00bbimages\u00a0\u00bb image_id=\u00a0\u00bb3780&Prime; caption_url=\u00a0\u00bburl:%2Fwp-content%2Fuploads%2F2020%2F04%2Fpompe-de-surface.jpg|||\u00a0\u00bb][\/vc_carousel_son][vc_carousel_son popup=\u00a0\u00bbimages\u00a0\u00bb image_id=\u00a0\u00bb3782&Prime; caption_url=\u00a0\u00bburl:%2Fwp-content%2Fuploads%2F2020%2F04%2Fpompe-de-surface.jpg|||\u00a0\u00bb][\/vc_carousel_son][vc_carousel_son popup=\u00a0\u00bbimages\u00a0\u00bb image_id=\u00a0\u00bb3779&Prime; caption_url=\u00a0\u00bburl:%2Fwp-content%2Fuploads%2F2020%2F04%2Fpompe-2.jpg|||\u00a0\u00bb][\/vc_carousel_son][vc_carousel_son popup=\u00a0\u00bbimages\u00a0\u00bb image_id=\u00a0\u00bb3784&Prime; caption_url=\u00a0\u00bburl:%2Fwp-content%2Fuploads%2F2020%2F04%2Fsurpresseur-60litresd.jpg|||\u00a0\u00bb][\/vc_carousel_son][vc_carousel_son popup=\u00a0\u00bbimages\u00a0\u00bb image_id=\u00a0\u00bb3783&Prime; caption_url=\u00a0\u00bburl:%2Fwp-content%2Fuploads%2F2020%2F04%2Fsurpresseur-19litres.jpg|||\u00a0\u00bb][\/vc_carousel_son][\/vc_carousel_father][\/vc_column][\/vc_row][vc_row][vc_column]<div class=\"mgt-header-block clearfix text-left text-black wpb_content_element  mgt-header-block-style-1 mgt-header-texttransform-header \"><h2 class=\"mgt-header-block-title\">Compresseurs silencieux, Pro<\/h2><div class=\"mgt-header-line\"><\/div><\/div>[vc_carousel_father theme=\u00a0\u00bbcontent-over-slider\u00a0\u00bb padding=\u00a0\u00bb25px\u00a0\u00bb autoplay=\u00a0\u00bbfalse\u00a0\u00bb speed=\u00a0\u00bb3000&Prime; spaces=\u00a0\u00bb30&Prime; slide_visible=\u00a0\u00bb4&Prime; tabs=\u00a0\u00bb3&Prime; slide_scroll=\u00a0\u00bb4&Prime; dotclr=\u00a0\u00bb#fabd42&Prime;][vc_carousel_son popup=\u00a0\u00bbimages\u00a0\u00bb image_id=\u00a0\u00bb3787&Prime; caption_url=\u00a0\u00bburl:%2Fwp-content%2Fuploads%2F2020%2F04%2Fcompresseur-6-litres-portable.jpg|||\u00a0\u00bb][\/vc_carousel_son][vc_carousel_son popup=\u00a0\u00bbimages\u00a0\u00bb image_id=\u00a0\u00bb3786&Prime; caption_url=\u00a0\u00bburl:%2Fwp-content%2Fuploads%2F2020%2F04%2Fcompresseur-expert-6-litres-silencieux.jpg|||\u00a0\u00bb][\/vc_carousel_son][vc_carousel_son popup=\u00a0\u00bbimages\u00a0\u00bb image_id=\u00a0\u00bb3788&Prime; caption_url=\u00a0\u00bburl:%2Fwp-content%2Fuploads%2F2020%2F04%2Fcompresseur-25-litres-.jpg|||\u00a0\u00bb][\/vc_carousel_son][vc_carousel_son popup=\u00a0\u00bbimages\u00a0\u00bb image_id=\u00a0\u00bb3789&Prime; caption_url=\u00a0\u00bburl:%2Fwp-content%2Fuploads%2F2020%2F04%2Fcompresseur-50-litres-gros-d%C3%A9bit-by-cylindre.jpg|||\u00a0\u00bb][\/vc_carousel_son][vc_carousel_son popup=\u00a0\u00bbimages\u00a0\u00bb image_id=\u00a0\u00bb3790&Prime; caption_url=\u00a0\u00bburl:%2Fwp-content%2Fuploads%2F2020%2F04%2Fcompresseur-100-litres-silencieux.jpg|||\u00a0\u00bb][\/vc_carousel_son][vc_carousel_son popup=\u00a0\u00bbimages\u00a0\u00bb image_id=\u00a0\u00bb3791&Prime; caption_url=\u00a0\u00bburl:%2Fwp-content%2Fuploads%2F2020%2F04%2Fcompresseur-100-litres-vertical.jpg|||\u00a0\u00bb][\/vc_carousel_son][vc_carousel_son popup=\u00a0\u00bbimages\u00a0\u00bb image_id=\u00a0\u00bb3792&Prime; caption_url=\u00a0\u00bburl:%2Fwp-content%2Fuploads%2F2020%2F04%2Fcompresseur-200-litres-expert.jpg|||\u00a0\u00bb][\/vc_carousel_son][vc_carousel_son popup=\u00a0\u00bbimages\u00a0\u00bb image_id=\u00a0\u00bb3793&Prime; caption_url=\u00a0\u00bburl:%2Fwp-content%2Fuploads%2F2020%2F04%2Fcompresseur-expert-silencieux.jpg|||\u00a0\u00bb][\/vc_carousel_son][\/vc_carousel_father][\/vc_column][\/vc_row][vc_row][vc_column]<div class=\"mgt-header-block clearfix text-left text-black wpb_content_element  mgt-header-block-style-1 mgt-header-texttransform-header \"><h2 class=\"mgt-header-block-title\">Postes \u00e0 souder<\/h2><div class=\"mgt-header-line\"><\/div><\/div>[vc_carousel_father theme=\u00a0\u00bbcontent-over-slider\u00a0\u00bb padding=\u00a0\u00bb25px\u00a0\u00bb autoplay=\u00a0\u00bbfalse\u00a0\u00bb speed=\u00a0\u00bb3000&Prime; spaces=\u00a0\u00bb30&Prime; slide_visible=\u00a0\u00bb4&Prime; tabs=\u00a0\u00bb3&Prime; slide_scroll=\u00a0\u00bb4&Prime; dotclr=\u00a0\u00bb#fabd42&Prime;][vc_carousel_son popup=\u00a0\u00bbimages\u00a0\u00bb image_id=\u00a0\u00bb3797&Prime; caption_url=\u00a0\u00bburl:%2Fwp-content%2Fuploads%2F2020%2F04%2FPoste-a-souder-160-w.jpg|||\u00a0\u00bb][\/vc_carousel_son][vc_carousel_son popup=\u00a0\u00bbimages\u00a0\u00bb image_id=\u00a0\u00bb3796&Prime; caption_url=\u00a0\u00bburl:%2Fwp-content%2Fuploads%2F2020%2F04%2Fposte-a-souder-150a.jpg|||\u00a0\u00bb][\/vc_carousel_son][vc_carousel_son popup=\u00a0\u00bbimages\u00a0\u00bb image_id=\u00a0\u00bb3799&Prime; caption_url=\u00a0\u00bburl:%2Fwp-content%2Fuploads%2F2020%2F04%2Fposte-a-soudre-120a.jpg|||\u00a0\u00bb][\/vc_carousel_son][vc_carousel_son popup=\u00a0\u00bbimages\u00a0\u00bb image_id=\u00a0\u00bb3798&Prime; caption_url=\u00a0\u00bburl:%2Fwp-content%2Fuploads%2F2020%2F04%2Fposte-a-souder-200a.jpg|||\u00a0\u00bb][\/vc_carousel_son][vc_carousel_son popup=\u00a0\u00bbimages\u00a0\u00bb image_id=\u00a0\u00bb3795&Prime; caption_url=\u00a0\u00bburl:%2Fwp-content%2Fuploads%2F2020%2F04%2Fposte-a-souder-telwin.jpg|||\u00a0\u00bb][\/vc_carousel_son][\/vc_carousel_father][\/vc_column][\/vc_row][vc_row][vc_column]<div class=\"mgt-header-block clearfix text-left text-black wpb_content_element  mgt-header-block-style-1 mgt-header-texttransform-header \"><h2 class=\"mgt-header-block-title\">Divers appareillages \u00e9lectriques<\/h2><div class=\"mgt-header-line\"><\/div><\/div>[vc_carousel_father theme=\u00a0\u00bbcontent-over-slider\u00a0\u00bb padding=\u00a0\u00bb25px\u00a0\u00bb autoplay=\u00a0\u00bbfalse\u00a0\u00bb speed=\u00a0\u00bb3000&Prime; spaces=\u00a0\u00bb30&Prime; slide_visible=\u00a0\u00bb4&Prime; tabs=\u00a0\u00bb3&Prime; slide_scroll=\u00a0\u00bb4&Prime; dotclr=\u00a0\u00bb#fabd42&Prime;][vc_carousel_son popup=\u00a0\u00bbimages\u00a0\u00bb image_id=\u00a0\u00bb3805&Prime; caption_url=\u00a0\u00bburl:%2Fwp-content%2Fuploads%2F2020%2F04%2Fpalan-electrique.jpg|||\u00a0\u00bb][\/vc_carousel_son][vc_carousel_son popup=\u00a0\u00bbimages\u00a0\u00bb image_id=\u00a0\u00bb3806&Prime; caption_url=\u00a0\u00bburl:%2Fwp-content%2Fuploads%2F2020%2F04%2Fpercesue-colonne.jpg|||\u00a0\u00bb][\/vc_carousel_son][vc_carousel_son popup=\u00a0\u00bbimages\u00a0\u00bb image_id=\u00a0\u00bb3809&Prime; caption_url=\u00a0\u00bburl:%2Fwp-content%2Fuploads%2F2020%2F04%2Ftreuil-electrique.jpg|||\u00a0\u00bb][\/vc_carousel_son][vc_carousel_son popup=\u00a0\u00bbimages\u00a0\u00bb image_id=\u00a0\u00bb3804&Prime; caption_url=\u00a0\u00bburl:%2Fwp-content%2Fuploads%2F2020%2F04%2Fmeule-angle.jpg|||\u00a0\u00bb][\/vc_carousel_son][vc_carousel_son popup=\u00a0\u00bbimages\u00a0\u00bb image_id=\u00a0\u00bb3807&Prime; caption_url=\u00a0\u00bburl:%2Fwp-content%2Fuploads%2F2020%2F04%2Fplaque-cuisson.jpg|||\u00a0\u00bb][\/vc_carousel_son][vc_carousel_son popup=\u00a0\u00bbimages\u00a0\u00bb image_id=\u00a0\u00bb3808&Prime; caption_url=\u00a0\u00bburl:%2Fwp-content%2Fuploads%2F2020%2F04%2Ftrancheuse.jpg|||\u00a0\u00bb][\/vc_carousel_son][\/vc_carousel_father][\/vc_column][\/vc_row][vc_row][vc_column]<div class=\"mgt-header-block clearfix text-left text-black wpb_content_element  mgt-header-block-style-1 mgt-header-texttransform-header \"><h3 class=\"mgt-header-block-title\">Nos marques de gros appareillages \u00e9lectriques<\/h3><div class=\"mgt-header-line\"><\/div><\/div>[vc_carousel_father theme=\u00a0\u00bbcontent-over-slider\u00a0\u00bb padding=\u00a0\u00bb25px\u00a0\u00bb autoplay=\u00a0\u00bbfalse\u00a0\u00bb speed=\u00a0\u00bb3000&Prime; spaces=\u00a0\u00bb30&Prime; slide_visible=\u00a0\u00bb4&Prime; tabs=\u00a0\u00bb3&Prime; slide_scroll=\u00a0\u00bb4&Prime; dotclr=\u00a0\u00bb#fabd42&Prime;][vc_carousel_son popup=\u00a0\u00bbimages\u00a0\u00bb image_id=\u00a0\u00bb3810&Prime; caption_url=\u00a0\u00bburl:%2Fwp-content%2Fuploads%2F2020%2F04%2Fmecafer.jpg|||\u00a0\u00bb][\/vc_carousel_son][vc_carousel_son popup=\u00a0\u00bbimages\u00a0\u00bb image_id=\u00a0\u00bb3811&Prime; caption_url=\u00a0\u00bburl:%2Fwp-content%2Fuploads%2F2020%2F04%2Fpedrollo.jpg|||\u00a0\u00bb][\/vc_carousel_son][vc_carousel_son popup=\u00a0\u00bbimages\u00a0\u00bb image_id=\u00a0\u00bb3812&Prime; caption_url=\u00a0\u00bburl:%2Fwp-content%2Fuploads%2F2020%2F04%2Fprodif.jpg|||\u00a0\u00bb][\/vc_carousel_son][vc_carousel_son popup=\u00a0\u00bbimages\u00a0\u00bb image_id=\u00a0\u00bb3813&Prime; caption_url=\u00a0\u00bburl:%2Fwp-content%2Fuploads%2F2020%2F04%2Ftelwin.jpg|||\u00a0\u00bb][\/vc_carousel_son][vc_carousel_son popup=\u00a0\u00bbimages\u00a0\u00bb image_id=\u00a0\u00bb3814&Prime; caption_url=\u00a0\u00bburl:%2Fwp-content%2Fuploads%2F2020%2F04%2Flogo-ribitech.jpg|||\u00a0\u00bb][\/vc_carousel_son][\/vc_carousel_father][\/vc_column][\/vc_row][vc_row content_placement=\u00a0\u00bbmiddle\u00a0\u00bb css=\u00a0\u00bb.vc_custom_1585236430605{padding-top: 50px !important;padding-right: 25px !important;padding-bottom: 25px !important;padding-left: 25px !important;background-color: #f5f5f5 !important;}\u00a0\u00bb][vc_column width=\u00a0\u00bb2\/3&Prime;][vc_column_text css=\u00a0\u00bb.vc_custom_1593036079109{padding-top: 5px !important;}\u00a0\u00bb]<\/p>\n<h2><span style=\"color: #2a2f35;\">VENEZ ESSAYER DANS NOS MAGASINS !<\/span><br \/>\n<a href=\"\/contact\"><span style=\"color: #fabd42;\">\u2029Davezieux &#8211; Salaise-sur-Sanne<\/span><\/a><\/h2>\n<p>[\/vc_column_text][\/vc_column][vc_column width=\u00a0\u00bb1\/3&Prime;][vc_single_image image=\u00a0\u00bb3298&Prime; img_size=\u00a0\u00bb\u00a0\u00bb alignment=\u00a0\u00bbcenter\u00a0\u00bb][\/vc_column][\/vc_row]<\/p>\n<\/div>","protected":false},"excerpt":{"rendered":"<p>[vc_row full_width=\u00a0\u00bbstretch_row\u00a0\u00bb equal_height=\u00a0\u00bbyes\u00a0\u00bb content_placement=\u00a0\u00bbtop\u00a0\u00bb][vc_column width=\u00a0\u00bb1\/2&Prime; css=\u00a0\u00bb.vc_custom_1585263453354{margin-left: 15px !important;background-color: #fabd42 !important;}\u00a0\u00bb el_class=\u00a0\u00bbbloc-top-bg\u00a0\u00bb][vc_column_text css=\u00a0\u00bb.vc_custom_1587460433268{padding-top: 0px !important;padding-right: 15px !important;padding-bottom: 15px !important;padding-left: 15px !important;}\u00a0\u00bb] Appareillages \u00e9lectriques pompes de surface, pompe fonte, surpresseur, compresseur, palan&#8230;<\/p>\n","protected":false},"author":2,"featured_media":0,"parent":0,"menu_order":0,"comment_status":"closed","ping_status":"closed","template":"","meta":{"footnotes":""},"class_list":["post-3778","page","type-page","status-publish","hentry"],"yoast_head":"<!-- This site is optimized with the Yoast SEO plugin v27.2 - https:\/\/yoast.com\/product\/yoast-seo-wordpress\/ -->\n<title>Appareillage \u00e9lectrique, compresseur \u00e0 air, postes \u00e0 souder, pompes \u00e0 eau<\/title>\n<meta name=\"description\" content=\"Large choix d&#039;appareillage \u00e9lectrique au meilleur prix tel que compresseur \u00e0 air, postes \u00e0 souder, pompes \u00e0 eau \u00e9lectriques, palan, perceuse colonne, treuil, meule d&#039;angle...etc dans nos magasins de bricolage Salaise sur Sanne et Davezieux.\" \/>\n<meta name=\"robots\" content=\"index, follow, max-snippet:-1, max-image-preview:large, max-video-preview:-1\" \/>\n<link rel=\"canonical\" href=\"https:\/\/arcada.fr\/Salaise\/gros-appareillages\/\" \/>\n<meta property=\"og:locale\" content=\"fr_FR\" \/>\n<meta property=\"og:type\" content=\"article\" \/>\n<meta property=\"og:title\" content=\"Appareillage \u00e9lectrique, compresseur \u00e0 air, postes \u00e0 souder, pompes \u00e0 eau\" \/>\n<meta property=\"og:description\" content=\"Large choix d&#039;appareillage \u00e9lectrique au meilleur prix tel que compresseur \u00e0 air, postes \u00e0 souder, pompes \u00e0 eau \u00e9lectriques, palan, perceuse colonne, treuil, meule d&#039;angle...etc dans nos magasins de bricolage Salaise sur Sanne et Davezieux.\" \/>\n<meta property=\"og:url\" content=\"https:\/\/arcada.fr\/Salaise\/gros-appareillages\/\" \/>\n<meta property=\"og:site_name\" content=\"Magasin de bricolage\" \/>\n<meta property=\"article:modified_time\" content=\"2020-06-24T22:01:24+00:00\" \/>\n<meta name=\"twitter:card\" content=\"summary_large_image\" \/>\n<meta name=\"twitter:label1\" content=\"Dur\u00e9e de lecture estim\u00e9e\" \/>\n\t<meta name=\"twitter:data1\" content=\"5 minutes\" \/>\n<script type=\"application\/ld+json\" class=\"yoast-schema-graph\">{\"@context\":\"https:\/\/schema.org\",\"@graph\":[{\"@type\":\"WebPage\",\"@id\":\"https:\/\/arcada.fr\/Salaise\/gros-appareillages\/\",\"url\":\"https:\/\/arcada.fr\/Salaise\/gros-appareillages\/\",\"name\":\"Appareillage \u00e9lectrique, compresseur \u00e0 air, postes \u00e0 souder, pompes \u00e0 eau\",\"isPartOf\":{\"@id\":\"https:\/\/arcada.fr\/Salaise\/#website\"},\"primaryImageOfPage\":{\"@id\":\"https:\/\/arcada.fr\/Salaise\/gros-appareillages\/#primaryimage\"},\"image\":{\"@id\":\"https:\/\/arcada.fr\/Salaise\/gros-appareillages\/#primaryimage\"},\"thumbnailUrl\":\"https:\/\/arcada.fr\/Salaise\/wp-content\/uploads\/2020\/04\/picto-gros-appareil-blanc.svg\",\"datePublished\":\"2020-04-20T13:20:22+00:00\",\"dateModified\":\"2020-06-24T22:01:24+00:00\",\"description\":\"Large choix d'appareillage \u00e9lectrique au meilleur prix tel que compresseur \u00e0 air, postes \u00e0 souder, pompes \u00e0 eau \u00e9lectriques, palan, perceuse colonne, treuil, meule d'angle...etc dans nos magasins de bricolage Salaise sur Sanne et Davezieux.\",\"breadcrumb\":{\"@id\":\"https:\/\/arcada.fr\/Salaise\/gros-appareillages\/#breadcrumb\"},\"inLanguage\":\"fr-FR\",\"potentialAction\":[{\"@type\":\"ReadAction\",\"target\":[\"https:\/\/arcada.fr\/Salaise\/gros-appareillages\/\"]}]},{\"@type\":\"ImageObject\",\"inLanguage\":\"fr-FR\",\"@id\":\"https:\/\/arcada.fr\/Salaise\/gros-appareillages\/#primaryimage\",\"url\":\"https:\/\/arcada.fr\/Salaise\/wp-content\/uploads\/2020\/04\/picto-gros-appareil-blanc.svg\",\"contentUrl\":\"https:\/\/arcada.fr\/Salaise\/wp-content\/uploads\/2020\/04\/picto-gros-appareil-blanc.svg\"},{\"@type\":\"BreadcrumbList\",\"@id\":\"https:\/\/arcada.fr\/Salaise\/gros-appareillages\/#breadcrumb\",\"itemListElement\":[{\"@type\":\"ListItem\",\"position\":1,\"name\":\"Accueil\",\"item\":\"https:\/\/arcada.fr\/Salaise\/\"},{\"@type\":\"ListItem\",\"position\":2,\"name\":\"Gros appareillages\"}]},{\"@type\":\"WebSite\",\"@id\":\"https:\/\/arcada.fr\/Salaise\/#website\",\"url\":\"https:\/\/arcada.fr\/Salaise\/\",\"name\":\"Magasin de bricolage\",\"description\":\"L&#039;outillage, notre passion !\",\"potentialAction\":[{\"@type\":\"SearchAction\",\"target\":{\"@type\":\"EntryPoint\",\"urlTemplate\":\"https:\/\/arcada.fr\/Salaise\/?s={search_term_string}\"},\"query-input\":{\"@type\":\"PropertyValueSpecification\",\"valueRequired\":true,\"valueName\":\"search_term_string\"}}],\"inLanguage\":\"fr-FR\"}]}<\/script>\n<!-- \/ Yoast SEO plugin. -->","yoast_head_json":{"title":"Appareillage \u00e9lectrique, compresseur \u00e0 air, postes \u00e0 souder, pompes \u00e0 eau","description":"Large choix d'appareillage \u00e9lectrique au meilleur prix tel que compresseur \u00e0 air, postes \u00e0 souder, pompes \u00e0 eau \u00e9lectriques, palan, perceuse colonne, treuil, meule d'angle...etc dans nos magasins de bricolage Salaise sur Sanne et Davezieux.","robots":{"index":"index","follow":"follow","max-snippet":"max-snippet:-1","max-image-preview":"max-image-preview:large","max-video-preview":"max-video-preview:-1"},"canonical":"https:\/\/arcada.fr\/Salaise\/gros-appareillages\/","og_locale":"fr_FR","og_type":"article","og_title":"Appareillage \u00e9lectrique, compresseur \u00e0 air, postes \u00e0 souder, pompes \u00e0 eau","og_description":"Large choix d'appareillage \u00e9lectrique au meilleur prix tel que compresseur \u00e0 air, postes \u00e0 souder, pompes \u00e0 eau \u00e9lectriques, palan, perceuse colonne, treuil, meule d'angle...etc dans nos magasins de bricolage Salaise sur Sanne et Davezieux.","og_url":"https:\/\/arcada.fr\/Salaise\/gros-appareillages\/","og_site_name":"Magasin de bricolage","article_modified_time":"2020-06-24T22:01:24+00:00","twitter_card":"summary_large_image","twitter_misc":{"Dur\u00e9e de lecture estim\u00e9e":"5 minutes"},"schema":{"@context":"https:\/\/schema.org","@graph":[{"@type":"WebPage","@id":"https:\/\/arcada.fr\/Salaise\/gros-appareillages\/","url":"https:\/\/arcada.fr\/Salaise\/gros-appareillages\/","name":"Appareillage \u00e9lectrique, compresseur \u00e0 air, postes \u00e0 souder, pompes \u00e0 eau","isPartOf":{"@id":"https:\/\/arcada.fr\/Salaise\/#website"},"primaryImageOfPage":{"@id":"https:\/\/arcada.fr\/Salaise\/gros-appareillages\/#primaryimage"},"image":{"@id":"https:\/\/arcada.fr\/Salaise\/gros-appareillages\/#primaryimage"},"thumbnailUrl":"https:\/\/arcada.fr\/Salaise\/wp-content\/uploads\/2020\/04\/picto-gros-appareil-blanc.svg","datePublished":"2020-04-20T13:20:22+00:00","dateModified":"2020-06-24T22:01:24+00:00","description":"Large choix d'appareillage \u00e9lectrique au meilleur prix tel que compresseur \u00e0 air, postes \u00e0 souder, pompes \u00e0 eau \u00e9lectriques, palan, perceuse colonne, treuil, meule d'angle...etc dans nos magasins de bricolage Salaise sur Sanne et Davezieux.","breadcrumb":{"@id":"https:\/\/arcada.fr\/Salaise\/gros-appareillages\/#breadcrumb"},"inLanguage":"fr-FR","potentialAction":[{"@type":"ReadAction","target":["https:\/\/arcada.fr\/Salaise\/gros-appareillages\/"]}]},{"@type":"ImageObject","inLanguage":"fr-FR","@id":"https:\/\/arcada.fr\/Salaise\/gros-appareillages\/#primaryimage","url":"https:\/\/arcada.fr\/Salaise\/wp-content\/uploads\/2020\/04\/picto-gros-appareil-blanc.svg","contentUrl":"https:\/\/arcada.fr\/Salaise\/wp-content\/uploads\/2020\/04\/picto-gros-appareil-blanc.svg"},{"@type":"BreadcrumbList","@id":"https:\/\/arcada.fr\/Salaise\/gros-appareillages\/#breadcrumb","itemListElement":[{"@type":"ListItem","position":1,"name":"Accueil","item":"https:\/\/arcada.fr\/Salaise\/"},{"@type":"ListItem","position":2,"name":"Gros appareillages"}]},{"@type":"WebSite","@id":"https:\/\/arcada.fr\/Salaise\/#website","url":"https:\/\/arcada.fr\/Salaise\/","name":"Magasin de bricolage","description":"L&#039;outillage, notre passion !","potentialAction":[{"@type":"SearchAction","target":{"@type":"EntryPoint","urlTemplate":"https:\/\/arcada.fr\/Salaise\/?s={search_term_string}"},"query-input":{"@type":"PropertyValueSpecification","valueRequired":true,"valueName":"search_term_string"}}],"inLanguage":"fr-FR"}]}},"_links":{"self":[{"href":"https:\/\/arcada.fr\/Salaise\/wp-json\/wp\/v2\/pages\/3778","targetHints":{"allow":["GET"]}}],"collection":[{"href":"https:\/\/arcada.fr\/Salaise\/wp-json\/wp\/v2\/pages"}],"about":[{"href":"https:\/\/arcada.fr\/Salaise\/wp-json\/wp\/v2\/types\/page"}],"author":[{"embeddable":true,"href":"https:\/\/arcada.fr\/Salaise\/wp-json\/wp\/v2\/users\/2"}],"replies":[{"embeddable":true,"href":"https:\/\/arcada.fr\/Salaise\/wp-json\/wp\/v2\/comments?post=3778"}],"version-history":[{"count":0,"href":"https:\/\/arcada.fr\/Salaise\/wp-json\/wp\/v2\/pages\/3778\/revisions"}],"wp:attachment":[{"href":"https:\/\/arcada.fr\/Salaise\/wp-json\/wp\/v2\/media?parent=3778"}],"curies":[{"name":"wp","href":"https:\/\/api.w.org\/{rel}","templated":true}]}}