{"id":3816,"date":"2020-04-20T14:40:32","date_gmt":"2020-04-20T14:40:32","guid":{"rendered":"https:\/\/arcada.evenove-dev1.fr\/?page_id=3816"},"modified":"2023-03-02T14:17:02","modified_gmt":"2023-03-02T14:17:02","slug":"auto","status":"publish","type":"page","link":"https:\/\/arcada.fr\/Salaise\/auto\/","title":{"rendered":"Auto"},"content":{"rendered":"<div class=\"wpb-content-wrapper\"><p>[vc_row full_width=\u00a0\u00bbstretch_row\u00a0\u00bb equal_height=\u00a0\u00bbyes\u00a0\u00bb content_placement=\u00a0\u00bbtop\u00a0\u00bb][vc_column width=\u00a0\u00bb1\/2&Prime; css=\u00a0\u00bb.vc_custom_1585263453354{margin-left: 15px !important;background-color: #fabd42 !important;}\u00a0\u00bb el_class=\u00a0\u00bbbloc-top-bg\u00a0\u00bb][vc_column_text css=\u00a0\u00bb.vc_custom_1587460392923{padding-top: 0px !important;padding-right: 15px !important;padding-bottom: 15px !important;padding-left: 15px !important;}\u00a0\u00bb]<\/p>\n<div class=\"sscat-bloc-top\">\n<p><img loading=\"lazy\" decoding=\"async\" class=\"alignnone wp-image-3935 \" src=\"https:\/\/arcada.fr\/Salaise\/wp-content\/uploads\/2020\/04\/picto-auto-blanc.svg\" alt=\"\" width=\"60\" height=\"60\" \/><\/p>\n<p><strong>Auto, accessoires et remorques<br \/>\n<\/strong><\/p>\n<p><em><i>Cl\u00e9s en croix, rampe de signalisation, accessoires de remorque, feu de s\u00e9curit\u00e9, bidons et jerricane essence, huile&#8230;etc<\/i><\/em><\/p>\n<p><em>\u00a0<\/em><\/p>\n<p><em>\u00a0<\/em><\/p>\n<p><em>\u00a0<\/em><\/p>\n<\/div>\n<p>[\/vc_column_text][\/vc_column][vc_column width=\u00a0\u00bb1\/2&Prime;][vc_single_image image=\u00a0\u00bb3937&Prime; img_size=\u00a0\u00bbfull\u00a0\u00bb css_animation=\u00a0\u00bbzoomIn\u00a0\u00bb][\/vc_column][\/vc_row][vc_row css=\u00a0\u00bb.vc_custom_1587045628644{padding-top: 40px !important;}\u00a0\u00bb][vc_column][vc_column_text css_animation=\u00a0\u00bbbottom-to-top\u00a0\u00bb]<\/p>\n<h1><span style=\"color: #fabd42;\"> Accessoires et \u00e9quipements auto<\/span><\/h1>\n<p>Chez Arcada, nous proposons un <strong>rayon auto<\/strong> tr\u00e8s complet pour les entretiens courants de vos v\u00e9hicules mais aussi pour agr\u00e9menter votre voiture d\u2019accessoires.<\/p>\n<p>Vous trouverez les outils essentiels li\u00e9s \u00e0 l\u2019entretien fonctionnel d\u2019une voiture pour pouvoir changer les pneus, l\u2019huile moteur&#8230;etc tel que cl\u00e9s en croix, pince \u00e0 filtre, d\u00e9monte pneu.<br \/>\nDe nombreux accessoires auto tels que des pares soleil, extincteurs, des kit de signalisation.<\/p>\n<p>Enfin, vous trouverez tous les accessoires pour pouvoir \u00e9quiper et installer une remorque \u00e0 votre v\u00e9hicule en toute s\u00e9curit\u00e9.<\/p>\n<p>Nous proposons pour l&rsquo;entretien de votre auto des marques professionnelles telles que Bahco, KSTools, Turbocar[\/vc_column_text][\/vc_column][\/vc_row][vc_row][vc_column]<div class=\"mgt-header-block clearfix text-left text-black wpb_content_element  mgt-header-block-style-1 mgt-header-texttransform-header \"><h2 class=\"mgt-header-block-title\">Accessoires remorque<\/h2><div class=\"mgt-header-line\"><\/div><\/div>[vc_carousel_father theme=\u00a0\u00bbcontent-over-slider\u00a0\u00bb padding=\u00a0\u00bb25px\u00a0\u00bb autoplay=\u00a0\u00bbfalse\u00a0\u00bb speed=\u00a0\u00bb3000&Prime; spaces=\u00a0\u00bb30&Prime; slide_visible=\u00a0\u00bb4&Prime; tabs=\u00a0\u00bb3&Prime; slide_scroll=\u00a0\u00bb4&Prime; dotclr=\u00a0\u00bb#fabd42&Prime;][vc_carousel_son popup=\u00a0\u00bbimages\u00a0\u00bb image_id=\u00a0\u00bb3818&Prime; caption_url=\u00a0\u00bburl:%2Fwp-content%2Fuploads%2F2020%2F04%2Fremorque-bache.jpg|||\u00a0\u00bb][\/vc_carousel_son][vc_carousel_son popup=\u00a0\u00bbimages\u00a0\u00bb image_id=\u00a0\u00bb3823&Prime; caption_url=\u00a0\u00bburl:%2Fwp-content%2Fuploads%2F2020%2F04%2Ftete-d-attelage.jpg|||\u00a0\u00bb][\/vc_carousel_son][vc_carousel_son popup=\u00a0\u00bbimages\u00a0\u00bb image_id=\u00a0\u00bb3826&Prime; caption_url=\u00a0\u00bburl:%2Fwp-content%2Fuploads%2F2020%2F04%2Fboule-attelage.jpg|||\u00a0\u00bb][\/vc_carousel_son][vc_carousel_son popup=\u00a0\u00bbimages\u00a0\u00bb image_id=\u00a0\u00bb3821&Prime; caption_url=\u00a0\u00bburl:%2Fwp-content%2Fuploads%2F2020%2F04%2Froue-remorque.jpg|||\u00a0\u00bb][\/vc_carousel_son][vc_carousel_son popup=\u00a0\u00bbimages\u00a0\u00bb image_id=\u00a0\u00bb3822&Prime; caption_url=\u00a0\u00bburl:%2Fwp-content%2Fuploads%2F2020%2F04%2Fsignalisation-remorque.jpg|||\u00a0\u00bb][\/vc_carousel_son][vc_carousel_son popup=\u00a0\u00bbimages\u00a0\u00bb image_id=\u00a0\u00bb3824&Prime; caption_url=\u00a0\u00bburl:%2Fwp-content%2Fuploads%2F2020%2F04%2Ftreuil-electrique_15.jpg|||\u00a0\u00bb][\/vc_carousel_son][vc_carousel_son popup=\u00a0\u00bbimages\u00a0\u00bb image_id=\u00a0\u00bb3827&Prime; caption_url=\u00a0\u00bburl:%2Fwp-content%2Fuploads%2F2020%2F04%2Fbranchement-signalisation-remorque.jpg|||\u00a0\u00bb][\/vc_carousel_son][vc_carousel_son popup=\u00a0\u00bbimages\u00a0\u00bb image_id=\u00a0\u00bb3819&Prime; caption_url=\u00a0\u00bburl:%2Fwp-content%2Fuploads%2F2020%2F04%2Frampe.jpg|||\u00a0\u00bb][\/vc_carousel_son][vc_carousel_son popup=\u00a0\u00bbimages\u00a0\u00bb image_id=\u00a0\u00bb3820&Prime; caption_url=\u00a0\u00bburl:%2Fwp-content%2Fuploads%2F2020%2F04%2Fremorque-quad.jpg|||\u00a0\u00bb][\/vc_carousel_son][\/vc_carousel_father][\/vc_column][\/vc_row][vc_row][vc_column]<div class=\"mgt-header-block clearfix text-left text-black wpb_content_element  mgt-header-block-style-1 mgt-header-texttransform-header \"><h2 class=\"mgt-header-block-title\">Levage auto<\/h2><div class=\"mgt-header-line\"><\/div><\/div>[vc_carousel_father theme=\u00a0\u00bbcontent-over-slider\u00a0\u00bb padding=\u00a0\u00bb25px\u00a0\u00bb autoplay=\u00a0\u00bbfalse\u00a0\u00bb speed=\u00a0\u00bb3000&Prime; spaces=\u00a0\u00bb30&Prime; slide_visible=\u00a0\u00bb4&Prime; tabs=\u00a0\u00bb3&Prime; slide_scroll=\u00a0\u00bb4&Prime; dotclr=\u00a0\u00bb#fabd42&Prime;][vc_carousel_son popup=\u00a0\u00bbimages\u00a0\u00bb image_id=\u00a0\u00bb3836&Prime; caption_url=\u00a0\u00bburl:%2Fwp-content%2Fuploads%2F2020%2F04%2Fcric.jpg|||\u00a0\u00bb][\/vc_carousel_son][vc_carousel_son popup=\u00a0\u00bbimages\u00a0\u00bb image_id=\u00a0\u00bb3832&Prime; caption_url=\u00a0\u00bburl:%2Fwp-content%2Fuploads%2F2020%2F04%2Fcric-bouteille.jpg|||\u00a0\u00bb][\/vc_carousel_son][vc_carousel_son popup=\u00a0\u00bbimages\u00a0\u00bb image_id=\u00a0\u00bb3835&Prime; caption_url=\u00a0\u00bburl:%2Fwp-content%2Fuploads%2F2020%2F04%2Fcric-rouleur.jpg|||\u00a0\u00bb][\/vc_carousel_son][vc_carousel_son popup=\u00a0\u00bbimages\u00a0\u00bb image_id=\u00a0\u00bb3834&Prime; caption_url=\u00a0\u00bburl:%2Fwp-content%2Fuploads%2F2020%2F04%2Fcric-rouleur-pro.jpg|||\u00a0\u00bb][\/vc_carousel_son][vc_carousel_son popup=\u00a0\u00bbimages\u00a0\u00bb image_id=\u00a0\u00bb3833&Prime; caption_url=\u00a0\u00bburl:%2Fwp-content%2Fuploads%2F2020%2F04%2Fcric-rouleur-pro-2.jpg|||\u00a0\u00bb][\/vc_carousel_son][vc_carousel_son popup=\u00a0\u00bbimages\u00a0\u00bb image_id=\u00a0\u00bb3837&Prime; caption_url=\u00a0\u00bburl:%2Fwp-content%2Fuploads%2F2020%2F04%2Ftreuil-electrique-auto.jpg|||\u00a0\u00bb][\/vc_carousel_son][vc_carousel_son popup=\u00a0\u00bbimages\u00a0\u00bb image_id=\u00a0\u00bb3831&Prime; caption_url=\u00a0\u00bburl:%2Fwp-content%2Fuploads%2F2020%2F04%2Fchandelles-cremaillere.jpg|||\u00a0\u00bb][\/vc_carousel_son][\/vc_carousel_father][\/vc_column][\/vc_row][vc_row][vc_column]<div class=\"mgt-header-block clearfix text-left text-black wpb_content_element  mgt-header-block-style-1 mgt-header-texttransform-header \"><h2 class=\"mgt-header-block-title\">Entretien et accessoires auto<\/h2><div class=\"mgt-header-line\"><\/div><\/div>[vc_carousel_father theme=\u00a0\u00bbcontent-over-slider\u00a0\u00bb padding=\u00a0\u00bb25px\u00a0\u00bb autoplay=\u00a0\u00bbfalse\u00a0\u00bb speed=\u00a0\u00bb3000&Prime; spaces=\u00a0\u00bb30&Prime; slide_visible=\u00a0\u00bb4&Prime; tabs=\u00a0\u00bb3&Prime; slide_scroll=\u00a0\u00bb4&Prime; dotclr=\u00a0\u00bb#fabd42&Prime;][vc_carousel_son popup=\u00a0\u00bbimages\u00a0\u00bb image_id=\u00a0\u00bb3842&Prime; caption_url=\u00a0\u00bburl:%2Fwp-content%2Fuploads%2F2020%2F04%2Fcroix.jpg|||\u00a0\u00bb][\/vc_carousel_son][vc_carousel_son popup=\u00a0\u00bbimages\u00a0\u00bb image_id=\u00a0\u00bb3849&Prime; caption_url=\u00a0\u00bburl:%2Fwp-content%2Fuploads%2F2020%2F04%2Fproduit-netoyage-voiture.jpg|||\u00a0\u00bb][\/vc_carousel_son][vc_carousel_son popup=\u00a0\u00bbimages\u00a0\u00bb image_id=\u00a0\u00bb3843&Prime; caption_url=\u00a0\u00bburl:%2Fwp-content%2Fuploads%2F2020%2F04%2Fgericane-essence.jpg|||\u00a0\u00bb][\/vc_carousel_son][vc_carousel_son popup=\u00a0\u00bbimages\u00a0\u00bb image_id=\u00a0\u00bb3844&Prime; caption_url=\u00a0\u00bburl:%2Fwp-content%2Fuploads%2F2020%2F04%2Fgirophare.jpg|||\u00a0\u00bb][\/vc_carousel_son][vc_carousel_son popup=\u00a0\u00bbimages\u00a0\u00bb image_id=\u00a0\u00bb3850&Prime; caption_url=\u00a0\u00bburl:%2Fwp-content%2Fuploads%2F2020%2F04%2Frange-pneus.jpg|||\u00a0\u00bb][\/vc_carousel_son][vc_carousel_son popup=\u00a0\u00bbimages\u00a0\u00bb image_id=\u00a0\u00bb3847&Prime; caption_url=\u00a0\u00bburl:%2Fwp-content%2Fuploads%2F2020%2F04%2Fmonte-voiture.jpg|||\u00a0\u00bb][\/vc_carousel_son][vc_carousel_son popup=\u00a0\u00bbimages\u00a0\u00bb image_id=\u00a0\u00bb3848&Prime; caption_url=\u00a0\u00bburl:%2Fwp-content%2Fuploads%2F2020%2F04%2Fpare-soleil-lateral.jpg|||\u00a0\u00bb][\/vc_carousel_son][\/vc_carousel_father][\/vc_column][\/vc_row][vc_row][vc_column]<div class=\"mgt-header-block clearfix text-left text-black wpb_content_element  mgt-header-block-style-1 mgt-header-texttransform-header \"><h3 class=\"mgt-header-block-title\">Nos marques d'accessoires et \u00e9quipements auto<\/h3><div class=\"mgt-header-line\"><\/div><\/div>[vc_carousel_father theme=\u00a0\u00bbcontent-over-slider\u00a0\u00bb padding=\u00a0\u00bb25px\u00a0\u00bb autoplay=\u00a0\u00bbfalse\u00a0\u00bb speed=\u00a0\u00bb3000&Prime; spaces=\u00a0\u00bb30&Prime; slide_visible=\u00a0\u00bb4&Prime; tabs=\u00a0\u00bb3&Prime; slide_scroll=\u00a0\u00bb4&Prime; dotclr=\u00a0\u00bb#fabd42&Prime;][vc_carousel_son popup=\u00a0\u00bbimages\u00a0\u00bb image_id=\u00a0\u00bb3851&Prime; caption_url=\u00a0\u00bburl:%2Fwp-content%2Fuploads%2F2020%2F04%2Flogo-ribitech.jpg|||\u00a0\u00bb][\/vc_carousel_son][vc_carousel_son popup=\u00a0\u00bbimages\u00a0\u00bb image_id=\u00a0\u00bb3852&Prime; caption_url=\u00a0\u00bb|||\u00a0\u00bb][\/vc_carousel_son][vc_carousel_son popup=\u00a0\u00bbimages\u00a0\u00bb image_id=\u00a0\u00bb3853&Prime; caption_url=\u00a0\u00bb|||\u00a0\u00bb][\/vc_carousel_son][vc_carousel_son popup=\u00a0\u00bbimages\u00a0\u00bb image_id=\u00a0\u00bb3854&Prime; caption_url=\u00a0\u00bb|||\u00a0\u00bb][\/vc_carousel_son][\/vc_carousel_father][\/vc_column][\/vc_row][vc_row content_placement=\u00a0\u00bbmiddle\u00a0\u00bb css=\u00a0\u00bb.vc_custom_1585236430605{padding-top: 50px !important;padding-right: 25px !important;padding-bottom: 25px !important;padding-left: 25px !important;background-color: #f5f5f5 !important;}\u00a0\u00bb][vc_column width=\u00a0\u00bb2\/3&Prime;][vc_column_text css=\u00a0\u00bb.vc_custom_1593036673565{padding-top: 5px !important;}\u00a0\u00bb]<\/p>\n<h2><span style=\"color: #2a2f35;\">VENEZ ESSAYER DANS NOS MAGASINS !<\/span><br \/>\n<a href=\"\/contact\"><span style=\"color: #fabd42;\">\u2029Davezieux &#8211; Salaise-sur-Sanne<\/span><\/a><\/h2>\n<p>[\/vc_column_text][\/vc_column][vc_column width=\u00a0\u00bb1\/3&Prime;][vc_single_image image=\u00a0\u00bb3298&Prime; img_size=\u00a0\u00bb\u00a0\u00bb alignment=\u00a0\u00bbcenter\u00a0\u00bb][\/vc_column][\/vc_row]<\/p>\n<\/div>","protected":false},"excerpt":{"rendered":"<p>[vc_row full_width=\u00a0\u00bbstretch_row\u00a0\u00bb equal_height=\u00a0\u00bbyes\u00a0\u00bb content_placement=\u00a0\u00bbtop\u00a0\u00bb][vc_column width=\u00a0\u00bb1\/2&Prime; css=\u00a0\u00bb.vc_custom_1585263453354{margin-left: 15px !important;background-color: #fabd42 !important;}\u00a0\u00bb el_class=\u00a0\u00bbbloc-top-bg\u00a0\u00bb][vc_column_text css=\u00a0\u00bb.vc_custom_1587460392923{padding-top: 0px !important;padding-right: 15px !important;padding-bottom: 15px !important;padding-left: 15px !important;}\u00a0\u00bb] Auto, accessoires et remorques Cl\u00e9s en croix, rampe de signalisation,&#8230;<\/p>\n","protected":false},"author":2,"featured_media":0,"parent":0,"menu_order":0,"comment_status":"closed","ping_status":"closed","template":"","meta":{"footnotes":""},"class_list":["post-3816","page","type-page","status-publish","hentry"],"yoast_head":"<!-- This site is optimized with the Yoast SEO plugin v27.2 - https:\/\/yoast.com\/product\/yoast-seo-wordpress\/ -->\n<title>Rayon auto : Tous les accessoires et \u00e9quipements auto<\/title>\n<meta name=\"description\" content=\"Large choix d&#039;accessoires et \u00e9quipements auto au meilleur prix tel que pneus, l\u2019huile moteur, pares soleil, extincteurs, des kit de signalisation...etc dans nos magasins de bricolage Salaise sur Sanne et Davezieux.\" \/>\n<meta name=\"robots\" content=\"index, follow, max-snippet:-1, max-image-preview:large, max-video-preview:-1\" \/>\n<link rel=\"canonical\" href=\"https:\/\/arcada.fr\/Salaise\/auto\/\" \/>\n<meta property=\"og:locale\" content=\"fr_FR\" \/>\n<meta property=\"og:type\" content=\"article\" \/>\n<meta property=\"og:title\" content=\"Rayon auto : Tous les accessoires et \u00e9quipements auto\" \/>\n<meta property=\"og:description\" content=\"Large choix d&#039;accessoires et \u00e9quipements auto au meilleur prix tel que pneus, l\u2019huile moteur, pares soleil, extincteurs, des kit de signalisation...etc dans nos magasins de bricolage Salaise sur Sanne et Davezieux.\" \/>\n<meta property=\"og:url\" content=\"https:\/\/arcada.fr\/Salaise\/auto\/\" \/>\n<meta property=\"og:site_name\" content=\"Magasin de bricolage\" \/>\n<meta property=\"article:modified_time\" content=\"2023-03-02T14:17:02+00:00\" \/>\n<meta property=\"og:image\" content=\"https:\/\/arcada.fr\/Salaise\/wp-content\/uploads\/2020\/04\/picto-auto-blanc.svg\" \/>\n<meta name=\"twitter:card\" content=\"summary_large_image\" \/>\n<meta name=\"twitter:label1\" content=\"Dur\u00e9e de lecture estim\u00e9e\" \/>\n\t<meta name=\"twitter:data1\" content=\"2 minutes\" \/>\n<script type=\"application\/ld+json\" class=\"yoast-schema-graph\">{\"@context\":\"https:\/\/schema.org\",\"@graph\":[{\"@type\":\"WebPage\",\"@id\":\"https:\/\/arcada.fr\/Salaise\/auto\/\",\"url\":\"https:\/\/arcada.fr\/Salaise\/auto\/\",\"name\":\"Rayon auto : Tous les accessoires et \u00e9quipements auto\",\"isPartOf\":{\"@id\":\"https:\/\/arcada.fr\/Salaise\/#website\"},\"primaryImageOfPage\":{\"@id\":\"https:\/\/arcada.fr\/Salaise\/auto\/#primaryimage\"},\"image\":{\"@id\":\"https:\/\/arcada.fr\/Salaise\/auto\/#primaryimage\"},\"thumbnailUrl\":\"https:\/\/arcada.fr\/Salaise\/wp-content\/uploads\/2020\/04\/picto-auto-blanc.svg\",\"datePublished\":\"2020-04-20T14:40:32+00:00\",\"dateModified\":\"2023-03-02T14:17:02+00:00\",\"description\":\"Large choix d'accessoires et \u00e9quipements auto au meilleur prix tel que pneus, l\u2019huile moteur, pares soleil, extincteurs, des kit de signalisation...etc dans nos magasins de bricolage Salaise sur Sanne et Davezieux.\",\"breadcrumb\":{\"@id\":\"https:\/\/arcada.fr\/Salaise\/auto\/#breadcrumb\"},\"inLanguage\":\"fr-FR\",\"potentialAction\":[{\"@type\":\"ReadAction\",\"target\":[\"https:\/\/arcada.fr\/Salaise\/auto\/\"]}]},{\"@type\":\"ImageObject\",\"inLanguage\":\"fr-FR\",\"@id\":\"https:\/\/arcada.fr\/Salaise\/auto\/#primaryimage\",\"url\":\"https:\/\/arcada.fr\/Salaise\/wp-content\/uploads\/2020\/04\/picto-auto-blanc.svg\",\"contentUrl\":\"https:\/\/arcada.fr\/Salaise\/wp-content\/uploads\/2020\/04\/picto-auto-blanc.svg\",\"width\":93,\"height\":93},{\"@type\":\"BreadcrumbList\",\"@id\":\"https:\/\/arcada.fr\/Salaise\/auto\/#breadcrumb\",\"itemListElement\":[{\"@type\":\"ListItem\",\"position\":1,\"name\":\"Accueil\",\"item\":\"https:\/\/arcada.fr\/Salaise\/\"},{\"@type\":\"ListItem\",\"position\":2,\"name\":\"Auto\"}]},{\"@type\":\"WebSite\",\"@id\":\"https:\/\/arcada.fr\/Salaise\/#website\",\"url\":\"https:\/\/arcada.fr\/Salaise\/\",\"name\":\"Magasin de bricolage\",\"description\":\"L&#039;outillage, notre passion !\",\"potentialAction\":[{\"@type\":\"SearchAction\",\"target\":{\"@type\":\"EntryPoint\",\"urlTemplate\":\"https:\/\/arcada.fr\/Salaise\/?s={search_term_string}\"},\"query-input\":{\"@type\":\"PropertyValueSpecification\",\"valueRequired\":true,\"valueName\":\"search_term_string\"}}],\"inLanguage\":\"fr-FR\"}]}<\/script>\n<!-- \/ Yoast SEO plugin. -->","yoast_head_json":{"title":"Rayon auto : Tous les accessoires et \u00e9quipements auto","description":"Large choix d'accessoires et \u00e9quipements auto au meilleur prix tel que pneus, l\u2019huile moteur, pares soleil, extincteurs, des kit de signalisation...etc dans nos magasins de bricolage Salaise sur Sanne et Davezieux.","robots":{"index":"index","follow":"follow","max-snippet":"max-snippet:-1","max-image-preview":"max-image-preview:large","max-video-preview":"max-video-preview:-1"},"canonical":"https:\/\/arcada.fr\/Salaise\/auto\/","og_locale":"fr_FR","og_type":"article","og_title":"Rayon auto : Tous les accessoires et \u00e9quipements auto","og_description":"Large choix d'accessoires et \u00e9quipements auto au meilleur prix tel que pneus, l\u2019huile moteur, pares soleil, extincteurs, des kit de signalisation...etc dans nos magasins de bricolage Salaise sur Sanne et Davezieux.","og_url":"https:\/\/arcada.fr\/Salaise\/auto\/","og_site_name":"Magasin de bricolage","article_modified_time":"2023-03-02T14:17:02+00:00","og_image":[{"url":"https:\/\/arcada.fr\/Salaise\/wp-content\/uploads\/2020\/04\/picto-auto-blanc.svg","type":"","width":"","height":""}],"twitter_card":"summary_large_image","twitter_misc":{"Dur\u00e9e de lecture estim\u00e9e":"2 minutes"},"schema":{"@context":"https:\/\/schema.org","@graph":[{"@type":"WebPage","@id":"https:\/\/arcada.fr\/Salaise\/auto\/","url":"https:\/\/arcada.fr\/Salaise\/auto\/","name":"Rayon auto : Tous les accessoires et \u00e9quipements auto","isPartOf":{"@id":"https:\/\/arcada.fr\/Salaise\/#website"},"primaryImageOfPage":{"@id":"https:\/\/arcada.fr\/Salaise\/auto\/#primaryimage"},"image":{"@id":"https:\/\/arcada.fr\/Salaise\/auto\/#primaryimage"},"thumbnailUrl":"https:\/\/arcada.fr\/Salaise\/wp-content\/uploads\/2020\/04\/picto-auto-blanc.svg","datePublished":"2020-04-20T14:40:32+00:00","dateModified":"2023-03-02T14:17:02+00:00","description":"Large choix d'accessoires et \u00e9quipements auto au meilleur prix tel que pneus, l\u2019huile moteur, pares soleil, extincteurs, des kit de signalisation...etc dans nos magasins de bricolage Salaise sur Sanne et Davezieux.","breadcrumb":{"@id":"https:\/\/arcada.fr\/Salaise\/auto\/#breadcrumb"},"inLanguage":"fr-FR","potentialAction":[{"@type":"ReadAction","target":["https:\/\/arcada.fr\/Salaise\/auto\/"]}]},{"@type":"ImageObject","inLanguage":"fr-FR","@id":"https:\/\/arcada.fr\/Salaise\/auto\/#primaryimage","url":"https:\/\/arcada.fr\/Salaise\/wp-content\/uploads\/2020\/04\/picto-auto-blanc.svg","contentUrl":"https:\/\/arcada.fr\/Salaise\/wp-content\/uploads\/2020\/04\/picto-auto-blanc.svg","width":93,"height":93},{"@type":"BreadcrumbList","@id":"https:\/\/arcada.fr\/Salaise\/auto\/#breadcrumb","itemListElement":[{"@type":"ListItem","position":1,"name":"Accueil","item":"https:\/\/arcada.fr\/Salaise\/"},{"@type":"ListItem","position":2,"name":"Auto"}]},{"@type":"WebSite","@id":"https:\/\/arcada.fr\/Salaise\/#website","url":"https:\/\/arcada.fr\/Salaise\/","name":"Magasin de bricolage","description":"L&#039;outillage, notre passion !","potentialAction":[{"@type":"SearchAction","target":{"@type":"EntryPoint","urlTemplate":"https:\/\/arcada.fr\/Salaise\/?s={search_term_string}"},"query-input":{"@type":"PropertyValueSpecification","valueRequired":true,"valueName":"search_term_string"}}],"inLanguage":"fr-FR"}]}},"_links":{"self":[{"href":"https:\/\/arcada.fr\/Salaise\/wp-json\/wp\/v2\/pages\/3816","targetHints":{"allow":["GET"]}}],"collection":[{"href":"https:\/\/arcada.fr\/Salaise\/wp-json\/wp\/v2\/pages"}],"about":[{"href":"https:\/\/arcada.fr\/Salaise\/wp-json\/wp\/v2\/types\/page"}],"author":[{"embeddable":true,"href":"https:\/\/arcada.fr\/Salaise\/wp-json\/wp\/v2\/users\/2"}],"replies":[{"embeddable":true,"href":"https:\/\/arcada.fr\/Salaise\/wp-json\/wp\/v2\/comments?post=3816"}],"version-history":[{"count":0,"href":"https:\/\/arcada.fr\/Salaise\/wp-json\/wp\/v2\/pages\/3816\/revisions"}],"wp:attachment":[{"href":"https:\/\/arcada.fr\/Salaise\/wp-json\/wp\/v2\/media?parent=3816"}],"curies":[{"name":"wp","href":"https:\/\/api.w.org\/{rel}","templated":true}]}}