{"id":3883,"date":"2020-04-20T16:08:21","date_gmt":"2020-04-20T16:08:21","guid":{"rendered":"https:\/\/arcada.evenove-dev1.fr\/?page_id=3883"},"modified":"2021-10-07T09:24:13","modified_gmt":"2021-10-07T09:24:13","slug":"habillement","status":"publish","type":"page","link":"https:\/\/arcada.fr\/Salaise\/equipements-de-protection\/habillement\/","title":{"rendered":"Habillement"},"content":{"rendered":"<div class=\"wpb-content-wrapper\"><p>[vc_row full_width=\u00a0\u00bbstretch_row\u00a0\u00bb equal_height=\u00a0\u00bbyes\u00a0\u00bb content_placement=\u00a0\u00bbtop\u00a0\u00bb][vc_column width=\u00a0\u00bb1\/2&Prime; css=\u00a0\u00bb.vc_custom_1585263453354{margin-left: 15px !important;background-color: #fabd42 !important;}\u00a0\u00bb el_class=\u00a0\u00bbbloc-top-bg\u00a0\u00bb][vc_column_text css=\u00a0\u00bb.vc_custom_1593036853097{padding-top: 0px !important;padding-right: 15px !important;padding-bottom: 15px !important;padding-left: 15px !important;}\u00a0\u00bb]<\/p>\n<div class=\"sscat-bloc-top\">\n<p><a href=\"https:\/\/arcada.fr\/Salaise\/wp-content\/uploads\/2020\/04\/chaussure.svg\"><img loading=\"lazy\" decoding=\"async\" class=\"alignnone wp-image-3952 \" src=\"https:\/\/arcada.fr\/Salaise\/wp-content\/uploads\/2020\/04\/chaussure.svg\" alt=\"\" width=\"60\" height=\"61\" \/><\/a><\/p>\n<p><strong>Habillement, v\u00eatements de travail et de protection<br \/>\n<\/strong><\/p>\n<p><em><i>Chaussure, chaussettes, pantalon, ceinture, parka, t-shirt, bonnet, gants, combinaisons&#8230;<br \/>\n<\/i><\/em><\/p>\n<p><em>\u00a0<\/em><\/p>\n<p><em>\u00a0<\/em><\/p>\n<p><em>\u00a0<\/em><\/p>\n<\/div>\n<p>[\/vc_column_text][\/vc_column][vc_column width=\u00a0\u00bb1\/2&Prime;][vc_single_image image=\u00a0\u00bb3072&Prime; img_size=\u00a0\u00bbfull\u00a0\u00bb css_animation=\u00a0\u00bbzoomIn\u00a0\u00bb][\/vc_column][\/vc_row][vc_row css=\u00a0\u00bb.vc_custom_1587045628644{padding-top: 40px !important;}\u00a0\u00bb][vc_column][vc_column_text css_animation=\u00a0\u00bbbottom-to-top\u00a0\u00bb]<\/p>\n<h1><span style=\"color: #fabd42;\"> Habillement de chantiers, protection et confort d\u2019usage :<\/span><\/h1>\n<p>Les <strong>\u00e9quipements de s\u00e9curit\u00e9<\/strong> sur les chantiers que ce soit pour les particuliers ou les professionnels sont des accessoires obligatoires du bricoleur. D\u00e9couvrez tous les <strong>v\u00eatements de travail et de protection<\/strong> qui sont faits pour vous faciliter la vie mais aussi pour prot\u00e9ger vos mains, pieds, yeux, oreilles lorsque que vous bricolez sur notre magasin de bricolage en ligne (chaussure de s\u00e9curit\u00e9, chaussettes, pantalon anti coupure, ceinture, parka, t-shirt, casque de chantier, bonnet, gants de protection\u2026etc)<\/p>\n<p>La s\u00e9curit\u00e9 sur un chantier est un \u00e9l\u00e9ment primordial, et l\u2019\u00e9quipement qui l\u2019accompagne doit \u00eatre choisi avec beaucoup d\u2019attention et les conseils de sp\u00e9cialistes comme chez Arcada.<\/p>\n<p>Nous proposons pour l&rsquo;habillement, le v\u00eatements de travail et de protection des marques professionnelles telles que LMA, Molinel, T2S, Timberland, Cofra<br \/>\n[\/vc_column_text][\/vc_column][\/vc_row][vc_row][vc_column]<div class=\"mgt-header-block clearfix text-left text-black wpb_content_element  mgt-header-block-style-1 mgt-header-texttransform-header \"><h2 class=\"mgt-header-block-title\">Pantalons<\/h2><div class=\"mgt-header-line\"><\/div><\/div>[vc_gallery type=\u00a0\u00bbimage_grid\u00a0\u00bb images=\u00a0\u00bb3894,3895,3896,3897,3898,3899,3900,3901,3902&Prime; img_size=\u00a0\u00bbmedium\u00a0\u00bb el_class=\u00a0\u00bbgallery-line\u00a0\u00bb][\/vc_column][\/vc_row][vc_row][vc_column]<div class=\"mgt-header-block clearfix text-left text-black wpb_content_element  mgt-header-block-style-1 mgt-header-texttransform-header \"><h2 class=\"mgt-header-block-title\">Chaussures<\/h2><div class=\"mgt-header-line\"><\/div><\/div>[vc_gallery type=\u00a0\u00bbimage_grid\u00a0\u00bb images=\u00a0\u00bb3908,3911,3913,3909,3912,3905,3906,3907,3910,3904&Prime; img_size=\u00a0\u00bbmedium\u00a0\u00bb el_class=\u00a0\u00bbgallery-line\u00a0\u00bb][\/vc_column][\/vc_row][vc_row][vc_column]<div class=\"mgt-header-block clearfix text-left text-black wpb_content_element  mgt-header-block-style-1 mgt-header-texttransform-header \"><h2 class=\"mgt-header-block-title\">T-shirt, vestes, blousons<\/h2><div class=\"mgt-header-line\"><\/div><\/div>[vc_gallery type=\u00a0\u00bbimage_grid\u00a0\u00bb images=\u00a0\u00bb3915,3916,3917,3918&Prime; el_class=\u00a0\u00bbgallery-line\u00a0\u00bb][\/vc_column][\/vc_row][vc_row][vc_column]<div class=\"mgt-header-block clearfix text-left text-black wpb_content_element  mgt-header-block-style-1 mgt-header-texttransform-header \"><h2 class=\"mgt-header-block-title\">Nos marques d'habillement de s\u00e9curit\u00e9<\/h2><div class=\"mgt-header-line\"><\/div><\/div>[vc_gallery type=\u00a0\u00bbimage_grid\u00a0\u00bb images=\u00a0\u00bb3919,3922,3923,3925&Prime; img_size=\u00a0\u00bbmedium\u00a0\u00bb el_class=\u00a0\u00bbgallery-line\u00a0\u00bb][\/vc_column][\/vc_row][vc_row css=\u00a0\u00bb.vc_custom_1633598560405{padding-top: 30px !important;padding-bottom: 30px !important;background-color: #fabd42 !important;}\u00a0\u00bb][vc_column]<div class=\"mgt-header-block clearfix text-center text-black wpb_content_element  mgt-header-block-style-1 mgt-header-texttransform-header \"><h2 class=\"mgt-header-block-title\">Contactez votre magasin directement<\/h2><div class=\"mgt-header-line\"><\/div><\/div>[\/vc_column][\/vc_row][vc_row css=\u00a0\u00bb.vc_custom_1633598651440{padding-bottom: 30px !important;background-color: #fabd42 !important;}\u00a0\u00bb][vc_column width=\u00a0\u00bb1\/2&Prime;][vc_btn title=\u00a0\u00bbContact EPI Dav\u00e9zieux\u00a0\u00bb link=\u00a0\u00bburl:mailto%3Aepi07%40arcada.fr\u00a0\u00bb][\/vc_column][vc_column width=\u00a0\u00bb1\/2&Prime;][vc_btn title=\u00a0\u00bbContact EPI Salaise-sur-Sanne\u00a0\u00bb link=\u00a0\u00bburl:mailto%3Aepi%40arcada.fr\u00a0\u00bb][\/vc_column][\/vc_row][vc_row content_placement=\u00a0\u00bbmiddle\u00a0\u00bb css=\u00a0\u00bb.vc_custom_1585236430605{padding-top: 50px !important;padding-right: 25px !important;padding-bottom: 25px !important;padding-left: 25px !important;background-color: #f5f5f5 !important;}\u00a0\u00bb][vc_column width=\u00a0\u00bb2\/3&Prime;][vc_column_text css=\u00a0\u00bb.vc_custom_1593037152528{padding-top: 5px !important;}\u00a0\u00bb]<\/p>\n<h2><span style=\"color: #2a2f35;\">VENEZ ESSAYER DANS NOS MAGASINS !<\/span><br \/>\n<a href=\"\/contact\"><span style=\"color: #fabd42;\">\u2029Davezieux &#8211; Salaise-sur-Sanne<\/span><\/a><\/h2>\n<p>[\/vc_column_text][\/vc_column][vc_column width=\u00a0\u00bb1\/3&Prime;][vc_single_image image=\u00a0\u00bb3298&Prime; img_size=\u00a0\u00bb\u00a0\u00bb alignment=\u00a0\u00bbcenter\u00a0\u00bb][\/vc_column][\/vc_row]<\/p>\n<\/div>","protected":false},"excerpt":{"rendered":"<p>[vc_row full_width=\u00a0\u00bbstretch_row\u00a0\u00bb equal_height=\u00a0\u00bbyes\u00a0\u00bb content_placement=\u00a0\u00bbtop\u00a0\u00bb][vc_column width=\u00a0\u00bb1\/2&Prime; css=\u00a0\u00bb.vc_custom_1585263453354{margin-left: 15px !important;background-color: #fabd42 !important;}\u00a0\u00bb el_class=\u00a0\u00bbbloc-top-bg\u00a0\u00bb][vc_column_text css=\u00a0\u00bb.vc_custom_1593036853097{padding-top: 0px !important;padding-right: 15px !important;padding-bottom: 15px !important;padding-left: 15px !important;}\u00a0\u00bb] Habillement, v\u00eatements de travail et de protection Chaussure, chaussettes, pantalon,&#8230;<\/p>\n","protected":false},"author":2,"featured_media":0,"parent":3161,"menu_order":0,"comment_status":"closed","ping_status":"closed","template":"","meta":{"footnotes":""},"class_list":["post-3883","page","type-page","status-publish","hentry"],"yoast_head":"<!-- This site is optimized with the Yoast SEO plugin v27.2 - https:\/\/yoast.com\/product\/yoast-seo-wordpress\/ -->\n<title>Habillement de chantiers, v\u00eatements de travail et de protection<\/title>\n<meta name=\"description\" content=\"Large choix d&#039;habillement de chantiers, v\u00eatements de travail et de protection au meilleur prix tel que chaussure de s\u00e9curit\u00e9, chaussettes, pantalon anti coupure, ceinture, parka, t-shirt, casque de chantier, bonnet, gants de protection...etc dans nos magasins de bricolage Salaise sur Sanne et Davezieux.\" \/>\n<meta name=\"robots\" content=\"index, follow, max-snippet:-1, max-image-preview:large, max-video-preview:-1\" \/>\n<link rel=\"canonical\" href=\"https:\/\/arcada.fr\/Salaise\/equipements-de-protection\/habillement\/\" \/>\n<meta property=\"og:locale\" content=\"fr_FR\" \/>\n<meta property=\"og:type\" content=\"article\" \/>\n<meta property=\"og:title\" content=\"Habillement de chantiers, v\u00eatements de travail et de protection\" \/>\n<meta property=\"og:description\" content=\"Large choix d&#039;habillement de chantiers, v\u00eatements de travail et de protection au meilleur prix tel que chaussure de s\u00e9curit\u00e9, chaussettes, pantalon anti coupure, ceinture, parka, t-shirt, casque de chantier, bonnet, gants de protection...etc dans nos magasins de bricolage Salaise sur Sanne et Davezieux.\" \/>\n<meta property=\"og:url\" content=\"https:\/\/arcada.fr\/Salaise\/equipements-de-protection\/habillement\/\" \/>\n<meta property=\"og:site_name\" content=\"Magasin de bricolage\" \/>\n<meta property=\"article:modified_time\" content=\"2021-10-07T09:24:13+00:00\" \/>\n<meta property=\"og:image\" content=\"https:\/\/arcada.fr\/Salaise\/wp-content\/uploads\/2020\/04\/chaussure.svg\" \/>\n<meta name=\"twitter:card\" content=\"summary_large_image\" \/>\n<meta name=\"twitter:label1\" content=\"Dur\u00e9e de lecture estim\u00e9e\" \/>\n\t<meta name=\"twitter:data1\" content=\"3 minutes\" \/>\n<script type=\"application\/ld+json\" class=\"yoast-schema-graph\">{\"@context\":\"https:\/\/schema.org\",\"@graph\":[{\"@type\":\"WebPage\",\"@id\":\"https:\/\/arcada.fr\/Salaise\/equipements-de-protection\/habillement\/\",\"url\":\"https:\/\/arcada.fr\/Salaise\/equipements-de-protection\/habillement\/\",\"name\":\"Habillement de chantiers, v\u00eatements de travail et de protection\",\"isPartOf\":{\"@id\":\"https:\/\/arcada.fr\/Salaise\/#website\"},\"primaryImageOfPage\":{\"@id\":\"https:\/\/arcada.fr\/Salaise\/equipements-de-protection\/habillement\/#primaryimage\"},\"image\":{\"@id\":\"https:\/\/arcada.fr\/Salaise\/equipements-de-protection\/habillement\/#primaryimage\"},\"thumbnailUrl\":\"https:\/\/arcada.fr\/Salaise\/wp-content\/uploads\/2020\/04\/chaussure.svg\",\"datePublished\":\"2020-04-20T16:08:21+00:00\",\"dateModified\":\"2021-10-07T09:24:13+00:00\",\"description\":\"Large choix d'habillement de chantiers, v\u00eatements de travail et de protection au meilleur prix tel que chaussure de s\u00e9curit\u00e9, chaussettes, pantalon anti coupure, ceinture, parka, t-shirt, casque de chantier, bonnet, gants de protection...etc dans nos magasins de bricolage Salaise sur Sanne et Davezieux.\",\"breadcrumb\":{\"@id\":\"https:\/\/arcada.fr\/Salaise\/equipements-de-protection\/habillement\/#breadcrumb\"},\"inLanguage\":\"fr-FR\",\"potentialAction\":[{\"@type\":\"ReadAction\",\"target\":[\"https:\/\/arcada.fr\/Salaise\/equipements-de-protection\/habillement\/\"]}]},{\"@type\":\"ImageObject\",\"inLanguage\":\"fr-FR\",\"@id\":\"https:\/\/arcada.fr\/Salaise\/equipements-de-protection\/habillement\/#primaryimage\",\"url\":\"https:\/\/arcada.fr\/Salaise\/wp-content\/uploads\/2020\/04\/chaussure.svg\",\"contentUrl\":\"https:\/\/arcada.fr\/Salaise\/wp-content\/uploads\/2020\/04\/chaussure.svg\",\"width\":92,\"height\":93},{\"@type\":\"BreadcrumbList\",\"@id\":\"https:\/\/arcada.fr\/Salaise\/equipements-de-protection\/habillement\/#breadcrumb\",\"itemListElement\":[{\"@type\":\"ListItem\",\"position\":1,\"name\":\"Accueil\",\"item\":\"https:\/\/arcada.fr\/Salaise\/\"},{\"@type\":\"ListItem\",\"position\":2,\"name\":\"Equipement de protection\",\"item\":\"https:\/\/arcada.fr\/Salaise\/equipements-de-protection\/\"},{\"@type\":\"ListItem\",\"position\":3,\"name\":\"Habillement\"}]},{\"@type\":\"WebSite\",\"@id\":\"https:\/\/arcada.fr\/Salaise\/#website\",\"url\":\"https:\/\/arcada.fr\/Salaise\/\",\"name\":\"Magasin de bricolage\",\"description\":\"L&#039;outillage, notre passion !\",\"potentialAction\":[{\"@type\":\"SearchAction\",\"target\":{\"@type\":\"EntryPoint\",\"urlTemplate\":\"https:\/\/arcada.fr\/Salaise\/?s={search_term_string}\"},\"query-input\":{\"@type\":\"PropertyValueSpecification\",\"valueRequired\":true,\"valueName\":\"search_term_string\"}}],\"inLanguage\":\"fr-FR\"}]}<\/script>\n<!-- \/ Yoast SEO plugin. -->","yoast_head_json":{"title":"Habillement de chantiers, v\u00eatements de travail et de protection","description":"Large choix d'habillement de chantiers, v\u00eatements de travail et de protection au meilleur prix tel que chaussure de s\u00e9curit\u00e9, chaussettes, pantalon anti coupure, ceinture, parka, t-shirt, casque de chantier, bonnet, gants de protection...etc dans nos magasins de bricolage Salaise sur Sanne et Davezieux.","robots":{"index":"index","follow":"follow","max-snippet":"max-snippet:-1","max-image-preview":"max-image-preview:large","max-video-preview":"max-video-preview:-1"},"canonical":"https:\/\/arcada.fr\/Salaise\/equipements-de-protection\/habillement\/","og_locale":"fr_FR","og_type":"article","og_title":"Habillement de chantiers, v\u00eatements de travail et de protection","og_description":"Large choix d'habillement de chantiers, v\u00eatements de travail et de protection au meilleur prix tel que chaussure de s\u00e9curit\u00e9, chaussettes, pantalon anti coupure, ceinture, parka, t-shirt, casque de chantier, bonnet, gants de protection...etc dans nos magasins de bricolage Salaise sur Sanne et Davezieux.","og_url":"https:\/\/arcada.fr\/Salaise\/equipements-de-protection\/habillement\/","og_site_name":"Magasin de bricolage","article_modified_time":"2021-10-07T09:24:13+00:00","og_image":[{"url":"https:\/\/arcada.fr\/Salaise\/wp-content\/uploads\/2020\/04\/chaussure.svg","type":"","width":"","height":""}],"twitter_card":"summary_large_image","twitter_misc":{"Dur\u00e9e de lecture estim\u00e9e":"3 minutes"},"schema":{"@context":"https:\/\/schema.org","@graph":[{"@type":"WebPage","@id":"https:\/\/arcada.fr\/Salaise\/equipements-de-protection\/habillement\/","url":"https:\/\/arcada.fr\/Salaise\/equipements-de-protection\/habillement\/","name":"Habillement de chantiers, v\u00eatements de travail et de protection","isPartOf":{"@id":"https:\/\/arcada.fr\/Salaise\/#website"},"primaryImageOfPage":{"@id":"https:\/\/arcada.fr\/Salaise\/equipements-de-protection\/habillement\/#primaryimage"},"image":{"@id":"https:\/\/arcada.fr\/Salaise\/equipements-de-protection\/habillement\/#primaryimage"},"thumbnailUrl":"https:\/\/arcada.fr\/Salaise\/wp-content\/uploads\/2020\/04\/chaussure.svg","datePublished":"2020-04-20T16:08:21+00:00","dateModified":"2021-10-07T09:24:13+00:00","description":"Large choix d'habillement de chantiers, v\u00eatements de travail et de protection au meilleur prix tel que chaussure de s\u00e9curit\u00e9, chaussettes, pantalon anti coupure, ceinture, parka, t-shirt, casque de chantier, bonnet, gants de protection...etc dans nos magasins de bricolage Salaise sur Sanne et Davezieux.","breadcrumb":{"@id":"https:\/\/arcada.fr\/Salaise\/equipements-de-protection\/habillement\/#breadcrumb"},"inLanguage":"fr-FR","potentialAction":[{"@type":"ReadAction","target":["https:\/\/arcada.fr\/Salaise\/equipements-de-protection\/habillement\/"]}]},{"@type":"ImageObject","inLanguage":"fr-FR","@id":"https:\/\/arcada.fr\/Salaise\/equipements-de-protection\/habillement\/#primaryimage","url":"https:\/\/arcada.fr\/Salaise\/wp-content\/uploads\/2020\/04\/chaussure.svg","contentUrl":"https:\/\/arcada.fr\/Salaise\/wp-content\/uploads\/2020\/04\/chaussure.svg","width":92,"height":93},{"@type":"BreadcrumbList","@id":"https:\/\/arcada.fr\/Salaise\/equipements-de-protection\/habillement\/#breadcrumb","itemListElement":[{"@type":"ListItem","position":1,"name":"Accueil","item":"https:\/\/arcada.fr\/Salaise\/"},{"@type":"ListItem","position":2,"name":"Equipement de protection","item":"https:\/\/arcada.fr\/Salaise\/equipements-de-protection\/"},{"@type":"ListItem","position":3,"name":"Habillement"}]},{"@type":"WebSite","@id":"https:\/\/arcada.fr\/Salaise\/#website","url":"https:\/\/arcada.fr\/Salaise\/","name":"Magasin de bricolage","description":"L&#039;outillage, notre passion !","potentialAction":[{"@type":"SearchAction","target":{"@type":"EntryPoint","urlTemplate":"https:\/\/arcada.fr\/Salaise\/?s={search_term_string}"},"query-input":{"@type":"PropertyValueSpecification","valueRequired":true,"valueName":"search_term_string"}}],"inLanguage":"fr-FR"}]}},"_links":{"self":[{"href":"https:\/\/arcada.fr\/Salaise\/wp-json\/wp\/v2\/pages\/3883","targetHints":{"allow":["GET"]}}],"collection":[{"href":"https:\/\/arcada.fr\/Salaise\/wp-json\/wp\/v2\/pages"}],"about":[{"href":"https:\/\/arcada.fr\/Salaise\/wp-json\/wp\/v2\/types\/page"}],"author":[{"embeddable":true,"href":"https:\/\/arcada.fr\/Salaise\/wp-json\/wp\/v2\/users\/2"}],"replies":[{"embeddable":true,"href":"https:\/\/arcada.fr\/Salaise\/wp-json\/wp\/v2\/comments?post=3883"}],"version-history":[{"count":0,"href":"https:\/\/arcada.fr\/Salaise\/wp-json\/wp\/v2\/pages\/3883\/revisions"}],"up":[{"embeddable":true,"href":"https:\/\/arcada.fr\/Salaise\/wp-json\/wp\/v2\/pages\/3161"}],"wp:attachment":[{"href":"https:\/\/arcada.fr\/Salaise\/wp-json\/wp\/v2\/media?parent=3883"}],"curies":[{"name":"wp","href":"https:\/\/api.w.org\/{rel}","templated":true}]}}