{"id":5023,"date":"2024-05-07T13:59:05","date_gmt":"2024-05-07T13:59:05","guid":{"rendered":"https:\/\/arcada.fr\/Salaise\/product\/treuil-manuel-4-t-cable-3m-de-6mm\/"},"modified":"2025-04-07T15:46:22","modified_gmt":"2025-04-07T15:46:22","slug":"treuil-manuel-4-t-cable-3m-de-6mm","status":"publish","type":"product","link":"https:\/\/arcada.fr\/Salaise\/product\/treuil-manuel-4-t-cable-3m-de-6mm\/","title":{"rendered":"TIRE-FORT 4 TONNES"},"content":{"rendered":"","protected":false},"excerpt":{"rendered":"<p>Treuil manuel de halage dit \u201ctire-fort\u201c.<br \/>Construction tout m\u00e9tal.<br \/>Bras d\u2019enroulement avec 1 position d\u00e9brayage.<br \/>Manette ind\u00e9pendante pour d\u00e9roulement du c\u00e2ble.<br \/>D\u00e9multiplication: 4.1:1.<br \/>Traction maximum 3,5 tonnes &#8211; 4 tonnes avec poulie de mouflage.<br \/>C\u00e2ble en acier: \u00d8 6 mm x 3 m.<br \/>Bras 500 mm avec poign\u00e9e plastique.<br \/>Tambour \u00d8 45 mm avec berceau d\u2019enroulement du c\u00e2ble<br \/><button type=submit\"><a href=\"\/wp-content\/uploads\/fich-tech\/R005934.pdf\" target=\"_blank\" rel=\"noopener\">Fiche Technique<\/a><\/button><\/p>\n","protected":false},"featured_media":5021,"comment_status":"open","ping_status":"closed","template":"","meta":[],"product_brand":[],"product_cat":[65],"product_tag":[],"class_list":{"0":"post-5023","1":"product","2":"type-product","3":"status-publish","4":"has-post-thumbnail","6":"product_cat-automobile","8":"first","9":"instock","10":"shipping-taxable","11":"purchasable","12":"product-type-simple"},"yoast_head":"<!-- This site is optimized with the Yoast SEO plugin v27.2 - https:\/\/yoast.com\/product\/yoast-seo-wordpress\/ -->\n<title>TIRE-FORT 4 TONNES | Magasin de bricolage<\/title>\n<meta name=\"robots\" content=\"index, follow, max-snippet:-1, max-image-preview:large, max-video-preview:-1\" \/>\n<link rel=\"canonical\" href=\"https:\/\/arcada.fr\/Salaise\/product\/treuil-manuel-4-t-cable-3m-de-6mm\/\" \/>\n<meta property=\"og:locale\" content=\"fr_FR\" \/>\n<meta property=\"og:type\" content=\"article\" \/>\n<meta property=\"og:title\" content=\"TIRE-FORT 4 TONNES | Magasin de bricolage\" \/>\n<meta property=\"og:description\" content=\"Treuil manuel de halage dit \u201ctire-fort\u201c.Construction tout m\u00e9tal.Bras d\u2019enroulement avec 1 position d\u00e9brayage.Manette ind\u00e9pendante pour d\u00e9roulement du c\u00e2ble.D\u00e9multiplication: 4.1:1.Traction maximum 3,5 tonnes - 4 tonnes avec poulie de mouflage.C\u00e2ble en acier: \u00d8 6 mm x 3 m.Bras 500 mm avec poign\u00e9e plastique.Tambour \u00d8 45 mm avec berceau d\u2019enroulement du c\u00e2ble\" \/>\n<meta property=\"og:url\" content=\"https:\/\/arcada.fr\/Salaise\/product\/treuil-manuel-4-t-cable-3m-de-6mm\/\" \/>\n<meta property=\"og:site_name\" content=\"Magasin de bricolage\" \/>\n<meta property=\"article:modified_time\" content=\"2025-04-07T15:46:22+00:00\" \/>\n<meta property=\"og:image\" content=\"https:\/\/arcada.fr\/Salaise\/wp-content\/uploads\/2024\/05\/R005934.jpg\" \/>\n\t<meta property=\"og:image:width\" content=\"800\" \/>\n\t<meta property=\"og:image:height\" content=\"800\" \/>\n\t<meta property=\"og:image:type\" content=\"image\/jpeg\" \/>\n<meta name=\"twitter:card\" content=\"summary_large_image\" \/>\n<script type=\"application\/ld+json\" class=\"yoast-schema-graph\">{\"@context\":\"https:\/\/schema.org\",\"@graph\":[{\"@type\":\"WebPage\",\"@id\":\"https:\/\/arcada.fr\/Salaise\/product\/treuil-manuel-4-t-cable-3m-de-6mm\/\",\"url\":\"https:\/\/arcada.fr\/Salaise\/product\/treuil-manuel-4-t-cable-3m-de-6mm\/\",\"name\":\"TIRE-FORT 4 TONNES | Magasin de bricolage\",\"isPartOf\":{\"@id\":\"https:\/\/arcada.fr\/Salaise\/#website\"},\"primaryImageOfPage\":{\"@id\":\"https:\/\/arcada.fr\/Salaise\/product\/treuil-manuel-4-t-cable-3m-de-6mm\/#primaryimage\"},\"image\":{\"@id\":\"https:\/\/arcada.fr\/Salaise\/product\/treuil-manuel-4-t-cable-3m-de-6mm\/#primaryimage\"},\"thumbnailUrl\":\"https:\/\/arcada.fr\/Salaise\/wp-content\/uploads\/2024\/05\/R005934.jpg\",\"datePublished\":\"2024-05-07T13:59:05+00:00\",\"dateModified\":\"2025-04-07T15:46:22+00:00\",\"breadcrumb\":{\"@id\":\"https:\/\/arcada.fr\/Salaise\/product\/treuil-manuel-4-t-cable-3m-de-6mm\/#breadcrumb\"},\"inLanguage\":\"fr-FR\",\"potentialAction\":[{\"@type\":\"ReadAction\",\"target\":[\"https:\/\/arcada.fr\/Salaise\/product\/treuil-manuel-4-t-cable-3m-de-6mm\/\"]}]},{\"@type\":\"ImageObject\",\"inLanguage\":\"fr-FR\",\"@id\":\"https:\/\/arcada.fr\/Salaise\/product\/treuil-manuel-4-t-cable-3m-de-6mm\/#primaryimage\",\"url\":\"https:\/\/arcada.fr\/Salaise\/wp-content\/uploads\/2024\/05\/R005934.jpg\",\"contentUrl\":\"https:\/\/arcada.fr\/Salaise\/wp-content\/uploads\/2024\/05\/R005934.jpg\",\"width\":800,\"height\":800},{\"@type\":\"BreadcrumbList\",\"@id\":\"https:\/\/arcada.fr\/Salaise\/product\/treuil-manuel-4-t-cable-3m-de-6mm\/#breadcrumb\",\"itemListElement\":[{\"@type\":\"ListItem\",\"position\":1,\"name\":\"Accueil\",\"item\":\"https:\/\/arcada.fr\/Salaise\/\"},{\"@type\":\"ListItem\",\"position\":2,\"name\":\"Produits\",\"item\":\"https:\/\/arcada.fr\/Salaise\/shop\/\"},{\"@type\":\"ListItem\",\"position\":3,\"name\":\"TIRE-FORT 4 TONNES\"}]},{\"@type\":\"WebSite\",\"@id\":\"https:\/\/arcada.fr\/Salaise\/#website\",\"url\":\"https:\/\/arcada.fr\/Salaise\/\",\"name\":\"Magasin de bricolage\",\"description\":\"L&#039;outillage, notre passion !\",\"potentialAction\":[{\"@type\":\"SearchAction\",\"target\":{\"@type\":\"EntryPoint\",\"urlTemplate\":\"https:\/\/arcada.fr\/Salaise\/?s={search_term_string}\"},\"query-input\":{\"@type\":\"PropertyValueSpecification\",\"valueRequired\":true,\"valueName\":\"search_term_string\"}}],\"inLanguage\":\"fr-FR\"}]}<\/script>\n<!-- \/ Yoast SEO plugin. -->","yoast_head_json":{"title":"TIRE-FORT 4 TONNES | Magasin de bricolage","robots":{"index":"index","follow":"follow","max-snippet":"max-snippet:-1","max-image-preview":"max-image-preview:large","max-video-preview":"max-video-preview:-1"},"canonical":"https:\/\/arcada.fr\/Salaise\/product\/treuil-manuel-4-t-cable-3m-de-6mm\/","og_locale":"fr_FR","og_type":"article","og_title":"TIRE-FORT 4 TONNES | Magasin de bricolage","og_description":"Treuil manuel de halage dit \u201ctire-fort\u201c.Construction tout m\u00e9tal.Bras d\u2019enroulement avec 1 position d\u00e9brayage.Manette ind\u00e9pendante pour d\u00e9roulement du c\u00e2ble.D\u00e9multiplication: 4.1:1.Traction maximum 3,5 tonnes - 4 tonnes avec poulie de mouflage.C\u00e2ble en acier: \u00d8 6 mm x 3 m.Bras 500 mm avec poign\u00e9e plastique.Tambour \u00d8 45 mm avec berceau d\u2019enroulement du c\u00e2ble","og_url":"https:\/\/arcada.fr\/Salaise\/product\/treuil-manuel-4-t-cable-3m-de-6mm\/","og_site_name":"Magasin de bricolage","article_modified_time":"2025-04-07T15:46:22+00:00","og_image":[{"width":800,"height":800,"url":"https:\/\/arcada.fr\/Salaise\/wp-content\/uploads\/2024\/05\/R005934.jpg","type":"image\/jpeg"}],"twitter_card":"summary_large_image","schema":{"@context":"https:\/\/schema.org","@graph":[{"@type":"WebPage","@id":"https:\/\/arcada.fr\/Salaise\/product\/treuil-manuel-4-t-cable-3m-de-6mm\/","url":"https:\/\/arcada.fr\/Salaise\/product\/treuil-manuel-4-t-cable-3m-de-6mm\/","name":"TIRE-FORT 4 TONNES | Magasin de bricolage","isPartOf":{"@id":"https:\/\/arcada.fr\/Salaise\/#website"},"primaryImageOfPage":{"@id":"https:\/\/arcada.fr\/Salaise\/product\/treuil-manuel-4-t-cable-3m-de-6mm\/#primaryimage"},"image":{"@id":"https:\/\/arcada.fr\/Salaise\/product\/treuil-manuel-4-t-cable-3m-de-6mm\/#primaryimage"},"thumbnailUrl":"https:\/\/arcada.fr\/Salaise\/wp-content\/uploads\/2024\/05\/R005934.jpg","datePublished":"2024-05-07T13:59:05+00:00","dateModified":"2025-04-07T15:46:22+00:00","breadcrumb":{"@id":"https:\/\/arcada.fr\/Salaise\/product\/treuil-manuel-4-t-cable-3m-de-6mm\/#breadcrumb"},"inLanguage":"fr-FR","potentialAction":[{"@type":"ReadAction","target":["https:\/\/arcada.fr\/Salaise\/product\/treuil-manuel-4-t-cable-3m-de-6mm\/"]}]},{"@type":"ImageObject","inLanguage":"fr-FR","@id":"https:\/\/arcada.fr\/Salaise\/product\/treuil-manuel-4-t-cable-3m-de-6mm\/#primaryimage","url":"https:\/\/arcada.fr\/Salaise\/wp-content\/uploads\/2024\/05\/R005934.jpg","contentUrl":"https:\/\/arcada.fr\/Salaise\/wp-content\/uploads\/2024\/05\/R005934.jpg","width":800,"height":800},{"@type":"BreadcrumbList","@id":"https:\/\/arcada.fr\/Salaise\/product\/treuil-manuel-4-t-cable-3m-de-6mm\/#breadcrumb","itemListElement":[{"@type":"ListItem","position":1,"name":"Accueil","item":"https:\/\/arcada.fr\/Salaise\/"},{"@type":"ListItem","position":2,"name":"Produits","item":"https:\/\/arcada.fr\/Salaise\/shop\/"},{"@type":"ListItem","position":3,"name":"TIRE-FORT 4 TONNES"}]},{"@type":"WebSite","@id":"https:\/\/arcada.fr\/Salaise\/#website","url":"https:\/\/arcada.fr\/Salaise\/","name":"Magasin de bricolage","description":"L&#039;outillage, notre passion !","potentialAction":[{"@type":"SearchAction","target":{"@type":"EntryPoint","urlTemplate":"https:\/\/arcada.fr\/Salaise\/?s={search_term_string}"},"query-input":{"@type":"PropertyValueSpecification","valueRequired":true,"valueName":"search_term_string"}}],"inLanguage":"fr-FR"}]}},"_links":{"self":[{"href":"https:\/\/arcada.fr\/Salaise\/wp-json\/wp\/v2\/product\/5023","targetHints":{"allow":["GET"]}}],"collection":[{"href":"https:\/\/arcada.fr\/Salaise\/wp-json\/wp\/v2\/product"}],"about":[{"href":"https:\/\/arcada.fr\/Salaise\/wp-json\/wp\/v2\/types\/product"}],"replies":[{"embeddable":true,"href":"https:\/\/arcada.fr\/Salaise\/wp-json\/wp\/v2\/comments?post=5023"}],"wp:featuredmedia":[{"embeddable":true,"href":"https:\/\/arcada.fr\/Salaise\/wp-json\/wp\/v2\/media\/5021"}],"wp:attachment":[{"href":"https:\/\/arcada.fr\/Salaise\/wp-json\/wp\/v2\/media?parent=5023"}],"wp:term":[{"taxonomy":"product_brand","embeddable":true,"href":"https:\/\/arcada.fr\/Salaise\/wp-json\/wp\/v2\/product_brand?post=5023"},{"taxonomy":"product_cat","embeddable":true,"href":"https:\/\/arcada.fr\/Salaise\/wp-json\/wp\/v2\/product_cat?post=5023"},{"taxonomy":"product_tag","embeddable":true,"href":"https:\/\/arcada.fr\/Salaise\/wp-json\/wp\/v2\/product_tag?post=5023"}],"curies":[{"name":"wp","href":"https:\/\/api.w.org\/{rel}","templated":true}]}}