{"id":5186,"date":"2024-05-07T14:00:36","date_gmt":"2024-05-07T14:00:36","guid":{"rendered":"https:\/\/arcada.fr\/Salaise\/product\/touret-a-meuler-150mm-350w-meule-meule-a-eau-base-tournante\/"},"modified":"2025-04-07T15:46:40","modified_gmt":"2025-04-07T15:46:40","slug":"touret-a-meuler-150mm-350w-meule-meule-a-eau-base-tournante","status":"publish","type":"product","link":"https:\/\/arcada.fr\/Salaise\/product\/touret-a-meuler-150mm-350w-meule-meule-a-eau-base-tournante\/","title":{"rendered":"TOURET A MEULER 150MM 350W MEULE\/MEULE A EAU BASE TOURNANTE"},"content":{"rendered":"","protected":false},"excerpt":{"rendered":"<p>Aiguiseuse id\u00e9ale pour aiguiser les forets, les outils coupants, la coutellerie, les lames de tondeuse et les ciseaux \u00e0 bois. Touret pivotant pour un gain de place optimal. Avec dressoir, lumi\u00e8re LED et kit s\u00e9curit\u00e9<br \/><button type=submit\"><a href=\"\/wp-content\/uploads\/fich-tech\/R014272.pdf\" target=\"_blank\" rel=\"noopener\">Fiche Technique<\/a><\/button><\/p>\n","protected":false},"featured_media":5185,"comment_status":"open","ping_status":"closed","template":"","meta":[],"product_brand":[],"product_cat":[67],"product_tag":[],"class_list":{"0":"post-5186","1":"product","2":"type-product","3":"status-publish","4":"has-post-thumbnail","6":"product_cat-atelier","8":"first","9":"instock","10":"shipping-taxable","11":"purchasable","12":"product-type-simple"},"yoast_head":"<!-- This site is optimized with the Yoast SEO plugin v27.2 - https:\/\/yoast.com\/product\/yoast-seo-wordpress\/ -->\n<title>TOURET A MEULER 150MM 350W MEULE\/MEULE A EAU BASE TOURNANTE | Magasin de bricolage<\/title>\n<meta name=\"robots\" content=\"index, follow, max-snippet:-1, max-image-preview:large, max-video-preview:-1\" \/>\n<link rel=\"canonical\" href=\"https:\/\/arcada.fr\/Salaise\/product\/touret-a-meuler-150mm-350w-meule-meule-a-eau-base-tournante\/\" \/>\n<meta property=\"og:locale\" content=\"fr_FR\" \/>\n<meta property=\"og:type\" content=\"article\" \/>\n<meta property=\"og:title\" content=\"TOURET A MEULER 150MM 350W MEULE\/MEULE A EAU BASE TOURNANTE | Magasin de bricolage\" \/>\n<meta property=\"og:description\" content=\"Aiguiseuse id\u00e9ale pour aiguiser les forets, les outils coupants, la coutellerie, les lames de tondeuse et les ciseaux \u00e0 bois. Touret pivotant pour un gain de place optimal. Avec dressoir, lumi\u00e8re LED et kit s\u00e9curit\u00e9\" \/>\n<meta property=\"og:url\" content=\"https:\/\/arcada.fr\/Salaise\/product\/touret-a-meuler-150mm-350w-meule-meule-a-eau-base-tournante\/\" \/>\n<meta property=\"og:site_name\" content=\"Magasin de bricolage\" \/>\n<meta property=\"article:modified_time\" content=\"2025-04-07T15:46:40+00:00\" \/>\n<meta property=\"og:image\" content=\"https:\/\/arcada.fr\/Salaise\/wp-content\/uploads\/2024\/05\/R014272.jpg\" \/>\n\t<meta property=\"og:image:width\" content=\"800\" \/>\n\t<meta property=\"og:image:height\" content=\"800\" \/>\n\t<meta property=\"og:image:type\" content=\"image\/jpeg\" \/>\n<meta name=\"twitter:card\" content=\"summary_large_image\" \/>\n<script type=\"application\/ld+json\" class=\"yoast-schema-graph\">{\"@context\":\"https:\/\/schema.org\",\"@graph\":[{\"@type\":\"WebPage\",\"@id\":\"https:\/\/arcada.fr\/Salaise\/product\/touret-a-meuler-150mm-350w-meule-meule-a-eau-base-tournante\/\",\"url\":\"https:\/\/arcada.fr\/Salaise\/product\/touret-a-meuler-150mm-350w-meule-meule-a-eau-base-tournante\/\",\"name\":\"TOURET A MEULER 150MM 350W MEULE\/MEULE A EAU BASE TOURNANTE | Magasin de bricolage\",\"isPartOf\":{\"@id\":\"https:\/\/arcada.fr\/Salaise\/#website\"},\"primaryImageOfPage\":{\"@id\":\"https:\/\/arcada.fr\/Salaise\/product\/touret-a-meuler-150mm-350w-meule-meule-a-eau-base-tournante\/#primaryimage\"},\"image\":{\"@id\":\"https:\/\/arcada.fr\/Salaise\/product\/touret-a-meuler-150mm-350w-meule-meule-a-eau-base-tournante\/#primaryimage\"},\"thumbnailUrl\":\"https:\/\/arcada.fr\/Salaise\/wp-content\/uploads\/2024\/05\/R014272.jpg\",\"datePublished\":\"2024-05-07T14:00:36+00:00\",\"dateModified\":\"2025-04-07T15:46:40+00:00\",\"breadcrumb\":{\"@id\":\"https:\/\/arcada.fr\/Salaise\/product\/touret-a-meuler-150mm-350w-meule-meule-a-eau-base-tournante\/#breadcrumb\"},\"inLanguage\":\"fr-FR\",\"potentialAction\":[{\"@type\":\"ReadAction\",\"target\":[\"https:\/\/arcada.fr\/Salaise\/product\/touret-a-meuler-150mm-350w-meule-meule-a-eau-base-tournante\/\"]}]},{\"@type\":\"ImageObject\",\"inLanguage\":\"fr-FR\",\"@id\":\"https:\/\/arcada.fr\/Salaise\/product\/touret-a-meuler-150mm-350w-meule-meule-a-eau-base-tournante\/#primaryimage\",\"url\":\"https:\/\/arcada.fr\/Salaise\/wp-content\/uploads\/2024\/05\/R014272.jpg\",\"contentUrl\":\"https:\/\/arcada.fr\/Salaise\/wp-content\/uploads\/2024\/05\/R014272.jpg\",\"width\":800,\"height\":800},{\"@type\":\"BreadcrumbList\",\"@id\":\"https:\/\/arcada.fr\/Salaise\/product\/touret-a-meuler-150mm-350w-meule-meule-a-eau-base-tournante\/#breadcrumb\",\"itemListElement\":[{\"@type\":\"ListItem\",\"position\":1,\"name\":\"Accueil\",\"item\":\"https:\/\/arcada.fr\/Salaise\/\"},{\"@type\":\"ListItem\",\"position\":2,\"name\":\"Produits\",\"item\":\"https:\/\/arcada.fr\/Salaise\/shop\/\"},{\"@type\":\"ListItem\",\"position\":3,\"name\":\"TOURET A MEULER 150MM 350W MEULE\/MEULE A EAU BASE TOURNANTE\"}]},{\"@type\":\"WebSite\",\"@id\":\"https:\/\/arcada.fr\/Salaise\/#website\",\"url\":\"https:\/\/arcada.fr\/Salaise\/\",\"name\":\"Magasin de bricolage\",\"description\":\"L&#039;outillage, notre passion !\",\"potentialAction\":[{\"@type\":\"SearchAction\",\"target\":{\"@type\":\"EntryPoint\",\"urlTemplate\":\"https:\/\/arcada.fr\/Salaise\/?s={search_term_string}\"},\"query-input\":{\"@type\":\"PropertyValueSpecification\",\"valueRequired\":true,\"valueName\":\"search_term_string\"}}],\"inLanguage\":\"fr-FR\"}]}<\/script>\n<!-- \/ Yoast SEO plugin. -->","yoast_head_json":{"title":"TOURET A MEULER 150MM 350W MEULE\/MEULE A EAU BASE TOURNANTE | Magasin de bricolage","robots":{"index":"index","follow":"follow","max-snippet":"max-snippet:-1","max-image-preview":"max-image-preview:large","max-video-preview":"max-video-preview:-1"},"canonical":"https:\/\/arcada.fr\/Salaise\/product\/touret-a-meuler-150mm-350w-meule-meule-a-eau-base-tournante\/","og_locale":"fr_FR","og_type":"article","og_title":"TOURET A MEULER 150MM 350W MEULE\/MEULE A EAU BASE TOURNANTE | Magasin de bricolage","og_description":"Aiguiseuse id\u00e9ale pour aiguiser les forets, les outils coupants, la coutellerie, les lames de tondeuse et les ciseaux \u00e0 bois. Touret pivotant pour un gain de place optimal. Avec dressoir, lumi\u00e8re LED et kit s\u00e9curit\u00e9","og_url":"https:\/\/arcada.fr\/Salaise\/product\/touret-a-meuler-150mm-350w-meule-meule-a-eau-base-tournante\/","og_site_name":"Magasin de bricolage","article_modified_time":"2025-04-07T15:46:40+00:00","og_image":[{"width":800,"height":800,"url":"https:\/\/arcada.fr\/Salaise\/wp-content\/uploads\/2024\/05\/R014272.jpg","type":"image\/jpeg"}],"twitter_card":"summary_large_image","schema":{"@context":"https:\/\/schema.org","@graph":[{"@type":"WebPage","@id":"https:\/\/arcada.fr\/Salaise\/product\/touret-a-meuler-150mm-350w-meule-meule-a-eau-base-tournante\/","url":"https:\/\/arcada.fr\/Salaise\/product\/touret-a-meuler-150mm-350w-meule-meule-a-eau-base-tournante\/","name":"TOURET A MEULER 150MM 350W MEULE\/MEULE A EAU BASE TOURNANTE | Magasin de bricolage","isPartOf":{"@id":"https:\/\/arcada.fr\/Salaise\/#website"},"primaryImageOfPage":{"@id":"https:\/\/arcada.fr\/Salaise\/product\/touret-a-meuler-150mm-350w-meule-meule-a-eau-base-tournante\/#primaryimage"},"image":{"@id":"https:\/\/arcada.fr\/Salaise\/product\/touret-a-meuler-150mm-350w-meule-meule-a-eau-base-tournante\/#primaryimage"},"thumbnailUrl":"https:\/\/arcada.fr\/Salaise\/wp-content\/uploads\/2024\/05\/R014272.jpg","datePublished":"2024-05-07T14:00:36+00:00","dateModified":"2025-04-07T15:46:40+00:00","breadcrumb":{"@id":"https:\/\/arcada.fr\/Salaise\/product\/touret-a-meuler-150mm-350w-meule-meule-a-eau-base-tournante\/#breadcrumb"},"inLanguage":"fr-FR","potentialAction":[{"@type":"ReadAction","target":["https:\/\/arcada.fr\/Salaise\/product\/touret-a-meuler-150mm-350w-meule-meule-a-eau-base-tournante\/"]}]},{"@type":"ImageObject","inLanguage":"fr-FR","@id":"https:\/\/arcada.fr\/Salaise\/product\/touret-a-meuler-150mm-350w-meule-meule-a-eau-base-tournante\/#primaryimage","url":"https:\/\/arcada.fr\/Salaise\/wp-content\/uploads\/2024\/05\/R014272.jpg","contentUrl":"https:\/\/arcada.fr\/Salaise\/wp-content\/uploads\/2024\/05\/R014272.jpg","width":800,"height":800},{"@type":"BreadcrumbList","@id":"https:\/\/arcada.fr\/Salaise\/product\/touret-a-meuler-150mm-350w-meule-meule-a-eau-base-tournante\/#breadcrumb","itemListElement":[{"@type":"ListItem","position":1,"name":"Accueil","item":"https:\/\/arcada.fr\/Salaise\/"},{"@type":"ListItem","position":2,"name":"Produits","item":"https:\/\/arcada.fr\/Salaise\/shop\/"},{"@type":"ListItem","position":3,"name":"TOURET A MEULER 150MM 350W MEULE\/MEULE A EAU BASE TOURNANTE"}]},{"@type":"WebSite","@id":"https:\/\/arcada.fr\/Salaise\/#website","url":"https:\/\/arcada.fr\/Salaise\/","name":"Magasin de bricolage","description":"L&#039;outillage, notre passion !","potentialAction":[{"@type":"SearchAction","target":{"@type":"EntryPoint","urlTemplate":"https:\/\/arcada.fr\/Salaise\/?s={search_term_string}"},"query-input":{"@type":"PropertyValueSpecification","valueRequired":true,"valueName":"search_term_string"}}],"inLanguage":"fr-FR"}]}},"_links":{"self":[{"href":"https:\/\/arcada.fr\/Salaise\/wp-json\/wp\/v2\/product\/5186","targetHints":{"allow":["GET"]}}],"collection":[{"href":"https:\/\/arcada.fr\/Salaise\/wp-json\/wp\/v2\/product"}],"about":[{"href":"https:\/\/arcada.fr\/Salaise\/wp-json\/wp\/v2\/types\/product"}],"replies":[{"embeddable":true,"href":"https:\/\/arcada.fr\/Salaise\/wp-json\/wp\/v2\/comments?post=5186"}],"wp:featuredmedia":[{"embeddable":true,"href":"https:\/\/arcada.fr\/Salaise\/wp-json\/wp\/v2\/media\/5185"}],"wp:attachment":[{"href":"https:\/\/arcada.fr\/Salaise\/wp-json\/wp\/v2\/media?parent=5186"}],"wp:term":[{"taxonomy":"product_brand","embeddable":true,"href":"https:\/\/arcada.fr\/Salaise\/wp-json\/wp\/v2\/product_brand?post=5186"},{"taxonomy":"product_cat","embeddable":true,"href":"https:\/\/arcada.fr\/Salaise\/wp-json\/wp\/v2\/product_cat?post=5186"},{"taxonomy":"product_tag","embeddable":true,"href":"https:\/\/arcada.fr\/Salaise\/wp-json\/wp\/v2\/product_tag?post=5186"}],"curies":[{"name":"wp","href":"https:\/\/api.w.org\/{rel}","templated":true}]}}