{"id":5334,"date":"2024-05-07T14:02:00","date_gmt":"2024-05-07T14:02:00","guid":{"rendered":"https:\/\/arcada.fr\/Salaise\/?post_type=product&#038;p=5334"},"modified":"2024-05-07T14:36:03","modified_gmt":"2024-05-07T14:36:03","slug":"disque-tronconnage-inox-125x1-6x22-23-mp","status":"publish","type":"product","link":"https:\/\/arcada.fr\/Salaise\/product\/disque-tronconnage-inox-125x1-6x22-23-mp\/","title":{"rendered":"DISQUE TRONCONNAGE INOX 125X1.6X22.23 MP"},"content":{"rendered":"","protected":false},"excerpt":{"rendered":"<p>disque pour meuleuse ou disqueuse garantit la d\u00e9coupe rapide et propre des t\u00f4les inox et bardages acier. En corindon sup\u00e9rieur, il est renforc\u00e9 par 2 toiles en fibre de verre tiss\u00e9es et r\u00e9sin\u00e9es et se distingue par son excellente p\u00e9n\u00e9tration.<\/p>\n<p>    Epaisseur : 1,6mm<br \/>    Vitesse de rotation : 12250 tr\/min<br \/>    Plat<br \/><button type=submit\"><a href=\"\/wp-content\/uploads\/fich-tech\/R051574.pdf\" target=\"_blank\" rel=\"noopener\">Fiche Technique<\/a><\/button><\/p>\n","protected":false},"featured_media":5389,"comment_status":"open","ping_status":"closed","template":"","meta":[],"product_brand":[],"product_cat":[67],"product_tag":[],"class_list":{"0":"post-5334","1":"product","2":"type-product","3":"status-publish","4":"has-post-thumbnail","6":"product_cat-atelier","8":"first","9":"instock","10":"shipping-taxable","11":"purchasable","12":"product-type-variable"},"yoast_head":"<!-- This site is optimized with the Yoast SEO plugin v27.2 - https:\/\/yoast.com\/product\/yoast-seo-wordpress\/ -->\n<title>DISQUE TRONCONNAGE INOX 125X1.6X22.23 MP | Magasin de bricolage<\/title>\n<meta name=\"robots\" content=\"index, follow, max-snippet:-1, max-image-preview:large, max-video-preview:-1\" \/>\n<link rel=\"canonical\" href=\"https:\/\/arcada.fr\/Salaise\/product\/disque-tronconnage-inox-125x1-6x22-23-mp\/\" \/>\n<meta property=\"og:locale\" content=\"fr_FR\" \/>\n<meta property=\"og:type\" content=\"article\" \/>\n<meta property=\"og:title\" content=\"DISQUE TRONCONNAGE INOX 125X1.6X22.23 MP | Magasin de bricolage\" \/>\n<meta property=\"og:description\" content=\"disque pour meuleuse ou disqueuse garantit la d\u00e9coupe rapide et propre des t\u00f4les inox et bardages acier. En corindon sup\u00e9rieur, il est renforc\u00e9 par 2 toiles en fibre de verre tiss\u00e9es et r\u00e9sin\u00e9es et se distingue par son excellente p\u00e9n\u00e9tration.  Epaisseur : 1,6mm  Vitesse de rotation : 12250 tr\/min  Plat\" \/>\n<meta property=\"og:url\" content=\"https:\/\/arcada.fr\/Salaise\/product\/disque-tronconnage-inox-125x1-6x22-23-mp\/\" \/>\n<meta property=\"og:site_name\" content=\"Magasin de bricolage\" \/>\n<meta property=\"article:modified_time\" content=\"2024-05-07T14:36:03+00:00\" \/>\n<meta property=\"og:image\" content=\"https:\/\/arcada.fr\/Salaise\/wp-content\/uploads\/2024\/05\/R051574.jpeg\" \/>\n\t<meta property=\"og:image:width\" content=\"800\" \/>\n\t<meta property=\"og:image:height\" content=\"800\" \/>\n\t<meta property=\"og:image:type\" content=\"image\/jpeg\" \/>\n<meta name=\"twitter:card\" content=\"summary_large_image\" \/>\n<script type=\"application\/ld+json\" class=\"yoast-schema-graph\">{\"@context\":\"https:\/\/schema.org\",\"@graph\":[{\"@type\":\"WebPage\",\"@id\":\"https:\/\/arcada.fr\/Salaise\/product\/disque-tronconnage-inox-125x1-6x22-23-mp\/\",\"url\":\"https:\/\/arcada.fr\/Salaise\/product\/disque-tronconnage-inox-125x1-6x22-23-mp\/\",\"name\":\"DISQUE TRONCONNAGE INOX 125X1.6X22.23 MP | Magasin de bricolage\",\"isPartOf\":{\"@id\":\"https:\/\/arcada.fr\/Salaise\/#website\"},\"primaryImageOfPage\":{\"@id\":\"https:\/\/arcada.fr\/Salaise\/product\/disque-tronconnage-inox-125x1-6x22-23-mp\/#primaryimage\"},\"image\":{\"@id\":\"https:\/\/arcada.fr\/Salaise\/product\/disque-tronconnage-inox-125x1-6x22-23-mp\/#primaryimage\"},\"thumbnailUrl\":\"https:\/\/arcada.fr\/Salaise\/wp-content\/uploads\/2024\/05\/R051574.jpeg\",\"datePublished\":\"2024-05-07T14:02:00+00:00\",\"dateModified\":\"2024-05-07T14:36:03+00:00\",\"breadcrumb\":{\"@id\":\"https:\/\/arcada.fr\/Salaise\/product\/disque-tronconnage-inox-125x1-6x22-23-mp\/#breadcrumb\"},\"inLanguage\":\"fr-FR\",\"potentialAction\":[{\"@type\":\"ReadAction\",\"target\":[\"https:\/\/arcada.fr\/Salaise\/product\/disque-tronconnage-inox-125x1-6x22-23-mp\/\"]}]},{\"@type\":\"ImageObject\",\"inLanguage\":\"fr-FR\",\"@id\":\"https:\/\/arcada.fr\/Salaise\/product\/disque-tronconnage-inox-125x1-6x22-23-mp\/#primaryimage\",\"url\":\"https:\/\/arcada.fr\/Salaise\/wp-content\/uploads\/2024\/05\/R051574.jpeg\",\"contentUrl\":\"https:\/\/arcada.fr\/Salaise\/wp-content\/uploads\/2024\/05\/R051574.jpeg\",\"width\":800,\"height\":800},{\"@type\":\"BreadcrumbList\",\"@id\":\"https:\/\/arcada.fr\/Salaise\/product\/disque-tronconnage-inox-125x1-6x22-23-mp\/#breadcrumb\",\"itemListElement\":[{\"@type\":\"ListItem\",\"position\":1,\"name\":\"Accueil\",\"item\":\"https:\/\/arcada.fr\/Salaise\/\"},{\"@type\":\"ListItem\",\"position\":2,\"name\":\"Produits\",\"item\":\"https:\/\/arcada.fr\/Salaise\/shop\/\"},{\"@type\":\"ListItem\",\"position\":3,\"name\":\"DISQUE TRONCONNAGE INOX 125X1.6X22.23 MP\"}]},{\"@type\":\"WebSite\",\"@id\":\"https:\/\/arcada.fr\/Salaise\/#website\",\"url\":\"https:\/\/arcada.fr\/Salaise\/\",\"name\":\"Magasin de bricolage\",\"description\":\"L&#039;outillage, notre passion !\",\"potentialAction\":[{\"@type\":\"SearchAction\",\"target\":{\"@type\":\"EntryPoint\",\"urlTemplate\":\"https:\/\/arcada.fr\/Salaise\/?s={search_term_string}\"},\"query-input\":{\"@type\":\"PropertyValueSpecification\",\"valueRequired\":true,\"valueName\":\"search_term_string\"}}],\"inLanguage\":\"fr-FR\"}]}<\/script>\n<!-- \/ Yoast SEO plugin. -->","yoast_head_json":{"title":"DISQUE TRONCONNAGE INOX 125X1.6X22.23 MP | Magasin de bricolage","robots":{"index":"index","follow":"follow","max-snippet":"max-snippet:-1","max-image-preview":"max-image-preview:large","max-video-preview":"max-video-preview:-1"},"canonical":"https:\/\/arcada.fr\/Salaise\/product\/disque-tronconnage-inox-125x1-6x22-23-mp\/","og_locale":"fr_FR","og_type":"article","og_title":"DISQUE TRONCONNAGE INOX 125X1.6X22.23 MP | Magasin de bricolage","og_description":"disque pour meuleuse ou disqueuse garantit la d\u00e9coupe rapide et propre des t\u00f4les inox et bardages acier. En corindon sup\u00e9rieur, il est renforc\u00e9 par 2 toiles en fibre de verre tiss\u00e9es et r\u00e9sin\u00e9es et se distingue par son excellente p\u00e9n\u00e9tration.  Epaisseur : 1,6mm  Vitesse de rotation : 12250 tr\/min  Plat","og_url":"https:\/\/arcada.fr\/Salaise\/product\/disque-tronconnage-inox-125x1-6x22-23-mp\/","og_site_name":"Magasin de bricolage","article_modified_time":"2024-05-07T14:36:03+00:00","og_image":[{"width":800,"height":800,"url":"https:\/\/arcada.fr\/Salaise\/wp-content\/uploads\/2024\/05\/R051574.jpeg","type":"image\/jpeg"}],"twitter_card":"summary_large_image","schema":{"@context":"https:\/\/schema.org","@graph":[{"@type":"WebPage","@id":"https:\/\/arcada.fr\/Salaise\/product\/disque-tronconnage-inox-125x1-6x22-23-mp\/","url":"https:\/\/arcada.fr\/Salaise\/product\/disque-tronconnage-inox-125x1-6x22-23-mp\/","name":"DISQUE TRONCONNAGE INOX 125X1.6X22.23 MP | Magasin de bricolage","isPartOf":{"@id":"https:\/\/arcada.fr\/Salaise\/#website"},"primaryImageOfPage":{"@id":"https:\/\/arcada.fr\/Salaise\/product\/disque-tronconnage-inox-125x1-6x22-23-mp\/#primaryimage"},"image":{"@id":"https:\/\/arcada.fr\/Salaise\/product\/disque-tronconnage-inox-125x1-6x22-23-mp\/#primaryimage"},"thumbnailUrl":"https:\/\/arcada.fr\/Salaise\/wp-content\/uploads\/2024\/05\/R051574.jpeg","datePublished":"2024-05-07T14:02:00+00:00","dateModified":"2024-05-07T14:36:03+00:00","breadcrumb":{"@id":"https:\/\/arcada.fr\/Salaise\/product\/disque-tronconnage-inox-125x1-6x22-23-mp\/#breadcrumb"},"inLanguage":"fr-FR","potentialAction":[{"@type":"ReadAction","target":["https:\/\/arcada.fr\/Salaise\/product\/disque-tronconnage-inox-125x1-6x22-23-mp\/"]}]},{"@type":"ImageObject","inLanguage":"fr-FR","@id":"https:\/\/arcada.fr\/Salaise\/product\/disque-tronconnage-inox-125x1-6x22-23-mp\/#primaryimage","url":"https:\/\/arcada.fr\/Salaise\/wp-content\/uploads\/2024\/05\/R051574.jpeg","contentUrl":"https:\/\/arcada.fr\/Salaise\/wp-content\/uploads\/2024\/05\/R051574.jpeg","width":800,"height":800},{"@type":"BreadcrumbList","@id":"https:\/\/arcada.fr\/Salaise\/product\/disque-tronconnage-inox-125x1-6x22-23-mp\/#breadcrumb","itemListElement":[{"@type":"ListItem","position":1,"name":"Accueil","item":"https:\/\/arcada.fr\/Salaise\/"},{"@type":"ListItem","position":2,"name":"Produits","item":"https:\/\/arcada.fr\/Salaise\/shop\/"},{"@type":"ListItem","position":3,"name":"DISQUE TRONCONNAGE INOX 125X1.6X22.23 MP"}]},{"@type":"WebSite","@id":"https:\/\/arcada.fr\/Salaise\/#website","url":"https:\/\/arcada.fr\/Salaise\/","name":"Magasin de bricolage","description":"L&#039;outillage, notre passion !","potentialAction":[{"@type":"SearchAction","target":{"@type":"EntryPoint","urlTemplate":"https:\/\/arcada.fr\/Salaise\/?s={search_term_string}"},"query-input":{"@type":"PropertyValueSpecification","valueRequired":true,"valueName":"search_term_string"}}],"inLanguage":"fr-FR"}]}},"_links":{"self":[{"href":"https:\/\/arcada.fr\/Salaise\/wp-json\/wp\/v2\/product\/5334","targetHints":{"allow":["GET"]}}],"collection":[{"href":"https:\/\/arcada.fr\/Salaise\/wp-json\/wp\/v2\/product"}],"about":[{"href":"https:\/\/arcada.fr\/Salaise\/wp-json\/wp\/v2\/types\/product"}],"replies":[{"embeddable":true,"href":"https:\/\/arcada.fr\/Salaise\/wp-json\/wp\/v2\/comments?post=5334"}],"wp:featuredmedia":[{"embeddable":true,"href":"https:\/\/arcada.fr\/Salaise\/wp-json\/wp\/v2\/media\/5389"}],"wp:attachment":[{"href":"https:\/\/arcada.fr\/Salaise\/wp-json\/wp\/v2\/media?parent=5334"}],"wp:term":[{"taxonomy":"product_brand","embeddable":true,"href":"https:\/\/arcada.fr\/Salaise\/wp-json\/wp\/v2\/product_brand?post=5334"},{"taxonomy":"product_cat","embeddable":true,"href":"https:\/\/arcada.fr\/Salaise\/wp-json\/wp\/v2\/product_cat?post=5334"},{"taxonomy":"product_tag","embeddable":true,"href":"https:\/\/arcada.fr\/Salaise\/wp-json\/wp\/v2\/product_tag?post=5334"}],"curies":[{"name":"wp","href":"https:\/\/api.w.org\/{rel}","templated":true}]}}