{"id":5418,"date":"2024-05-07T14:02:45","date_gmt":"2024-05-07T14:02:45","guid":{"rendered":"https:\/\/arcada.fr\/Salaise\/?post_type=product&#038;p=5418"},"modified":"2025-04-07T15:47:19","modified_gmt":"2025-04-07T15:47:19","slug":"disque-diamant-segments-beton-acier-125x2223-ht-7","status":"publish","type":"product","link":"https:\/\/arcada.fr\/Salaise\/product\/disque-diamant-segments-beton-acier-125x2223-ht-7\/","title":{"rendered":"DISQUE DIAMANT SEGMENTS B\u00c9TON ACIER 125X22,23 HT 7"},"content":{"rendered":"","protected":false},"excerpt":{"rendered":"<p>Diam\u00e8tre 125 mm x Al\u00e9sage 22,23 mm x Hauteur segment 10 mm x \u00e9paisseur 2 mm. Utilisation pour : B\u00e9ton arm\u00e9, acier, brique, parpaing, granit, pierre nat. Disque segments, soud\u00e9s laser. T\u00f4le ventil\u00e9e perfor\u00e9e pour un meilleur refroidissement. T\u00f4le avec flasque renforc\u00e9e pour une coupe plus pr\u00e9cise et sans vibration. Nombres de s\u00e9gments : 9. Norme EN13236. Pour meuleuse \u00e0 disque. Vitesse de rotation 12250 tr\/mn.<br \/><button type=submit\"><a href=\"\/wp-content\/uploads\/fich-tech\/R055911.pdf\" target=\"_blank\" rel=\"noopener\">Fiche Technique<\/a><\/button><\/p>\n","protected":false},"featured_media":5434,"comment_status":"open","ping_status":"closed","template":"","meta":[],"product_brand":[],"product_cat":[67],"product_tag":[],"class_list":{"0":"post-5418","1":"product","2":"type-product","3":"status-publish","4":"has-post-thumbnail","6":"product_cat-atelier","8":"first","9":"instock","10":"shipping-taxable","11":"purchasable","12":"product-type-variable"},"yoast_head":"<!-- This site is optimized with the Yoast SEO plugin v27.2 - https:\/\/yoast.com\/product\/yoast-seo-wordpress\/ -->\n<title>DISQUE DIAMANT SEGMENTS B\u00c9TON ACIER 125X22,23 HT 7 | Magasin de bricolage<\/title>\n<meta name=\"robots\" content=\"index, follow, max-snippet:-1, max-image-preview:large, max-video-preview:-1\" \/>\n<link rel=\"canonical\" href=\"https:\/\/arcada.fr\/Salaise\/product\/disque-diamant-segments-beton-acier-125x2223-ht-7\/\" \/>\n<meta property=\"og:locale\" content=\"fr_FR\" \/>\n<meta property=\"og:type\" content=\"article\" \/>\n<meta property=\"og:title\" content=\"DISQUE DIAMANT SEGMENTS B\u00c9TON ACIER 125X22,23 HT 7 | Magasin de bricolage\" \/>\n<meta property=\"og:description\" content=\"Diam\u00e8tre 125 mm x Al\u00e9sage 22,23 mm x Hauteur segment 10 mm x \u00e9paisseur 2 mm. Utilisation pour : B\u00e9ton arm\u00e9, acier, brique, parpaing, granit, pierre nat. Disque segments, soud\u00e9s laser. T\u00f4le ventil\u00e9e perfor\u00e9e pour un meilleur refroidissement. T\u00f4le avec flasque renforc\u00e9e pour une coupe plus pr\u00e9cise et sans vibration. Nombres de s\u00e9gments : 9. Norme EN13236. Pour meuleuse \u00e0 disque. Vitesse de rotation 12250 tr\/mn.\" \/>\n<meta property=\"og:url\" content=\"https:\/\/arcada.fr\/Salaise\/product\/disque-diamant-segments-beton-acier-125x2223-ht-7\/\" \/>\n<meta property=\"og:site_name\" content=\"Magasin de bricolage\" \/>\n<meta property=\"article:modified_time\" content=\"2025-04-07T15:47:19+00:00\" \/>\n<meta property=\"og:image\" content=\"https:\/\/arcada.fr\/Salaise\/wp-content\/uploads\/2024\/05\/R055911.jpg\" \/>\n\t<meta property=\"og:image:width\" content=\"800\" \/>\n\t<meta property=\"og:image:height\" content=\"800\" \/>\n\t<meta property=\"og:image:type\" content=\"image\/jpeg\" \/>\n<meta name=\"twitter:card\" content=\"summary_large_image\" \/>\n<script type=\"application\/ld+json\" class=\"yoast-schema-graph\">{\"@context\":\"https:\/\/schema.org\",\"@graph\":[{\"@type\":\"WebPage\",\"@id\":\"https:\/\/arcada.fr\/Salaise\/product\/disque-diamant-segments-beton-acier-125x2223-ht-7\/\",\"url\":\"https:\/\/arcada.fr\/Salaise\/product\/disque-diamant-segments-beton-acier-125x2223-ht-7\/\",\"name\":\"DISQUE DIAMANT SEGMENTS B\u00c9TON ACIER 125X22,23 HT 7 | Magasin de bricolage\",\"isPartOf\":{\"@id\":\"https:\/\/arcada.fr\/Salaise\/#website\"},\"primaryImageOfPage\":{\"@id\":\"https:\/\/arcada.fr\/Salaise\/product\/disque-diamant-segments-beton-acier-125x2223-ht-7\/#primaryimage\"},\"image\":{\"@id\":\"https:\/\/arcada.fr\/Salaise\/product\/disque-diamant-segments-beton-acier-125x2223-ht-7\/#primaryimage\"},\"thumbnailUrl\":\"https:\/\/arcada.fr\/Salaise\/wp-content\/uploads\/2024\/05\/R055911.jpg\",\"datePublished\":\"2024-05-07T14:02:45+00:00\",\"dateModified\":\"2025-04-07T15:47:19+00:00\",\"breadcrumb\":{\"@id\":\"https:\/\/arcada.fr\/Salaise\/product\/disque-diamant-segments-beton-acier-125x2223-ht-7\/#breadcrumb\"},\"inLanguage\":\"fr-FR\",\"potentialAction\":[{\"@type\":\"ReadAction\",\"target\":[\"https:\/\/arcada.fr\/Salaise\/product\/disque-diamant-segments-beton-acier-125x2223-ht-7\/\"]}]},{\"@type\":\"ImageObject\",\"inLanguage\":\"fr-FR\",\"@id\":\"https:\/\/arcada.fr\/Salaise\/product\/disque-diamant-segments-beton-acier-125x2223-ht-7\/#primaryimage\",\"url\":\"https:\/\/arcada.fr\/Salaise\/wp-content\/uploads\/2024\/05\/R055911.jpg\",\"contentUrl\":\"https:\/\/arcada.fr\/Salaise\/wp-content\/uploads\/2024\/05\/R055911.jpg\",\"width\":800,\"height\":800},{\"@type\":\"BreadcrumbList\",\"@id\":\"https:\/\/arcada.fr\/Salaise\/product\/disque-diamant-segments-beton-acier-125x2223-ht-7\/#breadcrumb\",\"itemListElement\":[{\"@type\":\"ListItem\",\"position\":1,\"name\":\"Accueil\",\"item\":\"https:\/\/arcada.fr\/Salaise\/\"},{\"@type\":\"ListItem\",\"position\":2,\"name\":\"Produits\",\"item\":\"https:\/\/arcada.fr\/Salaise\/shop\/\"},{\"@type\":\"ListItem\",\"position\":3,\"name\":\"DISQUE DIAMANT SEGMENTS B\u00c9TON ACIER 125X22,23 HT 7\"}]},{\"@type\":\"WebSite\",\"@id\":\"https:\/\/arcada.fr\/Salaise\/#website\",\"url\":\"https:\/\/arcada.fr\/Salaise\/\",\"name\":\"Magasin de bricolage\",\"description\":\"L&#039;outillage, notre passion !\",\"potentialAction\":[{\"@type\":\"SearchAction\",\"target\":{\"@type\":\"EntryPoint\",\"urlTemplate\":\"https:\/\/arcada.fr\/Salaise\/?s={search_term_string}\"},\"query-input\":{\"@type\":\"PropertyValueSpecification\",\"valueRequired\":true,\"valueName\":\"search_term_string\"}}],\"inLanguage\":\"fr-FR\"}]}<\/script>\n<!-- \/ Yoast SEO plugin. -->","yoast_head_json":{"title":"DISQUE DIAMANT SEGMENTS B\u00c9TON ACIER 125X22,23 HT 7 | Magasin de bricolage","robots":{"index":"index","follow":"follow","max-snippet":"max-snippet:-1","max-image-preview":"max-image-preview:large","max-video-preview":"max-video-preview:-1"},"canonical":"https:\/\/arcada.fr\/Salaise\/product\/disque-diamant-segments-beton-acier-125x2223-ht-7\/","og_locale":"fr_FR","og_type":"article","og_title":"DISQUE DIAMANT SEGMENTS B\u00c9TON ACIER 125X22,23 HT 7 | Magasin de bricolage","og_description":"Diam\u00e8tre 125 mm x Al\u00e9sage 22,23 mm x Hauteur segment 10 mm x \u00e9paisseur 2 mm. Utilisation pour : B\u00e9ton arm\u00e9, acier, brique, parpaing, granit, pierre nat. Disque segments, soud\u00e9s laser. T\u00f4le ventil\u00e9e perfor\u00e9e pour un meilleur refroidissement. T\u00f4le avec flasque renforc\u00e9e pour une coupe plus pr\u00e9cise et sans vibration. Nombres de s\u00e9gments : 9. Norme EN13236. Pour meuleuse \u00e0 disque. Vitesse de rotation 12250 tr\/mn.","og_url":"https:\/\/arcada.fr\/Salaise\/product\/disque-diamant-segments-beton-acier-125x2223-ht-7\/","og_site_name":"Magasin de bricolage","article_modified_time":"2025-04-07T15:47:19+00:00","og_image":[{"width":800,"height":800,"url":"https:\/\/arcada.fr\/Salaise\/wp-content\/uploads\/2024\/05\/R055911.jpg","type":"image\/jpeg"}],"twitter_card":"summary_large_image","schema":{"@context":"https:\/\/schema.org","@graph":[{"@type":"WebPage","@id":"https:\/\/arcada.fr\/Salaise\/product\/disque-diamant-segments-beton-acier-125x2223-ht-7\/","url":"https:\/\/arcada.fr\/Salaise\/product\/disque-diamant-segments-beton-acier-125x2223-ht-7\/","name":"DISQUE DIAMANT SEGMENTS B\u00c9TON ACIER 125X22,23 HT 7 | Magasin de bricolage","isPartOf":{"@id":"https:\/\/arcada.fr\/Salaise\/#website"},"primaryImageOfPage":{"@id":"https:\/\/arcada.fr\/Salaise\/product\/disque-diamant-segments-beton-acier-125x2223-ht-7\/#primaryimage"},"image":{"@id":"https:\/\/arcada.fr\/Salaise\/product\/disque-diamant-segments-beton-acier-125x2223-ht-7\/#primaryimage"},"thumbnailUrl":"https:\/\/arcada.fr\/Salaise\/wp-content\/uploads\/2024\/05\/R055911.jpg","datePublished":"2024-05-07T14:02:45+00:00","dateModified":"2025-04-07T15:47:19+00:00","breadcrumb":{"@id":"https:\/\/arcada.fr\/Salaise\/product\/disque-diamant-segments-beton-acier-125x2223-ht-7\/#breadcrumb"},"inLanguage":"fr-FR","potentialAction":[{"@type":"ReadAction","target":["https:\/\/arcada.fr\/Salaise\/product\/disque-diamant-segments-beton-acier-125x2223-ht-7\/"]}]},{"@type":"ImageObject","inLanguage":"fr-FR","@id":"https:\/\/arcada.fr\/Salaise\/product\/disque-diamant-segments-beton-acier-125x2223-ht-7\/#primaryimage","url":"https:\/\/arcada.fr\/Salaise\/wp-content\/uploads\/2024\/05\/R055911.jpg","contentUrl":"https:\/\/arcada.fr\/Salaise\/wp-content\/uploads\/2024\/05\/R055911.jpg","width":800,"height":800},{"@type":"BreadcrumbList","@id":"https:\/\/arcada.fr\/Salaise\/product\/disque-diamant-segments-beton-acier-125x2223-ht-7\/#breadcrumb","itemListElement":[{"@type":"ListItem","position":1,"name":"Accueil","item":"https:\/\/arcada.fr\/Salaise\/"},{"@type":"ListItem","position":2,"name":"Produits","item":"https:\/\/arcada.fr\/Salaise\/shop\/"},{"@type":"ListItem","position":3,"name":"DISQUE DIAMANT SEGMENTS B\u00c9TON ACIER 125X22,23 HT 7"}]},{"@type":"WebSite","@id":"https:\/\/arcada.fr\/Salaise\/#website","url":"https:\/\/arcada.fr\/Salaise\/","name":"Magasin de bricolage","description":"L&#039;outillage, notre passion !","potentialAction":[{"@type":"SearchAction","target":{"@type":"EntryPoint","urlTemplate":"https:\/\/arcada.fr\/Salaise\/?s={search_term_string}"},"query-input":{"@type":"PropertyValueSpecification","valueRequired":true,"valueName":"search_term_string"}}],"inLanguage":"fr-FR"}]}},"_links":{"self":[{"href":"https:\/\/arcada.fr\/Salaise\/wp-json\/wp\/v2\/product\/5418","targetHints":{"allow":["GET"]}}],"collection":[{"href":"https:\/\/arcada.fr\/Salaise\/wp-json\/wp\/v2\/product"}],"about":[{"href":"https:\/\/arcada.fr\/Salaise\/wp-json\/wp\/v2\/types\/product"}],"replies":[{"embeddable":true,"href":"https:\/\/arcada.fr\/Salaise\/wp-json\/wp\/v2\/comments?post=5418"}],"wp:featuredmedia":[{"embeddable":true,"href":"https:\/\/arcada.fr\/Salaise\/wp-json\/wp\/v2\/media\/5434"}],"wp:attachment":[{"href":"https:\/\/arcada.fr\/Salaise\/wp-json\/wp\/v2\/media?parent=5418"}],"wp:term":[{"taxonomy":"product_brand","embeddable":true,"href":"https:\/\/arcada.fr\/Salaise\/wp-json\/wp\/v2\/product_brand?post=5418"},{"taxonomy":"product_cat","embeddable":true,"href":"https:\/\/arcada.fr\/Salaise\/wp-json\/wp\/v2\/product_cat?post=5418"},{"taxonomy":"product_tag","embeddable":true,"href":"https:\/\/arcada.fr\/Salaise\/wp-json\/wp\/v2\/product_tag?post=5418"}],"curies":[{"name":"wp","href":"https:\/\/api.w.org\/{rel}","templated":true}]}}