{"id":6039,"date":"2024-05-07T14:07:59","date_gmt":"2024-05-07T14:07:59","guid":{"rendered":"https:\/\/arcada.fr\/Salaise\/product\/servante-datelier-6-tiroirs\/"},"modified":"2025-04-07T15:48:16","modified_gmt":"2025-04-07T15:48:16","slug":"servante-datelier-6-tiroirs","status":"publish","type":"product","link":"https:\/\/arcada.fr\/Salaise\/product\/servante-datelier-6-tiroirs\/","title":{"rendered":"SERVANTE D&rsquo;ATELIER 6 TIROIRS"},"content":{"rendered":"","protected":false},"excerpt":{"rendered":"<p>Servante d&rsquo;atelier en t\u00f4le d&rsquo;acier avec plateau de travail postform\u00e9, tr\u00e8s robuste, mobile, maniable et stable. La servante comprend six tiroirs avec syst\u00e8me de roulement \u00e0 bille facilitant l\u2019ouverture des tiroirs. La servante est \u00e9galement \u00e9quip\u00e9e d\u2019un syst\u00e8me de s\u00e9curit\u00e9 anti basculement, seul un tiroir \u00e0 la fois pouvant \u00eatre ouvert.<br \/><button type=submit\"><a href=\"\/wp-content\/uploads\/fich-tech\/R125234.pdf\" target=\"_blank\" rel=\"noopener\">Fiche Technique<\/a><\/button><\/p>\n","protected":false},"featured_media":6038,"comment_status":"open","ping_status":"closed","template":"","meta":[],"product_brand":[],"product_cat":[67],"product_tag":[],"class_list":{"0":"post-6039","1":"product","2":"type-product","3":"status-publish","4":"has-post-thumbnail","6":"product_cat-atelier","8":"first","9":"instock","10":"shipping-taxable","11":"purchasable","12":"product-type-simple"},"yoast_head":"<!-- This site is optimized with the Yoast SEO plugin v27.2 - https:\/\/yoast.com\/product\/yoast-seo-wordpress\/ -->\n<title>SERVANTE D&#039;ATELIER 6 TIROIRS | Magasin de bricolage<\/title>\n<meta name=\"robots\" content=\"index, follow, max-snippet:-1, max-image-preview:large, max-video-preview:-1\" \/>\n<link rel=\"canonical\" href=\"https:\/\/arcada.fr\/Salaise\/product\/servante-datelier-6-tiroirs\/\" \/>\n<meta property=\"og:locale\" content=\"fr_FR\" \/>\n<meta property=\"og:type\" content=\"article\" \/>\n<meta property=\"og:title\" content=\"SERVANTE D&#039;ATELIER 6 TIROIRS | Magasin de bricolage\" \/>\n<meta property=\"og:description\" content=\"Servante d&#039;atelier en t\u00f4le d&#039;acier avec plateau de travail postform\u00e9, tr\u00e8s robuste, mobile, maniable et stable. La servante comprend six tiroirs avec syst\u00e8me de roulement \u00e0 bille facilitant l\u2019ouverture des tiroirs. La servante est \u00e9galement \u00e9quip\u00e9e d\u2019un syst\u00e8me de s\u00e9curit\u00e9 anti basculement, seul un tiroir \u00e0 la fois pouvant \u00eatre ouvert.\" \/>\n<meta property=\"og:url\" content=\"https:\/\/arcada.fr\/Salaise\/product\/servante-datelier-6-tiroirs\/\" \/>\n<meta property=\"og:site_name\" content=\"Magasin de bricolage\" \/>\n<meta property=\"article:modified_time\" content=\"2025-04-07T15:48:16+00:00\" \/>\n<meta property=\"og:image\" content=\"https:\/\/arcada.fr\/Salaise\/wp-content\/uploads\/2024\/05\/R125234.jpg\" \/>\n\t<meta property=\"og:image:width\" content=\"800\" \/>\n\t<meta property=\"og:image:height\" content=\"800\" \/>\n\t<meta property=\"og:image:type\" content=\"image\/jpeg\" \/>\n<meta name=\"twitter:card\" content=\"summary_large_image\" \/>\n<script type=\"application\/ld+json\" class=\"yoast-schema-graph\">{\"@context\":\"https:\/\/schema.org\",\"@graph\":[{\"@type\":\"WebPage\",\"@id\":\"https:\/\/arcada.fr\/Salaise\/product\/servante-datelier-6-tiroirs\/\",\"url\":\"https:\/\/arcada.fr\/Salaise\/product\/servante-datelier-6-tiroirs\/\",\"name\":\"SERVANTE D'ATELIER 6 TIROIRS | Magasin de bricolage\",\"isPartOf\":{\"@id\":\"https:\/\/arcada.fr\/Salaise\/#website\"},\"primaryImageOfPage\":{\"@id\":\"https:\/\/arcada.fr\/Salaise\/product\/servante-datelier-6-tiroirs\/#primaryimage\"},\"image\":{\"@id\":\"https:\/\/arcada.fr\/Salaise\/product\/servante-datelier-6-tiroirs\/#primaryimage\"},\"thumbnailUrl\":\"https:\/\/arcada.fr\/Salaise\/wp-content\/uploads\/2024\/05\/R125234.jpg\",\"datePublished\":\"2024-05-07T14:07:59+00:00\",\"dateModified\":\"2025-04-07T15:48:16+00:00\",\"breadcrumb\":{\"@id\":\"https:\/\/arcada.fr\/Salaise\/product\/servante-datelier-6-tiroirs\/#breadcrumb\"},\"inLanguage\":\"fr-FR\",\"potentialAction\":[{\"@type\":\"ReadAction\",\"target\":[\"https:\/\/arcada.fr\/Salaise\/product\/servante-datelier-6-tiroirs\/\"]}]},{\"@type\":\"ImageObject\",\"inLanguage\":\"fr-FR\",\"@id\":\"https:\/\/arcada.fr\/Salaise\/product\/servante-datelier-6-tiroirs\/#primaryimage\",\"url\":\"https:\/\/arcada.fr\/Salaise\/wp-content\/uploads\/2024\/05\/R125234.jpg\",\"contentUrl\":\"https:\/\/arcada.fr\/Salaise\/wp-content\/uploads\/2024\/05\/R125234.jpg\",\"width\":800,\"height\":800},{\"@type\":\"BreadcrumbList\",\"@id\":\"https:\/\/arcada.fr\/Salaise\/product\/servante-datelier-6-tiroirs\/#breadcrumb\",\"itemListElement\":[{\"@type\":\"ListItem\",\"position\":1,\"name\":\"Accueil\",\"item\":\"https:\/\/arcada.fr\/Salaise\/\"},{\"@type\":\"ListItem\",\"position\":2,\"name\":\"Produits\",\"item\":\"https:\/\/arcada.fr\/Salaise\/shop\/\"},{\"@type\":\"ListItem\",\"position\":3,\"name\":\"SERVANTE D&rsquo;ATELIER 6 TIROIRS\"}]},{\"@type\":\"WebSite\",\"@id\":\"https:\/\/arcada.fr\/Salaise\/#website\",\"url\":\"https:\/\/arcada.fr\/Salaise\/\",\"name\":\"Magasin de bricolage\",\"description\":\"L&#039;outillage, notre passion !\",\"potentialAction\":[{\"@type\":\"SearchAction\",\"target\":{\"@type\":\"EntryPoint\",\"urlTemplate\":\"https:\/\/arcada.fr\/Salaise\/?s={search_term_string}\"},\"query-input\":{\"@type\":\"PropertyValueSpecification\",\"valueRequired\":true,\"valueName\":\"search_term_string\"}}],\"inLanguage\":\"fr-FR\"}]}<\/script>\n<!-- \/ Yoast SEO plugin. -->","yoast_head_json":{"title":"SERVANTE D'ATELIER 6 TIROIRS | Magasin de bricolage","robots":{"index":"index","follow":"follow","max-snippet":"max-snippet:-1","max-image-preview":"max-image-preview:large","max-video-preview":"max-video-preview:-1"},"canonical":"https:\/\/arcada.fr\/Salaise\/product\/servante-datelier-6-tiroirs\/","og_locale":"fr_FR","og_type":"article","og_title":"SERVANTE D'ATELIER 6 TIROIRS | Magasin de bricolage","og_description":"Servante d'atelier en t\u00f4le d'acier avec plateau de travail postform\u00e9, tr\u00e8s robuste, mobile, maniable et stable. La servante comprend six tiroirs avec syst\u00e8me de roulement \u00e0 bille facilitant l\u2019ouverture des tiroirs. La servante est \u00e9galement \u00e9quip\u00e9e d\u2019un syst\u00e8me de s\u00e9curit\u00e9 anti basculement, seul un tiroir \u00e0 la fois pouvant \u00eatre ouvert.","og_url":"https:\/\/arcada.fr\/Salaise\/product\/servante-datelier-6-tiroirs\/","og_site_name":"Magasin de bricolage","article_modified_time":"2025-04-07T15:48:16+00:00","og_image":[{"width":800,"height":800,"url":"https:\/\/arcada.fr\/Salaise\/wp-content\/uploads\/2024\/05\/R125234.jpg","type":"image\/jpeg"}],"twitter_card":"summary_large_image","schema":{"@context":"https:\/\/schema.org","@graph":[{"@type":"WebPage","@id":"https:\/\/arcada.fr\/Salaise\/product\/servante-datelier-6-tiroirs\/","url":"https:\/\/arcada.fr\/Salaise\/product\/servante-datelier-6-tiroirs\/","name":"SERVANTE D'ATELIER 6 TIROIRS | Magasin de bricolage","isPartOf":{"@id":"https:\/\/arcada.fr\/Salaise\/#website"},"primaryImageOfPage":{"@id":"https:\/\/arcada.fr\/Salaise\/product\/servante-datelier-6-tiroirs\/#primaryimage"},"image":{"@id":"https:\/\/arcada.fr\/Salaise\/product\/servante-datelier-6-tiroirs\/#primaryimage"},"thumbnailUrl":"https:\/\/arcada.fr\/Salaise\/wp-content\/uploads\/2024\/05\/R125234.jpg","datePublished":"2024-05-07T14:07:59+00:00","dateModified":"2025-04-07T15:48:16+00:00","breadcrumb":{"@id":"https:\/\/arcada.fr\/Salaise\/product\/servante-datelier-6-tiroirs\/#breadcrumb"},"inLanguage":"fr-FR","potentialAction":[{"@type":"ReadAction","target":["https:\/\/arcada.fr\/Salaise\/product\/servante-datelier-6-tiroirs\/"]}]},{"@type":"ImageObject","inLanguage":"fr-FR","@id":"https:\/\/arcada.fr\/Salaise\/product\/servante-datelier-6-tiroirs\/#primaryimage","url":"https:\/\/arcada.fr\/Salaise\/wp-content\/uploads\/2024\/05\/R125234.jpg","contentUrl":"https:\/\/arcada.fr\/Salaise\/wp-content\/uploads\/2024\/05\/R125234.jpg","width":800,"height":800},{"@type":"BreadcrumbList","@id":"https:\/\/arcada.fr\/Salaise\/product\/servante-datelier-6-tiroirs\/#breadcrumb","itemListElement":[{"@type":"ListItem","position":1,"name":"Accueil","item":"https:\/\/arcada.fr\/Salaise\/"},{"@type":"ListItem","position":2,"name":"Produits","item":"https:\/\/arcada.fr\/Salaise\/shop\/"},{"@type":"ListItem","position":3,"name":"SERVANTE D&rsquo;ATELIER 6 TIROIRS"}]},{"@type":"WebSite","@id":"https:\/\/arcada.fr\/Salaise\/#website","url":"https:\/\/arcada.fr\/Salaise\/","name":"Magasin de bricolage","description":"L&#039;outillage, notre passion !","potentialAction":[{"@type":"SearchAction","target":{"@type":"EntryPoint","urlTemplate":"https:\/\/arcada.fr\/Salaise\/?s={search_term_string}"},"query-input":{"@type":"PropertyValueSpecification","valueRequired":true,"valueName":"search_term_string"}}],"inLanguage":"fr-FR"}]}},"_links":{"self":[{"href":"https:\/\/arcada.fr\/Salaise\/wp-json\/wp\/v2\/product\/6039","targetHints":{"allow":["GET"]}}],"collection":[{"href":"https:\/\/arcada.fr\/Salaise\/wp-json\/wp\/v2\/product"}],"about":[{"href":"https:\/\/arcada.fr\/Salaise\/wp-json\/wp\/v2\/types\/product"}],"replies":[{"embeddable":true,"href":"https:\/\/arcada.fr\/Salaise\/wp-json\/wp\/v2\/comments?post=6039"}],"wp:featuredmedia":[{"embeddable":true,"href":"https:\/\/arcada.fr\/Salaise\/wp-json\/wp\/v2\/media\/6038"}],"wp:attachment":[{"href":"https:\/\/arcada.fr\/Salaise\/wp-json\/wp\/v2\/media?parent=6039"}],"wp:term":[{"taxonomy":"product_brand","embeddable":true,"href":"https:\/\/arcada.fr\/Salaise\/wp-json\/wp\/v2\/product_brand?post=6039"},{"taxonomy":"product_cat","embeddable":true,"href":"https:\/\/arcada.fr\/Salaise\/wp-json\/wp\/v2\/product_cat?post=6039"},{"taxonomy":"product_tag","embeddable":true,"href":"https:\/\/arcada.fr\/Salaise\/wp-json\/wp\/v2\/product_tag?post=6039"}],"curies":[{"name":"wp","href":"https:\/\/api.w.org\/{rel}","templated":true}]}}