{"id":6913,"date":"2024-05-07T14:15:30","date_gmt":"2024-05-07T14:15:30","guid":{"rendered":"https:\/\/arcada.fr\/Salaise\/?post_type=product&#038;p=6913"},"modified":"2024-05-07T14:41:37","modified_gmt":"2024-05-07T14:41:37","slug":"housse-de-protection-moto-doublee-grammage-150g-m%c2%b2-taille-m-203x89x120cmtres-belle-qualite-avec","status":"publish","type":"product","link":"https:\/\/arcada.fr\/Salaise\/product\/housse-de-protection-moto-doublee-grammage-150g-m%c2%b2-taille-m-203x89x120cmtres-belle-qualite-avec\/","title":{"rendered":"HOUSSE DE PROTECTION  MOTO DOUBLEE, GRAMMAGE 150G\/M\u00b2 TAILLE M 203X89X120CM,TRES BELLE QUALITE, AVEC"},"content":{"rendered":"","protected":false},"excerpt":{"rendered":"<p>Housses  Moto Luxe  Une face ext\u00e9rieure en PEVA 100 % <br \/>imperm\u00e9able. Une face int\u00e9rieure <br \/>doubl\u00e9e coton et polypropyl\u00e8ne non tiss\u00e9. R\u00e9sistance -15\u00b0C \u00e0 + 50\u00b0C. Le tissu doux et respirant ne raye pas. R\u00e9sistante aux rayons UV &#8211; avec \u00e9lastique avant et arri\u00e8re.Taille M   : 203 x  89 x 120 cm<br \/><button type=submit\"><a href=\"\/wp-content\/uploads\/fich-tech\/R177379.pdf\" target=\"_blank\" rel=\"noopener\">Fiche Technique<\/a><\/button><\/p>\n","protected":false},"featured_media":6945,"comment_status":"open","ping_status":"closed","template":"","meta":[],"product_brand":[],"product_cat":[67],"product_tag":[],"class_list":{"0":"post-6913","1":"product","2":"type-product","3":"status-publish","4":"has-post-thumbnail","6":"product_cat-atelier","8":"first","9":"instock","10":"shipping-taxable","11":"purchasable","12":"product-type-variable"},"yoast_head":"<!-- This site is optimized with the Yoast SEO plugin v27.2 - https:\/\/yoast.com\/product\/yoast-seo-wordpress\/ -->\n<title>HOUSSE DE PROTECTION MOTO DOUBLEE, GRAMMAGE 150G\/M\u00b2 TAILLE M 203X89X120CM,TRES BELLE QUALITE, AVEC | Magasin de bricolage<\/title>\n<meta name=\"robots\" content=\"index, follow, max-snippet:-1, max-image-preview:large, max-video-preview:-1\" \/>\n<link rel=\"canonical\" href=\"https:\/\/arcada.fr\/Salaise\/product\/housse-de-protection-moto-doublee-grammage-150g-m\u00b2-taille-m-203x89x120cmtres-belle-qualite-avec\/\" \/>\n<meta property=\"og:locale\" content=\"fr_FR\" \/>\n<meta property=\"og:type\" content=\"article\" \/>\n<meta property=\"og:title\" content=\"HOUSSE DE PROTECTION MOTO DOUBLEE, GRAMMAGE 150G\/M\u00b2 TAILLE M 203X89X120CM,TRES BELLE QUALITE, AVEC | Magasin de bricolage\" \/>\n<meta property=\"og:description\" content=\"Housses Moto Luxe Une face ext\u00e9rieure en PEVA 100 % imperm\u00e9able. Une face int\u00e9rieure doubl\u00e9e coton et polypropyl\u00e8ne non tiss\u00e9. R\u00e9sistance -15\u00b0C \u00e0 + 50\u00b0C. Le tissu doux et respirant ne raye pas. R\u00e9sistante aux rayons UV - avec \u00e9lastique avant et arri\u00e8re.Taille M  : 203 x 89 x 120 cm\" \/>\n<meta property=\"og:url\" content=\"https:\/\/arcada.fr\/Salaise\/product\/housse-de-protection-moto-doublee-grammage-150g-m\u00b2-taille-m-203x89x120cmtres-belle-qualite-avec\/\" \/>\n<meta property=\"og:site_name\" content=\"Magasin de bricolage\" \/>\n<meta property=\"article:modified_time\" content=\"2024-05-07T14:41:37+00:00\" \/>\n<meta property=\"og:image\" content=\"https:\/\/arcada.fr\/Salaise\/wp-content\/uploads\/2024\/05\/R177379.jpg\" \/>\n\t<meta property=\"og:image:width\" content=\"800\" \/>\n\t<meta property=\"og:image:height\" content=\"800\" \/>\n\t<meta property=\"og:image:type\" content=\"image\/jpeg\" \/>\n<meta name=\"twitter:card\" content=\"summary_large_image\" \/>\n<script type=\"application\/ld+json\" class=\"yoast-schema-graph\">{\"@context\":\"https:\/\/schema.org\",\"@graph\":[{\"@type\":\"WebPage\",\"@id\":\"https:\/\/arcada.fr\/Salaise\/product\/housse-de-protection-moto-doublee-grammage-150g-m%c2%b2-taille-m-203x89x120cmtres-belle-qualite-avec\/\",\"url\":\"https:\/\/arcada.fr\/Salaise\/product\/housse-de-protection-moto-doublee-grammage-150g-m%c2%b2-taille-m-203x89x120cmtres-belle-qualite-avec\/\",\"name\":\"HOUSSE DE PROTECTION MOTO DOUBLEE, GRAMMAGE 150G\/M\u00b2 TAILLE M 203X89X120CM,TRES BELLE QUALITE, AVEC | Magasin de bricolage\",\"isPartOf\":{\"@id\":\"https:\/\/arcada.fr\/Salaise\/#website\"},\"primaryImageOfPage\":{\"@id\":\"https:\/\/arcada.fr\/Salaise\/product\/housse-de-protection-moto-doublee-grammage-150g-m%c2%b2-taille-m-203x89x120cmtres-belle-qualite-avec\/#primaryimage\"},\"image\":{\"@id\":\"https:\/\/arcada.fr\/Salaise\/product\/housse-de-protection-moto-doublee-grammage-150g-m%c2%b2-taille-m-203x89x120cmtres-belle-qualite-avec\/#primaryimage\"},\"thumbnailUrl\":\"https:\/\/arcada.fr\/Salaise\/wp-content\/uploads\/2024\/05\/R177379.jpg\",\"datePublished\":\"2024-05-07T14:15:30+00:00\",\"dateModified\":\"2024-05-07T14:41:37+00:00\",\"breadcrumb\":{\"@id\":\"https:\/\/arcada.fr\/Salaise\/product\/housse-de-protection-moto-doublee-grammage-150g-m%c2%b2-taille-m-203x89x120cmtres-belle-qualite-avec\/#breadcrumb\"},\"inLanguage\":\"fr-FR\",\"potentialAction\":[{\"@type\":\"ReadAction\",\"target\":[\"https:\/\/arcada.fr\/Salaise\/product\/housse-de-protection-moto-doublee-grammage-150g-m%c2%b2-taille-m-203x89x120cmtres-belle-qualite-avec\/\"]}]},{\"@type\":\"ImageObject\",\"inLanguage\":\"fr-FR\",\"@id\":\"https:\/\/arcada.fr\/Salaise\/product\/housse-de-protection-moto-doublee-grammage-150g-m%c2%b2-taille-m-203x89x120cmtres-belle-qualite-avec\/#primaryimage\",\"url\":\"https:\/\/arcada.fr\/Salaise\/wp-content\/uploads\/2024\/05\/R177379.jpg\",\"contentUrl\":\"https:\/\/arcada.fr\/Salaise\/wp-content\/uploads\/2024\/05\/R177379.jpg\",\"width\":800,\"height\":800},{\"@type\":\"BreadcrumbList\",\"@id\":\"https:\/\/arcada.fr\/Salaise\/product\/housse-de-protection-moto-doublee-grammage-150g-m%c2%b2-taille-m-203x89x120cmtres-belle-qualite-avec\/#breadcrumb\",\"itemListElement\":[{\"@type\":\"ListItem\",\"position\":1,\"name\":\"Accueil\",\"item\":\"https:\/\/arcada.fr\/Salaise\/\"},{\"@type\":\"ListItem\",\"position\":2,\"name\":\"Produits\",\"item\":\"https:\/\/arcada.fr\/Salaise\/shop\/\"},{\"@type\":\"ListItem\",\"position\":3,\"name\":\"HOUSSE DE PROTECTION MOTO DOUBLEE, GRAMMAGE 150G\/M\u00b2 TAILLE M 203X89X120CM,TRES BELLE QUALITE, AVEC\"}]},{\"@type\":\"WebSite\",\"@id\":\"https:\/\/arcada.fr\/Salaise\/#website\",\"url\":\"https:\/\/arcada.fr\/Salaise\/\",\"name\":\"Magasin de bricolage\",\"description\":\"L&#039;outillage, notre passion !\",\"potentialAction\":[{\"@type\":\"SearchAction\",\"target\":{\"@type\":\"EntryPoint\",\"urlTemplate\":\"https:\/\/arcada.fr\/Salaise\/?s={search_term_string}\"},\"query-input\":{\"@type\":\"PropertyValueSpecification\",\"valueRequired\":true,\"valueName\":\"search_term_string\"}}],\"inLanguage\":\"fr-FR\"}]}<\/script>\n<!-- \/ Yoast SEO plugin. -->","yoast_head_json":{"title":"HOUSSE DE PROTECTION MOTO DOUBLEE, GRAMMAGE 150G\/M\u00b2 TAILLE M 203X89X120CM,TRES BELLE QUALITE, AVEC | Magasin de bricolage","robots":{"index":"index","follow":"follow","max-snippet":"max-snippet:-1","max-image-preview":"max-image-preview:large","max-video-preview":"max-video-preview:-1"},"canonical":"https:\/\/arcada.fr\/Salaise\/product\/housse-de-protection-moto-doublee-grammage-150g-m\u00b2-taille-m-203x89x120cmtres-belle-qualite-avec\/","og_locale":"fr_FR","og_type":"article","og_title":"HOUSSE DE PROTECTION MOTO DOUBLEE, GRAMMAGE 150G\/M\u00b2 TAILLE M 203X89X120CM,TRES BELLE QUALITE, AVEC | Magasin de bricolage","og_description":"Housses Moto Luxe Une face ext\u00e9rieure en PEVA 100 % imperm\u00e9able. Une face int\u00e9rieure doubl\u00e9e coton et polypropyl\u00e8ne non tiss\u00e9. R\u00e9sistance -15\u00b0C \u00e0 + 50\u00b0C. Le tissu doux et respirant ne raye pas. R\u00e9sistante aux rayons UV - avec \u00e9lastique avant et arri\u00e8re.Taille M  : 203 x 89 x 120 cm","og_url":"https:\/\/arcada.fr\/Salaise\/product\/housse-de-protection-moto-doublee-grammage-150g-m\u00b2-taille-m-203x89x120cmtres-belle-qualite-avec\/","og_site_name":"Magasin de bricolage","article_modified_time":"2024-05-07T14:41:37+00:00","og_image":[{"width":800,"height":800,"url":"https:\/\/arcada.fr\/Salaise\/wp-content\/uploads\/2024\/05\/R177379.jpg","type":"image\/jpeg"}],"twitter_card":"summary_large_image","schema":{"@context":"https:\/\/schema.org","@graph":[{"@type":"WebPage","@id":"https:\/\/arcada.fr\/Salaise\/product\/housse-de-protection-moto-doublee-grammage-150g-m%c2%b2-taille-m-203x89x120cmtres-belle-qualite-avec\/","url":"https:\/\/arcada.fr\/Salaise\/product\/housse-de-protection-moto-doublee-grammage-150g-m%c2%b2-taille-m-203x89x120cmtres-belle-qualite-avec\/","name":"HOUSSE DE PROTECTION MOTO DOUBLEE, GRAMMAGE 150G\/M\u00b2 TAILLE M 203X89X120CM,TRES BELLE QUALITE, AVEC | Magasin de bricolage","isPartOf":{"@id":"https:\/\/arcada.fr\/Salaise\/#website"},"primaryImageOfPage":{"@id":"https:\/\/arcada.fr\/Salaise\/product\/housse-de-protection-moto-doublee-grammage-150g-m%c2%b2-taille-m-203x89x120cmtres-belle-qualite-avec\/#primaryimage"},"image":{"@id":"https:\/\/arcada.fr\/Salaise\/product\/housse-de-protection-moto-doublee-grammage-150g-m%c2%b2-taille-m-203x89x120cmtres-belle-qualite-avec\/#primaryimage"},"thumbnailUrl":"https:\/\/arcada.fr\/Salaise\/wp-content\/uploads\/2024\/05\/R177379.jpg","datePublished":"2024-05-07T14:15:30+00:00","dateModified":"2024-05-07T14:41:37+00:00","breadcrumb":{"@id":"https:\/\/arcada.fr\/Salaise\/product\/housse-de-protection-moto-doublee-grammage-150g-m%c2%b2-taille-m-203x89x120cmtres-belle-qualite-avec\/#breadcrumb"},"inLanguage":"fr-FR","potentialAction":[{"@type":"ReadAction","target":["https:\/\/arcada.fr\/Salaise\/product\/housse-de-protection-moto-doublee-grammage-150g-m%c2%b2-taille-m-203x89x120cmtres-belle-qualite-avec\/"]}]},{"@type":"ImageObject","inLanguage":"fr-FR","@id":"https:\/\/arcada.fr\/Salaise\/product\/housse-de-protection-moto-doublee-grammage-150g-m%c2%b2-taille-m-203x89x120cmtres-belle-qualite-avec\/#primaryimage","url":"https:\/\/arcada.fr\/Salaise\/wp-content\/uploads\/2024\/05\/R177379.jpg","contentUrl":"https:\/\/arcada.fr\/Salaise\/wp-content\/uploads\/2024\/05\/R177379.jpg","width":800,"height":800},{"@type":"BreadcrumbList","@id":"https:\/\/arcada.fr\/Salaise\/product\/housse-de-protection-moto-doublee-grammage-150g-m%c2%b2-taille-m-203x89x120cmtres-belle-qualite-avec\/#breadcrumb","itemListElement":[{"@type":"ListItem","position":1,"name":"Accueil","item":"https:\/\/arcada.fr\/Salaise\/"},{"@type":"ListItem","position":2,"name":"Produits","item":"https:\/\/arcada.fr\/Salaise\/shop\/"},{"@type":"ListItem","position":3,"name":"HOUSSE DE PROTECTION MOTO DOUBLEE, GRAMMAGE 150G\/M\u00b2 TAILLE M 203X89X120CM,TRES BELLE QUALITE, AVEC"}]},{"@type":"WebSite","@id":"https:\/\/arcada.fr\/Salaise\/#website","url":"https:\/\/arcada.fr\/Salaise\/","name":"Magasin de bricolage","description":"L&#039;outillage, notre passion !","potentialAction":[{"@type":"SearchAction","target":{"@type":"EntryPoint","urlTemplate":"https:\/\/arcada.fr\/Salaise\/?s={search_term_string}"},"query-input":{"@type":"PropertyValueSpecification","valueRequired":true,"valueName":"search_term_string"}}],"inLanguage":"fr-FR"}]}},"_links":{"self":[{"href":"https:\/\/arcada.fr\/Salaise\/wp-json\/wp\/v2\/product\/6913","targetHints":{"allow":["GET"]}}],"collection":[{"href":"https:\/\/arcada.fr\/Salaise\/wp-json\/wp\/v2\/product"}],"about":[{"href":"https:\/\/arcada.fr\/Salaise\/wp-json\/wp\/v2\/types\/product"}],"replies":[{"embeddable":true,"href":"https:\/\/arcada.fr\/Salaise\/wp-json\/wp\/v2\/comments?post=6913"}],"wp:featuredmedia":[{"embeddable":true,"href":"https:\/\/arcada.fr\/Salaise\/wp-json\/wp\/v2\/media\/6945"}],"wp:attachment":[{"href":"https:\/\/arcada.fr\/Salaise\/wp-json\/wp\/v2\/media?parent=6913"}],"wp:term":[{"taxonomy":"product_brand","embeddable":true,"href":"https:\/\/arcada.fr\/Salaise\/wp-json\/wp\/v2\/product_brand?post=6913"},{"taxonomy":"product_cat","embeddable":true,"href":"https:\/\/arcada.fr\/Salaise\/wp-json\/wp\/v2\/product_cat?post=6913"},{"taxonomy":"product_tag","embeddable":true,"href":"https:\/\/arcada.fr\/Salaise\/wp-json\/wp\/v2\/product_tag?post=6913"}],"curies":[{"name":"wp","href":"https:\/\/api.w.org\/{rel}","templated":true}]}}