{"id":7091,"date":"2024-05-07T14:17:04","date_gmt":"2024-05-07T14:17:04","guid":{"rendered":"https:\/\/arcada.fr\/Salaise\/product\/aspirateur-eau-et-poussiere-30l-1400w-220-mbar-tube-daspiration-pro-3-m-diam-36-mm-prise-asservie\/"},"modified":"2025-04-07T15:49:38","modified_gmt":"2025-04-07T15:49:38","slug":"aspirateur-eau-et-poussiere-30l-1400w-220-mbar-tube-daspiration-pro-3-m-diam-36-mm-prise-asservie","status":"publish","type":"product","link":"https:\/\/arcada.fr\/Salaise\/product\/aspirateur-eau-et-poussiere-30l-1400w-220-mbar-tube-daspiration-pro-3-m-diam-36-mm-prise-asservie\/","title":{"rendered":"ASPI EAU\/POUSSI\u00c8RE 30L 1400W 220 MBAR"},"content":{"rendered":"","protected":false},"excerpt":{"rendered":"<p>Aspirateur 30 L <br \/>INOX PRO<br \/>Eau et poussi\u00e8res. <br \/>1400 W. Aspiration 220 mbar. Variateur de puissance. Fonction soufflerie. Fonction d\u00e9colmatage de filtre. Prise de courant asservie. Flexible 3m haute r\u00e9sistance en 36mm. Tube inox t\u00e9lescopique. <br \/>C\u00e2ble 5m. Filtre HEPA et filtre mousse inclus. Norme Euro Classe L. Avec  accessoires.<br \/><button type=submit\"><a href=\"\/wp-content\/uploads\/fich-tech\/R229377.pdf\" target=\"_blank\" rel=\"noopener\">Fiche Technique<\/a><\/button><\/p>\n","protected":false},"featured_media":7090,"comment_status":"open","ping_status":"closed","template":"","meta":[],"product_brand":[],"product_cat":[64],"product_tag":[],"class_list":{"0":"post-7091","1":"product","2":"type-product","3":"status-publish","4":"has-post-thumbnail","6":"product_cat-maison","8":"first","9":"instock","10":"shipping-taxable","11":"purchasable","12":"product-type-simple"},"yoast_head":"<!-- This site is optimized with the Yoast SEO plugin v27.2 - https:\/\/yoast.com\/product\/yoast-seo-wordpress\/ -->\n<title>ASPI EAU\/POUSSI\u00c8RE 30L 1400W 220 MBAR | Magasin de bricolage<\/title>\n<meta name=\"robots\" content=\"index, follow, max-snippet:-1, max-image-preview:large, max-video-preview:-1\" \/>\n<link rel=\"canonical\" href=\"https:\/\/arcada.fr\/Salaise\/product\/aspirateur-eau-et-poussiere-30l-1400w-220-mbar-tube-daspiration-pro-3-m-diam-36-mm-prise-asservie\/\" \/>\n<meta property=\"og:locale\" content=\"fr_FR\" \/>\n<meta property=\"og:type\" content=\"article\" \/>\n<meta property=\"og:title\" content=\"ASPI EAU\/POUSSI\u00c8RE 30L 1400W 220 MBAR | Magasin de bricolage\" \/>\n<meta property=\"og:description\" content=\"Aspirateur 30 L INOX PROEau et poussi\u00e8res. 1400 W. Aspiration 220 mbar. Variateur de puissance. Fonction soufflerie. Fonction d\u00e9colmatage de filtre. Prise de courant asservie. Flexible 3m haute r\u00e9sistance en 36mm. Tube inox t\u00e9lescopique. C\u00e2ble 5m. Filtre HEPA et filtre mousse inclus. Norme Euro Classe L. Avec accessoires.\" \/>\n<meta property=\"og:url\" content=\"https:\/\/arcada.fr\/Salaise\/product\/aspirateur-eau-et-poussiere-30l-1400w-220-mbar-tube-daspiration-pro-3-m-diam-36-mm-prise-asservie\/\" \/>\n<meta property=\"og:site_name\" content=\"Magasin de bricolage\" \/>\n<meta property=\"article:modified_time\" content=\"2025-04-07T15:49:38+00:00\" \/>\n<meta property=\"og:image\" content=\"https:\/\/arcada.fr\/Salaise\/wp-content\/uploads\/2024\/05\/R229377.jpg\" \/>\n\t<meta property=\"og:image:width\" content=\"800\" \/>\n\t<meta property=\"og:image:height\" content=\"800\" \/>\n\t<meta property=\"og:image:type\" content=\"image\/jpeg\" \/>\n<meta name=\"twitter:card\" content=\"summary_large_image\" \/>\n<script type=\"application\/ld+json\" class=\"yoast-schema-graph\">{\"@context\":\"https:\/\/schema.org\",\"@graph\":[{\"@type\":\"WebPage\",\"@id\":\"https:\/\/arcada.fr\/Salaise\/product\/aspirateur-eau-et-poussiere-30l-1400w-220-mbar-tube-daspiration-pro-3-m-diam-36-mm-prise-asservie\/\",\"url\":\"https:\/\/arcada.fr\/Salaise\/product\/aspirateur-eau-et-poussiere-30l-1400w-220-mbar-tube-daspiration-pro-3-m-diam-36-mm-prise-asservie\/\",\"name\":\"ASPI EAU\/POUSSI\u00c8RE 30L 1400W 220 MBAR | Magasin de bricolage\",\"isPartOf\":{\"@id\":\"https:\/\/arcada.fr\/Salaise\/#website\"},\"primaryImageOfPage\":{\"@id\":\"https:\/\/arcada.fr\/Salaise\/product\/aspirateur-eau-et-poussiere-30l-1400w-220-mbar-tube-daspiration-pro-3-m-diam-36-mm-prise-asservie\/#primaryimage\"},\"image\":{\"@id\":\"https:\/\/arcada.fr\/Salaise\/product\/aspirateur-eau-et-poussiere-30l-1400w-220-mbar-tube-daspiration-pro-3-m-diam-36-mm-prise-asservie\/#primaryimage\"},\"thumbnailUrl\":\"https:\/\/arcada.fr\/Salaise\/wp-content\/uploads\/2024\/05\/R229377.jpg\",\"datePublished\":\"2024-05-07T14:17:04+00:00\",\"dateModified\":\"2025-04-07T15:49:38+00:00\",\"breadcrumb\":{\"@id\":\"https:\/\/arcada.fr\/Salaise\/product\/aspirateur-eau-et-poussiere-30l-1400w-220-mbar-tube-daspiration-pro-3-m-diam-36-mm-prise-asservie\/#breadcrumb\"},\"inLanguage\":\"fr-FR\",\"potentialAction\":[{\"@type\":\"ReadAction\",\"target\":[\"https:\/\/arcada.fr\/Salaise\/product\/aspirateur-eau-et-poussiere-30l-1400w-220-mbar-tube-daspiration-pro-3-m-diam-36-mm-prise-asservie\/\"]}]},{\"@type\":\"ImageObject\",\"inLanguage\":\"fr-FR\",\"@id\":\"https:\/\/arcada.fr\/Salaise\/product\/aspirateur-eau-et-poussiere-30l-1400w-220-mbar-tube-daspiration-pro-3-m-diam-36-mm-prise-asservie\/#primaryimage\",\"url\":\"https:\/\/arcada.fr\/Salaise\/wp-content\/uploads\/2024\/05\/R229377.jpg\",\"contentUrl\":\"https:\/\/arcada.fr\/Salaise\/wp-content\/uploads\/2024\/05\/R229377.jpg\",\"width\":800,\"height\":800},{\"@type\":\"BreadcrumbList\",\"@id\":\"https:\/\/arcada.fr\/Salaise\/product\/aspirateur-eau-et-poussiere-30l-1400w-220-mbar-tube-daspiration-pro-3-m-diam-36-mm-prise-asservie\/#breadcrumb\",\"itemListElement\":[{\"@type\":\"ListItem\",\"position\":1,\"name\":\"Accueil\",\"item\":\"https:\/\/arcada.fr\/Salaise\/\"},{\"@type\":\"ListItem\",\"position\":2,\"name\":\"Produits\",\"item\":\"https:\/\/arcada.fr\/Salaise\/shop\/\"},{\"@type\":\"ListItem\",\"position\":3,\"name\":\"ASPI EAU\/POUSSI\u00c8RE 30L 1400W 220 MBAR\"}]},{\"@type\":\"WebSite\",\"@id\":\"https:\/\/arcada.fr\/Salaise\/#website\",\"url\":\"https:\/\/arcada.fr\/Salaise\/\",\"name\":\"Magasin de bricolage\",\"description\":\"L&#039;outillage, notre passion !\",\"potentialAction\":[{\"@type\":\"SearchAction\",\"target\":{\"@type\":\"EntryPoint\",\"urlTemplate\":\"https:\/\/arcada.fr\/Salaise\/?s={search_term_string}\"},\"query-input\":{\"@type\":\"PropertyValueSpecification\",\"valueRequired\":true,\"valueName\":\"search_term_string\"}}],\"inLanguage\":\"fr-FR\"}]}<\/script>\n<!-- \/ Yoast SEO plugin. -->","yoast_head_json":{"title":"ASPI EAU\/POUSSI\u00c8RE 30L 1400W 220 MBAR | Magasin de bricolage","robots":{"index":"index","follow":"follow","max-snippet":"max-snippet:-1","max-image-preview":"max-image-preview:large","max-video-preview":"max-video-preview:-1"},"canonical":"https:\/\/arcada.fr\/Salaise\/product\/aspirateur-eau-et-poussiere-30l-1400w-220-mbar-tube-daspiration-pro-3-m-diam-36-mm-prise-asservie\/","og_locale":"fr_FR","og_type":"article","og_title":"ASPI EAU\/POUSSI\u00c8RE 30L 1400W 220 MBAR | Magasin de bricolage","og_description":"Aspirateur 30 L INOX PROEau et poussi\u00e8res. 1400 W. Aspiration 220 mbar. Variateur de puissance. Fonction soufflerie. Fonction d\u00e9colmatage de filtre. Prise de courant asservie. Flexible 3m haute r\u00e9sistance en 36mm. Tube inox t\u00e9lescopique. C\u00e2ble 5m. Filtre HEPA et filtre mousse inclus. Norme Euro Classe L. Avec accessoires.","og_url":"https:\/\/arcada.fr\/Salaise\/product\/aspirateur-eau-et-poussiere-30l-1400w-220-mbar-tube-daspiration-pro-3-m-diam-36-mm-prise-asservie\/","og_site_name":"Magasin de bricolage","article_modified_time":"2025-04-07T15:49:38+00:00","og_image":[{"width":800,"height":800,"url":"https:\/\/arcada.fr\/Salaise\/wp-content\/uploads\/2024\/05\/R229377.jpg","type":"image\/jpeg"}],"twitter_card":"summary_large_image","schema":{"@context":"https:\/\/schema.org","@graph":[{"@type":"WebPage","@id":"https:\/\/arcada.fr\/Salaise\/product\/aspirateur-eau-et-poussiere-30l-1400w-220-mbar-tube-daspiration-pro-3-m-diam-36-mm-prise-asservie\/","url":"https:\/\/arcada.fr\/Salaise\/product\/aspirateur-eau-et-poussiere-30l-1400w-220-mbar-tube-daspiration-pro-3-m-diam-36-mm-prise-asservie\/","name":"ASPI EAU\/POUSSI\u00c8RE 30L 1400W 220 MBAR | Magasin de bricolage","isPartOf":{"@id":"https:\/\/arcada.fr\/Salaise\/#website"},"primaryImageOfPage":{"@id":"https:\/\/arcada.fr\/Salaise\/product\/aspirateur-eau-et-poussiere-30l-1400w-220-mbar-tube-daspiration-pro-3-m-diam-36-mm-prise-asservie\/#primaryimage"},"image":{"@id":"https:\/\/arcada.fr\/Salaise\/product\/aspirateur-eau-et-poussiere-30l-1400w-220-mbar-tube-daspiration-pro-3-m-diam-36-mm-prise-asservie\/#primaryimage"},"thumbnailUrl":"https:\/\/arcada.fr\/Salaise\/wp-content\/uploads\/2024\/05\/R229377.jpg","datePublished":"2024-05-07T14:17:04+00:00","dateModified":"2025-04-07T15:49:38+00:00","breadcrumb":{"@id":"https:\/\/arcada.fr\/Salaise\/product\/aspirateur-eau-et-poussiere-30l-1400w-220-mbar-tube-daspiration-pro-3-m-diam-36-mm-prise-asservie\/#breadcrumb"},"inLanguage":"fr-FR","potentialAction":[{"@type":"ReadAction","target":["https:\/\/arcada.fr\/Salaise\/product\/aspirateur-eau-et-poussiere-30l-1400w-220-mbar-tube-daspiration-pro-3-m-diam-36-mm-prise-asservie\/"]}]},{"@type":"ImageObject","inLanguage":"fr-FR","@id":"https:\/\/arcada.fr\/Salaise\/product\/aspirateur-eau-et-poussiere-30l-1400w-220-mbar-tube-daspiration-pro-3-m-diam-36-mm-prise-asservie\/#primaryimage","url":"https:\/\/arcada.fr\/Salaise\/wp-content\/uploads\/2024\/05\/R229377.jpg","contentUrl":"https:\/\/arcada.fr\/Salaise\/wp-content\/uploads\/2024\/05\/R229377.jpg","width":800,"height":800},{"@type":"BreadcrumbList","@id":"https:\/\/arcada.fr\/Salaise\/product\/aspirateur-eau-et-poussiere-30l-1400w-220-mbar-tube-daspiration-pro-3-m-diam-36-mm-prise-asservie\/#breadcrumb","itemListElement":[{"@type":"ListItem","position":1,"name":"Accueil","item":"https:\/\/arcada.fr\/Salaise\/"},{"@type":"ListItem","position":2,"name":"Produits","item":"https:\/\/arcada.fr\/Salaise\/shop\/"},{"@type":"ListItem","position":3,"name":"ASPI EAU\/POUSSI\u00c8RE 30L 1400W 220 MBAR"}]},{"@type":"WebSite","@id":"https:\/\/arcada.fr\/Salaise\/#website","url":"https:\/\/arcada.fr\/Salaise\/","name":"Magasin de bricolage","description":"L&#039;outillage, notre passion !","potentialAction":[{"@type":"SearchAction","target":{"@type":"EntryPoint","urlTemplate":"https:\/\/arcada.fr\/Salaise\/?s={search_term_string}"},"query-input":{"@type":"PropertyValueSpecification","valueRequired":true,"valueName":"search_term_string"}}],"inLanguage":"fr-FR"}]}},"_links":{"self":[{"href":"https:\/\/arcada.fr\/Salaise\/wp-json\/wp\/v2\/product\/7091","targetHints":{"allow":["GET"]}}],"collection":[{"href":"https:\/\/arcada.fr\/Salaise\/wp-json\/wp\/v2\/product"}],"about":[{"href":"https:\/\/arcada.fr\/Salaise\/wp-json\/wp\/v2\/types\/product"}],"replies":[{"embeddable":true,"href":"https:\/\/arcada.fr\/Salaise\/wp-json\/wp\/v2\/comments?post=7091"}],"wp:featuredmedia":[{"embeddable":true,"href":"https:\/\/arcada.fr\/Salaise\/wp-json\/wp\/v2\/media\/7090"}],"wp:attachment":[{"href":"https:\/\/arcada.fr\/Salaise\/wp-json\/wp\/v2\/media?parent=7091"}],"wp:term":[{"taxonomy":"product_brand","embeddable":true,"href":"https:\/\/arcada.fr\/Salaise\/wp-json\/wp\/v2\/product_brand?post=7091"},{"taxonomy":"product_cat","embeddable":true,"href":"https:\/\/arcada.fr\/Salaise\/wp-json\/wp\/v2\/product_cat?post=7091"},{"taxonomy":"product_tag","embeddable":true,"href":"https:\/\/arcada.fr\/Salaise\/wp-json\/wp\/v2\/product_tag?post=7091"}],"curies":[{"name":"wp","href":"https:\/\/api.w.org\/{rel}","templated":true}]}}