{"id":7112,"date":"2024-05-07T14:17:16","date_gmt":"2024-05-07T14:17:16","guid":{"rendered":"https:\/\/arcada.fr\/Salaise\/product\/anticalcaire-magnetique-lot-de-2-pieces\/"},"modified":"2024-05-07T14:42:06","modified_gmt":"2024-05-07T14:42:06","slug":"anticalcaire-magnetique-lot-de-2-pieces","status":"publish","type":"product","link":"https:\/\/arcada.fr\/Salaise\/product\/anticalcaire-magnetique-lot-de-2-pieces\/","title":{"rendered":"ANTICALCAIRE MAGNETIQUE LOT DE 2 PIECES"},"content":{"rendered":"","protected":false},"excerpt":{"rendered":"<p>Anticalcaire magn\u00e9tique <br \/>2 puissants aimants neutralisent la formation de tartre et r\u00e9sorbent les d\u00e9p\u00f4ts existants.<br \/><button type=submit\"><a href=\"\/wp-content\/uploads\/fich-tech\/R231340.pdf\" target=\"_blank\" rel=\"noopener\">Fiche Technique<\/a><\/button><\/p>\n","protected":false},"featured_media":7111,"comment_status":"open","ping_status":"closed","template":"","meta":[],"product_brand":[],"product_cat":[64],"product_tag":[],"class_list":{"0":"post-7112","1":"product","2":"type-product","3":"status-publish","4":"has-post-thumbnail","6":"product_cat-maison","8":"first","9":"instock","10":"shipping-taxable","11":"purchasable","12":"product-type-simple"},"yoast_head":"<!-- This site is optimized with the Yoast SEO plugin v27.2 - https:\/\/yoast.com\/product\/yoast-seo-wordpress\/ -->\n<title>ANTICALCAIRE MAGNETIQUE LOT DE 2 PIECES | Magasin de bricolage<\/title>\n<meta name=\"robots\" content=\"index, follow, max-snippet:-1, max-image-preview:large, max-video-preview:-1\" \/>\n<link rel=\"canonical\" href=\"https:\/\/arcada.fr\/Salaise\/product\/anticalcaire-magnetique-lot-de-2-pieces\/\" \/>\n<meta property=\"og:locale\" content=\"fr_FR\" \/>\n<meta property=\"og:type\" content=\"article\" \/>\n<meta property=\"og:title\" content=\"ANTICALCAIRE MAGNETIQUE LOT DE 2 PIECES | Magasin de bricolage\" \/>\n<meta property=\"og:description\" content=\"Anticalcaire magn\u00e9tique 2 puissants aimants neutralisent la formation de tartre et r\u00e9sorbent les d\u00e9p\u00f4ts existants.\" \/>\n<meta property=\"og:url\" content=\"https:\/\/arcada.fr\/Salaise\/product\/anticalcaire-magnetique-lot-de-2-pieces\/\" \/>\n<meta property=\"og:site_name\" content=\"Magasin de bricolage\" \/>\n<meta property=\"article:modified_time\" content=\"2024-05-07T14:42:06+00:00\" \/>\n<meta property=\"og:image\" content=\"https:\/\/arcada.fr\/Salaise\/wp-content\/uploads\/2024\/05\/R231340.jpg\" \/>\n\t<meta property=\"og:image:width\" content=\"800\" \/>\n\t<meta property=\"og:image:height\" content=\"800\" \/>\n\t<meta property=\"og:image:type\" content=\"image\/jpeg\" \/>\n<meta name=\"twitter:card\" content=\"summary_large_image\" \/>\n<script type=\"application\/ld+json\" class=\"yoast-schema-graph\">{\"@context\":\"https:\/\/schema.org\",\"@graph\":[{\"@type\":\"WebPage\",\"@id\":\"https:\/\/arcada.fr\/Salaise\/product\/anticalcaire-magnetique-lot-de-2-pieces\/\",\"url\":\"https:\/\/arcada.fr\/Salaise\/product\/anticalcaire-magnetique-lot-de-2-pieces\/\",\"name\":\"ANTICALCAIRE MAGNETIQUE LOT DE 2 PIECES | Magasin de bricolage\",\"isPartOf\":{\"@id\":\"https:\/\/arcada.fr\/Salaise\/#website\"},\"primaryImageOfPage\":{\"@id\":\"https:\/\/arcada.fr\/Salaise\/product\/anticalcaire-magnetique-lot-de-2-pieces\/#primaryimage\"},\"image\":{\"@id\":\"https:\/\/arcada.fr\/Salaise\/product\/anticalcaire-magnetique-lot-de-2-pieces\/#primaryimage\"},\"thumbnailUrl\":\"https:\/\/arcada.fr\/Salaise\/wp-content\/uploads\/2024\/05\/R231340.jpg\",\"datePublished\":\"2024-05-07T14:17:16+00:00\",\"dateModified\":\"2024-05-07T14:42:06+00:00\",\"breadcrumb\":{\"@id\":\"https:\/\/arcada.fr\/Salaise\/product\/anticalcaire-magnetique-lot-de-2-pieces\/#breadcrumb\"},\"inLanguage\":\"fr-FR\",\"potentialAction\":[{\"@type\":\"ReadAction\",\"target\":[\"https:\/\/arcada.fr\/Salaise\/product\/anticalcaire-magnetique-lot-de-2-pieces\/\"]}]},{\"@type\":\"ImageObject\",\"inLanguage\":\"fr-FR\",\"@id\":\"https:\/\/arcada.fr\/Salaise\/product\/anticalcaire-magnetique-lot-de-2-pieces\/#primaryimage\",\"url\":\"https:\/\/arcada.fr\/Salaise\/wp-content\/uploads\/2024\/05\/R231340.jpg\",\"contentUrl\":\"https:\/\/arcada.fr\/Salaise\/wp-content\/uploads\/2024\/05\/R231340.jpg\",\"width\":800,\"height\":800},{\"@type\":\"BreadcrumbList\",\"@id\":\"https:\/\/arcada.fr\/Salaise\/product\/anticalcaire-magnetique-lot-de-2-pieces\/#breadcrumb\",\"itemListElement\":[{\"@type\":\"ListItem\",\"position\":1,\"name\":\"Accueil\",\"item\":\"https:\/\/arcada.fr\/Salaise\/\"},{\"@type\":\"ListItem\",\"position\":2,\"name\":\"Produits\",\"item\":\"https:\/\/arcada.fr\/Salaise\/shop\/\"},{\"@type\":\"ListItem\",\"position\":3,\"name\":\"ANTICALCAIRE MAGNETIQUE LOT DE 2 PIECES\"}]},{\"@type\":\"WebSite\",\"@id\":\"https:\/\/arcada.fr\/Salaise\/#website\",\"url\":\"https:\/\/arcada.fr\/Salaise\/\",\"name\":\"Magasin de bricolage\",\"description\":\"L&#039;outillage, notre passion !\",\"potentialAction\":[{\"@type\":\"SearchAction\",\"target\":{\"@type\":\"EntryPoint\",\"urlTemplate\":\"https:\/\/arcada.fr\/Salaise\/?s={search_term_string}\"},\"query-input\":{\"@type\":\"PropertyValueSpecification\",\"valueRequired\":true,\"valueName\":\"search_term_string\"}}],\"inLanguage\":\"fr-FR\"}]}<\/script>\n<!-- \/ Yoast SEO plugin. -->","yoast_head_json":{"title":"ANTICALCAIRE MAGNETIQUE LOT DE 2 PIECES | Magasin de bricolage","robots":{"index":"index","follow":"follow","max-snippet":"max-snippet:-1","max-image-preview":"max-image-preview:large","max-video-preview":"max-video-preview:-1"},"canonical":"https:\/\/arcada.fr\/Salaise\/product\/anticalcaire-magnetique-lot-de-2-pieces\/","og_locale":"fr_FR","og_type":"article","og_title":"ANTICALCAIRE MAGNETIQUE LOT DE 2 PIECES | Magasin de bricolage","og_description":"Anticalcaire magn\u00e9tique 2 puissants aimants neutralisent la formation de tartre et r\u00e9sorbent les d\u00e9p\u00f4ts existants.","og_url":"https:\/\/arcada.fr\/Salaise\/product\/anticalcaire-magnetique-lot-de-2-pieces\/","og_site_name":"Magasin de bricolage","article_modified_time":"2024-05-07T14:42:06+00:00","og_image":[{"width":800,"height":800,"url":"https:\/\/arcada.fr\/Salaise\/wp-content\/uploads\/2024\/05\/R231340.jpg","type":"image\/jpeg"}],"twitter_card":"summary_large_image","schema":{"@context":"https:\/\/schema.org","@graph":[{"@type":"WebPage","@id":"https:\/\/arcada.fr\/Salaise\/product\/anticalcaire-magnetique-lot-de-2-pieces\/","url":"https:\/\/arcada.fr\/Salaise\/product\/anticalcaire-magnetique-lot-de-2-pieces\/","name":"ANTICALCAIRE MAGNETIQUE LOT DE 2 PIECES | Magasin de bricolage","isPartOf":{"@id":"https:\/\/arcada.fr\/Salaise\/#website"},"primaryImageOfPage":{"@id":"https:\/\/arcada.fr\/Salaise\/product\/anticalcaire-magnetique-lot-de-2-pieces\/#primaryimage"},"image":{"@id":"https:\/\/arcada.fr\/Salaise\/product\/anticalcaire-magnetique-lot-de-2-pieces\/#primaryimage"},"thumbnailUrl":"https:\/\/arcada.fr\/Salaise\/wp-content\/uploads\/2024\/05\/R231340.jpg","datePublished":"2024-05-07T14:17:16+00:00","dateModified":"2024-05-07T14:42:06+00:00","breadcrumb":{"@id":"https:\/\/arcada.fr\/Salaise\/product\/anticalcaire-magnetique-lot-de-2-pieces\/#breadcrumb"},"inLanguage":"fr-FR","potentialAction":[{"@type":"ReadAction","target":["https:\/\/arcada.fr\/Salaise\/product\/anticalcaire-magnetique-lot-de-2-pieces\/"]}]},{"@type":"ImageObject","inLanguage":"fr-FR","@id":"https:\/\/arcada.fr\/Salaise\/product\/anticalcaire-magnetique-lot-de-2-pieces\/#primaryimage","url":"https:\/\/arcada.fr\/Salaise\/wp-content\/uploads\/2024\/05\/R231340.jpg","contentUrl":"https:\/\/arcada.fr\/Salaise\/wp-content\/uploads\/2024\/05\/R231340.jpg","width":800,"height":800},{"@type":"BreadcrumbList","@id":"https:\/\/arcada.fr\/Salaise\/product\/anticalcaire-magnetique-lot-de-2-pieces\/#breadcrumb","itemListElement":[{"@type":"ListItem","position":1,"name":"Accueil","item":"https:\/\/arcada.fr\/Salaise\/"},{"@type":"ListItem","position":2,"name":"Produits","item":"https:\/\/arcada.fr\/Salaise\/shop\/"},{"@type":"ListItem","position":3,"name":"ANTICALCAIRE MAGNETIQUE LOT DE 2 PIECES"}]},{"@type":"WebSite","@id":"https:\/\/arcada.fr\/Salaise\/#website","url":"https:\/\/arcada.fr\/Salaise\/","name":"Magasin de bricolage","description":"L&#039;outillage, notre passion !","potentialAction":[{"@type":"SearchAction","target":{"@type":"EntryPoint","urlTemplate":"https:\/\/arcada.fr\/Salaise\/?s={search_term_string}"},"query-input":{"@type":"PropertyValueSpecification","valueRequired":true,"valueName":"search_term_string"}}],"inLanguage":"fr-FR"}]}},"_links":{"self":[{"href":"https:\/\/arcada.fr\/Salaise\/wp-json\/wp\/v2\/product\/7112","targetHints":{"allow":["GET"]}}],"collection":[{"href":"https:\/\/arcada.fr\/Salaise\/wp-json\/wp\/v2\/product"}],"about":[{"href":"https:\/\/arcada.fr\/Salaise\/wp-json\/wp\/v2\/types\/product"}],"replies":[{"embeddable":true,"href":"https:\/\/arcada.fr\/Salaise\/wp-json\/wp\/v2\/comments?post=7112"}],"wp:featuredmedia":[{"embeddable":true,"href":"https:\/\/arcada.fr\/Salaise\/wp-json\/wp\/v2\/media\/7111"}],"wp:attachment":[{"href":"https:\/\/arcada.fr\/Salaise\/wp-json\/wp\/v2\/media?parent=7112"}],"wp:term":[{"taxonomy":"product_brand","embeddable":true,"href":"https:\/\/arcada.fr\/Salaise\/wp-json\/wp\/v2\/product_brand?post=7112"},{"taxonomy":"product_cat","embeddable":true,"href":"https:\/\/arcada.fr\/Salaise\/wp-json\/wp\/v2\/product_cat?post=7112"},{"taxonomy":"product_tag","embeddable":true,"href":"https:\/\/arcada.fr\/Salaise\/wp-json\/wp\/v2\/product_tag?post=7112"}],"curies":[{"name":"wp","href":"https:\/\/api.w.org\/{rel}","templated":true}]}}