{"id":7123,"date":"2024-05-07T14:17:21","date_gmt":"2024-05-07T14:17:21","guid":{"rendered":"https:\/\/arcada.fr\/Salaise\/product\/scie-universelle-sabre-tc-ap-690-e\/"},"modified":"2024-05-07T14:42:07","modified_gmt":"2024-05-07T14:42:07","slug":"scie-universelle-sabre-tc-ap-690-e","status":"publish","type":"product","link":"https:\/\/arcada.fr\/Salaise\/product\/scie-universelle-sabre-tc-ap-690-e\/","title":{"rendered":"SCIE UNIVERSELLE SABRE\u00a0\u00bb TC-AP 690 E\u00a0\u00bb"},"content":{"rendered":"","protected":false},"excerpt":{"rendered":"<p>Variateur \u00e9lectronique pour un travail adapt\u00e9 aux mat\u00e9riaux et aux utilisations<br \/>Semelle r\u00e9glable pour une utilisation optimale de la lame<br \/>Changement de lame sans outil<br \/>Grande zone de pr\u00e9hension Softgrip pour une utilisation confortable et s\u00fbre<br \/>Forme ergonomique et compacte facilitant la manipulatio<br \/><button type=submit\"><a href=\"\/wp-content\/uploads\/fich-tech\/R238326.pdf\" target=\"_blank\" rel=\"noopener\">Fiche Technique<\/a><\/button><\/p>\n","protected":false},"featured_media":7121,"comment_status":"open","ping_status":"closed","template":"","meta":[],"product_brand":[],"product_cat":[67],"product_tag":[],"class_list":{"0":"post-7123","1":"product","2":"type-product","3":"status-publish","4":"has-post-thumbnail","6":"product_cat-atelier","8":"first","9":"instock","10":"shipping-taxable","11":"purchasable","12":"product-type-simple"},"yoast_head":"<!-- This site is optimized with the Yoast SEO plugin v27.2 - https:\/\/yoast.com\/product\/yoast-seo-wordpress\/ -->\n<title>SCIE UNIVERSELLE SABRE&quot; TC-AP 690 E&quot; | Magasin de bricolage<\/title>\n<meta name=\"robots\" content=\"index, follow, max-snippet:-1, max-image-preview:large, max-video-preview:-1\" \/>\n<link rel=\"canonical\" href=\"https:\/\/arcada.fr\/Salaise\/product\/scie-universelle-sabre-tc-ap-690-e\/\" \/>\n<meta property=\"og:locale\" content=\"fr_FR\" \/>\n<meta property=\"og:type\" content=\"article\" \/>\n<meta property=\"og:title\" content=\"SCIE UNIVERSELLE SABRE&quot; TC-AP 690 E&quot; | Magasin de bricolage\" \/>\n<meta property=\"og:description\" content=\"Variateur \u00e9lectronique pour un travail adapt\u00e9 aux mat\u00e9riaux et aux utilisationsSemelle r\u00e9glable pour une utilisation optimale de la lameChangement de lame sans outilGrande zone de pr\u00e9hension Softgrip pour une utilisation confortable et s\u00fbreForme ergonomique et compacte facilitant la manipulatio\" \/>\n<meta property=\"og:url\" content=\"https:\/\/arcada.fr\/Salaise\/product\/scie-universelle-sabre-tc-ap-690-e\/\" \/>\n<meta property=\"og:site_name\" content=\"Magasin de bricolage\" \/>\n<meta property=\"article:modified_time\" content=\"2024-05-07T14:42:07+00:00\" \/>\n<meta property=\"og:image\" content=\"https:\/\/arcada.fr\/Salaise\/wp-content\/uploads\/2024\/05\/R238326.jpg\" \/>\n\t<meta property=\"og:image:width\" content=\"800\" \/>\n\t<meta property=\"og:image:height\" content=\"800\" \/>\n\t<meta property=\"og:image:type\" content=\"image\/jpeg\" \/>\n<meta name=\"twitter:card\" content=\"summary_large_image\" \/>\n<script type=\"application\/ld+json\" class=\"yoast-schema-graph\">{\"@context\":\"https:\/\/schema.org\",\"@graph\":[{\"@type\":\"WebPage\",\"@id\":\"https:\/\/arcada.fr\/Salaise\/product\/scie-universelle-sabre-tc-ap-690-e\/\",\"url\":\"https:\/\/arcada.fr\/Salaise\/product\/scie-universelle-sabre-tc-ap-690-e\/\",\"name\":\"SCIE UNIVERSELLE SABRE\\\" TC-AP 690 E\\\" | Magasin de bricolage\",\"isPartOf\":{\"@id\":\"https:\/\/arcada.fr\/Salaise\/#website\"},\"primaryImageOfPage\":{\"@id\":\"https:\/\/arcada.fr\/Salaise\/product\/scie-universelle-sabre-tc-ap-690-e\/#primaryimage\"},\"image\":{\"@id\":\"https:\/\/arcada.fr\/Salaise\/product\/scie-universelle-sabre-tc-ap-690-e\/#primaryimage\"},\"thumbnailUrl\":\"https:\/\/arcada.fr\/Salaise\/wp-content\/uploads\/2024\/05\/R238326.jpg\",\"datePublished\":\"2024-05-07T14:17:21+00:00\",\"dateModified\":\"2024-05-07T14:42:07+00:00\",\"breadcrumb\":{\"@id\":\"https:\/\/arcada.fr\/Salaise\/product\/scie-universelle-sabre-tc-ap-690-e\/#breadcrumb\"},\"inLanguage\":\"fr-FR\",\"potentialAction\":[{\"@type\":\"ReadAction\",\"target\":[\"https:\/\/arcada.fr\/Salaise\/product\/scie-universelle-sabre-tc-ap-690-e\/\"]}]},{\"@type\":\"ImageObject\",\"inLanguage\":\"fr-FR\",\"@id\":\"https:\/\/arcada.fr\/Salaise\/product\/scie-universelle-sabre-tc-ap-690-e\/#primaryimage\",\"url\":\"https:\/\/arcada.fr\/Salaise\/wp-content\/uploads\/2024\/05\/R238326.jpg\",\"contentUrl\":\"https:\/\/arcada.fr\/Salaise\/wp-content\/uploads\/2024\/05\/R238326.jpg\",\"width\":800,\"height\":800},{\"@type\":\"BreadcrumbList\",\"@id\":\"https:\/\/arcada.fr\/Salaise\/product\/scie-universelle-sabre-tc-ap-690-e\/#breadcrumb\",\"itemListElement\":[{\"@type\":\"ListItem\",\"position\":1,\"name\":\"Accueil\",\"item\":\"https:\/\/arcada.fr\/Salaise\/\"},{\"@type\":\"ListItem\",\"position\":2,\"name\":\"Produits\",\"item\":\"https:\/\/arcada.fr\/Salaise\/shop\/\"},{\"@type\":\"ListItem\",\"position\":3,\"name\":\"SCIE UNIVERSELLE SABRE&#8221; TC-AP 690 E&#8221;\"}]},{\"@type\":\"WebSite\",\"@id\":\"https:\/\/arcada.fr\/Salaise\/#website\",\"url\":\"https:\/\/arcada.fr\/Salaise\/\",\"name\":\"Magasin de bricolage\",\"description\":\"L&#039;outillage, notre passion !\",\"potentialAction\":[{\"@type\":\"SearchAction\",\"target\":{\"@type\":\"EntryPoint\",\"urlTemplate\":\"https:\/\/arcada.fr\/Salaise\/?s={search_term_string}\"},\"query-input\":{\"@type\":\"PropertyValueSpecification\",\"valueRequired\":true,\"valueName\":\"search_term_string\"}}],\"inLanguage\":\"fr-FR\"}]}<\/script>\n<!-- \/ Yoast SEO plugin. -->","yoast_head_json":{"title":"SCIE UNIVERSELLE SABRE\" TC-AP 690 E\" | Magasin de bricolage","robots":{"index":"index","follow":"follow","max-snippet":"max-snippet:-1","max-image-preview":"max-image-preview:large","max-video-preview":"max-video-preview:-1"},"canonical":"https:\/\/arcada.fr\/Salaise\/product\/scie-universelle-sabre-tc-ap-690-e\/","og_locale":"fr_FR","og_type":"article","og_title":"SCIE UNIVERSELLE SABRE\" TC-AP 690 E\" | Magasin de bricolage","og_description":"Variateur \u00e9lectronique pour un travail adapt\u00e9 aux mat\u00e9riaux et aux utilisationsSemelle r\u00e9glable pour une utilisation optimale de la lameChangement de lame sans outilGrande zone de pr\u00e9hension Softgrip pour une utilisation confortable et s\u00fbreForme ergonomique et compacte facilitant la manipulatio","og_url":"https:\/\/arcada.fr\/Salaise\/product\/scie-universelle-sabre-tc-ap-690-e\/","og_site_name":"Magasin de bricolage","article_modified_time":"2024-05-07T14:42:07+00:00","og_image":[{"width":800,"height":800,"url":"https:\/\/arcada.fr\/Salaise\/wp-content\/uploads\/2024\/05\/R238326.jpg","type":"image\/jpeg"}],"twitter_card":"summary_large_image","schema":{"@context":"https:\/\/schema.org","@graph":[{"@type":"WebPage","@id":"https:\/\/arcada.fr\/Salaise\/product\/scie-universelle-sabre-tc-ap-690-e\/","url":"https:\/\/arcada.fr\/Salaise\/product\/scie-universelle-sabre-tc-ap-690-e\/","name":"SCIE UNIVERSELLE SABRE\" TC-AP 690 E\" | Magasin de bricolage","isPartOf":{"@id":"https:\/\/arcada.fr\/Salaise\/#website"},"primaryImageOfPage":{"@id":"https:\/\/arcada.fr\/Salaise\/product\/scie-universelle-sabre-tc-ap-690-e\/#primaryimage"},"image":{"@id":"https:\/\/arcada.fr\/Salaise\/product\/scie-universelle-sabre-tc-ap-690-e\/#primaryimage"},"thumbnailUrl":"https:\/\/arcada.fr\/Salaise\/wp-content\/uploads\/2024\/05\/R238326.jpg","datePublished":"2024-05-07T14:17:21+00:00","dateModified":"2024-05-07T14:42:07+00:00","breadcrumb":{"@id":"https:\/\/arcada.fr\/Salaise\/product\/scie-universelle-sabre-tc-ap-690-e\/#breadcrumb"},"inLanguage":"fr-FR","potentialAction":[{"@type":"ReadAction","target":["https:\/\/arcada.fr\/Salaise\/product\/scie-universelle-sabre-tc-ap-690-e\/"]}]},{"@type":"ImageObject","inLanguage":"fr-FR","@id":"https:\/\/arcada.fr\/Salaise\/product\/scie-universelle-sabre-tc-ap-690-e\/#primaryimage","url":"https:\/\/arcada.fr\/Salaise\/wp-content\/uploads\/2024\/05\/R238326.jpg","contentUrl":"https:\/\/arcada.fr\/Salaise\/wp-content\/uploads\/2024\/05\/R238326.jpg","width":800,"height":800},{"@type":"BreadcrumbList","@id":"https:\/\/arcada.fr\/Salaise\/product\/scie-universelle-sabre-tc-ap-690-e\/#breadcrumb","itemListElement":[{"@type":"ListItem","position":1,"name":"Accueil","item":"https:\/\/arcada.fr\/Salaise\/"},{"@type":"ListItem","position":2,"name":"Produits","item":"https:\/\/arcada.fr\/Salaise\/shop\/"},{"@type":"ListItem","position":3,"name":"SCIE UNIVERSELLE SABRE&#8221; TC-AP 690 E&#8221;"}]},{"@type":"WebSite","@id":"https:\/\/arcada.fr\/Salaise\/#website","url":"https:\/\/arcada.fr\/Salaise\/","name":"Magasin de bricolage","description":"L&#039;outillage, notre passion !","potentialAction":[{"@type":"SearchAction","target":{"@type":"EntryPoint","urlTemplate":"https:\/\/arcada.fr\/Salaise\/?s={search_term_string}"},"query-input":{"@type":"PropertyValueSpecification","valueRequired":true,"valueName":"search_term_string"}}],"inLanguage":"fr-FR"}]}},"_links":{"self":[{"href":"https:\/\/arcada.fr\/Salaise\/wp-json\/wp\/v2\/product\/7123","targetHints":{"allow":["GET"]}}],"collection":[{"href":"https:\/\/arcada.fr\/Salaise\/wp-json\/wp\/v2\/product"}],"about":[{"href":"https:\/\/arcada.fr\/Salaise\/wp-json\/wp\/v2\/types\/product"}],"replies":[{"embeddable":true,"href":"https:\/\/arcada.fr\/Salaise\/wp-json\/wp\/v2\/comments?post=7123"}],"wp:featuredmedia":[{"embeddable":true,"href":"https:\/\/arcada.fr\/Salaise\/wp-json\/wp\/v2\/media\/7121"}],"wp:attachment":[{"href":"https:\/\/arcada.fr\/Salaise\/wp-json\/wp\/v2\/media?parent=7123"}],"wp:term":[{"taxonomy":"product_brand","embeddable":true,"href":"https:\/\/arcada.fr\/Salaise\/wp-json\/wp\/v2\/product_brand?post=7123"},{"taxonomy":"product_cat","embeddable":true,"href":"https:\/\/arcada.fr\/Salaise\/wp-json\/wp\/v2\/product_cat?post=7123"},{"taxonomy":"product_tag","embeddable":true,"href":"https:\/\/arcada.fr\/Salaise\/wp-json\/wp\/v2\/product_tag?post=7123"}],"curies":[{"name":"wp","href":"https:\/\/api.w.org\/{rel}","templated":true}]}}