{"id":7262,"date":"2024-05-07T14:18:35","date_gmt":"2024-05-07T14:18:35","guid":{"rendered":"https:\/\/arcada.fr\/Salaise\/product\/boulonneuse-sans-fil-impaxxo-18-230-systeme-power-x-change-regime-a-vide-0-2-100-trs-min\/"},"modified":"2025-04-07T15:49:55","modified_gmt":"2025-04-07T15:49:55","slug":"boulonneuse-sans-fil-impaxxo-18-230-systeme-power-x-change-regime-a-vide-0-2-100-trs-min","status":"publish","type":"product","link":"https:\/\/arcada.fr\/Salaise\/product\/boulonneuse-sans-fil-impaxxo-18-230-systeme-power-x-change-regime-a-vide-0-2-100-trs-min\/","title":{"rendered":"BOULONNEUSE SS FIL IMPAXXO 18\/230"},"content":{"rendered":"","protected":false},"excerpt":{"rendered":"<p>Moteur Brushless Einhell &#8211; avec moteur \u00e9lectrique sans charbon<br \/>PurePOWER Brushless &#8211; 10 ans de garantie moteur apr\u00e8s enregistrement<br \/>Cl\u00e9 \u00e0 chocs pour visser sans effort les vis larges\/longues<br \/>Le m\u00e9canisme de frappe sp\u00e9cial prot\u00e8ge le poignet des forces de rotation.<br \/>Variateur \u00e9lectronique \u00e0 r\u00e9glage pr\u00e9cis pour un travail en finesse<br \/>Avec lampe LED pour l\u2019\u00e9clairage de la zone de travail<br \/>Fonction d\u2019arr\u00eat rapide \u00ab Quick-Stop \u00bb pour un changement d\u2019outil rapide<br \/>Rotation avant\/arri\u00e8re pour le vissage et le d\u00e9vissage de vis<br \/><button type=submit\"><a href=\"\/wp-content\/uploads\/fich-tech\/R249593.pdf\" target=\"_blank\" rel=\"noopener\">Fiche Technique<\/a><\/button><\/p>\n","protected":false},"featured_media":7261,"comment_status":"open","ping_status":"closed","template":"","meta":[],"product_brand":[],"product_cat":[67],"product_tag":[],"class_list":{"0":"post-7262","1":"product","2":"type-product","3":"status-publish","4":"has-post-thumbnail","6":"product_cat-atelier","8":"first","9":"instock","10":"shipping-taxable","11":"purchasable","12":"product-type-simple"},"yoast_head":"<!-- This site is optimized with the Yoast SEO plugin v27.2 - https:\/\/yoast.com\/product\/yoast-seo-wordpress\/ -->\n<title>BOULONNEUSE SS FIL IMPAXXO 18\/230 | Magasin de bricolage<\/title>\n<meta name=\"robots\" content=\"index, follow, max-snippet:-1, max-image-preview:large, max-video-preview:-1\" \/>\n<link rel=\"canonical\" href=\"https:\/\/arcada.fr\/Salaise\/product\/boulonneuse-sans-fil-impaxxo-18-230-systeme-power-x-change-regime-a-vide-0-2-100-trs-min\/\" \/>\n<meta property=\"og:locale\" content=\"fr_FR\" \/>\n<meta property=\"og:type\" content=\"article\" \/>\n<meta property=\"og:title\" content=\"BOULONNEUSE SS FIL IMPAXXO 18\/230 | Magasin de bricolage\" \/>\n<meta property=\"og:description\" content=\"Moteur Brushless Einhell - avec moteur \u00e9lectrique sans charbonPurePOWER Brushless - 10 ans de garantie moteur apr\u00e8s enregistrementCl\u00e9 \u00e0 chocs pour visser sans effort les vis larges\/longuesLe m\u00e9canisme de frappe sp\u00e9cial prot\u00e8ge le poignet des forces de rotation.Variateur \u00e9lectronique \u00e0 r\u00e9glage pr\u00e9cis pour un travail en finesseAvec lampe LED pour l\u2019\u00e9clairage de la zone de travailFonction d\u2019arr\u00eat rapide \u00ab Quick-Stop \u00bb pour un changement d\u2019outil rapideRotation avant\/arri\u00e8re pour le vissage et le d\u00e9vissage de vis\" \/>\n<meta property=\"og:url\" content=\"https:\/\/arcada.fr\/Salaise\/product\/boulonneuse-sans-fil-impaxxo-18-230-systeme-power-x-change-regime-a-vide-0-2-100-trs-min\/\" \/>\n<meta property=\"og:site_name\" content=\"Magasin de bricolage\" \/>\n<meta property=\"article:modified_time\" content=\"2025-04-07T15:49:55+00:00\" \/>\n<meta property=\"og:image\" content=\"https:\/\/arcada.fr\/Salaise\/wp-content\/uploads\/2024\/05\/R249593.jpg\" \/>\n\t<meta property=\"og:image:width\" content=\"800\" \/>\n\t<meta property=\"og:image:height\" content=\"800\" \/>\n\t<meta property=\"og:image:type\" content=\"image\/jpeg\" \/>\n<meta name=\"twitter:card\" content=\"summary_large_image\" \/>\n<script type=\"application\/ld+json\" class=\"yoast-schema-graph\">{\"@context\":\"https:\/\/schema.org\",\"@graph\":[{\"@type\":\"WebPage\",\"@id\":\"https:\/\/arcada.fr\/Salaise\/product\/boulonneuse-sans-fil-impaxxo-18-230-systeme-power-x-change-regime-a-vide-0-2-100-trs-min\/\",\"url\":\"https:\/\/arcada.fr\/Salaise\/product\/boulonneuse-sans-fil-impaxxo-18-230-systeme-power-x-change-regime-a-vide-0-2-100-trs-min\/\",\"name\":\"BOULONNEUSE SS FIL IMPAXXO 18\/230 | Magasin de bricolage\",\"isPartOf\":{\"@id\":\"https:\/\/arcada.fr\/Salaise\/#website\"},\"primaryImageOfPage\":{\"@id\":\"https:\/\/arcada.fr\/Salaise\/product\/boulonneuse-sans-fil-impaxxo-18-230-systeme-power-x-change-regime-a-vide-0-2-100-trs-min\/#primaryimage\"},\"image\":{\"@id\":\"https:\/\/arcada.fr\/Salaise\/product\/boulonneuse-sans-fil-impaxxo-18-230-systeme-power-x-change-regime-a-vide-0-2-100-trs-min\/#primaryimage\"},\"thumbnailUrl\":\"https:\/\/arcada.fr\/Salaise\/wp-content\/uploads\/2024\/05\/R249593.jpg\",\"datePublished\":\"2024-05-07T14:18:35+00:00\",\"dateModified\":\"2025-04-07T15:49:55+00:00\",\"breadcrumb\":{\"@id\":\"https:\/\/arcada.fr\/Salaise\/product\/boulonneuse-sans-fil-impaxxo-18-230-systeme-power-x-change-regime-a-vide-0-2-100-trs-min\/#breadcrumb\"},\"inLanguage\":\"fr-FR\",\"potentialAction\":[{\"@type\":\"ReadAction\",\"target\":[\"https:\/\/arcada.fr\/Salaise\/product\/boulonneuse-sans-fil-impaxxo-18-230-systeme-power-x-change-regime-a-vide-0-2-100-trs-min\/\"]}]},{\"@type\":\"ImageObject\",\"inLanguage\":\"fr-FR\",\"@id\":\"https:\/\/arcada.fr\/Salaise\/product\/boulonneuse-sans-fil-impaxxo-18-230-systeme-power-x-change-regime-a-vide-0-2-100-trs-min\/#primaryimage\",\"url\":\"https:\/\/arcada.fr\/Salaise\/wp-content\/uploads\/2024\/05\/R249593.jpg\",\"contentUrl\":\"https:\/\/arcada.fr\/Salaise\/wp-content\/uploads\/2024\/05\/R249593.jpg\",\"width\":800,\"height\":800},{\"@type\":\"BreadcrumbList\",\"@id\":\"https:\/\/arcada.fr\/Salaise\/product\/boulonneuse-sans-fil-impaxxo-18-230-systeme-power-x-change-regime-a-vide-0-2-100-trs-min\/#breadcrumb\",\"itemListElement\":[{\"@type\":\"ListItem\",\"position\":1,\"name\":\"Accueil\",\"item\":\"https:\/\/arcada.fr\/Salaise\/\"},{\"@type\":\"ListItem\",\"position\":2,\"name\":\"Produits\",\"item\":\"https:\/\/arcada.fr\/Salaise\/shop\/\"},{\"@type\":\"ListItem\",\"position\":3,\"name\":\"BOULONNEUSE SS FIL IMPAXXO 18\/230\"}]},{\"@type\":\"WebSite\",\"@id\":\"https:\/\/arcada.fr\/Salaise\/#website\",\"url\":\"https:\/\/arcada.fr\/Salaise\/\",\"name\":\"Magasin de bricolage\",\"description\":\"L&#039;outillage, notre passion !\",\"potentialAction\":[{\"@type\":\"SearchAction\",\"target\":{\"@type\":\"EntryPoint\",\"urlTemplate\":\"https:\/\/arcada.fr\/Salaise\/?s={search_term_string}\"},\"query-input\":{\"@type\":\"PropertyValueSpecification\",\"valueRequired\":true,\"valueName\":\"search_term_string\"}}],\"inLanguage\":\"fr-FR\"}]}<\/script>\n<!-- \/ Yoast SEO plugin. -->","yoast_head_json":{"title":"BOULONNEUSE SS FIL IMPAXXO 18\/230 | Magasin de bricolage","robots":{"index":"index","follow":"follow","max-snippet":"max-snippet:-1","max-image-preview":"max-image-preview:large","max-video-preview":"max-video-preview:-1"},"canonical":"https:\/\/arcada.fr\/Salaise\/product\/boulonneuse-sans-fil-impaxxo-18-230-systeme-power-x-change-regime-a-vide-0-2-100-trs-min\/","og_locale":"fr_FR","og_type":"article","og_title":"BOULONNEUSE SS FIL IMPAXXO 18\/230 | Magasin de bricolage","og_description":"Moteur Brushless Einhell - avec moteur \u00e9lectrique sans charbonPurePOWER Brushless - 10 ans de garantie moteur apr\u00e8s enregistrementCl\u00e9 \u00e0 chocs pour visser sans effort les vis larges\/longuesLe m\u00e9canisme de frappe sp\u00e9cial prot\u00e8ge le poignet des forces de rotation.Variateur \u00e9lectronique \u00e0 r\u00e9glage pr\u00e9cis pour un travail en finesseAvec lampe LED pour l\u2019\u00e9clairage de la zone de travailFonction d\u2019arr\u00eat rapide \u00ab Quick-Stop \u00bb pour un changement d\u2019outil rapideRotation avant\/arri\u00e8re pour le vissage et le d\u00e9vissage de vis","og_url":"https:\/\/arcada.fr\/Salaise\/product\/boulonneuse-sans-fil-impaxxo-18-230-systeme-power-x-change-regime-a-vide-0-2-100-trs-min\/","og_site_name":"Magasin de bricolage","article_modified_time":"2025-04-07T15:49:55+00:00","og_image":[{"width":800,"height":800,"url":"https:\/\/arcada.fr\/Salaise\/wp-content\/uploads\/2024\/05\/R249593.jpg","type":"image\/jpeg"}],"twitter_card":"summary_large_image","schema":{"@context":"https:\/\/schema.org","@graph":[{"@type":"WebPage","@id":"https:\/\/arcada.fr\/Salaise\/product\/boulonneuse-sans-fil-impaxxo-18-230-systeme-power-x-change-regime-a-vide-0-2-100-trs-min\/","url":"https:\/\/arcada.fr\/Salaise\/product\/boulonneuse-sans-fil-impaxxo-18-230-systeme-power-x-change-regime-a-vide-0-2-100-trs-min\/","name":"BOULONNEUSE SS FIL IMPAXXO 18\/230 | Magasin de bricolage","isPartOf":{"@id":"https:\/\/arcada.fr\/Salaise\/#website"},"primaryImageOfPage":{"@id":"https:\/\/arcada.fr\/Salaise\/product\/boulonneuse-sans-fil-impaxxo-18-230-systeme-power-x-change-regime-a-vide-0-2-100-trs-min\/#primaryimage"},"image":{"@id":"https:\/\/arcada.fr\/Salaise\/product\/boulonneuse-sans-fil-impaxxo-18-230-systeme-power-x-change-regime-a-vide-0-2-100-trs-min\/#primaryimage"},"thumbnailUrl":"https:\/\/arcada.fr\/Salaise\/wp-content\/uploads\/2024\/05\/R249593.jpg","datePublished":"2024-05-07T14:18:35+00:00","dateModified":"2025-04-07T15:49:55+00:00","breadcrumb":{"@id":"https:\/\/arcada.fr\/Salaise\/product\/boulonneuse-sans-fil-impaxxo-18-230-systeme-power-x-change-regime-a-vide-0-2-100-trs-min\/#breadcrumb"},"inLanguage":"fr-FR","potentialAction":[{"@type":"ReadAction","target":["https:\/\/arcada.fr\/Salaise\/product\/boulonneuse-sans-fil-impaxxo-18-230-systeme-power-x-change-regime-a-vide-0-2-100-trs-min\/"]}]},{"@type":"ImageObject","inLanguage":"fr-FR","@id":"https:\/\/arcada.fr\/Salaise\/product\/boulonneuse-sans-fil-impaxxo-18-230-systeme-power-x-change-regime-a-vide-0-2-100-trs-min\/#primaryimage","url":"https:\/\/arcada.fr\/Salaise\/wp-content\/uploads\/2024\/05\/R249593.jpg","contentUrl":"https:\/\/arcada.fr\/Salaise\/wp-content\/uploads\/2024\/05\/R249593.jpg","width":800,"height":800},{"@type":"BreadcrumbList","@id":"https:\/\/arcada.fr\/Salaise\/product\/boulonneuse-sans-fil-impaxxo-18-230-systeme-power-x-change-regime-a-vide-0-2-100-trs-min\/#breadcrumb","itemListElement":[{"@type":"ListItem","position":1,"name":"Accueil","item":"https:\/\/arcada.fr\/Salaise\/"},{"@type":"ListItem","position":2,"name":"Produits","item":"https:\/\/arcada.fr\/Salaise\/shop\/"},{"@type":"ListItem","position":3,"name":"BOULONNEUSE SS FIL IMPAXXO 18\/230"}]},{"@type":"WebSite","@id":"https:\/\/arcada.fr\/Salaise\/#website","url":"https:\/\/arcada.fr\/Salaise\/","name":"Magasin de bricolage","description":"L&#039;outillage, notre passion !","potentialAction":[{"@type":"SearchAction","target":{"@type":"EntryPoint","urlTemplate":"https:\/\/arcada.fr\/Salaise\/?s={search_term_string}"},"query-input":{"@type":"PropertyValueSpecification","valueRequired":true,"valueName":"search_term_string"}}],"inLanguage":"fr-FR"}]}},"_links":{"self":[{"href":"https:\/\/arcada.fr\/Salaise\/wp-json\/wp\/v2\/product\/7262","targetHints":{"allow":["GET"]}}],"collection":[{"href":"https:\/\/arcada.fr\/Salaise\/wp-json\/wp\/v2\/product"}],"about":[{"href":"https:\/\/arcada.fr\/Salaise\/wp-json\/wp\/v2\/types\/product"}],"replies":[{"embeddable":true,"href":"https:\/\/arcada.fr\/Salaise\/wp-json\/wp\/v2\/comments?post=7262"}],"wp:featuredmedia":[{"embeddable":true,"href":"https:\/\/arcada.fr\/Salaise\/wp-json\/wp\/v2\/media\/7261"}],"wp:attachment":[{"href":"https:\/\/arcada.fr\/Salaise\/wp-json\/wp\/v2\/media?parent=7262"}],"wp:term":[{"taxonomy":"product_brand","embeddable":true,"href":"https:\/\/arcada.fr\/Salaise\/wp-json\/wp\/v2\/product_brand?post=7262"},{"taxonomy":"product_cat","embeddable":true,"href":"https:\/\/arcada.fr\/Salaise\/wp-json\/wp\/v2\/product_cat?post=7262"},{"taxonomy":"product_tag","embeddable":true,"href":"https:\/\/arcada.fr\/Salaise\/wp-json\/wp\/v2\/product_tag?post=7262"}],"curies":[{"name":"wp","href":"https:\/\/api.w.org\/{rel}","templated":true}]}}