{"id":7326,"date":"2024-05-07T14:19:08","date_gmt":"2024-05-07T14:19:08","guid":{"rendered":"https:\/\/arcada.fr\/Salaise\/product\/souffleur-sans-fil\/"},"modified":"2025-04-07T15:50:04","modified_gmt":"2025-04-07T15:50:04","slug":"souffleur-sans-fil","status":"publish","type":"product","link":"https:\/\/arcada.fr\/Salaise\/product\/souffleur-sans-fil\/","title":{"rendered":"SOUFFLEUR SS FIL GE-LB 18\/200 LI E-SOLO &#8211; 18V BRUSHLESS"},"content":{"rendered":"","protected":false},"excerpt":{"rendered":"<p>Membre de la famille Power X-Change, batterie 1x18V n\u00e9cessaire<br \/>Moteur Brushless Einhell &#8211; avec moteur \u00e9lectrique sans charbon<br \/>Variateur de vitesse \u00e9lectronique \u00e0 indicateur LED tr\u00e8s pratique<br \/>Mode Turbo int\u00e9gr\u00e9 pour une puissance de soufflage maximale<br \/>Technologie de soufflerie axiale pour une performance optimale<br \/>Tube de soufflage montable\/ d\u00e9tachable sans outil<br \/>Poign\u00e9e \u00e9quilibr\u00e9e ergonomique \u00e0 surface Softgrip<br \/><button type=submit\"><a href=\"\/wp-content\/uploads\/fich-tech\/R249977.pdf\" target=\"_blank\" rel=\"noopener\">Fiche Technique<\/a><\/button><\/p>\n","protected":false},"featured_media":7325,"comment_status":"open","ping_status":"closed","template":"","meta":[],"product_brand":[],"product_cat":[67],"product_tag":[],"class_list":{"0":"post-7326","1":"product","2":"type-product","3":"status-publish","4":"has-post-thumbnail","6":"product_cat-atelier","8":"first","9":"instock","10":"shipping-taxable","11":"purchasable","12":"product-type-simple"},"yoast_head":"<!-- This site is optimized with the Yoast SEO plugin v27.2 - https:\/\/yoast.com\/product\/yoast-seo-wordpress\/ -->\n<title>SOUFFLEUR SS FIL GE-LB 18\/200 LI E-SOLO - 18V BRUSHLESS | Magasin de bricolage<\/title>\n<meta name=\"robots\" content=\"index, follow, max-snippet:-1, max-image-preview:large, max-video-preview:-1\" \/>\n<link rel=\"canonical\" href=\"https:\/\/arcada.fr\/Salaise\/product\/souffleur-sans-fil\/\" \/>\n<meta property=\"og:locale\" content=\"fr_FR\" \/>\n<meta property=\"og:type\" content=\"article\" \/>\n<meta property=\"og:title\" content=\"SOUFFLEUR SS FIL GE-LB 18\/200 LI E-SOLO - 18V BRUSHLESS | Magasin de bricolage\" \/>\n<meta property=\"og:description\" content=\"Membre de la famille Power X-Change, batterie 1x18V n\u00e9cessaireMoteur Brushless Einhell - avec moteur \u00e9lectrique sans charbonVariateur de vitesse \u00e9lectronique \u00e0 indicateur LED tr\u00e8s pratiqueMode Turbo int\u00e9gr\u00e9 pour une puissance de soufflage maximaleTechnologie de soufflerie axiale pour une performance optimaleTube de soufflage montable\/ d\u00e9tachable sans outilPoign\u00e9e \u00e9quilibr\u00e9e ergonomique \u00e0 surface Softgrip\" \/>\n<meta property=\"og:url\" content=\"https:\/\/arcada.fr\/Salaise\/product\/souffleur-sans-fil\/\" \/>\n<meta property=\"og:site_name\" content=\"Magasin de bricolage\" \/>\n<meta property=\"article:modified_time\" content=\"2025-04-07T15:50:04+00:00\" \/>\n<meta property=\"og:image\" content=\"https:\/\/arcada.fr\/Salaise\/wp-content\/uploads\/2024\/05\/R249977.jpg\" \/>\n\t<meta property=\"og:image:width\" content=\"800\" \/>\n\t<meta property=\"og:image:height\" content=\"800\" \/>\n\t<meta property=\"og:image:type\" content=\"image\/jpeg\" \/>\n<meta name=\"twitter:card\" content=\"summary_large_image\" \/>\n<script type=\"application\/ld+json\" class=\"yoast-schema-graph\">{\"@context\":\"https:\/\/schema.org\",\"@graph\":[{\"@type\":\"WebPage\",\"@id\":\"https:\/\/arcada.fr\/Salaise\/product\/souffleur-sans-fil\/\",\"url\":\"https:\/\/arcada.fr\/Salaise\/product\/souffleur-sans-fil\/\",\"name\":\"SOUFFLEUR SS FIL GE-LB 18\/200 LI E-SOLO - 18V BRUSHLESS | Magasin de bricolage\",\"isPartOf\":{\"@id\":\"https:\/\/arcada.fr\/Salaise\/#website\"},\"primaryImageOfPage\":{\"@id\":\"https:\/\/arcada.fr\/Salaise\/product\/souffleur-sans-fil\/#primaryimage\"},\"image\":{\"@id\":\"https:\/\/arcada.fr\/Salaise\/product\/souffleur-sans-fil\/#primaryimage\"},\"thumbnailUrl\":\"https:\/\/arcada.fr\/Salaise\/wp-content\/uploads\/2024\/05\/R249977.jpg\",\"datePublished\":\"2024-05-07T14:19:08+00:00\",\"dateModified\":\"2025-04-07T15:50:04+00:00\",\"breadcrumb\":{\"@id\":\"https:\/\/arcada.fr\/Salaise\/product\/souffleur-sans-fil\/#breadcrumb\"},\"inLanguage\":\"fr-FR\",\"potentialAction\":[{\"@type\":\"ReadAction\",\"target\":[\"https:\/\/arcada.fr\/Salaise\/product\/souffleur-sans-fil\/\"]}]},{\"@type\":\"ImageObject\",\"inLanguage\":\"fr-FR\",\"@id\":\"https:\/\/arcada.fr\/Salaise\/product\/souffleur-sans-fil\/#primaryimage\",\"url\":\"https:\/\/arcada.fr\/Salaise\/wp-content\/uploads\/2024\/05\/R249977.jpg\",\"contentUrl\":\"https:\/\/arcada.fr\/Salaise\/wp-content\/uploads\/2024\/05\/R249977.jpg\",\"width\":800,\"height\":800},{\"@type\":\"BreadcrumbList\",\"@id\":\"https:\/\/arcada.fr\/Salaise\/product\/souffleur-sans-fil\/#breadcrumb\",\"itemListElement\":[{\"@type\":\"ListItem\",\"position\":1,\"name\":\"Accueil\",\"item\":\"https:\/\/arcada.fr\/Salaise\/\"},{\"@type\":\"ListItem\",\"position\":2,\"name\":\"Produits\",\"item\":\"https:\/\/arcada.fr\/Salaise\/shop\/\"},{\"@type\":\"ListItem\",\"position\":3,\"name\":\"SOUFFLEUR SS FIL GE-LB 18\/200 LI E-SOLO &#8211; 18V BRUSHLESS\"}]},{\"@type\":\"WebSite\",\"@id\":\"https:\/\/arcada.fr\/Salaise\/#website\",\"url\":\"https:\/\/arcada.fr\/Salaise\/\",\"name\":\"Magasin de bricolage\",\"description\":\"L&#039;outillage, notre passion !\",\"potentialAction\":[{\"@type\":\"SearchAction\",\"target\":{\"@type\":\"EntryPoint\",\"urlTemplate\":\"https:\/\/arcada.fr\/Salaise\/?s={search_term_string}\"},\"query-input\":{\"@type\":\"PropertyValueSpecification\",\"valueRequired\":true,\"valueName\":\"search_term_string\"}}],\"inLanguage\":\"fr-FR\"}]}<\/script>\n<!-- \/ Yoast SEO plugin. -->","yoast_head_json":{"title":"SOUFFLEUR SS FIL GE-LB 18\/200 LI E-SOLO - 18V BRUSHLESS | Magasin de bricolage","robots":{"index":"index","follow":"follow","max-snippet":"max-snippet:-1","max-image-preview":"max-image-preview:large","max-video-preview":"max-video-preview:-1"},"canonical":"https:\/\/arcada.fr\/Salaise\/product\/souffleur-sans-fil\/","og_locale":"fr_FR","og_type":"article","og_title":"SOUFFLEUR SS FIL GE-LB 18\/200 LI E-SOLO - 18V BRUSHLESS | Magasin de bricolage","og_description":"Membre de la famille Power X-Change, batterie 1x18V n\u00e9cessaireMoteur Brushless Einhell - avec moteur \u00e9lectrique sans charbonVariateur de vitesse \u00e9lectronique \u00e0 indicateur LED tr\u00e8s pratiqueMode Turbo int\u00e9gr\u00e9 pour une puissance de soufflage maximaleTechnologie de soufflerie axiale pour une performance optimaleTube de soufflage montable\/ d\u00e9tachable sans outilPoign\u00e9e \u00e9quilibr\u00e9e ergonomique \u00e0 surface Softgrip","og_url":"https:\/\/arcada.fr\/Salaise\/product\/souffleur-sans-fil\/","og_site_name":"Magasin de bricolage","article_modified_time":"2025-04-07T15:50:04+00:00","og_image":[{"width":800,"height":800,"url":"https:\/\/arcada.fr\/Salaise\/wp-content\/uploads\/2024\/05\/R249977.jpg","type":"image\/jpeg"}],"twitter_card":"summary_large_image","schema":{"@context":"https:\/\/schema.org","@graph":[{"@type":"WebPage","@id":"https:\/\/arcada.fr\/Salaise\/product\/souffleur-sans-fil\/","url":"https:\/\/arcada.fr\/Salaise\/product\/souffleur-sans-fil\/","name":"SOUFFLEUR SS FIL GE-LB 18\/200 LI E-SOLO - 18V BRUSHLESS | Magasin de bricolage","isPartOf":{"@id":"https:\/\/arcada.fr\/Salaise\/#website"},"primaryImageOfPage":{"@id":"https:\/\/arcada.fr\/Salaise\/product\/souffleur-sans-fil\/#primaryimage"},"image":{"@id":"https:\/\/arcada.fr\/Salaise\/product\/souffleur-sans-fil\/#primaryimage"},"thumbnailUrl":"https:\/\/arcada.fr\/Salaise\/wp-content\/uploads\/2024\/05\/R249977.jpg","datePublished":"2024-05-07T14:19:08+00:00","dateModified":"2025-04-07T15:50:04+00:00","breadcrumb":{"@id":"https:\/\/arcada.fr\/Salaise\/product\/souffleur-sans-fil\/#breadcrumb"},"inLanguage":"fr-FR","potentialAction":[{"@type":"ReadAction","target":["https:\/\/arcada.fr\/Salaise\/product\/souffleur-sans-fil\/"]}]},{"@type":"ImageObject","inLanguage":"fr-FR","@id":"https:\/\/arcada.fr\/Salaise\/product\/souffleur-sans-fil\/#primaryimage","url":"https:\/\/arcada.fr\/Salaise\/wp-content\/uploads\/2024\/05\/R249977.jpg","contentUrl":"https:\/\/arcada.fr\/Salaise\/wp-content\/uploads\/2024\/05\/R249977.jpg","width":800,"height":800},{"@type":"BreadcrumbList","@id":"https:\/\/arcada.fr\/Salaise\/product\/souffleur-sans-fil\/#breadcrumb","itemListElement":[{"@type":"ListItem","position":1,"name":"Accueil","item":"https:\/\/arcada.fr\/Salaise\/"},{"@type":"ListItem","position":2,"name":"Produits","item":"https:\/\/arcada.fr\/Salaise\/shop\/"},{"@type":"ListItem","position":3,"name":"SOUFFLEUR SS FIL GE-LB 18\/200 LI E-SOLO &#8211; 18V BRUSHLESS"}]},{"@type":"WebSite","@id":"https:\/\/arcada.fr\/Salaise\/#website","url":"https:\/\/arcada.fr\/Salaise\/","name":"Magasin de bricolage","description":"L&#039;outillage, notre passion !","potentialAction":[{"@type":"SearchAction","target":{"@type":"EntryPoint","urlTemplate":"https:\/\/arcada.fr\/Salaise\/?s={search_term_string}"},"query-input":{"@type":"PropertyValueSpecification","valueRequired":true,"valueName":"search_term_string"}}],"inLanguage":"fr-FR"}]}},"_links":{"self":[{"href":"https:\/\/arcada.fr\/Salaise\/wp-json\/wp\/v2\/product\/7326","targetHints":{"allow":["GET"]}}],"collection":[{"href":"https:\/\/arcada.fr\/Salaise\/wp-json\/wp\/v2\/product"}],"about":[{"href":"https:\/\/arcada.fr\/Salaise\/wp-json\/wp\/v2\/types\/product"}],"replies":[{"embeddable":true,"href":"https:\/\/arcada.fr\/Salaise\/wp-json\/wp\/v2\/comments?post=7326"}],"wp:featuredmedia":[{"embeddable":true,"href":"https:\/\/arcada.fr\/Salaise\/wp-json\/wp\/v2\/media\/7325"}],"wp:attachment":[{"href":"https:\/\/arcada.fr\/Salaise\/wp-json\/wp\/v2\/media?parent=7326"}],"wp:term":[{"taxonomy":"product_brand","embeddable":true,"href":"https:\/\/arcada.fr\/Salaise\/wp-json\/wp\/v2\/product_brand?post=7326"},{"taxonomy":"product_cat","embeddable":true,"href":"https:\/\/arcada.fr\/Salaise\/wp-json\/wp\/v2\/product_cat?post=7326"},{"taxonomy":"product_tag","embeddable":true,"href":"https:\/\/arcada.fr\/Salaise\/wp-json\/wp\/v2\/product_tag?post=7326"}],"curies":[{"name":"wp","href":"https:\/\/api.w.org\/{rel}","templated":true}]}}