{"id":7614,"date":"2024-05-07T14:21:23","date_gmt":"2024-05-07T14:21:23","guid":{"rendered":"https:\/\/arcada.fr\/Salaise\/product\/etagere-murale-de-rangement-electroportatif\/"},"modified":"2024-05-07T14:43:37","modified_gmt":"2024-05-07T14:43:37","slug":"etagere-murale-de-rangement-electroportatif","status":"publish","type":"product","link":"https:\/\/arcada.fr\/Salaise\/product\/etagere-murale-de-rangement-electroportatif\/","title":{"rendered":"\u00c9tag\u00e8re murale de rangement \u00e9lectroportatif"},"content":{"rendered":"","protected":false},"excerpt":{"rendered":"<p>Avec multiprise pour outils \u00e9lectroportatifs. cinq fentes de suspension. Tiroir sur glissi\u00e8res \u00e0 roulement \u00e0 billes. Panneaux perfor\u00e9s sur les deux c\u00f4t\u00e9s. Tapis mousse. Dim : L. 540 x l. 250 x h. 350 mm.<br \/><button type=submit\"><a href=\"\/wp-content\/uploads\/fich-tech\/R268709.pdf\" target=\"_blank\" rel=\"noopener\">Fiche Technique<\/a><\/button><\/p>\n","protected":false},"featured_media":7612,"comment_status":"open","ping_status":"closed","template":"","meta":[],"product_brand":[],"product_cat":[67],"product_tag":[],"class_list":{"0":"post-7614","1":"product","2":"type-product","3":"status-publish","4":"has-post-thumbnail","6":"product_cat-atelier","8":"first","9":"instock","10":"shipping-taxable","11":"purchasable","12":"product-type-simple"},"yoast_head":"<!-- This site is optimized with the Yoast SEO plugin v27.2 - https:\/\/yoast.com\/product\/yoast-seo-wordpress\/ -->\n<title>\u00c9tag\u00e8re murale de rangement \u00e9lectroportatif | Magasin de bricolage<\/title>\n<meta name=\"robots\" content=\"index, follow, max-snippet:-1, max-image-preview:large, max-video-preview:-1\" \/>\n<link rel=\"canonical\" href=\"https:\/\/arcada.fr\/Salaise\/product\/etagere-murale-de-rangement-electroportatif\/\" \/>\n<meta property=\"og:locale\" content=\"fr_FR\" \/>\n<meta property=\"og:type\" content=\"article\" \/>\n<meta property=\"og:title\" content=\"\u00c9tag\u00e8re murale de rangement \u00e9lectroportatif | Magasin de bricolage\" \/>\n<meta property=\"og:description\" content=\"Avec multiprise pour outils \u00e9lectroportatifs. cinq fentes de suspension. Tiroir sur glissi\u00e8res \u00e0 roulement \u00e0 billes. Panneaux perfor\u00e9s sur les deux c\u00f4t\u00e9s. Tapis mousse. Dim : L. 540 x l. 250 x h. 350 mm.\" \/>\n<meta property=\"og:url\" content=\"https:\/\/arcada.fr\/Salaise\/product\/etagere-murale-de-rangement-electroportatif\/\" \/>\n<meta property=\"og:site_name\" content=\"Magasin de bricolage\" \/>\n<meta property=\"article:modified_time\" content=\"2024-05-07T14:43:37+00:00\" \/>\n<meta property=\"og:image\" content=\"https:\/\/arcada.fr\/Salaise\/wp-content\/uploads\/2024\/05\/R268709.png\" \/>\n\t<meta property=\"og:image:width\" content=\"800\" \/>\n\t<meta property=\"og:image:height\" content=\"800\" \/>\n\t<meta property=\"og:image:type\" content=\"image\/png\" \/>\n<meta name=\"twitter:card\" content=\"summary_large_image\" \/>\n<script type=\"application\/ld+json\" class=\"yoast-schema-graph\">{\"@context\":\"https:\/\/schema.org\",\"@graph\":[{\"@type\":\"WebPage\",\"@id\":\"https:\/\/arcada.fr\/Salaise\/product\/etagere-murale-de-rangement-electroportatif\/\",\"url\":\"https:\/\/arcada.fr\/Salaise\/product\/etagere-murale-de-rangement-electroportatif\/\",\"name\":\"\u00c9tag\u00e8re murale de rangement \u00e9lectroportatif | Magasin de bricolage\",\"isPartOf\":{\"@id\":\"https:\/\/arcada.fr\/Salaise\/#website\"},\"primaryImageOfPage\":{\"@id\":\"https:\/\/arcada.fr\/Salaise\/product\/etagere-murale-de-rangement-electroportatif\/#primaryimage\"},\"image\":{\"@id\":\"https:\/\/arcada.fr\/Salaise\/product\/etagere-murale-de-rangement-electroportatif\/#primaryimage\"},\"thumbnailUrl\":\"https:\/\/arcada.fr\/Salaise\/wp-content\/uploads\/2024\/05\/R268709.png\",\"datePublished\":\"2024-05-07T14:21:23+00:00\",\"dateModified\":\"2024-05-07T14:43:37+00:00\",\"breadcrumb\":{\"@id\":\"https:\/\/arcada.fr\/Salaise\/product\/etagere-murale-de-rangement-electroportatif\/#breadcrumb\"},\"inLanguage\":\"fr-FR\",\"potentialAction\":[{\"@type\":\"ReadAction\",\"target\":[\"https:\/\/arcada.fr\/Salaise\/product\/etagere-murale-de-rangement-electroportatif\/\"]}]},{\"@type\":\"ImageObject\",\"inLanguage\":\"fr-FR\",\"@id\":\"https:\/\/arcada.fr\/Salaise\/product\/etagere-murale-de-rangement-electroportatif\/#primaryimage\",\"url\":\"https:\/\/arcada.fr\/Salaise\/wp-content\/uploads\/2024\/05\/R268709.png\",\"contentUrl\":\"https:\/\/arcada.fr\/Salaise\/wp-content\/uploads\/2024\/05\/R268709.png\",\"width\":800,\"height\":800},{\"@type\":\"BreadcrumbList\",\"@id\":\"https:\/\/arcada.fr\/Salaise\/product\/etagere-murale-de-rangement-electroportatif\/#breadcrumb\",\"itemListElement\":[{\"@type\":\"ListItem\",\"position\":1,\"name\":\"Accueil\",\"item\":\"https:\/\/arcada.fr\/Salaise\/\"},{\"@type\":\"ListItem\",\"position\":2,\"name\":\"Produits\",\"item\":\"https:\/\/arcada.fr\/Salaise\/shop\/\"},{\"@type\":\"ListItem\",\"position\":3,\"name\":\"\u00c9tag\u00e8re murale de rangement \u00e9lectroportatif\"}]},{\"@type\":\"WebSite\",\"@id\":\"https:\/\/arcada.fr\/Salaise\/#website\",\"url\":\"https:\/\/arcada.fr\/Salaise\/\",\"name\":\"Magasin de bricolage\",\"description\":\"L&#039;outillage, notre passion !\",\"potentialAction\":[{\"@type\":\"SearchAction\",\"target\":{\"@type\":\"EntryPoint\",\"urlTemplate\":\"https:\/\/arcada.fr\/Salaise\/?s={search_term_string}\"},\"query-input\":{\"@type\":\"PropertyValueSpecification\",\"valueRequired\":true,\"valueName\":\"search_term_string\"}}],\"inLanguage\":\"fr-FR\"}]}<\/script>\n<!-- \/ Yoast SEO plugin. -->","yoast_head_json":{"title":"\u00c9tag\u00e8re murale de rangement \u00e9lectroportatif | Magasin de bricolage","robots":{"index":"index","follow":"follow","max-snippet":"max-snippet:-1","max-image-preview":"max-image-preview:large","max-video-preview":"max-video-preview:-1"},"canonical":"https:\/\/arcada.fr\/Salaise\/product\/etagere-murale-de-rangement-electroportatif\/","og_locale":"fr_FR","og_type":"article","og_title":"\u00c9tag\u00e8re murale de rangement \u00e9lectroportatif | Magasin de bricolage","og_description":"Avec multiprise pour outils \u00e9lectroportatifs. cinq fentes de suspension. Tiroir sur glissi\u00e8res \u00e0 roulement \u00e0 billes. Panneaux perfor\u00e9s sur les deux c\u00f4t\u00e9s. Tapis mousse. Dim : L. 540 x l. 250 x h. 350 mm.","og_url":"https:\/\/arcada.fr\/Salaise\/product\/etagere-murale-de-rangement-electroportatif\/","og_site_name":"Magasin de bricolage","article_modified_time":"2024-05-07T14:43:37+00:00","og_image":[{"width":800,"height":800,"url":"https:\/\/arcada.fr\/Salaise\/wp-content\/uploads\/2024\/05\/R268709.png","type":"image\/png"}],"twitter_card":"summary_large_image","schema":{"@context":"https:\/\/schema.org","@graph":[{"@type":"WebPage","@id":"https:\/\/arcada.fr\/Salaise\/product\/etagere-murale-de-rangement-electroportatif\/","url":"https:\/\/arcada.fr\/Salaise\/product\/etagere-murale-de-rangement-electroportatif\/","name":"\u00c9tag\u00e8re murale de rangement \u00e9lectroportatif | Magasin de bricolage","isPartOf":{"@id":"https:\/\/arcada.fr\/Salaise\/#website"},"primaryImageOfPage":{"@id":"https:\/\/arcada.fr\/Salaise\/product\/etagere-murale-de-rangement-electroportatif\/#primaryimage"},"image":{"@id":"https:\/\/arcada.fr\/Salaise\/product\/etagere-murale-de-rangement-electroportatif\/#primaryimage"},"thumbnailUrl":"https:\/\/arcada.fr\/Salaise\/wp-content\/uploads\/2024\/05\/R268709.png","datePublished":"2024-05-07T14:21:23+00:00","dateModified":"2024-05-07T14:43:37+00:00","breadcrumb":{"@id":"https:\/\/arcada.fr\/Salaise\/product\/etagere-murale-de-rangement-electroportatif\/#breadcrumb"},"inLanguage":"fr-FR","potentialAction":[{"@type":"ReadAction","target":["https:\/\/arcada.fr\/Salaise\/product\/etagere-murale-de-rangement-electroportatif\/"]}]},{"@type":"ImageObject","inLanguage":"fr-FR","@id":"https:\/\/arcada.fr\/Salaise\/product\/etagere-murale-de-rangement-electroportatif\/#primaryimage","url":"https:\/\/arcada.fr\/Salaise\/wp-content\/uploads\/2024\/05\/R268709.png","contentUrl":"https:\/\/arcada.fr\/Salaise\/wp-content\/uploads\/2024\/05\/R268709.png","width":800,"height":800},{"@type":"BreadcrumbList","@id":"https:\/\/arcada.fr\/Salaise\/product\/etagere-murale-de-rangement-electroportatif\/#breadcrumb","itemListElement":[{"@type":"ListItem","position":1,"name":"Accueil","item":"https:\/\/arcada.fr\/Salaise\/"},{"@type":"ListItem","position":2,"name":"Produits","item":"https:\/\/arcada.fr\/Salaise\/shop\/"},{"@type":"ListItem","position":3,"name":"\u00c9tag\u00e8re murale de rangement \u00e9lectroportatif"}]},{"@type":"WebSite","@id":"https:\/\/arcada.fr\/Salaise\/#website","url":"https:\/\/arcada.fr\/Salaise\/","name":"Magasin de bricolage","description":"L&#039;outillage, notre passion !","potentialAction":[{"@type":"SearchAction","target":{"@type":"EntryPoint","urlTemplate":"https:\/\/arcada.fr\/Salaise\/?s={search_term_string}"},"query-input":{"@type":"PropertyValueSpecification","valueRequired":true,"valueName":"search_term_string"}}],"inLanguage":"fr-FR"}]}},"_links":{"self":[{"href":"https:\/\/arcada.fr\/Salaise\/wp-json\/wp\/v2\/product\/7614","targetHints":{"allow":["GET"]}}],"collection":[{"href":"https:\/\/arcada.fr\/Salaise\/wp-json\/wp\/v2\/product"}],"about":[{"href":"https:\/\/arcada.fr\/Salaise\/wp-json\/wp\/v2\/types\/product"}],"replies":[{"embeddable":true,"href":"https:\/\/arcada.fr\/Salaise\/wp-json\/wp\/v2\/comments?post=7614"}],"wp:featuredmedia":[{"embeddable":true,"href":"https:\/\/arcada.fr\/Salaise\/wp-json\/wp\/v2\/media\/7612"}],"wp:attachment":[{"href":"https:\/\/arcada.fr\/Salaise\/wp-json\/wp\/v2\/media?parent=7614"}],"wp:term":[{"taxonomy":"product_brand","embeddable":true,"href":"https:\/\/arcada.fr\/Salaise\/wp-json\/wp\/v2\/product_brand?post=7614"},{"taxonomy":"product_cat","embeddable":true,"href":"https:\/\/arcada.fr\/Salaise\/wp-json\/wp\/v2\/product_cat?post=7614"},{"taxonomy":"product_tag","embeddable":true,"href":"https:\/\/arcada.fr\/Salaise\/wp-json\/wp\/v2\/product_tag?post=7614"}],"curies":[{"name":"wp","href":"https:\/\/api.w.org\/{rel}","templated":true}]}}